{"id":13511,"date":"2020-02-18T07:37:57","date_gmt":"2020-02-18T07:37:57","guid":{"rendered":"https:\/\/equipomedicomexico-com.preview-domain.com\/product\/tococardiografo-gemelar-twin-baby-con-analisis-solo-estandar\/"},"modified":"2020-02-18T07:37:59","modified_gmt":"2020-02-18T07:37:59","slug":"tococardiografo-gemelar-twin-baby-con-analisis-solo-estandar","status":"publish","type":"product","link":"https:\/\/buscoequipomedico.com\/?product=tococardiografo-gemelar-twin-baby-con-analisis-solo-estandar","title":{"rendered":"TOCOCARDIOGRAFO GEMELAR (TWIN BABY) CON AN\u00c1LISIS SOLO (EST\u00c1NDAR)"},"content":{"rendered":"<p>INCLUYE :<\/p>\n<ul>\n<li>2 TRANSDUCTOR \u2013 DOPLER\/FETAL MOVEMENT\u2014DUAL BABY<\/li>\n<li>1 TRANSDUCTOR \u2013 TOCO PROBE<\/li>\n<li>1 ESTIMULADOR FETAL (PARA DESPERTAR AL BEBE CUANDO ESTA DORMIDO)<\/li>\n<li>MARCADOR DE EVENTOS. AC VOLTAGE , PROBE BELT \u2013 3 PCS<\/li>\n<li>PAPEL PARA REGISTRO \u20132 PCS<\/li>\n<\/ul>\n<p>FUNCIONES:<\/p>\n<p>FRECUENCIA CARDIACA Y CONTRACCION UTERINA \u2013 1 \u00f3 2 CANALES<\/p>\n<p>3 \u2013 CANAL Y GEMELOS<\/p>\n<p>1. FHR- EGG EXTERNO, PULSE DOPPLER<\/p>\n<p>2. FM &#8212; MOVIMIENTO FETAL<\/p>\n<p>3. UC &#8212; CONTRACCION UTERINA EXTRNO<\/p>\n<p>PRESENTANTACION EN 3 MODOS. \u2013 MODE. GRAFICO \/ NUMERO \/ MEMORIA<\/p>\n<p>ESPECIFICACIONES: AC 100 -240 V Free voltage. BATTTERY RECARGABLE H 80mm X L. 330mm X D 280mm.<\/p>\n<p>&#8211; Transductores a prueba de Agua<\/p>\n<p>&#8211; Alarma (Alta Y Baja) Fecha y Hora, Volumen de la bocina<\/p>\n<p>&#8211; Analiza el estudio espa\u00f1ol &#8211; &#8211; 12 idiomas<\/p>\n<p>&#8211; B\u00fasqueda y An\u00e1lisis de datos<\/p>\n<p>&#8211; MEJOR SENSIBILIDAD<\/p>\n<p>VELOCIDAD DE REGISTRO \u2013 10, 20, 30MM\/MINUTOS<\/p>\n<p>AUTO PRINT: OFF\/10\/ 20\/ 30\/ 40\/ 50\/ 60 MINUTOS<\/p>\n<p>WIRELESS FUNCION : CENTRAL MONITOR (HASTA 16 MONITOR) Y COMPUTADORA<\/p>\n<p>SISTEMA &#8212;- BLUETHOOTH \u00f3 WiFi \u2013SYSTEM (opcional)<\/p>\n<p>&#8211; Monitor externo<\/p>\n<p>&#8211; Conexi\u00f3n con cable v\u00eda RS232C<\/p>\n<p>&#8211; Conexi\u00f3n inal\u00e1mbrica por Bluetooth (opci\u00f3n)<\/p>\n<p>&#8211; Monitor giratorio hasta 320\u00ba<\/p><\/p>\n","protected":false},"excerpt":{"rendered":"<p>\u2022 7\u201d TFT LCD MONITOR COLOR (BIG SIZE)<\/p>\n<p>\u2022 MONITOR TIENE 320\u201d GRADO DE ROTACION<\/p>\n<p>\u2022 450 HORAS DE MEMORIA \/ ANALIZADOR<\/p>\n<p>(POR PACIENTE MAX. 3 HORAS, 150 PACIENTE TOTAL)<\/p>\n","protected":false},"featured_media":13512,"template":"","meta":{"_joinchat":[]},"product_brand":[],"product_cat":[330],"product_tag":[],"class_list":{"0":"post-13511","1":"product","2":"type-product","3":"status-publish","4":"has-post-thumbnail","6":"product_cat-tocografos","7":"pa_marca-mediana","9":"first","10":"instock","11":"purchasable","12":"product-type-simple"},"yoast_head":"<!-- This site is optimized with the Yoast SEO plugin v25.1 - https:\/\/yoast.com\/wordpress\/plugins\/seo\/ -->\n<title>TOCOCARDIOGRAFO GEMELAR (TWIN BABY) CON AN\u00c1LISIS SOLO (EST\u00c1NDAR) - Tu mejor opci\u00f3n Equipo M\u00e9dico M\u00e9xico<\/title>\n<meta name=\"robots\" content=\"index, follow, max-snippet:-1, max-image-preview:large, max-video-preview:-1\" \/>\n<link rel=\"canonical\" href=\"https:\/\/buscoequipomedico.com\/?product=tococardiografo-gemelar-twin-baby-con-analisis-solo-estandar\" \/>\n<meta property=\"og:locale\" content=\"es_ES\" \/>\n<meta property=\"og:type\" content=\"article\" \/>\n<meta property=\"og:title\" content=\"TOCOCARDIOGRAFO GEMELAR (TWIN BABY) CON AN\u00c1LISIS SOLO (EST\u00c1NDAR) - Tu mejor opci\u00f3n Equipo M\u00e9dico M\u00e9xico\" \/>\n<meta property=\"og:description\" content=\"\u2022 7\u201d TFT LCD MONITOR COLOR (BIG SIZE) \u2022 MONITOR TIENE 320\u201d GRADO DE ROTACION \u2022 450 HORAS DE MEMORIA \/ ANALIZADOR (POR PACIENTE MAX. 3 HORAS, 150 PACIENTE TOTAL)\" \/>\n<meta property=\"og:url\" content=\"https:\/\/buscoequipomedico.com\/?product=tococardiografo-gemelar-twin-baby-con-analisis-solo-estandar\" \/>\n<meta property=\"og:site_name\" content=\"Tu mejor opci\u00f3n Equipo M\u00e9dico M\u00e9xico\" \/>\n<meta property=\"article:modified_time\" content=\"2020-02-18T07:37:59+00:00\" \/>\n<meta property=\"og:image\" content=\"https:\/\/buscoequipomedico.com\/wp-content\/uploads\/2020\/02\/tococardiografo-gemelar-twin-baby-con-analisis-solo-estandar-o-7-tft-lcd-monitor-color-big-size-o-monitor-tiene-320-grado-de-rot.jpg\" \/>\n\t<meta property=\"og:image:width\" content=\"800\" \/>\n\t<meta property=\"og:image:height\" content=\"800\" \/>\n\t<meta property=\"og:image:type\" content=\"image\/png\" \/>\n<meta name=\"twitter:card\" content=\"summary_large_image\" \/>\n<meta name=\"twitter:label1\" content=\"Tiempo de lectura\" \/>\n\t<meta name=\"twitter:data1\" content=\"1 minuto\" \/>\n<script type=\"application\/ld+json\" class=\"yoast-schema-graph\">{\"@context\":\"https:\/\/schema.org\",\"@graph\":[{\"@type\":\"WebPage\",\"@id\":\"https:\/\/buscoequipomedico.com\/?product=tococardiografo-gemelar-twin-baby-con-analisis-solo-estandar\",\"url\":\"https:\/\/buscoequipomedico.com\/?product=tococardiografo-gemelar-twin-baby-con-analisis-solo-estandar\",\"name\":\"TOCOCARDIOGRAFO GEMELAR (TWIN BABY) CON AN\u00c1LISIS SOLO (EST\u00c1NDAR) - Tu mejor opci\u00f3n Equipo M\u00e9dico M\u00e9xico\",\"isPartOf\":{\"@id\":\"https:\/\/buscoequipomedico.com\/#website\"},\"primaryImageOfPage\":{\"@id\":\"https:\/\/buscoequipomedico.com\/?product=tococardiografo-gemelar-twin-baby-con-analisis-solo-estandar#primaryimage\"},\"image\":{\"@id\":\"https:\/\/buscoequipomedico.com\/?product=tococardiografo-gemelar-twin-baby-con-analisis-solo-estandar#primaryimage\"},\"thumbnailUrl\":\"https:\/\/buscoequipomedico.com\/wp-content\/uploads\/2020\/02\/tococardiografo-gemelar-twin-baby-con-analisis-solo-estandar-o-7-tft-lcd-monitor-color-big-size-o-monitor-tiene-320-grado-de-rot.jpg\",\"datePublished\":\"2020-02-18T07:37:57+00:00\",\"dateModified\":\"2020-02-18T07:37:59+00:00\",\"breadcrumb\":{\"@id\":\"https:\/\/buscoequipomedico.com\/?product=tococardiografo-gemelar-twin-baby-con-analisis-solo-estandar#breadcrumb\"},\"inLanguage\":\"es\",\"potentialAction\":[{\"@type\":\"ReadAction\",\"target\":[\"https:\/\/buscoequipomedico.com\/?product=tococardiografo-gemelar-twin-baby-con-analisis-solo-estandar\"]}]},{\"@type\":\"ImageObject\",\"inLanguage\":\"es\",\"@id\":\"https:\/\/buscoequipomedico.com\/?product=tococardiografo-gemelar-twin-baby-con-analisis-solo-estandar#primaryimage\",\"url\":\"https:\/\/buscoequipomedico.com\/wp-content\/uploads\/2020\/02\/tococardiografo-gemelar-twin-baby-con-analisis-solo-estandar-o-7-tft-lcd-monitor-color-big-size-o-monitor-tiene-320-grado-de-rot.jpg\",\"contentUrl\":\"https:\/\/buscoequipomedico.com\/wp-content\/uploads\/2020\/02\/tococardiografo-gemelar-twin-baby-con-analisis-solo-estandar-o-7-tft-lcd-monitor-color-big-size-o-monitor-tiene-320-grado-de-rot.jpg\",\"width\":800,\"height\":800},{\"@type\":\"BreadcrumbList\",\"@id\":\"https:\/\/buscoequipomedico.com\/?product=tococardiografo-gemelar-twin-baby-con-analisis-solo-estandar#breadcrumb\",\"itemListElement\":[{\"@type\":\"ListItem\",\"position\":1,\"name\":\"Productos\",\"item\":\"https:\/\/buscoequipomedico.com\/shop\/\"},{\"@type\":\"ListItem\",\"position\":2,\"name\":\"TOCOCARDIOGRAFO GEMELAR (TWIN BABY) CON AN\u00c1LISIS SOLO (EST\u00c1NDAR)\"}]},{\"@type\":\"WebSite\",\"@id\":\"https:\/\/buscoequipomedico.com\/#website\",\"url\":\"https:\/\/buscoequipomedico.com\/\",\"name\":\"Tu mejor opci\u00f3n Equipo M\u00e9dico M\u00e9xico\",\"description\":\"Tienda de equipo m\u00e9dico\",\"publisher\":{\"@id\":\"https:\/\/buscoequipomedico.com\/#organization\"},\"potentialAction\":[{\"@type\":\"SearchAction\",\"target\":{\"@type\":\"EntryPoint\",\"urlTemplate\":\"https:\/\/buscoequipomedico.com\/?s={search_term_string}\"},\"query-input\":{\"@type\":\"PropertyValueSpecification\",\"valueRequired\":true,\"valueName\":\"search_term_string\"}}],\"inLanguage\":\"es\"},{\"@type\":\"Organization\",\"@id\":\"https:\/\/buscoequipomedico.com\/#organization\",\"name\":\"Tu mejor opci\u00f3n Equipo M\u00e9dico M\u00e9xico\",\"url\":\"https:\/\/buscoequipomedico.com\/\",\"logo\":{\"@type\":\"ImageObject\",\"inLanguage\":\"es\",\"@id\":\"https:\/\/buscoequipomedico.com\/#\/schema\/logo\/image\/\",\"url\":\"https:\/\/buscoequipomedico.com\/wp-content\/uploads\/2021\/07\/EMM-VPrincipal-scaled.jpg\",\"contentUrl\":\"https:\/\/buscoequipomedico.com\/wp-content\/uploads\/2021\/07\/EMM-VPrincipal-scaled.jpg\",\"width\":2560,\"height\":1058,\"caption\":\"Tu mejor opci\u00f3n Equipo M\u00e9dico M\u00e9xico\"},\"image\":{\"@id\":\"https:\/\/buscoequipomedico.com\/#\/schema\/logo\/image\/\"}}]}<\/script>\n<!-- \/ Yoast SEO plugin. -->","yoast_head_json":{"title":"TOCOCARDIOGRAFO GEMELAR (TWIN BABY) CON AN\u00c1LISIS SOLO (EST\u00c1NDAR) - Tu mejor opci\u00f3n Equipo M\u00e9dico M\u00e9xico","robots":{"index":"index","follow":"follow","max-snippet":"max-snippet:-1","max-image-preview":"max-image-preview:large","max-video-preview":"max-video-preview:-1"},"canonical":"https:\/\/buscoequipomedico.com\/?product=tococardiografo-gemelar-twin-baby-con-analisis-solo-estandar","og_locale":"es_ES","og_type":"article","og_title":"TOCOCARDIOGRAFO GEMELAR (TWIN BABY) CON AN\u00c1LISIS SOLO (EST\u00c1NDAR) - Tu mejor opci\u00f3n Equipo M\u00e9dico M\u00e9xico","og_description":"\u2022 7\u201d TFT LCD MONITOR COLOR (BIG SIZE) \u2022 MONITOR TIENE 320\u201d GRADO DE ROTACION \u2022 450 HORAS DE MEMORIA \/ ANALIZADOR (POR PACIENTE MAX. 3 HORAS, 150 PACIENTE TOTAL)","og_url":"https:\/\/buscoequipomedico.com\/?product=tococardiografo-gemelar-twin-baby-con-analisis-solo-estandar","og_site_name":"Tu mejor opci\u00f3n Equipo M\u00e9dico M\u00e9xico","article_modified_time":"2020-02-18T07:37:59+00:00","og_image":[{"width":800,"height":800,"url":"https:\/\/buscoequipomedico.com\/wp-content\/uploads\/2020\/02\/tococardiografo-gemelar-twin-baby-con-analisis-solo-estandar-o-7-tft-lcd-monitor-color-big-size-o-monitor-tiene-320-grado-de-rot.jpg","type":"image\/png"}],"twitter_card":"summary_large_image","twitter_misc":{"Tiempo de lectura":"1 minuto"},"schema":{"@context":"https:\/\/schema.org","@graph":[{"@type":"WebPage","@id":"https:\/\/buscoequipomedico.com\/?product=tococardiografo-gemelar-twin-baby-con-analisis-solo-estandar","url":"https:\/\/buscoequipomedico.com\/?product=tococardiografo-gemelar-twin-baby-con-analisis-solo-estandar","name":"TOCOCARDIOGRAFO GEMELAR (TWIN BABY) CON AN\u00c1LISIS SOLO (EST\u00c1NDAR) - Tu mejor opci\u00f3n Equipo M\u00e9dico M\u00e9xico","isPartOf":{"@id":"https:\/\/buscoequipomedico.com\/#website"},"primaryImageOfPage":{"@id":"https:\/\/buscoequipomedico.com\/?product=tococardiografo-gemelar-twin-baby-con-analisis-solo-estandar#primaryimage"},"image":{"@id":"https:\/\/buscoequipomedico.com\/?product=tococardiografo-gemelar-twin-baby-con-analisis-solo-estandar#primaryimage"},"thumbnailUrl":"https:\/\/buscoequipomedico.com\/wp-content\/uploads\/2020\/02\/tococardiografo-gemelar-twin-baby-con-analisis-solo-estandar-o-7-tft-lcd-monitor-color-big-size-o-monitor-tiene-320-grado-de-rot.jpg","datePublished":"2020-02-18T07:37:57+00:00","dateModified":"2020-02-18T07:37:59+00:00","breadcrumb":{"@id":"https:\/\/buscoequipomedico.com\/?product=tococardiografo-gemelar-twin-baby-con-analisis-solo-estandar#breadcrumb"},"inLanguage":"es","potentialAction":[{"@type":"ReadAction","target":["https:\/\/buscoequipomedico.com\/?product=tococardiografo-gemelar-twin-baby-con-analisis-solo-estandar"]}]},{"@type":"ImageObject","inLanguage":"es","@id":"https:\/\/buscoequipomedico.com\/?product=tococardiografo-gemelar-twin-baby-con-analisis-solo-estandar#primaryimage","url":"https:\/\/buscoequipomedico.com\/wp-content\/uploads\/2020\/02\/tococardiografo-gemelar-twin-baby-con-analisis-solo-estandar-o-7-tft-lcd-monitor-color-big-size-o-monitor-tiene-320-grado-de-rot.jpg","contentUrl":"https:\/\/buscoequipomedico.com\/wp-content\/uploads\/2020\/02\/tococardiografo-gemelar-twin-baby-con-analisis-solo-estandar-o-7-tft-lcd-monitor-color-big-size-o-monitor-tiene-320-grado-de-rot.jpg","width":800,"height":800},{"@type":"BreadcrumbList","@id":"https:\/\/buscoequipomedico.com\/?product=tococardiografo-gemelar-twin-baby-con-analisis-solo-estandar#breadcrumb","itemListElement":[{"@type":"ListItem","position":1,"name":"Productos","item":"https:\/\/buscoequipomedico.com\/shop\/"},{"@type":"ListItem","position":2,"name":"TOCOCARDIOGRAFO GEMELAR (TWIN BABY) CON AN\u00c1LISIS SOLO (EST\u00c1NDAR)"}]},{"@type":"WebSite","@id":"https:\/\/buscoequipomedico.com\/#website","url":"https:\/\/buscoequipomedico.com\/","name":"Tu mejor opci\u00f3n Equipo M\u00e9dico M\u00e9xico","description":"Tienda de equipo m\u00e9dico","publisher":{"@id":"https:\/\/buscoequipomedico.com\/#organization"},"potentialAction":[{"@type":"SearchAction","target":{"@type":"EntryPoint","urlTemplate":"https:\/\/buscoequipomedico.com\/?s={search_term_string}"},"query-input":{"@type":"PropertyValueSpecification","valueRequired":true,"valueName":"search_term_string"}}],"inLanguage":"es"},{"@type":"Organization","@id":"https:\/\/buscoequipomedico.com\/#organization","name":"Tu mejor opci\u00f3n Equipo M\u00e9dico M\u00e9xico","url":"https:\/\/buscoequipomedico.com\/","logo":{"@type":"ImageObject","inLanguage":"es","@id":"https:\/\/buscoequipomedico.com\/#\/schema\/logo\/image\/","url":"https:\/\/buscoequipomedico.com\/wp-content\/uploads\/2021\/07\/EMM-VPrincipal-scaled.jpg","contentUrl":"https:\/\/buscoequipomedico.com\/wp-content\/uploads\/2021\/07\/EMM-VPrincipal-scaled.jpg","width":2560,"height":1058,"caption":"Tu mejor opci\u00f3n Equipo M\u00e9dico M\u00e9xico"},"image":{"@id":"https:\/\/buscoequipomedico.com\/#\/schema\/logo\/image\/"}}]}},"_links":{"self":[{"href":"https:\/\/buscoequipomedico.com\/index.php?rest_route=\/wp\/v2\/product\/13511","targetHints":{"allow":["GET"]}}],"collection":[{"href":"https:\/\/buscoequipomedico.com\/index.php?rest_route=\/wp\/v2\/product"}],"about":[{"href":"https:\/\/buscoequipomedico.com\/index.php?rest_route=\/wp\/v2\/types\/product"}],"wp:featuredmedia":[{"embeddable":true,"href":"https:\/\/buscoequipomedico.com\/index.php?rest_route=\/wp\/v2\/media\/13512"}],"wp:attachment":[{"href":"https:\/\/buscoequipomedico.com\/index.php?rest_route=%2Fwp%2Fv2%2Fmedia&parent=13511"}],"wp:term":[{"taxonomy":"product_brand","embeddable":true,"href":"https:\/\/buscoequipomedico.com\/index.php?rest_route=%2Fwp%2Fv2%2Fproduct_brand&post=13511"},{"taxonomy":"product_cat","embeddable":true,"href":"https:\/\/buscoequipomedico.com\/index.php?rest_route=%2Fwp%2Fv2%2Fproduct_cat&post=13511"},{"taxonomy":"product_tag","embeddable":true,"href":"https:\/\/buscoequipomedico.com\/index.php?rest_route=%2Fwp%2Fv2%2Fproduct_tag&post=13511"}],"curies":[{"name":"wp","href":"https:\/\/api.w.org\/{rel}","templated":true}]}}