{"id":13515,"date":"2020-02-18T07:37:57","date_gmt":"2020-02-18T07:37:57","guid":{"rendered":"https:\/\/equipomedicomexico-com.preview-domain.com\/product\/tococardiografo-alta-sensibilidad-1mhz\/"},"modified":"2020-02-18T07:37:59","modified_gmt":"2020-02-18T07:37:59","slug":"tococardiografo-alta-sensibilidad-1mhz","status":"publish","type":"product","link":"https:\/\/buscoequipomedico.com\/?product=tococardiografo-alta-sensibilidad-1mhz","title":{"rendered":"TOCOCARDIOGRAFO ALTA SENSIBILIDAD 1MHz"},"content":{"rendered":"<p>\u2756 Clara calidad de la se\u00f1al<\/p>\n<p>\u2756 Detecci\u00f3n autom\u00e1tica de movimiento fetal<\/p>\n<p>\u2756 Papel gr\u00e1fico f\u00e1cil de leer<\/p>\n<p>\u2756 Operaci\u00f3n r\u00e1pida y f\u00e1cil<\/p>\n<p>\u2756 Transductores m\u00e1s fuertes y ligeros<\/p>\n<p>FUNCIONES:<\/p>\n<p>1) Movimiento fetal, Contracci\u00f3n uterina, Frecuencia cardiaca,<\/p>\n<p>2) Tama\u00f1o Grande de papel [210mm de ancho], impresi\u00f3n en formato A4, Puede usar papel de fax.<\/p>\n<p>3) Potente transductor de 1 Mhz.<\/p>\n<p>4) Fecha \/ Hora \/ auto stop (setup) \/ Ajuste de Contraste<\/p>\n<p>5) Conexi\u00f3n al\u00e1mbrica por RS232, Facil de actualizar su programa, Puede Monitorizar el trazo del paciente por medio de software (OPCIONAL)<\/p>\n<p>6) Auto Funci\u00f3n NST (Non Stress Test) de 10 min. a 1 hr. graba autom\u00e1ticamente<\/p>\n<p>7) Registro 1,2,3 cm\/min, imprime\/graba\/monitoriza<\/p>\n<p>8) Funci\u00f3n de alarma FHR (Alta\/Baja)<\/p>\n<p>Port\u00e1til. De bajo costo, Marcador de evento.<\/p>\n<p>Alta funcionalidad combinada con uso amigable.<\/p>\n<p>Permite monitorizar un solo paciente fetal.<\/p>\n<p>Free Voltage: 100~240Vac, 50\/60Hz. Dimensiones: 296 (w) x 305.5 (h) x 92.5 (d) mm, Peso: 2.9 Kg aprox<\/p>\n","protected":false},"excerpt":{"rendered":"<p>CON ACCESORIOS EST\u00c1NDAR:<\/p>\n<ul>\n<li>TRANSDUCTOR FC Y TRANSDUCTOR UC<\/li>\n<li>MARCADOR DE EVENTOS<\/li>\n<li>2 CINTAS PARA TRANSDUCTOR<\/li>\n<li>PAPEL DE REGISTRO<\/li>\n<li>TUBO DE GEL<\/li>\n<li>CABLE DE ALIMENTACION Y MANUAL DE USUARIO.<\/li>\n<\/ul>\n","protected":false},"featured_media":13516,"template":"","meta":{"_joinchat":[]},"product_brand":[],"product_cat":[330],"product_tag":[],"class_list":{"0":"post-13515","1":"product","2":"type-product","3":"status-publish","4":"has-post-thumbnail","6":"product_cat-tocografos","7":"pa_marca-bionet","9":"first","10":"instock","11":"purchasable","12":"product-type-simple"},"yoast_head":"<!-- This site is optimized with the Yoast SEO plugin v25.1 - https:\/\/yoast.com\/wordpress\/plugins\/seo\/ -->\n<title>TOCOCARDIOGRAFO ALTA SENSIBILIDAD 1MHz - Tu mejor opci\u00f3n Equipo M\u00e9dico M\u00e9xico<\/title>\n<meta name=\"robots\" content=\"index, follow, max-snippet:-1, max-image-preview:large, max-video-preview:-1\" \/>\n<link rel=\"canonical\" href=\"https:\/\/buscoequipomedico.com\/?product=tococardiografo-alta-sensibilidad-1mhz\" \/>\n<meta property=\"og:locale\" content=\"es_ES\" \/>\n<meta property=\"og:type\" content=\"article\" \/>\n<meta property=\"og:title\" content=\"TOCOCARDIOGRAFO ALTA SENSIBILIDAD 1MHz - Tu mejor opci\u00f3n Equipo M\u00e9dico M\u00e9xico\" \/>\n<meta property=\"og:description\" content=\"CON ACCESORIOS EST\u00c1NDAR: TRANSDUCTOR FC Y TRANSDUCTOR UC MARCADOR DE EVENTOS 2 CINTAS PARA TRANSDUCTOR PAPEL DE REGISTRO TUBO DE GEL CABLE DE ALIMENTACION Y MANUAL DE USUARIO.\" \/>\n<meta property=\"og:url\" content=\"https:\/\/buscoequipomedico.com\/?product=tococardiografo-alta-sensibilidad-1mhz\" \/>\n<meta property=\"og:site_name\" content=\"Tu mejor opci\u00f3n Equipo M\u00e9dico M\u00e9xico\" \/>\n<meta property=\"article:modified_time\" content=\"2020-02-18T07:37:59+00:00\" \/>\n<meta property=\"og:image\" content=\"https:\/\/buscoequipomedico.com\/wp-content\/uploads\/2020\/02\/tococardiografo-alta-sensibilidad-1mhz-con-accesorios-estandar-transductor-fc-y-transductor-uc-marcador-de-eventos-2-cintas-para.jpg\" \/>\n\t<meta property=\"og:image:width\" content=\"800\" \/>\n\t<meta property=\"og:image:height\" content=\"800\" \/>\n\t<meta property=\"og:image:type\" content=\"image\/png\" \/>\n<meta name=\"twitter:card\" content=\"summary_large_image\" \/>\n<meta name=\"twitter:label1\" content=\"Tiempo de lectura\" \/>\n\t<meta name=\"twitter:data1\" content=\"1 minuto\" \/>\n<script type=\"application\/ld+json\" class=\"yoast-schema-graph\">{\"@context\":\"https:\/\/schema.org\",\"@graph\":[{\"@type\":\"WebPage\",\"@id\":\"https:\/\/buscoequipomedico.com\/?product=tococardiografo-alta-sensibilidad-1mhz\",\"url\":\"https:\/\/buscoequipomedico.com\/?product=tococardiografo-alta-sensibilidad-1mhz\",\"name\":\"TOCOCARDIOGRAFO ALTA SENSIBILIDAD 1MHz - Tu mejor opci\u00f3n Equipo M\u00e9dico M\u00e9xico\",\"isPartOf\":{\"@id\":\"https:\/\/buscoequipomedico.com\/#website\"},\"primaryImageOfPage\":{\"@id\":\"https:\/\/buscoequipomedico.com\/?product=tococardiografo-alta-sensibilidad-1mhz#primaryimage\"},\"image\":{\"@id\":\"https:\/\/buscoequipomedico.com\/?product=tococardiografo-alta-sensibilidad-1mhz#primaryimage\"},\"thumbnailUrl\":\"https:\/\/buscoequipomedico.com\/wp-content\/uploads\/2020\/02\/tococardiografo-alta-sensibilidad-1mhz-con-accesorios-estandar-transductor-fc-y-transductor-uc-marcador-de-eventos-2-cintas-para.jpg\",\"datePublished\":\"2020-02-18T07:37:57+00:00\",\"dateModified\":\"2020-02-18T07:37:59+00:00\",\"breadcrumb\":{\"@id\":\"https:\/\/buscoequipomedico.com\/?product=tococardiografo-alta-sensibilidad-1mhz#breadcrumb\"},\"inLanguage\":\"es\",\"potentialAction\":[{\"@type\":\"ReadAction\",\"target\":[\"https:\/\/buscoequipomedico.com\/?product=tococardiografo-alta-sensibilidad-1mhz\"]}]},{\"@type\":\"ImageObject\",\"inLanguage\":\"es\",\"@id\":\"https:\/\/buscoequipomedico.com\/?product=tococardiografo-alta-sensibilidad-1mhz#primaryimage\",\"url\":\"https:\/\/buscoequipomedico.com\/wp-content\/uploads\/2020\/02\/tococardiografo-alta-sensibilidad-1mhz-con-accesorios-estandar-transductor-fc-y-transductor-uc-marcador-de-eventos-2-cintas-para.jpg\",\"contentUrl\":\"https:\/\/buscoequipomedico.com\/wp-content\/uploads\/2020\/02\/tococardiografo-alta-sensibilidad-1mhz-con-accesorios-estandar-transductor-fc-y-transductor-uc-marcador-de-eventos-2-cintas-para.jpg\",\"width\":800,\"height\":800},{\"@type\":\"BreadcrumbList\",\"@id\":\"https:\/\/buscoequipomedico.com\/?product=tococardiografo-alta-sensibilidad-1mhz#breadcrumb\",\"itemListElement\":[{\"@type\":\"ListItem\",\"position\":1,\"name\":\"Productos\",\"item\":\"https:\/\/buscoequipomedico.com\/shop\/\"},{\"@type\":\"ListItem\",\"position\":2,\"name\":\"TOCOCARDIOGRAFO ALTA SENSIBILIDAD 1MHz\"}]},{\"@type\":\"WebSite\",\"@id\":\"https:\/\/buscoequipomedico.com\/#website\",\"url\":\"https:\/\/buscoequipomedico.com\/\",\"name\":\"Tu mejor opci\u00f3n Equipo M\u00e9dico M\u00e9xico\",\"description\":\"Tienda de equipo m\u00e9dico\",\"publisher\":{\"@id\":\"https:\/\/buscoequipomedico.com\/#organization\"},\"potentialAction\":[{\"@type\":\"SearchAction\",\"target\":{\"@type\":\"EntryPoint\",\"urlTemplate\":\"https:\/\/buscoequipomedico.com\/?s={search_term_string}\"},\"query-input\":{\"@type\":\"PropertyValueSpecification\",\"valueRequired\":true,\"valueName\":\"search_term_string\"}}],\"inLanguage\":\"es\"},{\"@type\":\"Organization\",\"@id\":\"https:\/\/buscoequipomedico.com\/#organization\",\"name\":\"Tu mejor opci\u00f3n Equipo M\u00e9dico M\u00e9xico\",\"url\":\"https:\/\/buscoequipomedico.com\/\",\"logo\":{\"@type\":\"ImageObject\",\"inLanguage\":\"es\",\"@id\":\"https:\/\/buscoequipomedico.com\/#\/schema\/logo\/image\/\",\"url\":\"https:\/\/buscoequipomedico.com\/wp-content\/uploads\/2021\/07\/EMM-VPrincipal-scaled.jpg\",\"contentUrl\":\"https:\/\/buscoequipomedico.com\/wp-content\/uploads\/2021\/07\/EMM-VPrincipal-scaled.jpg\",\"width\":2560,\"height\":1058,\"caption\":\"Tu mejor opci\u00f3n Equipo M\u00e9dico M\u00e9xico\"},\"image\":{\"@id\":\"https:\/\/buscoequipomedico.com\/#\/schema\/logo\/image\/\"}}]}<\/script>\n<!-- \/ Yoast SEO plugin. -->","yoast_head_json":{"title":"TOCOCARDIOGRAFO ALTA SENSIBILIDAD 1MHz - Tu mejor opci\u00f3n Equipo M\u00e9dico M\u00e9xico","robots":{"index":"index","follow":"follow","max-snippet":"max-snippet:-1","max-image-preview":"max-image-preview:large","max-video-preview":"max-video-preview:-1"},"canonical":"https:\/\/buscoequipomedico.com\/?product=tococardiografo-alta-sensibilidad-1mhz","og_locale":"es_ES","og_type":"article","og_title":"TOCOCARDIOGRAFO ALTA SENSIBILIDAD 1MHz - Tu mejor opci\u00f3n Equipo M\u00e9dico M\u00e9xico","og_description":"CON ACCESORIOS EST\u00c1NDAR: TRANSDUCTOR FC Y TRANSDUCTOR UC MARCADOR DE EVENTOS 2 CINTAS PARA TRANSDUCTOR PAPEL DE REGISTRO TUBO DE GEL CABLE DE ALIMENTACION Y MANUAL DE USUARIO.","og_url":"https:\/\/buscoequipomedico.com\/?product=tococardiografo-alta-sensibilidad-1mhz","og_site_name":"Tu mejor opci\u00f3n Equipo M\u00e9dico M\u00e9xico","article_modified_time":"2020-02-18T07:37:59+00:00","og_image":[{"width":800,"height":800,"url":"https:\/\/buscoequipomedico.com\/wp-content\/uploads\/2020\/02\/tococardiografo-alta-sensibilidad-1mhz-con-accesorios-estandar-transductor-fc-y-transductor-uc-marcador-de-eventos-2-cintas-para.jpg","type":"image\/png"}],"twitter_card":"summary_large_image","twitter_misc":{"Tiempo de lectura":"1 minuto"},"schema":{"@context":"https:\/\/schema.org","@graph":[{"@type":"WebPage","@id":"https:\/\/buscoequipomedico.com\/?product=tococardiografo-alta-sensibilidad-1mhz","url":"https:\/\/buscoequipomedico.com\/?product=tococardiografo-alta-sensibilidad-1mhz","name":"TOCOCARDIOGRAFO ALTA SENSIBILIDAD 1MHz - Tu mejor opci\u00f3n Equipo M\u00e9dico M\u00e9xico","isPartOf":{"@id":"https:\/\/buscoequipomedico.com\/#website"},"primaryImageOfPage":{"@id":"https:\/\/buscoequipomedico.com\/?product=tococardiografo-alta-sensibilidad-1mhz#primaryimage"},"image":{"@id":"https:\/\/buscoequipomedico.com\/?product=tococardiografo-alta-sensibilidad-1mhz#primaryimage"},"thumbnailUrl":"https:\/\/buscoequipomedico.com\/wp-content\/uploads\/2020\/02\/tococardiografo-alta-sensibilidad-1mhz-con-accesorios-estandar-transductor-fc-y-transductor-uc-marcador-de-eventos-2-cintas-para.jpg","datePublished":"2020-02-18T07:37:57+00:00","dateModified":"2020-02-18T07:37:59+00:00","breadcrumb":{"@id":"https:\/\/buscoequipomedico.com\/?product=tococardiografo-alta-sensibilidad-1mhz#breadcrumb"},"inLanguage":"es","potentialAction":[{"@type":"ReadAction","target":["https:\/\/buscoequipomedico.com\/?product=tococardiografo-alta-sensibilidad-1mhz"]}]},{"@type":"ImageObject","inLanguage":"es","@id":"https:\/\/buscoequipomedico.com\/?product=tococardiografo-alta-sensibilidad-1mhz#primaryimage","url":"https:\/\/buscoequipomedico.com\/wp-content\/uploads\/2020\/02\/tococardiografo-alta-sensibilidad-1mhz-con-accesorios-estandar-transductor-fc-y-transductor-uc-marcador-de-eventos-2-cintas-para.jpg","contentUrl":"https:\/\/buscoequipomedico.com\/wp-content\/uploads\/2020\/02\/tococardiografo-alta-sensibilidad-1mhz-con-accesorios-estandar-transductor-fc-y-transductor-uc-marcador-de-eventos-2-cintas-para.jpg","width":800,"height":800},{"@type":"BreadcrumbList","@id":"https:\/\/buscoequipomedico.com\/?product=tococardiografo-alta-sensibilidad-1mhz#breadcrumb","itemListElement":[{"@type":"ListItem","position":1,"name":"Productos","item":"https:\/\/buscoequipomedico.com\/shop\/"},{"@type":"ListItem","position":2,"name":"TOCOCARDIOGRAFO ALTA SENSIBILIDAD 1MHz"}]},{"@type":"WebSite","@id":"https:\/\/buscoequipomedico.com\/#website","url":"https:\/\/buscoequipomedico.com\/","name":"Tu mejor opci\u00f3n Equipo M\u00e9dico M\u00e9xico","description":"Tienda de equipo m\u00e9dico","publisher":{"@id":"https:\/\/buscoequipomedico.com\/#organization"},"potentialAction":[{"@type":"SearchAction","target":{"@type":"EntryPoint","urlTemplate":"https:\/\/buscoequipomedico.com\/?s={search_term_string}"},"query-input":{"@type":"PropertyValueSpecification","valueRequired":true,"valueName":"search_term_string"}}],"inLanguage":"es"},{"@type":"Organization","@id":"https:\/\/buscoequipomedico.com\/#organization","name":"Tu mejor opci\u00f3n Equipo M\u00e9dico M\u00e9xico","url":"https:\/\/buscoequipomedico.com\/","logo":{"@type":"ImageObject","inLanguage":"es","@id":"https:\/\/buscoequipomedico.com\/#\/schema\/logo\/image\/","url":"https:\/\/buscoequipomedico.com\/wp-content\/uploads\/2021\/07\/EMM-VPrincipal-scaled.jpg","contentUrl":"https:\/\/buscoequipomedico.com\/wp-content\/uploads\/2021\/07\/EMM-VPrincipal-scaled.jpg","width":2560,"height":1058,"caption":"Tu mejor opci\u00f3n Equipo M\u00e9dico M\u00e9xico"},"image":{"@id":"https:\/\/buscoequipomedico.com\/#\/schema\/logo\/image\/"}}]}},"_links":{"self":[{"href":"https:\/\/buscoequipomedico.com\/index.php?rest_route=\/wp\/v2\/product\/13515","targetHints":{"allow":["GET"]}}],"collection":[{"href":"https:\/\/buscoequipomedico.com\/index.php?rest_route=\/wp\/v2\/product"}],"about":[{"href":"https:\/\/buscoequipomedico.com\/index.php?rest_route=\/wp\/v2\/types\/product"}],"wp:featuredmedia":[{"embeddable":true,"href":"https:\/\/buscoequipomedico.com\/index.php?rest_route=\/wp\/v2\/media\/13516"}],"wp:attachment":[{"href":"https:\/\/buscoequipomedico.com\/index.php?rest_route=%2Fwp%2Fv2%2Fmedia&parent=13515"}],"wp:term":[{"taxonomy":"product_brand","embeddable":true,"href":"https:\/\/buscoequipomedico.com\/index.php?rest_route=%2Fwp%2Fv2%2Fproduct_brand&post=13515"},{"taxonomy":"product_cat","embeddable":true,"href":"https:\/\/buscoequipomedico.com\/index.php?rest_route=%2Fwp%2Fv2%2Fproduct_cat&post=13515"},{"taxonomy":"product_tag","embeddable":true,"href":"https:\/\/buscoequipomedico.com\/index.php?rest_route=%2Fwp%2Fv2%2Fproduct_tag&post=13515"}],"curies":[{"name":"wp","href":"https:\/\/api.w.org\/{rel}","templated":true}]}}