{"id":13525,"date":"2020-02-18T07:37:57","date_gmt":"2020-02-18T07:37:57","guid":{"rendered":"https:\/\/equipomedicomexico-com.preview-domain.com\/product\/tocografo-pantalla-lcd-bestman\/"},"modified":"2020-02-18T07:38:00","modified_gmt":"2020-02-18T07:38:00","slug":"tocografo-pantalla-lcd-bestman","status":"publish","type":"product","link":"https:\/\/buscoequipomedico.com\/?product=tocografo-pantalla-lcd-bestman","title":{"rendered":"TOCOGRAFO PANTALLA LCD BESTMAN"},"content":{"rendered":"<p>Par\u00e1metros de la impresora se pueden ajustar en base a las necesidades del usuario, incluyendo la impresi\u00f3n de velocidad del papel, grosor de la l\u00ednea de traza, frecuencia de muestreo de la se\u00f1al, l\u00edmite superior e inferior alarmante, en tiempo real, y la fecha.<\/p>\n<p>Set-up de datos y par\u00e1metros se pueden almacenar de forma autom\u00e1tica despu\u00e9s de que se apaga.<\/p>\n<p>Los datos monitorizados pueden ser transmitidos a un ordenador externo a trav\u00e9s del puerto RS-232 o puerto USB.<\/p>\n","protected":false},"excerpt":{"rendered":"<p>Adem\u00e1s de congelar el estado de vigilancia, se puede establecer el l\u00edmite de tiempo (0 a 99 minutos).<\/p>\n<p>Si no est\u00e1 provisto de la se\u00f1al que entra autom\u00e1ticamente en estado latente.<\/p>\n<p>Almacena los datos monitoreados durante 24 horas con funci\u00f3n de repetici\u00f3n.<\/p>\n<p>Sus par\u00e1metros para el establecimiento de toda la unidad son controladas por el teclado de codificaci\u00f3n.<\/p>\n<p>Este monitor fetal f\u00e1cil de operar adopta la impresora matriz de 832 t\u00e9rmica lineal y almacena e imprime datos r\u00e1pida con un ancho de impresi\u00f3n de 112 mm.<\/p>\n","protected":false},"featured_media":13526,"template":"","meta":{"_joinchat":[]},"product_brand":[],"product_cat":[330],"product_tag":[],"class_list":{"0":"post-13525","1":"product","2":"type-product","3":"status-publish","4":"has-post-thumbnail","6":"product_cat-tocografos","7":"pa_marca-hgm","9":"first","10":"instock","11":"purchasable","12":"product-type-simple"},"yoast_head":"<!-- This site is optimized with the Yoast SEO plugin v25.1 - https:\/\/yoast.com\/wordpress\/plugins\/seo\/ -->\n<title>TOCOGRAFO PANTALLA LCD BESTMAN - Tu mejor opci\u00f3n Equipo M\u00e9dico M\u00e9xico<\/title>\n<meta name=\"robots\" content=\"index, follow, max-snippet:-1, max-image-preview:large, max-video-preview:-1\" \/>\n<link rel=\"canonical\" href=\"https:\/\/buscoequipomedico.com\/?product=tocografo-pantalla-lcd-bestman\" \/>\n<meta property=\"og:locale\" content=\"es_ES\" \/>\n<meta property=\"og:type\" content=\"article\" \/>\n<meta property=\"og:title\" content=\"TOCOGRAFO PANTALLA LCD BESTMAN - Tu mejor opci\u00f3n Equipo M\u00e9dico M\u00e9xico\" \/>\n<meta property=\"og:description\" content=\"Adem\u00e1s de congelar el estado de vigilancia, se puede establecer el l\u00edmite de tiempo (0 a 99 minutos). Si no est\u00e1 provisto de la se\u00f1al que entra autom\u00e1ticamente en estado latente. Almacena los datos monitoreados durante 24 horas con funci\u00f3n de repetici\u00f3n. Sus par\u00e1metros para el establecimiento de toda la unidad son controladas por el teclado de codificaci\u00f3n. Este monitor fetal f\u00e1cil de operar adopta la impresora matriz de 832 t\u00e9rmica lineal y almacena e imprime datos r\u00e1pida con un ancho de impresi\u00f3n de 112 mm.\" \/>\n<meta property=\"og:url\" content=\"https:\/\/buscoequipomedico.com\/?product=tocografo-pantalla-lcd-bestman\" \/>\n<meta property=\"og:site_name\" content=\"Tu mejor opci\u00f3n Equipo M\u00e9dico M\u00e9xico\" \/>\n<meta property=\"article:modified_time\" content=\"2020-02-18T07:38:00+00:00\" \/>\n<meta property=\"og:image\" content=\"https:\/\/buscoequipomedico.com\/wp-content\/uploads\/2020\/02\/tocografo-pantalla-lcd-bestman-ademas-de-congelar-el-estado-de-vigilancia-se-puede-establecer-el-limite-de-tiempo-0-a-99-minutos.jpg\" \/>\n\t<meta property=\"og:image:width\" content=\"800\" \/>\n\t<meta property=\"og:image:height\" content=\"800\" \/>\n\t<meta property=\"og:image:type\" content=\"image\/png\" \/>\n<meta name=\"twitter:card\" content=\"summary_large_image\" \/>\n<script type=\"application\/ld+json\" class=\"yoast-schema-graph\">{\"@context\":\"https:\/\/schema.org\",\"@graph\":[{\"@type\":\"WebPage\",\"@id\":\"https:\/\/buscoequipomedico.com\/?product=tocografo-pantalla-lcd-bestman\",\"url\":\"https:\/\/buscoequipomedico.com\/?product=tocografo-pantalla-lcd-bestman\",\"name\":\"TOCOGRAFO PANTALLA LCD BESTMAN - Tu mejor opci\u00f3n Equipo M\u00e9dico M\u00e9xico\",\"isPartOf\":{\"@id\":\"https:\/\/buscoequipomedico.com\/#website\"},\"primaryImageOfPage\":{\"@id\":\"https:\/\/buscoequipomedico.com\/?product=tocografo-pantalla-lcd-bestman#primaryimage\"},\"image\":{\"@id\":\"https:\/\/buscoequipomedico.com\/?product=tocografo-pantalla-lcd-bestman#primaryimage\"},\"thumbnailUrl\":\"https:\/\/buscoequipomedico.com\/wp-content\/uploads\/2020\/02\/tocografo-pantalla-lcd-bestman-ademas-de-congelar-el-estado-de-vigilancia-se-puede-establecer-el-limite-de-tiempo-0-a-99-minutos.jpg\",\"datePublished\":\"2020-02-18T07:37:57+00:00\",\"dateModified\":\"2020-02-18T07:38:00+00:00\",\"breadcrumb\":{\"@id\":\"https:\/\/buscoequipomedico.com\/?product=tocografo-pantalla-lcd-bestman#breadcrumb\"},\"inLanguage\":\"es\",\"potentialAction\":[{\"@type\":\"ReadAction\",\"target\":[\"https:\/\/buscoequipomedico.com\/?product=tocografo-pantalla-lcd-bestman\"]}]},{\"@type\":\"ImageObject\",\"inLanguage\":\"es\",\"@id\":\"https:\/\/buscoequipomedico.com\/?product=tocografo-pantalla-lcd-bestman#primaryimage\",\"url\":\"https:\/\/buscoequipomedico.com\/wp-content\/uploads\/2020\/02\/tocografo-pantalla-lcd-bestman-ademas-de-congelar-el-estado-de-vigilancia-se-puede-establecer-el-limite-de-tiempo-0-a-99-minutos.jpg\",\"contentUrl\":\"https:\/\/buscoequipomedico.com\/wp-content\/uploads\/2020\/02\/tocografo-pantalla-lcd-bestman-ademas-de-congelar-el-estado-de-vigilancia-se-puede-establecer-el-limite-de-tiempo-0-a-99-minutos.jpg\",\"width\":800,\"height\":800},{\"@type\":\"BreadcrumbList\",\"@id\":\"https:\/\/buscoequipomedico.com\/?product=tocografo-pantalla-lcd-bestman#breadcrumb\",\"itemListElement\":[{\"@type\":\"ListItem\",\"position\":1,\"name\":\"Productos\",\"item\":\"https:\/\/buscoequipomedico.com\/shop\/\"},{\"@type\":\"ListItem\",\"position\":2,\"name\":\"TOCOGRAFO PANTALLA LCD BESTMAN\"}]},{\"@type\":\"WebSite\",\"@id\":\"https:\/\/buscoequipomedico.com\/#website\",\"url\":\"https:\/\/buscoequipomedico.com\/\",\"name\":\"Tu mejor opci\u00f3n Equipo M\u00e9dico M\u00e9xico\",\"description\":\"Tienda de equipo m\u00e9dico\",\"publisher\":{\"@id\":\"https:\/\/buscoequipomedico.com\/#organization\"},\"potentialAction\":[{\"@type\":\"SearchAction\",\"target\":{\"@type\":\"EntryPoint\",\"urlTemplate\":\"https:\/\/buscoequipomedico.com\/?s={search_term_string}\"},\"query-input\":{\"@type\":\"PropertyValueSpecification\",\"valueRequired\":true,\"valueName\":\"search_term_string\"}}],\"inLanguage\":\"es\"},{\"@type\":\"Organization\",\"@id\":\"https:\/\/buscoequipomedico.com\/#organization\",\"name\":\"Tu mejor opci\u00f3n Equipo M\u00e9dico M\u00e9xico\",\"url\":\"https:\/\/buscoequipomedico.com\/\",\"logo\":{\"@type\":\"ImageObject\",\"inLanguage\":\"es\",\"@id\":\"https:\/\/buscoequipomedico.com\/#\/schema\/logo\/image\/\",\"url\":\"https:\/\/buscoequipomedico.com\/wp-content\/uploads\/2021\/07\/EMM-VPrincipal-scaled.jpg\",\"contentUrl\":\"https:\/\/buscoequipomedico.com\/wp-content\/uploads\/2021\/07\/EMM-VPrincipal-scaled.jpg\",\"width\":2560,\"height\":1058,\"caption\":\"Tu mejor opci\u00f3n Equipo M\u00e9dico M\u00e9xico\"},\"image\":{\"@id\":\"https:\/\/buscoequipomedico.com\/#\/schema\/logo\/image\/\"}}]}<\/script>\n<!-- \/ Yoast SEO plugin. -->","yoast_head_json":{"title":"TOCOGRAFO PANTALLA LCD BESTMAN - Tu mejor opci\u00f3n Equipo M\u00e9dico M\u00e9xico","robots":{"index":"index","follow":"follow","max-snippet":"max-snippet:-1","max-image-preview":"max-image-preview:large","max-video-preview":"max-video-preview:-1"},"canonical":"https:\/\/buscoequipomedico.com\/?product=tocografo-pantalla-lcd-bestman","og_locale":"es_ES","og_type":"article","og_title":"TOCOGRAFO PANTALLA LCD BESTMAN - Tu mejor opci\u00f3n Equipo M\u00e9dico M\u00e9xico","og_description":"Adem\u00e1s de congelar el estado de vigilancia, se puede establecer el l\u00edmite de tiempo (0 a 99 minutos). Si no est\u00e1 provisto de la se\u00f1al que entra autom\u00e1ticamente en estado latente. Almacena los datos monitoreados durante 24 horas con funci\u00f3n de repetici\u00f3n. Sus par\u00e1metros para el establecimiento de toda la unidad son controladas por el teclado de codificaci\u00f3n. Este monitor fetal f\u00e1cil de operar adopta la impresora matriz de 832 t\u00e9rmica lineal y almacena e imprime datos r\u00e1pida con un ancho de impresi\u00f3n de 112 mm.","og_url":"https:\/\/buscoequipomedico.com\/?product=tocografo-pantalla-lcd-bestman","og_site_name":"Tu mejor opci\u00f3n Equipo M\u00e9dico M\u00e9xico","article_modified_time":"2020-02-18T07:38:00+00:00","og_image":[{"width":800,"height":800,"url":"https:\/\/buscoequipomedico.com\/wp-content\/uploads\/2020\/02\/tocografo-pantalla-lcd-bestman-ademas-de-congelar-el-estado-de-vigilancia-se-puede-establecer-el-limite-de-tiempo-0-a-99-minutos.jpg","type":"image\/png"}],"twitter_card":"summary_large_image","schema":{"@context":"https:\/\/schema.org","@graph":[{"@type":"WebPage","@id":"https:\/\/buscoequipomedico.com\/?product=tocografo-pantalla-lcd-bestman","url":"https:\/\/buscoequipomedico.com\/?product=tocografo-pantalla-lcd-bestman","name":"TOCOGRAFO PANTALLA LCD BESTMAN - Tu mejor opci\u00f3n Equipo M\u00e9dico M\u00e9xico","isPartOf":{"@id":"https:\/\/buscoequipomedico.com\/#website"},"primaryImageOfPage":{"@id":"https:\/\/buscoequipomedico.com\/?product=tocografo-pantalla-lcd-bestman#primaryimage"},"image":{"@id":"https:\/\/buscoequipomedico.com\/?product=tocografo-pantalla-lcd-bestman#primaryimage"},"thumbnailUrl":"https:\/\/buscoequipomedico.com\/wp-content\/uploads\/2020\/02\/tocografo-pantalla-lcd-bestman-ademas-de-congelar-el-estado-de-vigilancia-se-puede-establecer-el-limite-de-tiempo-0-a-99-minutos.jpg","datePublished":"2020-02-18T07:37:57+00:00","dateModified":"2020-02-18T07:38:00+00:00","breadcrumb":{"@id":"https:\/\/buscoequipomedico.com\/?product=tocografo-pantalla-lcd-bestman#breadcrumb"},"inLanguage":"es","potentialAction":[{"@type":"ReadAction","target":["https:\/\/buscoequipomedico.com\/?product=tocografo-pantalla-lcd-bestman"]}]},{"@type":"ImageObject","inLanguage":"es","@id":"https:\/\/buscoequipomedico.com\/?product=tocografo-pantalla-lcd-bestman#primaryimage","url":"https:\/\/buscoequipomedico.com\/wp-content\/uploads\/2020\/02\/tocografo-pantalla-lcd-bestman-ademas-de-congelar-el-estado-de-vigilancia-se-puede-establecer-el-limite-de-tiempo-0-a-99-minutos.jpg","contentUrl":"https:\/\/buscoequipomedico.com\/wp-content\/uploads\/2020\/02\/tocografo-pantalla-lcd-bestman-ademas-de-congelar-el-estado-de-vigilancia-se-puede-establecer-el-limite-de-tiempo-0-a-99-minutos.jpg","width":800,"height":800},{"@type":"BreadcrumbList","@id":"https:\/\/buscoequipomedico.com\/?product=tocografo-pantalla-lcd-bestman#breadcrumb","itemListElement":[{"@type":"ListItem","position":1,"name":"Productos","item":"https:\/\/buscoequipomedico.com\/shop\/"},{"@type":"ListItem","position":2,"name":"TOCOGRAFO PANTALLA LCD BESTMAN"}]},{"@type":"WebSite","@id":"https:\/\/buscoequipomedico.com\/#website","url":"https:\/\/buscoequipomedico.com\/","name":"Tu mejor opci\u00f3n Equipo M\u00e9dico M\u00e9xico","description":"Tienda de equipo m\u00e9dico","publisher":{"@id":"https:\/\/buscoequipomedico.com\/#organization"},"potentialAction":[{"@type":"SearchAction","target":{"@type":"EntryPoint","urlTemplate":"https:\/\/buscoequipomedico.com\/?s={search_term_string}"},"query-input":{"@type":"PropertyValueSpecification","valueRequired":true,"valueName":"search_term_string"}}],"inLanguage":"es"},{"@type":"Organization","@id":"https:\/\/buscoequipomedico.com\/#organization","name":"Tu mejor opci\u00f3n Equipo M\u00e9dico M\u00e9xico","url":"https:\/\/buscoequipomedico.com\/","logo":{"@type":"ImageObject","inLanguage":"es","@id":"https:\/\/buscoequipomedico.com\/#\/schema\/logo\/image\/","url":"https:\/\/buscoequipomedico.com\/wp-content\/uploads\/2021\/07\/EMM-VPrincipal-scaled.jpg","contentUrl":"https:\/\/buscoequipomedico.com\/wp-content\/uploads\/2021\/07\/EMM-VPrincipal-scaled.jpg","width":2560,"height":1058,"caption":"Tu mejor opci\u00f3n Equipo M\u00e9dico M\u00e9xico"},"image":{"@id":"https:\/\/buscoequipomedico.com\/#\/schema\/logo\/image\/"}}]}},"_links":{"self":[{"href":"https:\/\/buscoequipomedico.com\/index.php?rest_route=\/wp\/v2\/product\/13525","targetHints":{"allow":["GET"]}}],"collection":[{"href":"https:\/\/buscoequipomedico.com\/index.php?rest_route=\/wp\/v2\/product"}],"about":[{"href":"https:\/\/buscoequipomedico.com\/index.php?rest_route=\/wp\/v2\/types\/product"}],"wp:featuredmedia":[{"embeddable":true,"href":"https:\/\/buscoequipomedico.com\/index.php?rest_route=\/wp\/v2\/media\/13526"}],"wp:attachment":[{"href":"https:\/\/buscoequipomedico.com\/index.php?rest_route=%2Fwp%2Fv2%2Fmedia&parent=13525"}],"wp:term":[{"taxonomy":"product_brand","embeddable":true,"href":"https:\/\/buscoequipomedico.com\/index.php?rest_route=%2Fwp%2Fv2%2Fproduct_brand&post=13525"},{"taxonomy":"product_cat","embeddable":true,"href":"https:\/\/buscoequipomedico.com\/index.php?rest_route=%2Fwp%2Fv2%2Fproduct_cat&post=13525"},{"taxonomy":"product_tag","embeddable":true,"href":"https:\/\/buscoequipomedico.com\/index.php?rest_route=%2Fwp%2Fv2%2Fproduct_tag&post=13525"}],"curies":[{"name":"wp","href":"https:\/\/api.w.org\/{rel}","templated":true}]}}