{"id":13547,"date":"2020-02-18T07:38:02","date_gmt":"2020-02-18T07:38:02","guid":{"rendered":"https:\/\/equipomedicomexico-com.preview-domain.com\/product\/transformador-de-pared-s-reloj-3-5v\/"},"modified":"2020-02-18T07:38:04","modified_gmt":"2020-02-18T07:38:04","slug":"transformador-de-pared-s-reloj-3-5v","status":"publish","type":"product","link":"https:\/\/buscoequipomedico.com\/?product=transformador-de-pared-s-reloj-3-5v","title":{"rendered":"TRANSFORMADOR DE PARED S\/RELOJ 3.5v"},"content":{"rendered":"<p>El equipo deja listo ya Mano de Esencial de el equipo de Diagn\u00f3stico para el examen del Paciente, mangos universales que pueden utilizarse con todos los cabezales WELCH ALLYN \u00ae con Tecnolog\u00eda de 3.5v.<\/p>\n<p>Tecnolog\u00eda OptiSense\u00bb de Sensores \u00f3pticos en cada mango, la luz de cada mango se enciende autom\u00e1ticamente al retirarlo del equipo y al colocarlo se apaga nuevamente.<\/p>\n<p>Regulaci\u00f3n de la Intensidad de la luz..<\/p>\n<p>El Equipo Incluye 2 cabezales<\/p>\n","protected":false},"excerpt":{"rendered":"<p><span>La fuente de luz\u00a0que necesita.<\/span><\/p>\n","protected":false},"featured_media":13548,"template":"","meta":{"_joinchat":[]},"product_brand":[],"product_cat":[331],"product_tag":[],"class_list":{"0":"post-13547","1":"product","2":"type-product","3":"status-publish","4":"has-post-thumbnail","6":"product_cat-transformadores","8":"first","9":"instock","10":"purchasable","11":"product-type-simple"},"yoast_head":"<!-- This site is optimized with the Yoast SEO plugin v25.1 - https:\/\/yoast.com\/wordpress\/plugins\/seo\/ -->\n<title>TRANSFORMADOR DE PARED S\/RELOJ 3.5v - Tu mejor opci\u00f3n Equipo M\u00e9dico M\u00e9xico<\/title>\n<meta name=\"robots\" content=\"index, follow, max-snippet:-1, max-image-preview:large, max-video-preview:-1\" \/>\n<link rel=\"canonical\" href=\"https:\/\/buscoequipomedico.com\/?product=transformador-de-pared-s-reloj-3-5v\" \/>\n<meta property=\"og:locale\" content=\"es_ES\" \/>\n<meta property=\"og:type\" content=\"article\" \/>\n<meta property=\"og:title\" content=\"TRANSFORMADOR DE PARED S\/RELOJ 3.5v - Tu mejor opci\u00f3n Equipo M\u00e9dico M\u00e9xico\" \/>\n<meta property=\"og:description\" content=\"La fuente de luz\u00a0que necesita.\" \/>\n<meta property=\"og:url\" content=\"https:\/\/buscoequipomedico.com\/?product=transformador-de-pared-s-reloj-3-5v\" \/>\n<meta property=\"og:site_name\" content=\"Tu mejor opci\u00f3n Equipo M\u00e9dico M\u00e9xico\" \/>\n<meta property=\"article:modified_time\" content=\"2020-02-18T07:38:04+00:00\" \/>\n<meta property=\"og:image\" content=\"https:\/\/buscoequipomedico.com\/wp-content\/uploads\/2020\/02\/transformador-de-pared-s-reloj-35v-la-fuente-de-luz-que-necesita.jpg\" \/>\n\t<meta property=\"og:image:width\" content=\"800\" \/>\n\t<meta property=\"og:image:height\" content=\"800\" \/>\n\t<meta property=\"og:image:type\" content=\"image\/jpeg\" \/>\n<meta name=\"twitter:card\" content=\"summary_large_image\" \/>\n<script type=\"application\/ld+json\" class=\"yoast-schema-graph\">{\"@context\":\"https:\/\/schema.org\",\"@graph\":[{\"@type\":\"WebPage\",\"@id\":\"https:\/\/buscoequipomedico.com\/?product=transformador-de-pared-s-reloj-3-5v\",\"url\":\"https:\/\/buscoequipomedico.com\/?product=transformador-de-pared-s-reloj-3-5v\",\"name\":\"TRANSFORMADOR DE PARED S\/RELOJ 3.5v - Tu mejor opci\u00f3n Equipo M\u00e9dico M\u00e9xico\",\"isPartOf\":{\"@id\":\"https:\/\/buscoequipomedico.com\/#website\"},\"primaryImageOfPage\":{\"@id\":\"https:\/\/buscoequipomedico.com\/?product=transformador-de-pared-s-reloj-3-5v#primaryimage\"},\"image\":{\"@id\":\"https:\/\/buscoequipomedico.com\/?product=transformador-de-pared-s-reloj-3-5v#primaryimage\"},\"thumbnailUrl\":\"https:\/\/buscoequipomedico.com\/wp-content\/uploads\/2020\/02\/transformador-de-pared-s-reloj-35v-la-fuente-de-luz-que-necesita.jpg\",\"datePublished\":\"2020-02-18T07:38:02+00:00\",\"dateModified\":\"2020-02-18T07:38:04+00:00\",\"breadcrumb\":{\"@id\":\"https:\/\/buscoequipomedico.com\/?product=transformador-de-pared-s-reloj-3-5v#breadcrumb\"},\"inLanguage\":\"es\",\"potentialAction\":[{\"@type\":\"ReadAction\",\"target\":[\"https:\/\/buscoequipomedico.com\/?product=transformador-de-pared-s-reloj-3-5v\"]}]},{\"@type\":\"ImageObject\",\"inLanguage\":\"es\",\"@id\":\"https:\/\/buscoequipomedico.com\/?product=transformador-de-pared-s-reloj-3-5v#primaryimage\",\"url\":\"https:\/\/buscoequipomedico.com\/wp-content\/uploads\/2020\/02\/transformador-de-pared-s-reloj-35v-la-fuente-de-luz-que-necesita.jpg\",\"contentUrl\":\"https:\/\/buscoequipomedico.com\/wp-content\/uploads\/2020\/02\/transformador-de-pared-s-reloj-35v-la-fuente-de-luz-que-necesita.jpg\",\"width\":800,\"height\":800},{\"@type\":\"BreadcrumbList\",\"@id\":\"https:\/\/buscoequipomedico.com\/?product=transformador-de-pared-s-reloj-3-5v#breadcrumb\",\"itemListElement\":[{\"@type\":\"ListItem\",\"position\":1,\"name\":\"Productos\",\"item\":\"https:\/\/buscoequipomedico.com\/shop\/\"},{\"@type\":\"ListItem\",\"position\":2,\"name\":\"TRANSFORMADOR DE PARED S\/RELOJ 3.5v\"}]},{\"@type\":\"WebSite\",\"@id\":\"https:\/\/buscoequipomedico.com\/#website\",\"url\":\"https:\/\/buscoequipomedico.com\/\",\"name\":\"Tu mejor opci\u00f3n Equipo M\u00e9dico M\u00e9xico\",\"description\":\"Tienda de equipo m\u00e9dico\",\"publisher\":{\"@id\":\"https:\/\/buscoequipomedico.com\/#organization\"},\"potentialAction\":[{\"@type\":\"SearchAction\",\"target\":{\"@type\":\"EntryPoint\",\"urlTemplate\":\"https:\/\/buscoequipomedico.com\/?s={search_term_string}\"},\"query-input\":{\"@type\":\"PropertyValueSpecification\",\"valueRequired\":true,\"valueName\":\"search_term_string\"}}],\"inLanguage\":\"es\"},{\"@type\":\"Organization\",\"@id\":\"https:\/\/buscoequipomedico.com\/#organization\",\"name\":\"Tu mejor opci\u00f3n Equipo M\u00e9dico M\u00e9xico\",\"url\":\"https:\/\/buscoequipomedico.com\/\",\"logo\":{\"@type\":\"ImageObject\",\"inLanguage\":\"es\",\"@id\":\"https:\/\/buscoequipomedico.com\/#\/schema\/logo\/image\/\",\"url\":\"https:\/\/buscoequipomedico.com\/wp-content\/uploads\/2021\/07\/EMM-VPrincipal-scaled.jpg\",\"contentUrl\":\"https:\/\/buscoequipomedico.com\/wp-content\/uploads\/2021\/07\/EMM-VPrincipal-scaled.jpg\",\"width\":2560,\"height\":1058,\"caption\":\"Tu mejor opci\u00f3n Equipo M\u00e9dico M\u00e9xico\"},\"image\":{\"@id\":\"https:\/\/buscoequipomedico.com\/#\/schema\/logo\/image\/\"}}]}<\/script>\n<!-- \/ Yoast SEO plugin. -->","yoast_head_json":{"title":"TRANSFORMADOR DE PARED S\/RELOJ 3.5v - Tu mejor opci\u00f3n Equipo M\u00e9dico M\u00e9xico","robots":{"index":"index","follow":"follow","max-snippet":"max-snippet:-1","max-image-preview":"max-image-preview:large","max-video-preview":"max-video-preview:-1"},"canonical":"https:\/\/buscoequipomedico.com\/?product=transformador-de-pared-s-reloj-3-5v","og_locale":"es_ES","og_type":"article","og_title":"TRANSFORMADOR DE PARED S\/RELOJ 3.5v - Tu mejor opci\u00f3n Equipo M\u00e9dico M\u00e9xico","og_description":"La fuente de luz\u00a0que necesita.","og_url":"https:\/\/buscoequipomedico.com\/?product=transformador-de-pared-s-reloj-3-5v","og_site_name":"Tu mejor opci\u00f3n Equipo M\u00e9dico M\u00e9xico","article_modified_time":"2020-02-18T07:38:04+00:00","og_image":[{"width":800,"height":800,"url":"https:\/\/buscoequipomedico.com\/wp-content\/uploads\/2020\/02\/transformador-de-pared-s-reloj-35v-la-fuente-de-luz-que-necesita.jpg","type":"image\/jpeg"}],"twitter_card":"summary_large_image","schema":{"@context":"https:\/\/schema.org","@graph":[{"@type":"WebPage","@id":"https:\/\/buscoequipomedico.com\/?product=transformador-de-pared-s-reloj-3-5v","url":"https:\/\/buscoequipomedico.com\/?product=transformador-de-pared-s-reloj-3-5v","name":"TRANSFORMADOR DE PARED S\/RELOJ 3.5v - Tu mejor opci\u00f3n Equipo M\u00e9dico M\u00e9xico","isPartOf":{"@id":"https:\/\/buscoequipomedico.com\/#website"},"primaryImageOfPage":{"@id":"https:\/\/buscoequipomedico.com\/?product=transformador-de-pared-s-reloj-3-5v#primaryimage"},"image":{"@id":"https:\/\/buscoequipomedico.com\/?product=transformador-de-pared-s-reloj-3-5v#primaryimage"},"thumbnailUrl":"https:\/\/buscoequipomedico.com\/wp-content\/uploads\/2020\/02\/transformador-de-pared-s-reloj-35v-la-fuente-de-luz-que-necesita.jpg","datePublished":"2020-02-18T07:38:02+00:00","dateModified":"2020-02-18T07:38:04+00:00","breadcrumb":{"@id":"https:\/\/buscoequipomedico.com\/?product=transformador-de-pared-s-reloj-3-5v#breadcrumb"},"inLanguage":"es","potentialAction":[{"@type":"ReadAction","target":["https:\/\/buscoequipomedico.com\/?product=transformador-de-pared-s-reloj-3-5v"]}]},{"@type":"ImageObject","inLanguage":"es","@id":"https:\/\/buscoequipomedico.com\/?product=transformador-de-pared-s-reloj-3-5v#primaryimage","url":"https:\/\/buscoequipomedico.com\/wp-content\/uploads\/2020\/02\/transformador-de-pared-s-reloj-35v-la-fuente-de-luz-que-necesita.jpg","contentUrl":"https:\/\/buscoequipomedico.com\/wp-content\/uploads\/2020\/02\/transformador-de-pared-s-reloj-35v-la-fuente-de-luz-que-necesita.jpg","width":800,"height":800},{"@type":"BreadcrumbList","@id":"https:\/\/buscoequipomedico.com\/?product=transformador-de-pared-s-reloj-3-5v#breadcrumb","itemListElement":[{"@type":"ListItem","position":1,"name":"Productos","item":"https:\/\/buscoequipomedico.com\/shop\/"},{"@type":"ListItem","position":2,"name":"TRANSFORMADOR DE PARED S\/RELOJ 3.5v"}]},{"@type":"WebSite","@id":"https:\/\/buscoequipomedico.com\/#website","url":"https:\/\/buscoequipomedico.com\/","name":"Tu mejor opci\u00f3n Equipo M\u00e9dico M\u00e9xico","description":"Tienda de equipo m\u00e9dico","publisher":{"@id":"https:\/\/buscoequipomedico.com\/#organization"},"potentialAction":[{"@type":"SearchAction","target":{"@type":"EntryPoint","urlTemplate":"https:\/\/buscoequipomedico.com\/?s={search_term_string}"},"query-input":{"@type":"PropertyValueSpecification","valueRequired":true,"valueName":"search_term_string"}}],"inLanguage":"es"},{"@type":"Organization","@id":"https:\/\/buscoequipomedico.com\/#organization","name":"Tu mejor opci\u00f3n Equipo M\u00e9dico M\u00e9xico","url":"https:\/\/buscoequipomedico.com\/","logo":{"@type":"ImageObject","inLanguage":"es","@id":"https:\/\/buscoequipomedico.com\/#\/schema\/logo\/image\/","url":"https:\/\/buscoequipomedico.com\/wp-content\/uploads\/2021\/07\/EMM-VPrincipal-scaled.jpg","contentUrl":"https:\/\/buscoequipomedico.com\/wp-content\/uploads\/2021\/07\/EMM-VPrincipal-scaled.jpg","width":2560,"height":1058,"caption":"Tu mejor opci\u00f3n Equipo M\u00e9dico M\u00e9xico"},"image":{"@id":"https:\/\/buscoequipomedico.com\/#\/schema\/logo\/image\/"}}]}},"_links":{"self":[{"href":"https:\/\/buscoequipomedico.com\/index.php?rest_route=\/wp\/v2\/product\/13547","targetHints":{"allow":["GET"]}}],"collection":[{"href":"https:\/\/buscoequipomedico.com\/index.php?rest_route=\/wp\/v2\/product"}],"about":[{"href":"https:\/\/buscoequipomedico.com\/index.php?rest_route=\/wp\/v2\/types\/product"}],"wp:featuredmedia":[{"embeddable":true,"href":"https:\/\/buscoequipomedico.com\/index.php?rest_route=\/wp\/v2\/media\/13548"}],"wp:attachment":[{"href":"https:\/\/buscoequipomedico.com\/index.php?rest_route=%2Fwp%2Fv2%2Fmedia&parent=13547"}],"wp:term":[{"taxonomy":"product_brand","embeddable":true,"href":"https:\/\/buscoequipomedico.com\/index.php?rest_route=%2Fwp%2Fv2%2Fproduct_brand&post=13547"},{"taxonomy":"product_cat","embeddable":true,"href":"https:\/\/buscoequipomedico.com\/index.php?rest_route=%2Fwp%2Fv2%2Fproduct_cat&post=13547"},{"taxonomy":"product_tag","embeddable":true,"href":"https:\/\/buscoequipomedico.com\/index.php?rest_route=%2Fwp%2Fv2%2Fproduct_tag&post=13547"}],"curies":[{"name":"wp","href":"https:\/\/api.w.org\/{rel}","templated":true}]}}