{"id":13553,"date":"2020-02-18T07:38:02","date_gmt":"2020-02-18T07:38:02","guid":{"rendered":"https:\/\/equipomedicomexico-com.preview-domain.com\/product\/handscan-h8-s\/"},"modified":"2021-02-17T00:04:14","modified_gmt":"2021-02-17T00:04:14","slug":"handscan-h8-s","status":"publish","type":"product","link":"https:\/\/buscoequipomedico.com\/?product=handscan-h8-s","title":{"rendered":"Handscan H8 S"},"content":{"rendered":"<p>Modos de visualizaci\u00f3n: B, B + B, B + M, M, 4B<\/p>\n<\/p>\n<p>Frecuencia: 2.5MHZ-7.5MHZ<\/p>\n<\/p>\n<p>Profundidad de escaneo: 70mm ~ 220mm<\/p>\n<\/p>\n<p>Escalas de grises: 256 niveles<\/p>\n<\/p>\n<p>Bucle de cine: 400 fotogramas<\/p>\n<\/p>\n<p>Almacenamiento de im\u00e1genes: memoria incorporada, 64 im\u00e1genes, almacenamiento en disco USB<\/p>\n<\/p>\n<p>Reserva de imagen: arriba \/ abajo, izquierda \/ derecha<\/p>\n<\/p>\n<p>Conversi\u00f3n de imagen: distancia, circunferencia, \u00e1rea, volumen, tasa de EF, coraz\u00f3n<\/p>\n<\/p>\n<p>Medidas: tasa, tiempo.<\/p>\n<\/p>\n<p>Mediciones de OB: BPD, GS, CRL, FL, HC, AC, EDD, GA, FWVIDEO (PLAD, NTSC), USB2.0<\/p>\n<\/p>\n<p>Monitor: TFT LCD de 5,5 pulgadas a color.<\/p>\n<\/p>\n<p>marcadores corporales: una variedad de marcadores corporales (40 tipos)<\/p>\n","protected":false},"excerpt":{"rendered":"<p>Una (1) unidad principal<\/p>\n<\/p>\n<p>Una (1) sonda convexa R40 \/ 3.5mhz<\/p>\n<\/p>\n<p>Un (1) adaptador de CA<\/p>\n<\/p>\n<p>Un (1) protector de goma<\/p>\n<\/p>\n<p>Una (1) bater\u00eda recargable<\/p>\n<\/p>\n<p>Dos (2) cinturones de hombro y cintura.<\/p>\n<\/p>\n<p>Comentarios: fecha y hora, nombre, sexo, edad, hospital<\/p>\n<\/p>\n<p>Aplicaciones: Paquete de software profesional en obstetricia, ginecolog\u00eda, urolog\u00eda y piezas peque\u00f1as<\/p>\n<\/p>\n<p>Peso: 700 g<\/p>\n<\/p>\n<p>Dimensiones: 230mm \u00d7 120mm \u00d7 42mm<\/p>\n<\/p>\n<p>Funcionamiento de la bater\u00eda: 3 horas.<\/p>\n","protected":false},"featured_media":13554,"template":"","meta":{"_joinchat":[]},"product_brand":[],"product_cat":[333],"product_tag":[],"class_list":{"0":"post-13553","1":"product","2":"type-product","3":"status-publish","4":"has-post-thumbnail","6":"product_cat-ultrasonidos","8":"first","9":"instock","10":"purchasable","11":"product-type-simple"},"yoast_head":"<!-- This site is optimized with the Yoast SEO plugin v25.1 - https:\/\/yoast.com\/wordpress\/plugins\/seo\/ -->\n<title>Handscan H8 S - Tu mejor opci\u00f3n Equipo M\u00e9dico M\u00e9xico<\/title>\n<meta name=\"robots\" content=\"index, follow, max-snippet:-1, max-image-preview:large, max-video-preview:-1\" \/>\n<link rel=\"canonical\" href=\"https:\/\/buscoequipomedico.com\/?product=handscan-h8-s\" \/>\n<meta property=\"og:locale\" content=\"es_ES\" \/>\n<meta property=\"og:type\" content=\"article\" \/>\n<meta property=\"og:title\" content=\"Handscan H8 S - Tu mejor opci\u00f3n Equipo M\u00e9dico M\u00e9xico\" \/>\n<meta property=\"og:description\" content=\"Una (1) unidad principal Una (1) sonda convexa R40 \/ 3.5mhz Un (1) adaptador de CA Un (1) protector de goma Una (1) bater\u00eda recargable Dos (2) cinturones de hombro y cintura. Comentarios: fecha y hora, nombre, sexo, edad, hospital Aplicaciones: Paquete de software profesional en obstetricia, ginecolog\u00eda, urolog\u00eda y piezas peque\u00f1as Peso: 700 g Dimensiones: 230mm \u00d7 120mm \u00d7 42mm Funcionamiento de la bater\u00eda: 3 horas.\" \/>\n<meta property=\"og:url\" content=\"https:\/\/buscoequipomedico.com\/?product=handscan-h8-s\" \/>\n<meta property=\"og:site_name\" content=\"Tu mejor opci\u00f3n Equipo M\u00e9dico M\u00e9xico\" \/>\n<meta property=\"article:modified_time\" content=\"2021-02-17T00:04:14+00:00\" \/>\n<meta property=\"og:image\" content=\"https:\/\/buscoequipomedico.com\/wp-content\/uploads\/2020\/02\/handscan-h8-s-una-1-unidad-principal-una-1-sonda-convexa-r40-35mhz-un-1-adaptador-de-ca-un-1-protector-de-goma-una-1-bateria-rec.jpg\" \/>\n\t<meta property=\"og:image:width\" content=\"800\" \/>\n\t<meta property=\"og:image:height\" content=\"800\" \/>\n\t<meta property=\"og:image:type\" content=\"image\/png\" \/>\n<meta name=\"twitter:card\" content=\"summary_large_image\" \/>\n<script type=\"application\/ld+json\" class=\"yoast-schema-graph\">{\"@context\":\"https:\/\/schema.org\",\"@graph\":[{\"@type\":\"WebPage\",\"@id\":\"https:\/\/buscoequipomedico.com\/?product=handscan-h8-s\",\"url\":\"https:\/\/buscoequipomedico.com\/?product=handscan-h8-s\",\"name\":\"Handscan H8 S - Tu mejor opci\u00f3n Equipo M\u00e9dico M\u00e9xico\",\"isPartOf\":{\"@id\":\"https:\/\/buscoequipomedico.com\/#website\"},\"primaryImageOfPage\":{\"@id\":\"https:\/\/buscoequipomedico.com\/?product=handscan-h8-s#primaryimage\"},\"image\":{\"@id\":\"https:\/\/buscoequipomedico.com\/?product=handscan-h8-s#primaryimage\"},\"thumbnailUrl\":\"https:\/\/buscoequipomedico.com\/wp-content\/uploads\/2020\/02\/handscan-h8-s-una-1-unidad-principal-una-1-sonda-convexa-r40-35mhz-un-1-adaptador-de-ca-un-1-protector-de-goma-una-1-bateria-rec.jpg\",\"datePublished\":\"2020-02-18T07:38:02+00:00\",\"dateModified\":\"2021-02-17T00:04:14+00:00\",\"breadcrumb\":{\"@id\":\"https:\/\/buscoequipomedico.com\/?product=handscan-h8-s#breadcrumb\"},\"inLanguage\":\"es\",\"potentialAction\":[{\"@type\":\"ReadAction\",\"target\":[\"https:\/\/buscoequipomedico.com\/?product=handscan-h8-s\"]}]},{\"@type\":\"ImageObject\",\"inLanguage\":\"es\",\"@id\":\"https:\/\/buscoequipomedico.com\/?product=handscan-h8-s#primaryimage\",\"url\":\"https:\/\/buscoequipomedico.com\/wp-content\/uploads\/2020\/02\/handscan-h8-s-una-1-unidad-principal-una-1-sonda-convexa-r40-35mhz-un-1-adaptador-de-ca-un-1-protector-de-goma-una-1-bateria-rec.jpg\",\"contentUrl\":\"https:\/\/buscoequipomedico.com\/wp-content\/uploads\/2020\/02\/handscan-h8-s-una-1-unidad-principal-una-1-sonda-convexa-r40-35mhz-un-1-adaptador-de-ca-un-1-protector-de-goma-una-1-bateria-rec.jpg\",\"width\":800,\"height\":800},{\"@type\":\"BreadcrumbList\",\"@id\":\"https:\/\/buscoequipomedico.com\/?product=handscan-h8-s#breadcrumb\",\"itemListElement\":[{\"@type\":\"ListItem\",\"position\":1,\"name\":\"Productos\",\"item\":\"https:\/\/buscoequipomedico.com\/shop\/\"},{\"@type\":\"ListItem\",\"position\":2,\"name\":\"Handscan H8 S\"}]},{\"@type\":\"WebSite\",\"@id\":\"https:\/\/buscoequipomedico.com\/#website\",\"url\":\"https:\/\/buscoequipomedico.com\/\",\"name\":\"Tu mejor opci\u00f3n Equipo M\u00e9dico M\u00e9xico\",\"description\":\"Tienda de equipo m\u00e9dico\",\"publisher\":{\"@id\":\"https:\/\/buscoequipomedico.com\/#organization\"},\"potentialAction\":[{\"@type\":\"SearchAction\",\"target\":{\"@type\":\"EntryPoint\",\"urlTemplate\":\"https:\/\/buscoequipomedico.com\/?s={search_term_string}\"},\"query-input\":{\"@type\":\"PropertyValueSpecification\",\"valueRequired\":true,\"valueName\":\"search_term_string\"}}],\"inLanguage\":\"es\"},{\"@type\":\"Organization\",\"@id\":\"https:\/\/buscoequipomedico.com\/#organization\",\"name\":\"Tu mejor opci\u00f3n Equipo M\u00e9dico M\u00e9xico\",\"url\":\"https:\/\/buscoequipomedico.com\/\",\"logo\":{\"@type\":\"ImageObject\",\"inLanguage\":\"es\",\"@id\":\"https:\/\/buscoequipomedico.com\/#\/schema\/logo\/image\/\",\"url\":\"https:\/\/buscoequipomedico.com\/wp-content\/uploads\/2021\/07\/EMM-VPrincipal-scaled.jpg\",\"contentUrl\":\"https:\/\/buscoequipomedico.com\/wp-content\/uploads\/2021\/07\/EMM-VPrincipal-scaled.jpg\",\"width\":2560,\"height\":1058,\"caption\":\"Tu mejor opci\u00f3n Equipo M\u00e9dico M\u00e9xico\"},\"image\":{\"@id\":\"https:\/\/buscoequipomedico.com\/#\/schema\/logo\/image\/\"}}]}<\/script>\n<!-- \/ Yoast SEO plugin. -->","yoast_head_json":{"title":"Handscan H8 S - Tu mejor opci\u00f3n Equipo M\u00e9dico M\u00e9xico","robots":{"index":"index","follow":"follow","max-snippet":"max-snippet:-1","max-image-preview":"max-image-preview:large","max-video-preview":"max-video-preview:-1"},"canonical":"https:\/\/buscoequipomedico.com\/?product=handscan-h8-s","og_locale":"es_ES","og_type":"article","og_title":"Handscan H8 S - Tu mejor opci\u00f3n Equipo M\u00e9dico M\u00e9xico","og_description":"Una (1) unidad principal Una (1) sonda convexa R40 \/ 3.5mhz Un (1) adaptador de CA Un (1) protector de goma Una (1) bater\u00eda recargable Dos (2) cinturones de hombro y cintura. Comentarios: fecha y hora, nombre, sexo, edad, hospital Aplicaciones: Paquete de software profesional en obstetricia, ginecolog\u00eda, urolog\u00eda y piezas peque\u00f1as Peso: 700 g Dimensiones: 230mm \u00d7 120mm \u00d7 42mm Funcionamiento de la bater\u00eda: 3 horas.","og_url":"https:\/\/buscoequipomedico.com\/?product=handscan-h8-s","og_site_name":"Tu mejor opci\u00f3n Equipo M\u00e9dico M\u00e9xico","article_modified_time":"2021-02-17T00:04:14+00:00","og_image":[{"width":800,"height":800,"url":"https:\/\/buscoequipomedico.com\/wp-content\/uploads\/2020\/02\/handscan-h8-s-una-1-unidad-principal-una-1-sonda-convexa-r40-35mhz-un-1-adaptador-de-ca-un-1-protector-de-goma-una-1-bateria-rec.jpg","type":"image\/png"}],"twitter_card":"summary_large_image","schema":{"@context":"https:\/\/schema.org","@graph":[{"@type":"WebPage","@id":"https:\/\/buscoequipomedico.com\/?product=handscan-h8-s","url":"https:\/\/buscoequipomedico.com\/?product=handscan-h8-s","name":"Handscan H8 S - Tu mejor opci\u00f3n Equipo M\u00e9dico M\u00e9xico","isPartOf":{"@id":"https:\/\/buscoequipomedico.com\/#website"},"primaryImageOfPage":{"@id":"https:\/\/buscoequipomedico.com\/?product=handscan-h8-s#primaryimage"},"image":{"@id":"https:\/\/buscoequipomedico.com\/?product=handscan-h8-s#primaryimage"},"thumbnailUrl":"https:\/\/buscoequipomedico.com\/wp-content\/uploads\/2020\/02\/handscan-h8-s-una-1-unidad-principal-una-1-sonda-convexa-r40-35mhz-un-1-adaptador-de-ca-un-1-protector-de-goma-una-1-bateria-rec.jpg","datePublished":"2020-02-18T07:38:02+00:00","dateModified":"2021-02-17T00:04:14+00:00","breadcrumb":{"@id":"https:\/\/buscoequipomedico.com\/?product=handscan-h8-s#breadcrumb"},"inLanguage":"es","potentialAction":[{"@type":"ReadAction","target":["https:\/\/buscoequipomedico.com\/?product=handscan-h8-s"]}]},{"@type":"ImageObject","inLanguage":"es","@id":"https:\/\/buscoequipomedico.com\/?product=handscan-h8-s#primaryimage","url":"https:\/\/buscoequipomedico.com\/wp-content\/uploads\/2020\/02\/handscan-h8-s-una-1-unidad-principal-una-1-sonda-convexa-r40-35mhz-un-1-adaptador-de-ca-un-1-protector-de-goma-una-1-bateria-rec.jpg","contentUrl":"https:\/\/buscoequipomedico.com\/wp-content\/uploads\/2020\/02\/handscan-h8-s-una-1-unidad-principal-una-1-sonda-convexa-r40-35mhz-un-1-adaptador-de-ca-un-1-protector-de-goma-una-1-bateria-rec.jpg","width":800,"height":800},{"@type":"BreadcrumbList","@id":"https:\/\/buscoequipomedico.com\/?product=handscan-h8-s#breadcrumb","itemListElement":[{"@type":"ListItem","position":1,"name":"Productos","item":"https:\/\/buscoequipomedico.com\/shop\/"},{"@type":"ListItem","position":2,"name":"Handscan H8 S"}]},{"@type":"WebSite","@id":"https:\/\/buscoequipomedico.com\/#website","url":"https:\/\/buscoequipomedico.com\/","name":"Tu mejor opci\u00f3n Equipo M\u00e9dico M\u00e9xico","description":"Tienda de equipo m\u00e9dico","publisher":{"@id":"https:\/\/buscoequipomedico.com\/#organization"},"potentialAction":[{"@type":"SearchAction","target":{"@type":"EntryPoint","urlTemplate":"https:\/\/buscoequipomedico.com\/?s={search_term_string}"},"query-input":{"@type":"PropertyValueSpecification","valueRequired":true,"valueName":"search_term_string"}}],"inLanguage":"es"},{"@type":"Organization","@id":"https:\/\/buscoequipomedico.com\/#organization","name":"Tu mejor opci\u00f3n Equipo M\u00e9dico M\u00e9xico","url":"https:\/\/buscoequipomedico.com\/","logo":{"@type":"ImageObject","inLanguage":"es","@id":"https:\/\/buscoequipomedico.com\/#\/schema\/logo\/image\/","url":"https:\/\/buscoequipomedico.com\/wp-content\/uploads\/2021\/07\/EMM-VPrincipal-scaled.jpg","contentUrl":"https:\/\/buscoequipomedico.com\/wp-content\/uploads\/2021\/07\/EMM-VPrincipal-scaled.jpg","width":2560,"height":1058,"caption":"Tu mejor opci\u00f3n Equipo M\u00e9dico M\u00e9xico"},"image":{"@id":"https:\/\/buscoequipomedico.com\/#\/schema\/logo\/image\/"}}]}},"_links":{"self":[{"href":"https:\/\/buscoequipomedico.com\/index.php?rest_route=\/wp\/v2\/product\/13553","targetHints":{"allow":["GET"]}}],"collection":[{"href":"https:\/\/buscoequipomedico.com\/index.php?rest_route=\/wp\/v2\/product"}],"about":[{"href":"https:\/\/buscoequipomedico.com\/index.php?rest_route=\/wp\/v2\/types\/product"}],"wp:featuredmedia":[{"embeddable":true,"href":"https:\/\/buscoequipomedico.com\/index.php?rest_route=\/wp\/v2\/media\/13554"}],"wp:attachment":[{"href":"https:\/\/buscoequipomedico.com\/index.php?rest_route=%2Fwp%2Fv2%2Fmedia&parent=13553"}],"wp:term":[{"taxonomy":"product_brand","embeddable":true,"href":"https:\/\/buscoequipomedico.com\/index.php?rest_route=%2Fwp%2Fv2%2Fproduct_brand&post=13553"},{"taxonomy":"product_cat","embeddable":true,"href":"https:\/\/buscoequipomedico.com\/index.php?rest_route=%2Fwp%2Fv2%2Fproduct_cat&post=13553"},{"taxonomy":"product_tag","embeddable":true,"href":"https:\/\/buscoequipomedico.com\/index.php?rest_route=%2Fwp%2Fv2%2Fproduct_tag&post=13553"}],"curies":[{"name":"wp","href":"https:\/\/api.w.org\/{rel}","templated":true}]}}