{"id":13555,"date":"2020-02-18T07:38:02","date_gmt":"2020-02-18T07:38:02","guid":{"rendered":"https:\/\/equipomedicomexico-com.preview-domain.com\/product\/ultrasonido-c30-con-1-transductor-convexo\/"},"modified":"2021-08-07T00:54:40","modified_gmt":"2021-08-07T05:54:40","slug":"ultrasonido-c30-con-1-transductor-convexo","status":"publish","type":"product","link":"https:\/\/buscoequipomedico.com\/?product=ultrasonido-c30-con-1-transductor-convexo","title":{"rendered":"ULTRASONIDO C30 CON 1 TRANSDUCTOR CONVEXO (*)"},"content":{"rendered":"<p><span>Excelente ultrasonido port\u00e1til B&amp;N<\/span><br \/><span>Equipado con computadora, que genera im\u00e1genes en escala de grises n\u00edtidas y cristalinas, con una profundidad de color de 8 bits (256 niveles), todo en un monitor de 10 pulgadas<\/span><br \/><span>\u2022 Cuenta con dos conectores para puntas de prueba y transductores multifrecuencia (convexo y lineal.<\/span><br \/><span>\u2022 Posee teclado iluminado con botones de silic\u00f3n el cual puede ser doblado, permitiendo la protecci\u00f3n del monitor durante el transporte.<\/span><br \/><span>\u2022 Armon\u00eda entre lo visual y econ\u00f3mico<\/span><br \/><span>\u2022 Unidad con monitor B\/N (blanco y negro) de 10&#8243;<\/span><br \/><span>\u2022 Teclado alfanum\u00e9rico con track ball e iluminaci\u00f3n<\/span><br \/><span>\u2022 Almacenamiento de im\u00e1genes a memoria USB<\/span><br \/><span>\u2022 Un transductor convexo multifrecuencia<\/span><br \/><span>Caracter\u00edsticas del equipo<\/span><br \/><span>\u2022 Tecnolog\u00eda din\u00e1mica de imagen: enfoque din\u00e1mico, abertura din\u00e1mica de imagen<\/span><br \/><span>\u2022 Alcance de ganancia: 0-100 dB<\/span><br \/><span>\u2022 Rastreo de profundidad: 245 mm<\/span><br \/><span>\u2022 TGC: cerca y lejos<\/span><\/p>\n<p><span><span><span>DESCRIPCI\u00d3N:<\/span><\/span><\/span><\/p>\n<p><span>Modo de obtenci\u00f3n de im\u00e1genes B, B\/B, B\/M, M\u00a0<\/span><br \/><span>Modo de exploraci\u00f3n Convexo, lineal\u00a0<\/span><br \/><span>Escala de grises 256\u00a0<\/span><br \/><span>Visualizaci\u00f3n 10&#8243; monitor de alta resoluci\u00f3n\u00a0<\/span><br \/><span>Puntas de prueba 2\u00a0<\/span><br \/><span>Tecnolog\u00eda din\u00e1mica de imagen Enfoque din\u00e1mico<\/span><br \/><span>Abertura din\u00e1mica de imagen\u00a0<\/span><br \/><span>Alcance de ganancia 0-100 dB\u00a0<\/span><br \/><span>Rastreo de profundidad 245 mm\u00a0<\/span><br \/><span>TGC Cerca y lejos\u00a0<\/span><br \/><span>Manipulaci\u00f3n Izquierda\/derecha, arriba\/abajo, positivo\/negativo, oscilaci\u00f3n din\u00e1mica, correlaci\u00f3n del marco, escala de grises, mejora del borde, direcci\u00f3n de imagen, marca de profundidad, marca de rotaci\u00f3n de imagen\u00a0<\/span><br \/><span>Amplificaci\u00f3n Seis pasos\u00a0<\/span><br \/><span>Reproducci\u00f3n cinematogr\u00e1fica 128 fotogramas\u00a0<\/span><br \/><span>Software\u00a0<\/span><br \/><span>B Mode Distancia, circunferencia, \u00e1rea, volumen ovalado\u00a0<\/span><br \/><span>M Mode EF, ritmo cardiaco, tiempo, distancia\u00a0<\/span><br \/><span>Obstetricia BPD, CRL, GS, FL, HC, AC, EFW, peso fetal, semanas de embarazo\u00a0<\/span><br \/><span>Comentario Tiempo, fecha, semana, doctor, paciente ID, edad, nombre del paciente, sexo, punto focal, tipo de exploraci\u00f3n, frecuencia de exploraci\u00f3n, escala de grises\u00a0<\/span><\/p>\n","protected":false},"excerpt":{"rendered":"<p>EQUIPO PORT\u00c1TIL CON MONITOR DE 10&#8243; CON 2 CONECTORES PARA TRANSDUCTOR 256 TONOS DE GRIS, PUERTO USB, 6 CONTROLES DESLIZABLES (TGC), 128 CUADROS DE CINE, 240mm DE PROFUNDIDAD DE IMAGEN, VOLTAJE LIBRE 100-240V, PESO DE 9.5Kg. EQUIPO CON TRANSDUCTOR CONVEXO DE 3.5 mhz, (2.0, 3.5, 5.0 mhz) NOTA: NO INCLUYE CARRO DE TRANSPORTE.<\/p><\/p>\n","protected":false},"featured_media":13556,"template":"","meta":{"_joinchat":[]},"product_brand":[],"product_cat":[333],"product_tag":[],"class_list":{"0":"post-13555","1":"product","2":"type-product","3":"status-publish","4":"has-post-thumbnail","6":"product_cat-ultrasonidos","8":"first","9":"instock","10":"purchasable","11":"product-type-simple"},"yoast_head":"<!-- This site is optimized with the Yoast SEO plugin v25.1 - https:\/\/yoast.com\/wordpress\/plugins\/seo\/ -->\n<title>ULTRASONIDO C30 CON 1 TRANSDUCTOR CONVEXO (*) - Tu mejor opci\u00f3n Equipo M\u00e9dico M\u00e9xico<\/title>\n<meta name=\"robots\" content=\"index, follow, max-snippet:-1, max-image-preview:large, max-video-preview:-1\" \/>\n<link rel=\"canonical\" href=\"https:\/\/buscoequipomedico.com\/?product=ultrasonido-c30-con-1-transductor-convexo\" \/>\n<meta property=\"og:locale\" content=\"es_ES\" \/>\n<meta property=\"og:type\" content=\"article\" \/>\n<meta property=\"og:title\" content=\"ULTRASONIDO C30 CON 1 TRANSDUCTOR CONVEXO (*) - Tu mejor opci\u00f3n Equipo M\u00e9dico M\u00e9xico\" \/>\n<meta property=\"og:description\" content=\"EQUIPO PORT\u00c1TIL CON MONITOR DE 10&quot; CON 2 CONECTORES PARA TRANSDUCTOR 256 TONOS DE GRIS, PUERTO USB, 6 CONTROLES DESLIZABLES (TGC), 128 CUADROS DE CINE, 240mm DE PROFUNDIDAD DE IMAGEN, VOLTAJE LIBRE 100-240V, PESO DE 9.5Kg. EQUIPO CON TRANSDUCTOR CONVEXO DE 3.5 mhz, (2.0, 3.5, 5.0 mhz) NOTA: NO INCLUYE CARRO DE TRANSPORTE.\" \/>\n<meta property=\"og:url\" content=\"https:\/\/buscoequipomedico.com\/?product=ultrasonido-c30-con-1-transductor-convexo\" \/>\n<meta property=\"og:site_name\" content=\"Tu mejor opci\u00f3n Equipo M\u00e9dico M\u00e9xico\" \/>\n<meta property=\"article:modified_time\" content=\"2021-08-07T05:54:40+00:00\" \/>\n<meta property=\"og:image\" content=\"https:\/\/buscoequipomedico.com\/wp-content\/uploads\/2020\/02\/ultrasonido-c30-con-1-transductor-convexo-equipo-portatil-con-monitor-de-10-con-2-conectores-para-transductor-256-tonos-de-gris.jpg\" \/>\n\t<meta property=\"og:image:width\" content=\"800\" \/>\n\t<meta property=\"og:image:height\" content=\"800\" \/>\n\t<meta property=\"og:image:type\" content=\"image\/png\" \/>\n<meta name=\"twitter:card\" content=\"summary_large_image\" \/>\n<meta name=\"twitter:label1\" content=\"Tiempo de lectura\" \/>\n\t<meta name=\"twitter:data1\" content=\"1 minuto\" \/>\n<script type=\"application\/ld+json\" class=\"yoast-schema-graph\">{\"@context\":\"https:\/\/schema.org\",\"@graph\":[{\"@type\":\"WebPage\",\"@id\":\"https:\/\/buscoequipomedico.com\/?product=ultrasonido-c30-con-1-transductor-convexo\",\"url\":\"https:\/\/buscoequipomedico.com\/?product=ultrasonido-c30-con-1-transductor-convexo\",\"name\":\"ULTRASONIDO C30 CON 1 TRANSDUCTOR CONVEXO (*) - Tu mejor opci\u00f3n Equipo M\u00e9dico M\u00e9xico\",\"isPartOf\":{\"@id\":\"https:\/\/buscoequipomedico.com\/#website\"},\"primaryImageOfPage\":{\"@id\":\"https:\/\/buscoequipomedico.com\/?product=ultrasonido-c30-con-1-transductor-convexo#primaryimage\"},\"image\":{\"@id\":\"https:\/\/buscoequipomedico.com\/?product=ultrasonido-c30-con-1-transductor-convexo#primaryimage\"},\"thumbnailUrl\":\"https:\/\/buscoequipomedico.com\/wp-content\/uploads\/2020\/02\/ultrasonido-c30-con-1-transductor-convexo-equipo-portatil-con-monitor-de-10-con-2-conectores-para-transductor-256-tonos-de-gris.jpg\",\"datePublished\":\"2020-02-18T07:38:02+00:00\",\"dateModified\":\"2021-08-07T05:54:40+00:00\",\"breadcrumb\":{\"@id\":\"https:\/\/buscoequipomedico.com\/?product=ultrasonido-c30-con-1-transductor-convexo#breadcrumb\"},\"inLanguage\":\"es\",\"potentialAction\":[{\"@type\":\"ReadAction\",\"target\":[\"https:\/\/buscoequipomedico.com\/?product=ultrasonido-c30-con-1-transductor-convexo\"]}]},{\"@type\":\"ImageObject\",\"inLanguage\":\"es\",\"@id\":\"https:\/\/buscoequipomedico.com\/?product=ultrasonido-c30-con-1-transductor-convexo#primaryimage\",\"url\":\"https:\/\/buscoequipomedico.com\/wp-content\/uploads\/2020\/02\/ultrasonido-c30-con-1-transductor-convexo-equipo-portatil-con-monitor-de-10-con-2-conectores-para-transductor-256-tonos-de-gris.jpg\",\"contentUrl\":\"https:\/\/buscoequipomedico.com\/wp-content\/uploads\/2020\/02\/ultrasonido-c30-con-1-transductor-convexo-equipo-portatil-con-monitor-de-10-con-2-conectores-para-transductor-256-tonos-de-gris.jpg\",\"width\":800,\"height\":800},{\"@type\":\"BreadcrumbList\",\"@id\":\"https:\/\/buscoequipomedico.com\/?product=ultrasonido-c30-con-1-transductor-convexo#breadcrumb\",\"itemListElement\":[{\"@type\":\"ListItem\",\"position\":1,\"name\":\"Productos\",\"item\":\"https:\/\/buscoequipomedico.com\/shop\/\"},{\"@type\":\"ListItem\",\"position\":2,\"name\":\"ULTRASONIDO C30 CON 1 TRANSDUCTOR CONVEXO (*)\"}]},{\"@type\":\"WebSite\",\"@id\":\"https:\/\/buscoequipomedico.com\/#website\",\"url\":\"https:\/\/buscoequipomedico.com\/\",\"name\":\"Tu mejor opci\u00f3n Equipo M\u00e9dico M\u00e9xico\",\"description\":\"Tienda de equipo m\u00e9dico\",\"publisher\":{\"@id\":\"https:\/\/buscoequipomedico.com\/#organization\"},\"potentialAction\":[{\"@type\":\"SearchAction\",\"target\":{\"@type\":\"EntryPoint\",\"urlTemplate\":\"https:\/\/buscoequipomedico.com\/?s={search_term_string}\"},\"query-input\":{\"@type\":\"PropertyValueSpecification\",\"valueRequired\":true,\"valueName\":\"search_term_string\"}}],\"inLanguage\":\"es\"},{\"@type\":\"Organization\",\"@id\":\"https:\/\/buscoequipomedico.com\/#organization\",\"name\":\"Tu mejor opci\u00f3n Equipo M\u00e9dico M\u00e9xico\",\"url\":\"https:\/\/buscoequipomedico.com\/\",\"logo\":{\"@type\":\"ImageObject\",\"inLanguage\":\"es\",\"@id\":\"https:\/\/buscoequipomedico.com\/#\/schema\/logo\/image\/\",\"url\":\"https:\/\/buscoequipomedico.com\/wp-content\/uploads\/2021\/07\/EMM-VPrincipal-scaled.jpg\",\"contentUrl\":\"https:\/\/buscoequipomedico.com\/wp-content\/uploads\/2021\/07\/EMM-VPrincipal-scaled.jpg\",\"width\":2560,\"height\":1058,\"caption\":\"Tu mejor opci\u00f3n Equipo M\u00e9dico M\u00e9xico\"},\"image\":{\"@id\":\"https:\/\/buscoequipomedico.com\/#\/schema\/logo\/image\/\"}}]}<\/script>\n<!-- \/ Yoast SEO plugin. -->","yoast_head_json":{"title":"ULTRASONIDO C30 CON 1 TRANSDUCTOR CONVEXO (*) - Tu mejor opci\u00f3n Equipo M\u00e9dico M\u00e9xico","robots":{"index":"index","follow":"follow","max-snippet":"max-snippet:-1","max-image-preview":"max-image-preview:large","max-video-preview":"max-video-preview:-1"},"canonical":"https:\/\/buscoequipomedico.com\/?product=ultrasonido-c30-con-1-transductor-convexo","og_locale":"es_ES","og_type":"article","og_title":"ULTRASONIDO C30 CON 1 TRANSDUCTOR CONVEXO (*) - Tu mejor opci\u00f3n Equipo M\u00e9dico M\u00e9xico","og_description":"EQUIPO PORT\u00c1TIL CON MONITOR DE 10\" CON 2 CONECTORES PARA TRANSDUCTOR 256 TONOS DE GRIS, PUERTO USB, 6 CONTROLES DESLIZABLES (TGC), 128 CUADROS DE CINE, 240mm DE PROFUNDIDAD DE IMAGEN, VOLTAJE LIBRE 100-240V, PESO DE 9.5Kg. EQUIPO CON TRANSDUCTOR CONVEXO DE 3.5 mhz, (2.0, 3.5, 5.0 mhz) NOTA: NO INCLUYE CARRO DE TRANSPORTE.","og_url":"https:\/\/buscoequipomedico.com\/?product=ultrasonido-c30-con-1-transductor-convexo","og_site_name":"Tu mejor opci\u00f3n Equipo M\u00e9dico M\u00e9xico","article_modified_time":"2021-08-07T05:54:40+00:00","og_image":[{"width":800,"height":800,"url":"https:\/\/buscoequipomedico.com\/wp-content\/uploads\/2020\/02\/ultrasonido-c30-con-1-transductor-convexo-equipo-portatil-con-monitor-de-10-con-2-conectores-para-transductor-256-tonos-de-gris.jpg","type":"image\/png"}],"twitter_card":"summary_large_image","twitter_misc":{"Tiempo de lectura":"1 minuto"},"schema":{"@context":"https:\/\/schema.org","@graph":[{"@type":"WebPage","@id":"https:\/\/buscoequipomedico.com\/?product=ultrasonido-c30-con-1-transductor-convexo","url":"https:\/\/buscoequipomedico.com\/?product=ultrasonido-c30-con-1-transductor-convexo","name":"ULTRASONIDO C30 CON 1 TRANSDUCTOR CONVEXO (*) - Tu mejor opci\u00f3n Equipo M\u00e9dico M\u00e9xico","isPartOf":{"@id":"https:\/\/buscoequipomedico.com\/#website"},"primaryImageOfPage":{"@id":"https:\/\/buscoequipomedico.com\/?product=ultrasonido-c30-con-1-transductor-convexo#primaryimage"},"image":{"@id":"https:\/\/buscoequipomedico.com\/?product=ultrasonido-c30-con-1-transductor-convexo#primaryimage"},"thumbnailUrl":"https:\/\/buscoequipomedico.com\/wp-content\/uploads\/2020\/02\/ultrasonido-c30-con-1-transductor-convexo-equipo-portatil-con-monitor-de-10-con-2-conectores-para-transductor-256-tonos-de-gris.jpg","datePublished":"2020-02-18T07:38:02+00:00","dateModified":"2021-08-07T05:54:40+00:00","breadcrumb":{"@id":"https:\/\/buscoequipomedico.com\/?product=ultrasonido-c30-con-1-transductor-convexo#breadcrumb"},"inLanguage":"es","potentialAction":[{"@type":"ReadAction","target":["https:\/\/buscoequipomedico.com\/?product=ultrasonido-c30-con-1-transductor-convexo"]}]},{"@type":"ImageObject","inLanguage":"es","@id":"https:\/\/buscoequipomedico.com\/?product=ultrasonido-c30-con-1-transductor-convexo#primaryimage","url":"https:\/\/buscoequipomedico.com\/wp-content\/uploads\/2020\/02\/ultrasonido-c30-con-1-transductor-convexo-equipo-portatil-con-monitor-de-10-con-2-conectores-para-transductor-256-tonos-de-gris.jpg","contentUrl":"https:\/\/buscoequipomedico.com\/wp-content\/uploads\/2020\/02\/ultrasonido-c30-con-1-transductor-convexo-equipo-portatil-con-monitor-de-10-con-2-conectores-para-transductor-256-tonos-de-gris.jpg","width":800,"height":800},{"@type":"BreadcrumbList","@id":"https:\/\/buscoequipomedico.com\/?product=ultrasonido-c30-con-1-transductor-convexo#breadcrumb","itemListElement":[{"@type":"ListItem","position":1,"name":"Productos","item":"https:\/\/buscoequipomedico.com\/shop\/"},{"@type":"ListItem","position":2,"name":"ULTRASONIDO C30 CON 1 TRANSDUCTOR CONVEXO (*)"}]},{"@type":"WebSite","@id":"https:\/\/buscoequipomedico.com\/#website","url":"https:\/\/buscoequipomedico.com\/","name":"Tu mejor opci\u00f3n Equipo M\u00e9dico M\u00e9xico","description":"Tienda de equipo m\u00e9dico","publisher":{"@id":"https:\/\/buscoequipomedico.com\/#organization"},"potentialAction":[{"@type":"SearchAction","target":{"@type":"EntryPoint","urlTemplate":"https:\/\/buscoequipomedico.com\/?s={search_term_string}"},"query-input":{"@type":"PropertyValueSpecification","valueRequired":true,"valueName":"search_term_string"}}],"inLanguage":"es"},{"@type":"Organization","@id":"https:\/\/buscoequipomedico.com\/#organization","name":"Tu mejor opci\u00f3n Equipo M\u00e9dico M\u00e9xico","url":"https:\/\/buscoequipomedico.com\/","logo":{"@type":"ImageObject","inLanguage":"es","@id":"https:\/\/buscoequipomedico.com\/#\/schema\/logo\/image\/","url":"https:\/\/buscoequipomedico.com\/wp-content\/uploads\/2021\/07\/EMM-VPrincipal-scaled.jpg","contentUrl":"https:\/\/buscoequipomedico.com\/wp-content\/uploads\/2021\/07\/EMM-VPrincipal-scaled.jpg","width":2560,"height":1058,"caption":"Tu mejor opci\u00f3n Equipo M\u00e9dico M\u00e9xico"},"image":{"@id":"https:\/\/buscoequipomedico.com\/#\/schema\/logo\/image\/"}}]}},"_links":{"self":[{"href":"https:\/\/buscoequipomedico.com\/index.php?rest_route=\/wp\/v2\/product\/13555","targetHints":{"allow":["GET"]}}],"collection":[{"href":"https:\/\/buscoequipomedico.com\/index.php?rest_route=\/wp\/v2\/product"}],"about":[{"href":"https:\/\/buscoequipomedico.com\/index.php?rest_route=\/wp\/v2\/types\/product"}],"wp:featuredmedia":[{"embeddable":true,"href":"https:\/\/buscoequipomedico.com\/index.php?rest_route=\/wp\/v2\/media\/13556"}],"wp:attachment":[{"href":"https:\/\/buscoequipomedico.com\/index.php?rest_route=%2Fwp%2Fv2%2Fmedia&parent=13555"}],"wp:term":[{"taxonomy":"product_brand","embeddable":true,"href":"https:\/\/buscoequipomedico.com\/index.php?rest_route=%2Fwp%2Fv2%2Fproduct_brand&post=13555"},{"taxonomy":"product_cat","embeddable":true,"href":"https:\/\/buscoequipomedico.com\/index.php?rest_route=%2Fwp%2Fv2%2Fproduct_cat&post=13555"},{"taxonomy":"product_tag","embeddable":true,"href":"https:\/\/buscoequipomedico.com\/index.php?rest_route=%2Fwp%2Fv2%2Fproduct_tag&post=13555"}],"curies":[{"name":"wp","href":"https:\/\/api.w.org\/{rel}","templated":true}]}}