{"id":13557,"date":"2020-02-18T07:38:02","date_gmt":"2020-02-18T07:38:02","guid":{"rendered":"https:\/\/equipomedicomexico-com.preview-domain.com\/product\/ultrasonido-c40-con-1-trasductor-convexo\/"},"modified":"2021-07-26T23:00:54","modified_gmt":"2021-07-27T04:00:54","slug":"ultrasonido-c40-con-1-trasductor-convexo","status":"publish","type":"product","link":"https:\/\/buscoequipomedico.com\/?product=ultrasonido-c40-con-1-trasductor-convexo","title":{"rendered":"ULTRASONIDO C40 CON 1 TRASDUCTOR CONVEXO (*)"},"content":{"rendered":"<p><span>Caracter\u00edsticas<\/span><\/p>\n<\/p>\n<p><span>\u2022 Viga de Digitales que forma tecnolog\u00eda<\/span><\/p>\n<\/p>\n<p><span>\u2022 Calidad superior de la imagen<\/span><\/p>\n<\/p>\n<p><span>\u2022 Abertura din\u00e1mica en tiempo real\u00a0<\/span><\/p>\n<\/p>\n<p><span>\u2022 \u00bb monitor no entrelazado 10<\/span><\/p>\n<\/p>\n<p><span>\u2022 Dos conectadores del transductor<\/span><\/p>\n<\/p>\n<p><span>\u2022 Panel de control encendido parte posterior<\/span><\/p>\n<\/p>\n<p><span>\u2022 almacenaje de 1000 im\u00e1genes<\/span><\/p>\n<\/p>\n<p><span>\u2022 Proyecci\u00f3n de imagen del arm\u00f3nico del tejido<\/span><\/p>\n<\/p>\n<p><span>\u2022 im\u00e1genes 4B para el c\u00e1lculo de OB AFI<\/span><\/p>\n<\/p>\n<p><span>\u2022 Funci\u00f3n del gr\u00e1fico\/del informe del texto<\/span><\/p>\n<\/p>\n<p><span>\u2022 SCU del almacenaje de DICOM<\/span><\/p>\n<\/p>\n<p><span>\u2022 Ajustes definidos por el usuario del examen\u00a0<\/span><\/p>\n<\/p>\n<p><span>\u2022 Biblioteca de la anotaci\u00f3n para el comentario r\u00e1pido<\/span><\/p>\n<\/p>\n<p><span>\u2022 Sistema paciente de la gesti\u00f3n de la informaci\u00f3n\u00a0<\/span><\/p>\n<\/p>\n<p><span>\u2022 Transferencia de imagen del USB y mejora de software\u00a0<\/span><\/p>\n<\/p>\n<p><span>\u2022 Curva de crecimiento fetal<\/span><\/p>\n<\/p>\n<p><span>\u2022 Conductor de impresora del jet del l\u00e1ser instalado<\/span><\/p>\n<\/p>\n<p><span>\u2022 Caso de transporte rodado<\/span><\/p>\n<\/p>\n<p><span><\/span><\/p>\n<p>\u00a0<\/p>\n","protected":false},"excerpt":{"rendered":"<p><span>Caracter\u00edsticas ergon\u00f3micas:<\/span><\/p>\n<\/p>\n<p><span>Port\u00e1til<\/span><\/p>\n<\/p>\n<p><span>Aplicaci\u00f3n:<\/span><\/p>\n<\/p>\n<p><span>Para ecograf\u00eda polivalente<\/span><\/p>\n<\/p>\n<p><span>Opciones:<\/span><\/p>\n<\/p>\n<p><span>Blanco y negro, consola integrada<\/span><\/p><\/p>\n","protected":false},"featured_media":13558,"template":"","meta":{"_joinchat":[]},"product_brand":[],"product_cat":[333],"product_tag":[],"class_list":{"0":"post-13557","1":"product","2":"type-product","3":"status-publish","4":"has-post-thumbnail","6":"product_cat-ultrasonidos","8":"first","9":"instock","10":"purchasable","11":"product-type-simple"},"yoast_head":"<!-- This site is optimized with the Yoast SEO plugin v25.1 - https:\/\/yoast.com\/wordpress\/plugins\/seo\/ -->\n<title>ULTRASONIDO C40 CON 1 TRASDUCTOR CONVEXO (*) - Tu mejor opci\u00f3n Equipo M\u00e9dico M\u00e9xico<\/title>\n<meta name=\"robots\" content=\"index, follow, max-snippet:-1, max-image-preview:large, max-video-preview:-1\" \/>\n<link rel=\"canonical\" href=\"https:\/\/buscoequipomedico.com\/?product=ultrasonido-c40-con-1-trasductor-convexo\" \/>\n<meta property=\"og:locale\" content=\"es_ES\" \/>\n<meta property=\"og:type\" content=\"article\" \/>\n<meta property=\"og:title\" content=\"ULTRASONIDO C40 CON 1 TRASDUCTOR CONVEXO (*) - Tu mejor opci\u00f3n Equipo M\u00e9dico M\u00e9xico\" \/>\n<meta property=\"og:description\" content=\"Caracter\u00edsticas ergon\u00f3micas: Port\u00e1til Aplicaci\u00f3n: Para ecograf\u00eda polivalente Opciones: Blanco y negro, consola integrada\" \/>\n<meta property=\"og:url\" content=\"https:\/\/buscoequipomedico.com\/?product=ultrasonido-c40-con-1-trasductor-convexo\" \/>\n<meta property=\"og:site_name\" content=\"Tu mejor opci\u00f3n Equipo M\u00e9dico M\u00e9xico\" \/>\n<meta property=\"article:modified_time\" content=\"2021-07-27T04:00:54+00:00\" \/>\n<meta property=\"og:image\" content=\"https:\/\/buscoequipomedico.com\/wp-content\/uploads\/2020\/02\/ultrasonido-c40-con-1-trasductor-convexo-caracteristicas-ergonomicas-portatil-aplicacion-para-ecografia-polivalente-opciones-bla.jpg\" \/>\n\t<meta property=\"og:image:width\" content=\"800\" \/>\n\t<meta property=\"og:image:height\" content=\"800\" \/>\n\t<meta property=\"og:image:type\" content=\"image\/png\" \/>\n<meta name=\"twitter:card\" content=\"summary_large_image\" \/>\n<meta name=\"twitter:label1\" content=\"Tiempo de lectura\" \/>\n\t<meta name=\"twitter:data1\" content=\"1 minuto\" \/>\n<script type=\"application\/ld+json\" class=\"yoast-schema-graph\">{\"@context\":\"https:\/\/schema.org\",\"@graph\":[{\"@type\":\"WebPage\",\"@id\":\"https:\/\/buscoequipomedico.com\/?product=ultrasonido-c40-con-1-trasductor-convexo\",\"url\":\"https:\/\/buscoequipomedico.com\/?product=ultrasonido-c40-con-1-trasductor-convexo\",\"name\":\"ULTRASONIDO C40 CON 1 TRASDUCTOR CONVEXO (*) - Tu mejor opci\u00f3n Equipo M\u00e9dico M\u00e9xico\",\"isPartOf\":{\"@id\":\"https:\/\/buscoequipomedico.com\/#website\"},\"primaryImageOfPage\":{\"@id\":\"https:\/\/buscoequipomedico.com\/?product=ultrasonido-c40-con-1-trasductor-convexo#primaryimage\"},\"image\":{\"@id\":\"https:\/\/buscoequipomedico.com\/?product=ultrasonido-c40-con-1-trasductor-convexo#primaryimage\"},\"thumbnailUrl\":\"https:\/\/buscoequipomedico.com\/wp-content\/uploads\/2020\/02\/ultrasonido-c40-con-1-trasductor-convexo-caracteristicas-ergonomicas-portatil-aplicacion-para-ecografia-polivalente-opciones-bla.jpg\",\"datePublished\":\"2020-02-18T07:38:02+00:00\",\"dateModified\":\"2021-07-27T04:00:54+00:00\",\"breadcrumb\":{\"@id\":\"https:\/\/buscoequipomedico.com\/?product=ultrasonido-c40-con-1-trasductor-convexo#breadcrumb\"},\"inLanguage\":\"es\",\"potentialAction\":[{\"@type\":\"ReadAction\",\"target\":[\"https:\/\/buscoequipomedico.com\/?product=ultrasonido-c40-con-1-trasductor-convexo\"]}]},{\"@type\":\"ImageObject\",\"inLanguage\":\"es\",\"@id\":\"https:\/\/buscoequipomedico.com\/?product=ultrasonido-c40-con-1-trasductor-convexo#primaryimage\",\"url\":\"https:\/\/buscoequipomedico.com\/wp-content\/uploads\/2020\/02\/ultrasonido-c40-con-1-trasductor-convexo-caracteristicas-ergonomicas-portatil-aplicacion-para-ecografia-polivalente-opciones-bla.jpg\",\"contentUrl\":\"https:\/\/buscoequipomedico.com\/wp-content\/uploads\/2020\/02\/ultrasonido-c40-con-1-trasductor-convexo-caracteristicas-ergonomicas-portatil-aplicacion-para-ecografia-polivalente-opciones-bla.jpg\",\"width\":800,\"height\":800},{\"@type\":\"BreadcrumbList\",\"@id\":\"https:\/\/buscoequipomedico.com\/?product=ultrasonido-c40-con-1-trasductor-convexo#breadcrumb\",\"itemListElement\":[{\"@type\":\"ListItem\",\"position\":1,\"name\":\"Productos\",\"item\":\"https:\/\/buscoequipomedico.com\/shop\/\"},{\"@type\":\"ListItem\",\"position\":2,\"name\":\"ULTRASONIDO C40 CON 1 TRASDUCTOR CONVEXO (*)\"}]},{\"@type\":\"WebSite\",\"@id\":\"https:\/\/buscoequipomedico.com\/#website\",\"url\":\"https:\/\/buscoequipomedico.com\/\",\"name\":\"Tu mejor opci\u00f3n Equipo M\u00e9dico M\u00e9xico\",\"description\":\"Tienda de equipo m\u00e9dico\",\"publisher\":{\"@id\":\"https:\/\/buscoequipomedico.com\/#organization\"},\"potentialAction\":[{\"@type\":\"SearchAction\",\"target\":{\"@type\":\"EntryPoint\",\"urlTemplate\":\"https:\/\/buscoequipomedico.com\/?s={search_term_string}\"},\"query-input\":{\"@type\":\"PropertyValueSpecification\",\"valueRequired\":true,\"valueName\":\"search_term_string\"}}],\"inLanguage\":\"es\"},{\"@type\":\"Organization\",\"@id\":\"https:\/\/buscoequipomedico.com\/#organization\",\"name\":\"Tu mejor opci\u00f3n Equipo M\u00e9dico M\u00e9xico\",\"url\":\"https:\/\/buscoequipomedico.com\/\",\"logo\":{\"@type\":\"ImageObject\",\"inLanguage\":\"es\",\"@id\":\"https:\/\/buscoequipomedico.com\/#\/schema\/logo\/image\/\",\"url\":\"https:\/\/buscoequipomedico.com\/wp-content\/uploads\/2021\/07\/EMM-VPrincipal-scaled.jpg\",\"contentUrl\":\"https:\/\/buscoequipomedico.com\/wp-content\/uploads\/2021\/07\/EMM-VPrincipal-scaled.jpg\",\"width\":2560,\"height\":1058,\"caption\":\"Tu mejor opci\u00f3n Equipo M\u00e9dico M\u00e9xico\"},\"image\":{\"@id\":\"https:\/\/buscoequipomedico.com\/#\/schema\/logo\/image\/\"}}]}<\/script>\n<!-- \/ Yoast SEO plugin. -->","yoast_head_json":{"title":"ULTRASONIDO C40 CON 1 TRASDUCTOR CONVEXO (*) - Tu mejor opci\u00f3n Equipo M\u00e9dico M\u00e9xico","robots":{"index":"index","follow":"follow","max-snippet":"max-snippet:-1","max-image-preview":"max-image-preview:large","max-video-preview":"max-video-preview:-1"},"canonical":"https:\/\/buscoequipomedico.com\/?product=ultrasonido-c40-con-1-trasductor-convexo","og_locale":"es_ES","og_type":"article","og_title":"ULTRASONIDO C40 CON 1 TRASDUCTOR CONVEXO (*) - Tu mejor opci\u00f3n Equipo M\u00e9dico M\u00e9xico","og_description":"Caracter\u00edsticas ergon\u00f3micas: Port\u00e1til Aplicaci\u00f3n: Para ecograf\u00eda polivalente Opciones: Blanco y negro, consola integrada","og_url":"https:\/\/buscoequipomedico.com\/?product=ultrasonido-c40-con-1-trasductor-convexo","og_site_name":"Tu mejor opci\u00f3n Equipo M\u00e9dico M\u00e9xico","article_modified_time":"2021-07-27T04:00:54+00:00","og_image":[{"width":800,"height":800,"url":"https:\/\/buscoequipomedico.com\/wp-content\/uploads\/2020\/02\/ultrasonido-c40-con-1-trasductor-convexo-caracteristicas-ergonomicas-portatil-aplicacion-para-ecografia-polivalente-opciones-bla.jpg","type":"image\/png"}],"twitter_card":"summary_large_image","twitter_misc":{"Tiempo de lectura":"1 minuto"},"schema":{"@context":"https:\/\/schema.org","@graph":[{"@type":"WebPage","@id":"https:\/\/buscoequipomedico.com\/?product=ultrasonido-c40-con-1-trasductor-convexo","url":"https:\/\/buscoequipomedico.com\/?product=ultrasonido-c40-con-1-trasductor-convexo","name":"ULTRASONIDO C40 CON 1 TRASDUCTOR CONVEXO (*) - Tu mejor opci\u00f3n Equipo M\u00e9dico M\u00e9xico","isPartOf":{"@id":"https:\/\/buscoequipomedico.com\/#website"},"primaryImageOfPage":{"@id":"https:\/\/buscoequipomedico.com\/?product=ultrasonido-c40-con-1-trasductor-convexo#primaryimage"},"image":{"@id":"https:\/\/buscoequipomedico.com\/?product=ultrasonido-c40-con-1-trasductor-convexo#primaryimage"},"thumbnailUrl":"https:\/\/buscoequipomedico.com\/wp-content\/uploads\/2020\/02\/ultrasonido-c40-con-1-trasductor-convexo-caracteristicas-ergonomicas-portatil-aplicacion-para-ecografia-polivalente-opciones-bla.jpg","datePublished":"2020-02-18T07:38:02+00:00","dateModified":"2021-07-27T04:00:54+00:00","breadcrumb":{"@id":"https:\/\/buscoequipomedico.com\/?product=ultrasonido-c40-con-1-trasductor-convexo#breadcrumb"},"inLanguage":"es","potentialAction":[{"@type":"ReadAction","target":["https:\/\/buscoequipomedico.com\/?product=ultrasonido-c40-con-1-trasductor-convexo"]}]},{"@type":"ImageObject","inLanguage":"es","@id":"https:\/\/buscoequipomedico.com\/?product=ultrasonido-c40-con-1-trasductor-convexo#primaryimage","url":"https:\/\/buscoequipomedico.com\/wp-content\/uploads\/2020\/02\/ultrasonido-c40-con-1-trasductor-convexo-caracteristicas-ergonomicas-portatil-aplicacion-para-ecografia-polivalente-opciones-bla.jpg","contentUrl":"https:\/\/buscoequipomedico.com\/wp-content\/uploads\/2020\/02\/ultrasonido-c40-con-1-trasductor-convexo-caracteristicas-ergonomicas-portatil-aplicacion-para-ecografia-polivalente-opciones-bla.jpg","width":800,"height":800},{"@type":"BreadcrumbList","@id":"https:\/\/buscoequipomedico.com\/?product=ultrasonido-c40-con-1-trasductor-convexo#breadcrumb","itemListElement":[{"@type":"ListItem","position":1,"name":"Productos","item":"https:\/\/buscoequipomedico.com\/shop\/"},{"@type":"ListItem","position":2,"name":"ULTRASONIDO C40 CON 1 TRASDUCTOR CONVEXO (*)"}]},{"@type":"WebSite","@id":"https:\/\/buscoequipomedico.com\/#website","url":"https:\/\/buscoequipomedico.com\/","name":"Tu mejor opci\u00f3n Equipo M\u00e9dico M\u00e9xico","description":"Tienda de equipo m\u00e9dico","publisher":{"@id":"https:\/\/buscoequipomedico.com\/#organization"},"potentialAction":[{"@type":"SearchAction","target":{"@type":"EntryPoint","urlTemplate":"https:\/\/buscoequipomedico.com\/?s={search_term_string}"},"query-input":{"@type":"PropertyValueSpecification","valueRequired":true,"valueName":"search_term_string"}}],"inLanguage":"es"},{"@type":"Organization","@id":"https:\/\/buscoequipomedico.com\/#organization","name":"Tu mejor opci\u00f3n Equipo M\u00e9dico M\u00e9xico","url":"https:\/\/buscoequipomedico.com\/","logo":{"@type":"ImageObject","inLanguage":"es","@id":"https:\/\/buscoequipomedico.com\/#\/schema\/logo\/image\/","url":"https:\/\/buscoequipomedico.com\/wp-content\/uploads\/2021\/07\/EMM-VPrincipal-scaled.jpg","contentUrl":"https:\/\/buscoequipomedico.com\/wp-content\/uploads\/2021\/07\/EMM-VPrincipal-scaled.jpg","width":2560,"height":1058,"caption":"Tu mejor opci\u00f3n Equipo M\u00e9dico M\u00e9xico"},"image":{"@id":"https:\/\/buscoequipomedico.com\/#\/schema\/logo\/image\/"}}]}},"_links":{"self":[{"href":"https:\/\/buscoequipomedico.com\/index.php?rest_route=\/wp\/v2\/product\/13557","targetHints":{"allow":["GET"]}}],"collection":[{"href":"https:\/\/buscoequipomedico.com\/index.php?rest_route=\/wp\/v2\/product"}],"about":[{"href":"https:\/\/buscoequipomedico.com\/index.php?rest_route=\/wp\/v2\/types\/product"}],"wp:featuredmedia":[{"embeddable":true,"href":"https:\/\/buscoequipomedico.com\/index.php?rest_route=\/wp\/v2\/media\/13558"}],"wp:attachment":[{"href":"https:\/\/buscoequipomedico.com\/index.php?rest_route=%2Fwp%2Fv2%2Fmedia&parent=13557"}],"wp:term":[{"taxonomy":"product_brand","embeddable":true,"href":"https:\/\/buscoequipomedico.com\/index.php?rest_route=%2Fwp%2Fv2%2Fproduct_brand&post=13557"},{"taxonomy":"product_cat","embeddable":true,"href":"https:\/\/buscoequipomedico.com\/index.php?rest_route=%2Fwp%2Fv2%2Fproduct_cat&post=13557"},{"taxonomy":"product_tag","embeddable":true,"href":"https:\/\/buscoequipomedico.com\/index.php?rest_route=%2Fwp%2Fv2%2Fproduct_tag&post=13557"}],"curies":[{"name":"wp","href":"https:\/\/api.w.org\/{rel}","templated":true}]}}