{"id":13559,"date":"2020-02-18T07:38:02","date_gmt":"2020-02-18T07:38:02","guid":{"rendered":"https:\/\/equipomedicomexico-com.preview-domain.com\/product\/ultrasonido-c40-con-2-trasductor-convexo-endocavitario\/"},"modified":"2021-07-26T23:01:08","modified_gmt":"2021-07-27T04:01:08","slug":"ultrasonido-c40-con-2-trasductor-convexo-endocavitario","status":"publish","type":"product","link":"https:\/\/buscoequipomedico.com\/?product=ultrasonido-c40-con-2-trasductor-convexo-endocavitario","title":{"rendered":"ULTRASONIDO C40 CON 2 TRASDUCTOR CONVEXO\/ ENDOCAVITARIO (*)"},"content":{"rendered":"<p><!-- [if !supportLists]--><span><span>\u00b7<span>\u00a0\u00a0\u00a0\u00a0\u00a0\u00a0\u00a0\u00a0 <\/span><\/span><\/span><!--[endif]-->Modos de scan: Convexo, linear.<\/p>\n<\/p>\n<p><!-- [if !supportLists]--><span><span>\u00b7<span>\u00a0\u00a0\u00a0\u00a0\u00a0\u00a0\u00a0\u00a0 <\/span><\/span><\/span><!--[endif]-->Escala de grises: 256.<\/p>\n<\/p>\n<p><!-- [if !supportLists]--><span><span>\u00b7<span>\u00a0\u00a0\u00a0\u00a0\u00a0\u00a0\u00a0\u00a0 <\/span><\/span><\/span><!--[endif]-->Pantalla: 10&#8243; monitor de alta resoluci\u00f3n.<\/p>\n<\/p>\n<p><!-- [if !supportLists]--><span><span>\u00b7<span>\u00a0\u00a0\u00a0\u00a0\u00a0\u00a0\u00a0\u00a0 <\/span><\/span><\/span><!--[endif]-->Conector para transductores: 2 est\u00e1ndar.<\/p>\n<\/p>\n<p><!-- [if !supportLists]--><span><span>\u00b7<span>\u00a0\u00a0\u00a0\u00a0\u00a0\u00a0\u00a0\u00a0 <\/span><\/span><\/span><!--[endif]-->Almacenamiento: Puerto USB.<\/p>\n<\/p>\n<p><!-- [if !supportLists]--><span><span>\u00b7<span>\u00a0\u00a0\u00a0\u00a0\u00a0\u00a0\u00a0\u00a0 <\/span><\/span><\/span><!--[endif]-->Profundidad de exploraci\u00f3n: 240 mm.<\/p>\n<\/p>\n<p><!-- [if !supportLists]--><span><span>\u00b7<span>\u00a0\u00a0\u00a0\u00a0\u00a0\u00a0\u00a0\u00a0 <\/span><\/span><\/span><!--[endif]-->Procesamiento avanzado de im\u00e1genes.<\/p>\n<\/p>\n<p><!-- [if !supportLists]--><span><span>\u00b7<span>\u00a0\u00a0\u00a0\u00a0\u00a0\u00a0\u00a0\u00a0 <\/span><\/span><\/span><!--[endif]-->Calidad de imagen superior.<\/p><\/p>\n","protected":false},"excerpt":{"rendered":"<p>Ultrasonido con 2 transductores convexo\u00a0\/ endocavitario<\/p>\n<p><span>\u00b7<span>\u00a0\u00a0\u00a0\u00a0\u00a0\u00a0\u00a0\u00a0 <\/span><\/span>Incluye\u00a02 transductores convexos y\u00a0endocavitario.<\/p>\n<p><span>\u00b7<span>\u00a0\u00a0\u00a0\u00a0\u00a0\u00a0\u00a0\u00a0 <\/span><\/span>Modos de imagen: B, B\/B, B\/M, M.<\/p><\/p>\n","protected":false},"featured_media":13560,"template":"","meta":{"_joinchat":[]},"product_brand":[],"product_cat":[333],"product_tag":[],"class_list":{"0":"post-13559","1":"product","2":"type-product","3":"status-publish","4":"has-post-thumbnail","6":"product_cat-ultrasonidos","8":"first","9":"instock","10":"purchasable","11":"product-type-simple"},"yoast_head":"<!-- This site is optimized with the Yoast SEO plugin v25.1 - https:\/\/yoast.com\/wordpress\/plugins\/seo\/ -->\n<title>ULTRASONIDO C40 CON 2 TRASDUCTOR CONVEXO\/ ENDOCAVITARIO (*) - Tu mejor opci\u00f3n Equipo M\u00e9dico M\u00e9xico<\/title>\n<meta name=\"robots\" content=\"index, follow, max-snippet:-1, max-image-preview:large, max-video-preview:-1\" \/>\n<link rel=\"canonical\" href=\"https:\/\/buscoequipomedico.com\/?product=ultrasonido-c40-con-2-trasductor-convexo-endocavitario\" \/>\n<meta property=\"og:locale\" content=\"es_ES\" \/>\n<meta property=\"og:type\" content=\"article\" \/>\n<meta property=\"og:title\" content=\"ULTRASONIDO C40 CON 2 TRASDUCTOR CONVEXO\/ ENDOCAVITARIO (*) - Tu mejor opci\u00f3n Equipo M\u00e9dico M\u00e9xico\" \/>\n<meta property=\"og:description\" content=\"Ultrasonido con 2 transductores convexo\u00a0\/ endocavitario\u00b7\u00a0\u00a0\u00a0\u00a0\u00a0\u00a0\u00a0\u00a0 Incluye\u00a02 transductores convexos y\u00a0endocavitario.\u00b7\u00a0\u00a0\u00a0\u00a0\u00a0\u00a0\u00a0\u00a0 Modos de imagen: B, B\/B, B\/M, M.\" \/>\n<meta property=\"og:url\" content=\"https:\/\/buscoequipomedico.com\/?product=ultrasonido-c40-con-2-trasductor-convexo-endocavitario\" \/>\n<meta property=\"og:site_name\" content=\"Tu mejor opci\u00f3n Equipo M\u00e9dico M\u00e9xico\" \/>\n<meta property=\"article:modified_time\" content=\"2021-07-27T04:01:08+00:00\" \/>\n<meta property=\"og:image\" content=\"https:\/\/buscoequipomedico.com\/wp-content\/uploads\/2020\/02\/ultrasonido-c40-con-2-trasductor-convexo-endocavitario-ultrasonido-con-2-transductores-convexo-endocavitario-incluye-2-transduct.jpg\" \/>\n\t<meta property=\"og:image:width\" content=\"800\" \/>\n\t<meta property=\"og:image:height\" content=\"800\" \/>\n\t<meta property=\"og:image:type\" content=\"image\/png\" \/>\n<meta name=\"twitter:card\" content=\"summary_large_image\" \/>\n<script type=\"application\/ld+json\" class=\"yoast-schema-graph\">{\"@context\":\"https:\/\/schema.org\",\"@graph\":[{\"@type\":\"WebPage\",\"@id\":\"https:\/\/buscoequipomedico.com\/?product=ultrasonido-c40-con-2-trasductor-convexo-endocavitario\",\"url\":\"https:\/\/buscoequipomedico.com\/?product=ultrasonido-c40-con-2-trasductor-convexo-endocavitario\",\"name\":\"ULTRASONIDO C40 CON 2 TRASDUCTOR CONVEXO\/ ENDOCAVITARIO (*) - Tu mejor opci\u00f3n Equipo M\u00e9dico M\u00e9xico\",\"isPartOf\":{\"@id\":\"https:\/\/buscoequipomedico.com\/#website\"},\"primaryImageOfPage\":{\"@id\":\"https:\/\/buscoequipomedico.com\/?product=ultrasonido-c40-con-2-trasductor-convexo-endocavitario#primaryimage\"},\"image\":{\"@id\":\"https:\/\/buscoequipomedico.com\/?product=ultrasonido-c40-con-2-trasductor-convexo-endocavitario#primaryimage\"},\"thumbnailUrl\":\"https:\/\/buscoequipomedico.com\/wp-content\/uploads\/2020\/02\/ultrasonido-c40-con-2-trasductor-convexo-endocavitario-ultrasonido-con-2-transductores-convexo-endocavitario-incluye-2-transduct.jpg\",\"datePublished\":\"2020-02-18T07:38:02+00:00\",\"dateModified\":\"2021-07-27T04:01:08+00:00\",\"breadcrumb\":{\"@id\":\"https:\/\/buscoequipomedico.com\/?product=ultrasonido-c40-con-2-trasductor-convexo-endocavitario#breadcrumb\"},\"inLanguage\":\"es\",\"potentialAction\":[{\"@type\":\"ReadAction\",\"target\":[\"https:\/\/buscoequipomedico.com\/?product=ultrasonido-c40-con-2-trasductor-convexo-endocavitario\"]}]},{\"@type\":\"ImageObject\",\"inLanguage\":\"es\",\"@id\":\"https:\/\/buscoequipomedico.com\/?product=ultrasonido-c40-con-2-trasductor-convexo-endocavitario#primaryimage\",\"url\":\"https:\/\/buscoequipomedico.com\/wp-content\/uploads\/2020\/02\/ultrasonido-c40-con-2-trasductor-convexo-endocavitario-ultrasonido-con-2-transductores-convexo-endocavitario-incluye-2-transduct.jpg\",\"contentUrl\":\"https:\/\/buscoequipomedico.com\/wp-content\/uploads\/2020\/02\/ultrasonido-c40-con-2-trasductor-convexo-endocavitario-ultrasonido-con-2-transductores-convexo-endocavitario-incluye-2-transduct.jpg\",\"width\":800,\"height\":800},{\"@type\":\"BreadcrumbList\",\"@id\":\"https:\/\/buscoequipomedico.com\/?product=ultrasonido-c40-con-2-trasductor-convexo-endocavitario#breadcrumb\",\"itemListElement\":[{\"@type\":\"ListItem\",\"position\":1,\"name\":\"Productos\",\"item\":\"https:\/\/buscoequipomedico.com\/shop\/\"},{\"@type\":\"ListItem\",\"position\":2,\"name\":\"ULTRASONIDO C40 CON 2 TRASDUCTOR CONVEXO\/ ENDOCAVITARIO (*)\"}]},{\"@type\":\"WebSite\",\"@id\":\"https:\/\/buscoequipomedico.com\/#website\",\"url\":\"https:\/\/buscoequipomedico.com\/\",\"name\":\"Tu mejor opci\u00f3n Equipo M\u00e9dico M\u00e9xico\",\"description\":\"Tienda de equipo m\u00e9dico\",\"publisher\":{\"@id\":\"https:\/\/buscoequipomedico.com\/#organization\"},\"potentialAction\":[{\"@type\":\"SearchAction\",\"target\":{\"@type\":\"EntryPoint\",\"urlTemplate\":\"https:\/\/buscoequipomedico.com\/?s={search_term_string}\"},\"query-input\":{\"@type\":\"PropertyValueSpecification\",\"valueRequired\":true,\"valueName\":\"search_term_string\"}}],\"inLanguage\":\"es\"},{\"@type\":\"Organization\",\"@id\":\"https:\/\/buscoequipomedico.com\/#organization\",\"name\":\"Tu mejor opci\u00f3n Equipo M\u00e9dico M\u00e9xico\",\"url\":\"https:\/\/buscoequipomedico.com\/\",\"logo\":{\"@type\":\"ImageObject\",\"inLanguage\":\"es\",\"@id\":\"https:\/\/buscoequipomedico.com\/#\/schema\/logo\/image\/\",\"url\":\"https:\/\/buscoequipomedico.com\/wp-content\/uploads\/2021\/07\/EMM-VPrincipal-scaled.jpg\",\"contentUrl\":\"https:\/\/buscoequipomedico.com\/wp-content\/uploads\/2021\/07\/EMM-VPrincipal-scaled.jpg\",\"width\":2560,\"height\":1058,\"caption\":\"Tu mejor opci\u00f3n Equipo M\u00e9dico M\u00e9xico\"},\"image\":{\"@id\":\"https:\/\/buscoequipomedico.com\/#\/schema\/logo\/image\/\"}}]}<\/script>\n<!-- \/ Yoast SEO plugin. -->","yoast_head_json":{"title":"ULTRASONIDO C40 CON 2 TRASDUCTOR CONVEXO\/ ENDOCAVITARIO (*) - Tu mejor opci\u00f3n Equipo M\u00e9dico M\u00e9xico","robots":{"index":"index","follow":"follow","max-snippet":"max-snippet:-1","max-image-preview":"max-image-preview:large","max-video-preview":"max-video-preview:-1"},"canonical":"https:\/\/buscoequipomedico.com\/?product=ultrasonido-c40-con-2-trasductor-convexo-endocavitario","og_locale":"es_ES","og_type":"article","og_title":"ULTRASONIDO C40 CON 2 TRASDUCTOR CONVEXO\/ ENDOCAVITARIO (*) - Tu mejor opci\u00f3n Equipo M\u00e9dico M\u00e9xico","og_description":"Ultrasonido con 2 transductores convexo\u00a0\/ endocavitario\u00b7\u00a0\u00a0\u00a0\u00a0\u00a0\u00a0\u00a0\u00a0 Incluye\u00a02 transductores convexos y\u00a0endocavitario.\u00b7\u00a0\u00a0\u00a0\u00a0\u00a0\u00a0\u00a0\u00a0 Modos de imagen: B, B\/B, B\/M, M.","og_url":"https:\/\/buscoequipomedico.com\/?product=ultrasonido-c40-con-2-trasductor-convexo-endocavitario","og_site_name":"Tu mejor opci\u00f3n Equipo M\u00e9dico M\u00e9xico","article_modified_time":"2021-07-27T04:01:08+00:00","og_image":[{"width":800,"height":800,"url":"https:\/\/buscoequipomedico.com\/wp-content\/uploads\/2020\/02\/ultrasonido-c40-con-2-trasductor-convexo-endocavitario-ultrasonido-con-2-transductores-convexo-endocavitario-incluye-2-transduct.jpg","type":"image\/png"}],"twitter_card":"summary_large_image","schema":{"@context":"https:\/\/schema.org","@graph":[{"@type":"WebPage","@id":"https:\/\/buscoequipomedico.com\/?product=ultrasonido-c40-con-2-trasductor-convexo-endocavitario","url":"https:\/\/buscoequipomedico.com\/?product=ultrasonido-c40-con-2-trasductor-convexo-endocavitario","name":"ULTRASONIDO C40 CON 2 TRASDUCTOR CONVEXO\/ ENDOCAVITARIO (*) - Tu mejor opci\u00f3n Equipo M\u00e9dico M\u00e9xico","isPartOf":{"@id":"https:\/\/buscoequipomedico.com\/#website"},"primaryImageOfPage":{"@id":"https:\/\/buscoequipomedico.com\/?product=ultrasonido-c40-con-2-trasductor-convexo-endocavitario#primaryimage"},"image":{"@id":"https:\/\/buscoequipomedico.com\/?product=ultrasonido-c40-con-2-trasductor-convexo-endocavitario#primaryimage"},"thumbnailUrl":"https:\/\/buscoequipomedico.com\/wp-content\/uploads\/2020\/02\/ultrasonido-c40-con-2-trasductor-convexo-endocavitario-ultrasonido-con-2-transductores-convexo-endocavitario-incluye-2-transduct.jpg","datePublished":"2020-02-18T07:38:02+00:00","dateModified":"2021-07-27T04:01:08+00:00","breadcrumb":{"@id":"https:\/\/buscoequipomedico.com\/?product=ultrasonido-c40-con-2-trasductor-convexo-endocavitario#breadcrumb"},"inLanguage":"es","potentialAction":[{"@type":"ReadAction","target":["https:\/\/buscoequipomedico.com\/?product=ultrasonido-c40-con-2-trasductor-convexo-endocavitario"]}]},{"@type":"ImageObject","inLanguage":"es","@id":"https:\/\/buscoequipomedico.com\/?product=ultrasonido-c40-con-2-trasductor-convexo-endocavitario#primaryimage","url":"https:\/\/buscoequipomedico.com\/wp-content\/uploads\/2020\/02\/ultrasonido-c40-con-2-trasductor-convexo-endocavitario-ultrasonido-con-2-transductores-convexo-endocavitario-incluye-2-transduct.jpg","contentUrl":"https:\/\/buscoequipomedico.com\/wp-content\/uploads\/2020\/02\/ultrasonido-c40-con-2-trasductor-convexo-endocavitario-ultrasonido-con-2-transductores-convexo-endocavitario-incluye-2-transduct.jpg","width":800,"height":800},{"@type":"BreadcrumbList","@id":"https:\/\/buscoequipomedico.com\/?product=ultrasonido-c40-con-2-trasductor-convexo-endocavitario#breadcrumb","itemListElement":[{"@type":"ListItem","position":1,"name":"Productos","item":"https:\/\/buscoequipomedico.com\/shop\/"},{"@type":"ListItem","position":2,"name":"ULTRASONIDO C40 CON 2 TRASDUCTOR CONVEXO\/ ENDOCAVITARIO (*)"}]},{"@type":"WebSite","@id":"https:\/\/buscoequipomedico.com\/#website","url":"https:\/\/buscoequipomedico.com\/","name":"Tu mejor opci\u00f3n Equipo M\u00e9dico M\u00e9xico","description":"Tienda de equipo m\u00e9dico","publisher":{"@id":"https:\/\/buscoequipomedico.com\/#organization"},"potentialAction":[{"@type":"SearchAction","target":{"@type":"EntryPoint","urlTemplate":"https:\/\/buscoequipomedico.com\/?s={search_term_string}"},"query-input":{"@type":"PropertyValueSpecification","valueRequired":true,"valueName":"search_term_string"}}],"inLanguage":"es"},{"@type":"Organization","@id":"https:\/\/buscoequipomedico.com\/#organization","name":"Tu mejor opci\u00f3n Equipo M\u00e9dico M\u00e9xico","url":"https:\/\/buscoequipomedico.com\/","logo":{"@type":"ImageObject","inLanguage":"es","@id":"https:\/\/buscoequipomedico.com\/#\/schema\/logo\/image\/","url":"https:\/\/buscoequipomedico.com\/wp-content\/uploads\/2021\/07\/EMM-VPrincipal-scaled.jpg","contentUrl":"https:\/\/buscoequipomedico.com\/wp-content\/uploads\/2021\/07\/EMM-VPrincipal-scaled.jpg","width":2560,"height":1058,"caption":"Tu mejor opci\u00f3n Equipo M\u00e9dico M\u00e9xico"},"image":{"@id":"https:\/\/buscoequipomedico.com\/#\/schema\/logo\/image\/"}}]}},"_links":{"self":[{"href":"https:\/\/buscoequipomedico.com\/index.php?rest_route=\/wp\/v2\/product\/13559","targetHints":{"allow":["GET"]}}],"collection":[{"href":"https:\/\/buscoequipomedico.com\/index.php?rest_route=\/wp\/v2\/product"}],"about":[{"href":"https:\/\/buscoequipomedico.com\/index.php?rest_route=\/wp\/v2\/types\/product"}],"wp:featuredmedia":[{"embeddable":true,"href":"https:\/\/buscoequipomedico.com\/index.php?rest_route=\/wp\/v2\/media\/13560"}],"wp:attachment":[{"href":"https:\/\/buscoequipomedico.com\/index.php?rest_route=%2Fwp%2Fv2%2Fmedia&parent=13559"}],"wp:term":[{"taxonomy":"product_brand","embeddable":true,"href":"https:\/\/buscoequipomedico.com\/index.php?rest_route=%2Fwp%2Fv2%2Fproduct_brand&post=13559"},{"taxonomy":"product_cat","embeddable":true,"href":"https:\/\/buscoequipomedico.com\/index.php?rest_route=%2Fwp%2Fv2%2Fproduct_cat&post=13559"},{"taxonomy":"product_tag","embeddable":true,"href":"https:\/\/buscoequipomedico.com\/index.php?rest_route=%2Fwp%2Fv2%2Fproduct_tag&post=13559"}],"curies":[{"name":"wp","href":"https:\/\/api.w.org\/{rel}","templated":true}]}}