{"id":13563,"date":"2020-02-18T07:38:02","date_gmt":"2020-02-18T07:38:02","guid":{"rendered":"https:\/\/equipomedicomexico-com.preview-domain.com\/product\/ultrasonido-doppler\/"},"modified":"2021-07-26T23:01:23","modified_gmt":"2021-07-27T04:01:23","slug":"ultrasonido-doppler","status":"publish","type":"product","link":"https:\/\/buscoequipomedico.com\/?product=ultrasonido-doppler","title":{"rendered":"ULTRASONIDO DOPPLER"},"content":{"rendered":"<p>\u2022 Monitor LED inclinable (0 -30 \u00b0): \u00a0para tener \u00a0diferentes \u00e1ngulos de visi\u00f3n<\/p>\n<p>\u2022 LED : reduce la fatiga ocular<\/p>\n<p>\u2022 Dise\u00f1o de teclado: para un acceso f\u00e1cil y r\u00e1pido<\/p>\n<p>\u2022 Im\u00e1genes en pantalla completa en una tecla<\/p>\n<p>\u2022 Dicom 3.0 (opcional) Puerto USB y VGA<\/p>\n<p>\u2022 Construido en la bater\u00eda: 2,5 horas de duraci\u00f3n de la bater\u00ed<\/p>\n<p>\u2022 Una operaci\u00f3n f\u00e1cil de usar<\/p><\/p>\n","protected":false},"excerpt":{"rendered":"<p>CO. CHISON ECO 6 ha considerado la solicitud m\u00e1s frecuente del usuario. La adici\u00f3n de caracter\u00edsticas y capacidades m\u00e1s avanzadas dentro del equipo ultracompacto, para proporcionar un mejor cuidado del paciente.<\/p>\n<p>CHISON ECO 6 ofrece una gran calidad de imagen de m\u00faltiples aplicaciones en Cardiologia,\u00a0 Abdomen, OB y ginecolog\u00eda, urolog\u00eda, vascular,Partes blandass, Pediatr\u00eda, Cardiolog\u00eda, Fisioterapia, Podologia.<\/p>\n","protected":false},"featured_media":13564,"template":"","meta":{"_joinchat":[]},"product_brand":[],"product_cat":[333],"product_tag":[],"class_list":{"0":"post-13563","1":"product","2":"type-product","3":"status-publish","4":"has-post-thumbnail","6":"product_cat-ultrasonidos","7":"pa_marca-chison","9":"first","10":"instock","11":"purchasable","12":"product-type-simple"},"yoast_head":"<!-- This site is optimized with the Yoast SEO plugin v25.1 - https:\/\/yoast.com\/wordpress\/plugins\/seo\/ -->\n<title>ULTRASONIDO DOPPLER - Tu mejor opci\u00f3n Equipo M\u00e9dico M\u00e9xico<\/title>\n<meta name=\"robots\" content=\"index, follow, max-snippet:-1, max-image-preview:large, max-video-preview:-1\" \/>\n<link rel=\"canonical\" href=\"https:\/\/buscoequipomedico.com\/?product=ultrasonido-doppler\" \/>\n<meta property=\"og:locale\" content=\"es_ES\" \/>\n<meta property=\"og:type\" content=\"article\" \/>\n<meta property=\"og:title\" content=\"ULTRASONIDO DOPPLER - Tu mejor opci\u00f3n Equipo M\u00e9dico M\u00e9xico\" \/>\n<meta property=\"og:description\" content=\"CO. CHISON ECO 6 ha considerado la solicitud m\u00e1s frecuente del usuario. La adici\u00f3n de caracter\u00edsticas y capacidades m\u00e1s avanzadas dentro del equipo ultracompacto, para proporcionar un mejor cuidado del paciente. CHISON ECO 6 ofrece una gran calidad de imagen de m\u00faltiples aplicaciones en Cardiologia,\u00a0 Abdomen, OB y ginecolog\u00eda, urolog\u00eda, vascular,Partes blandass, Pediatr\u00eda, Cardiolog\u00eda, Fisioterapia, Podologia.\" \/>\n<meta property=\"og:url\" content=\"https:\/\/buscoequipomedico.com\/?product=ultrasonido-doppler\" \/>\n<meta property=\"og:site_name\" content=\"Tu mejor opci\u00f3n Equipo M\u00e9dico M\u00e9xico\" \/>\n<meta property=\"article:modified_time\" content=\"2021-07-27T04:01:23+00:00\" \/>\n<meta property=\"og:image\" content=\"https:\/\/buscoequipomedico.com\/wp-content\/uploads\/2020\/02\/ultrasonido-doppler-co-chison-eco-6-ha-considerado-la-solicitud-mas-frecuente-del-usuario-la-adicion-de-caracteristicas-y-capaci.jpg\" \/>\n\t<meta property=\"og:image:width\" content=\"800\" \/>\n\t<meta property=\"og:image:height\" content=\"800\" \/>\n\t<meta property=\"og:image:type\" content=\"image\/png\" \/>\n<meta name=\"twitter:card\" content=\"summary_large_image\" \/>\n<script type=\"application\/ld+json\" class=\"yoast-schema-graph\">{\"@context\":\"https:\/\/schema.org\",\"@graph\":[{\"@type\":\"WebPage\",\"@id\":\"https:\/\/buscoequipomedico.com\/?product=ultrasonido-doppler\",\"url\":\"https:\/\/buscoequipomedico.com\/?product=ultrasonido-doppler\",\"name\":\"ULTRASONIDO DOPPLER - Tu mejor opci\u00f3n Equipo M\u00e9dico M\u00e9xico\",\"isPartOf\":{\"@id\":\"https:\/\/buscoequipomedico.com\/#website\"},\"primaryImageOfPage\":{\"@id\":\"https:\/\/buscoequipomedico.com\/?product=ultrasonido-doppler#primaryimage\"},\"image\":{\"@id\":\"https:\/\/buscoequipomedico.com\/?product=ultrasonido-doppler#primaryimage\"},\"thumbnailUrl\":\"https:\/\/buscoequipomedico.com\/wp-content\/uploads\/2020\/02\/ultrasonido-doppler-co-chison-eco-6-ha-considerado-la-solicitud-mas-frecuente-del-usuario-la-adicion-de-caracteristicas-y-capaci.jpg\",\"datePublished\":\"2020-02-18T07:38:02+00:00\",\"dateModified\":\"2021-07-27T04:01:23+00:00\",\"breadcrumb\":{\"@id\":\"https:\/\/buscoequipomedico.com\/?product=ultrasonido-doppler#breadcrumb\"},\"inLanguage\":\"es\",\"potentialAction\":[{\"@type\":\"ReadAction\",\"target\":[\"https:\/\/buscoequipomedico.com\/?product=ultrasonido-doppler\"]}]},{\"@type\":\"ImageObject\",\"inLanguage\":\"es\",\"@id\":\"https:\/\/buscoequipomedico.com\/?product=ultrasonido-doppler#primaryimage\",\"url\":\"https:\/\/buscoequipomedico.com\/wp-content\/uploads\/2020\/02\/ultrasonido-doppler-co-chison-eco-6-ha-considerado-la-solicitud-mas-frecuente-del-usuario-la-adicion-de-caracteristicas-y-capaci.jpg\",\"contentUrl\":\"https:\/\/buscoequipomedico.com\/wp-content\/uploads\/2020\/02\/ultrasonido-doppler-co-chison-eco-6-ha-considerado-la-solicitud-mas-frecuente-del-usuario-la-adicion-de-caracteristicas-y-capaci.jpg\",\"width\":800,\"height\":800},{\"@type\":\"BreadcrumbList\",\"@id\":\"https:\/\/buscoequipomedico.com\/?product=ultrasonido-doppler#breadcrumb\",\"itemListElement\":[{\"@type\":\"ListItem\",\"position\":1,\"name\":\"Productos\",\"item\":\"https:\/\/buscoequipomedico.com\/shop\/\"},{\"@type\":\"ListItem\",\"position\":2,\"name\":\"ULTRASONIDO DOPPLER\"}]},{\"@type\":\"WebSite\",\"@id\":\"https:\/\/buscoequipomedico.com\/#website\",\"url\":\"https:\/\/buscoequipomedico.com\/\",\"name\":\"Tu mejor opci\u00f3n Equipo M\u00e9dico M\u00e9xico\",\"description\":\"Tienda de equipo m\u00e9dico\",\"publisher\":{\"@id\":\"https:\/\/buscoequipomedico.com\/#organization\"},\"potentialAction\":[{\"@type\":\"SearchAction\",\"target\":{\"@type\":\"EntryPoint\",\"urlTemplate\":\"https:\/\/buscoequipomedico.com\/?s={search_term_string}\"},\"query-input\":{\"@type\":\"PropertyValueSpecification\",\"valueRequired\":true,\"valueName\":\"search_term_string\"}}],\"inLanguage\":\"es\"},{\"@type\":\"Organization\",\"@id\":\"https:\/\/buscoequipomedico.com\/#organization\",\"name\":\"Tu mejor opci\u00f3n Equipo M\u00e9dico M\u00e9xico\",\"url\":\"https:\/\/buscoequipomedico.com\/\",\"logo\":{\"@type\":\"ImageObject\",\"inLanguage\":\"es\",\"@id\":\"https:\/\/buscoequipomedico.com\/#\/schema\/logo\/image\/\",\"url\":\"https:\/\/buscoequipomedico.com\/wp-content\/uploads\/2021\/07\/EMM-VPrincipal-scaled.jpg\",\"contentUrl\":\"https:\/\/buscoequipomedico.com\/wp-content\/uploads\/2021\/07\/EMM-VPrincipal-scaled.jpg\",\"width\":2560,\"height\":1058,\"caption\":\"Tu mejor opci\u00f3n Equipo M\u00e9dico M\u00e9xico\"},\"image\":{\"@id\":\"https:\/\/buscoequipomedico.com\/#\/schema\/logo\/image\/\"}}]}<\/script>\n<!-- \/ Yoast SEO plugin. -->","yoast_head_json":{"title":"ULTRASONIDO DOPPLER - Tu mejor opci\u00f3n Equipo M\u00e9dico M\u00e9xico","robots":{"index":"index","follow":"follow","max-snippet":"max-snippet:-1","max-image-preview":"max-image-preview:large","max-video-preview":"max-video-preview:-1"},"canonical":"https:\/\/buscoequipomedico.com\/?product=ultrasonido-doppler","og_locale":"es_ES","og_type":"article","og_title":"ULTRASONIDO DOPPLER - Tu mejor opci\u00f3n Equipo M\u00e9dico M\u00e9xico","og_description":"CO. CHISON ECO 6 ha considerado la solicitud m\u00e1s frecuente del usuario. La adici\u00f3n de caracter\u00edsticas y capacidades m\u00e1s avanzadas dentro del equipo ultracompacto, para proporcionar un mejor cuidado del paciente. CHISON ECO 6 ofrece una gran calidad de imagen de m\u00faltiples aplicaciones en Cardiologia,\u00a0 Abdomen, OB y ginecolog\u00eda, urolog\u00eda, vascular,Partes blandass, Pediatr\u00eda, Cardiolog\u00eda, Fisioterapia, Podologia.","og_url":"https:\/\/buscoequipomedico.com\/?product=ultrasonido-doppler","og_site_name":"Tu mejor opci\u00f3n Equipo M\u00e9dico M\u00e9xico","article_modified_time":"2021-07-27T04:01:23+00:00","og_image":[{"width":800,"height":800,"url":"https:\/\/buscoequipomedico.com\/wp-content\/uploads\/2020\/02\/ultrasonido-doppler-co-chison-eco-6-ha-considerado-la-solicitud-mas-frecuente-del-usuario-la-adicion-de-caracteristicas-y-capaci.jpg","type":"image\/png"}],"twitter_card":"summary_large_image","schema":{"@context":"https:\/\/schema.org","@graph":[{"@type":"WebPage","@id":"https:\/\/buscoequipomedico.com\/?product=ultrasonido-doppler","url":"https:\/\/buscoequipomedico.com\/?product=ultrasonido-doppler","name":"ULTRASONIDO DOPPLER - Tu mejor opci\u00f3n Equipo M\u00e9dico M\u00e9xico","isPartOf":{"@id":"https:\/\/buscoequipomedico.com\/#website"},"primaryImageOfPage":{"@id":"https:\/\/buscoequipomedico.com\/?product=ultrasonido-doppler#primaryimage"},"image":{"@id":"https:\/\/buscoequipomedico.com\/?product=ultrasonido-doppler#primaryimage"},"thumbnailUrl":"https:\/\/buscoequipomedico.com\/wp-content\/uploads\/2020\/02\/ultrasonido-doppler-co-chison-eco-6-ha-considerado-la-solicitud-mas-frecuente-del-usuario-la-adicion-de-caracteristicas-y-capaci.jpg","datePublished":"2020-02-18T07:38:02+00:00","dateModified":"2021-07-27T04:01:23+00:00","breadcrumb":{"@id":"https:\/\/buscoequipomedico.com\/?product=ultrasonido-doppler#breadcrumb"},"inLanguage":"es","potentialAction":[{"@type":"ReadAction","target":["https:\/\/buscoequipomedico.com\/?product=ultrasonido-doppler"]}]},{"@type":"ImageObject","inLanguage":"es","@id":"https:\/\/buscoequipomedico.com\/?product=ultrasonido-doppler#primaryimage","url":"https:\/\/buscoequipomedico.com\/wp-content\/uploads\/2020\/02\/ultrasonido-doppler-co-chison-eco-6-ha-considerado-la-solicitud-mas-frecuente-del-usuario-la-adicion-de-caracteristicas-y-capaci.jpg","contentUrl":"https:\/\/buscoequipomedico.com\/wp-content\/uploads\/2020\/02\/ultrasonido-doppler-co-chison-eco-6-ha-considerado-la-solicitud-mas-frecuente-del-usuario-la-adicion-de-caracteristicas-y-capaci.jpg","width":800,"height":800},{"@type":"BreadcrumbList","@id":"https:\/\/buscoequipomedico.com\/?product=ultrasonido-doppler#breadcrumb","itemListElement":[{"@type":"ListItem","position":1,"name":"Productos","item":"https:\/\/buscoequipomedico.com\/shop\/"},{"@type":"ListItem","position":2,"name":"ULTRASONIDO DOPPLER"}]},{"@type":"WebSite","@id":"https:\/\/buscoequipomedico.com\/#website","url":"https:\/\/buscoequipomedico.com\/","name":"Tu mejor opci\u00f3n Equipo M\u00e9dico M\u00e9xico","description":"Tienda de equipo m\u00e9dico","publisher":{"@id":"https:\/\/buscoequipomedico.com\/#organization"},"potentialAction":[{"@type":"SearchAction","target":{"@type":"EntryPoint","urlTemplate":"https:\/\/buscoequipomedico.com\/?s={search_term_string}"},"query-input":{"@type":"PropertyValueSpecification","valueRequired":true,"valueName":"search_term_string"}}],"inLanguage":"es"},{"@type":"Organization","@id":"https:\/\/buscoequipomedico.com\/#organization","name":"Tu mejor opci\u00f3n Equipo M\u00e9dico M\u00e9xico","url":"https:\/\/buscoequipomedico.com\/","logo":{"@type":"ImageObject","inLanguage":"es","@id":"https:\/\/buscoequipomedico.com\/#\/schema\/logo\/image\/","url":"https:\/\/buscoequipomedico.com\/wp-content\/uploads\/2021\/07\/EMM-VPrincipal-scaled.jpg","contentUrl":"https:\/\/buscoequipomedico.com\/wp-content\/uploads\/2021\/07\/EMM-VPrincipal-scaled.jpg","width":2560,"height":1058,"caption":"Tu mejor opci\u00f3n Equipo M\u00e9dico M\u00e9xico"},"image":{"@id":"https:\/\/buscoequipomedico.com\/#\/schema\/logo\/image\/"}}]}},"_links":{"self":[{"href":"https:\/\/buscoequipomedico.com\/index.php?rest_route=\/wp\/v2\/product\/13563","targetHints":{"allow":["GET"]}}],"collection":[{"href":"https:\/\/buscoequipomedico.com\/index.php?rest_route=\/wp\/v2\/product"}],"about":[{"href":"https:\/\/buscoequipomedico.com\/index.php?rest_route=\/wp\/v2\/types\/product"}],"wp:featuredmedia":[{"embeddable":true,"href":"https:\/\/buscoequipomedico.com\/index.php?rest_route=\/wp\/v2\/media\/13564"}],"wp:attachment":[{"href":"https:\/\/buscoequipomedico.com\/index.php?rest_route=%2Fwp%2Fv2%2Fmedia&parent=13563"}],"wp:term":[{"taxonomy":"product_brand","embeddable":true,"href":"https:\/\/buscoequipomedico.com\/index.php?rest_route=%2Fwp%2Fv2%2Fproduct_brand&post=13563"},{"taxonomy":"product_cat","embeddable":true,"href":"https:\/\/buscoequipomedico.com\/index.php?rest_route=%2Fwp%2Fv2%2Fproduct_cat&post=13563"},{"taxonomy":"product_tag","embeddable":true,"href":"https:\/\/buscoequipomedico.com\/index.php?rest_route=%2Fwp%2Fv2%2Fproduct_tag&post=13563"}],"curies":[{"name":"wp","href":"https:\/\/api.w.org\/{rel}","templated":true}]}}