{"id":13569,"date":"2020-02-18T07:38:02","date_gmt":"2020-02-18T07:38:02","guid":{"rendered":"https:\/\/equipomedicomexico-com.preview-domain.com\/product\/ultrasonido-dp10-portatil-mindray-c-transductor-lineal\/"},"modified":"2021-07-26T23:01:08","modified_gmt":"2021-07-27T04:01:08","slug":"ultrasonido-dp10-portatil-mindray-c-transductor-lineal","status":"publish","type":"product","link":"https:\/\/buscoequipomedico.com\/?product=ultrasonido-dp10-portatil-mindray-c-transductor-lineal","title":{"rendered":"ULTRASONIDO DP10 PORTATIL MINDRAY C\/ TRANSDUCTOR LINEAL"},"content":{"rendered":"<p><span>Ultrasonido port\u00e1til blanco Mindray DP10<\/span><\/p>\n<\/p>\n<p><span>INCLUYE: <\/span><\/p>\n<\/p>\n<p><span><span>\u2022 DP-10 unidad principal<br \/> \u2022 Dos conectores\u00a0<br \/> \u2022 Monitor<br \/> \u2022 128-frame CINE loop<br \/> \u2022 90-image storage<br \/> \u2022 Un puerto USB<br \/> \u2022 Software de Medici\u00f3n y calculo<br \/> \u2022 Pantalla antireflejante<\/span><\/span><span><\/span><\/p>\n<\/p>\n<p><span><span>Dise\u00f1o ergon\u00f3mico que facilita el transporte<br \/> . Monitor LED de 12,1\u2032 pulg. y con funci\u00f3n de inclinaci\u00f3n de 30 grados<br \/> . Panel de control f\u00e1cil de usar con teclado de silicio y retroiluminaci\u00f3n<br \/> . Dise\u00f1o compacto y ligero que facilita el transporte<\/span><\/span><span><\/span><\/p>\n<\/p>\n<p><span><span>Diagn\u00f3sticos de confianza y amplias aplicaciones cl\u00ednicas<br \/> . Tecnolog\u00eda totalmente digital<br \/> . Funci\u00f3n IP (procesamiento de im\u00e1genes) para una optimizaci\u00f3n r\u00e1pida de la imagen<br \/> . Compensaci\u00f3n de ganancia en funci\u00f3n del tiempo (TGC) de 8 segmentos que garantiza un control de imagen preciso<br \/> . Una gran variedad de transductores para aplicaciones obst\u00e9tricas, ginecol\u00f3gicas, abdominales, urol\u00f3gicas, ortop\u00e9dicas, pedi\u00e1tricas y para regiones peque\u00f1as<\/span><\/span><span><\/span><\/p>\n<\/p>\n<p><span><span>Mejora la eficacia al optimizar el flujo de trabajo<br \/> . Arranque r\u00e1pido en 20 s<br \/> . Teclas definidas por el usuario para establecer operaciones personalizadas<br \/> . Las im\u00e1genes o cines se guardan en el disco local o USB con s\u00f3lo pulsar una tecla<\/span><\/span><span><\/span><\/p>\n<\/p>\n<p><span><span>Configuraci\u00f3n est\u00e1ndar:<br \/> . Monitor LED de 12,1 pulg.<br \/> . Un conector para transductor<br \/> . Panel de control<br \/> . Asa de transporte<br \/> . Indicadores: encendido\/bater\u00eda\/en espera\/estado HDD<br \/> . Interfaces de entrada y salida<br \/> . 2 puertos USB<br \/> . 1 puerto de salida VGA<br \/> . 1 SALIDA de v\u00eddeo<br \/> . 1 SALIDA para v\u00eddeo-S<br \/> . Paquetes de software de medici\u00f3n y c\u00e1lculo<\/span><\/span><span><\/span><\/p><\/p>\n","protected":false},"excerpt":{"rendered":"<ul>\n<li>\u00a0 \u00a0 \u00a0 \u00a0 \u00a0USO HUMANO<\/li>\n<li>\u00a0\u00a0\u00a0\u00a0\u00a0\u00a0\u00a0\u00a0 PANTALLA 12.1 \u00bb LCD<\/li>\n<li>\u00a0\u00a0\u00a0\u00a0\u00a0\u00a0\u00a0\u00a0 INCLINACION 30\u00b0<\/li>\n<li>\u00a0\u00a0\u00a0\u00a0\u00a0\u00a0\u00a0\u00a0 PUERTO DUAL\u00a0 ACTIVO PARA TRANSDUCTOR<\/li>\n<li>\u00a0\u00a0\u00a0\u00a0\u00a0\u00a0\u00a0\u00a0 PANEL DE CONTROL RETROILUMINADO<\/li>\n<li>\u00a0\u00a0\u00a0\u00a0\u00a0\u00a0\u00a0\u00a0 2 PUERTOS USB<\/li>\n<li>\u00a0\u00a0\u00a0\u00a0\u00a0\u00a0\u00a0\u00a0 BATERIA RECARGABLE<\/li>\n<li>\u00a0\u00a0\u00a0\u00a0\u00a0\u00a0\u00a0\u00a0\u00a0<strong>TRANSDUCTOR LINEAL<\/strong>\n<\/li>\n<\/ul>\n","protected":false},"featured_media":13570,"template":"","meta":{"_joinchat":[]},"product_brand":[],"product_cat":[333],"product_tag":[],"class_list":{"0":"post-13569","1":"product","2":"type-product","3":"status-publish","4":"has-post-thumbnail","6":"product_cat-ultrasonidos","7":"pa_marca-mindray","9":"first","10":"instock","11":"purchasable","12":"product-type-simple"},"yoast_head":"<!-- This site is optimized with the Yoast SEO plugin v25.1 - https:\/\/yoast.com\/wordpress\/plugins\/seo\/ -->\n<title>ULTRASONIDO DP10 PORTATIL MINDRAY C\/ TRANSDUCTOR LINEAL - Tu mejor opci\u00f3n Equipo M\u00e9dico M\u00e9xico<\/title>\n<meta name=\"robots\" content=\"index, follow, max-snippet:-1, max-image-preview:large, max-video-preview:-1\" \/>\n<link rel=\"canonical\" href=\"https:\/\/buscoequipomedico.com\/?product=ultrasonido-dp10-portatil-mindray-c-transductor-lineal\" \/>\n<meta property=\"og:locale\" content=\"es_ES\" \/>\n<meta property=\"og:type\" content=\"article\" \/>\n<meta property=\"og:title\" content=\"ULTRASONIDO DP10 PORTATIL MINDRAY C\/ TRANSDUCTOR LINEAL - Tu mejor opci\u00f3n Equipo M\u00e9dico M\u00e9xico\" \/>\n<meta property=\"og:description\" content=\"\u00a0 \u00a0 \u00a0 \u00a0 \u00a0USO HUMANO \u00a0\u00a0\u00a0\u00a0\u00a0\u00a0\u00a0\u00a0 PANTALLA 12.1 &quot; LCD \u00a0\u00a0\u00a0\u00a0\u00a0\u00a0\u00a0\u00a0 INCLINACION 30\u00b0 \u00a0\u00a0\u00a0\u00a0\u00a0\u00a0\u00a0\u00a0 PUERTO DUAL\u00a0 ACTIVO PARA TRANSDUCTOR \u00a0\u00a0\u00a0\u00a0\u00a0\u00a0\u00a0\u00a0 PANEL DE CONTROL RETROILUMINADO \u00a0\u00a0\u00a0\u00a0\u00a0\u00a0\u00a0\u00a0 2 PUERTOS USB \u00a0\u00a0\u00a0\u00a0\u00a0\u00a0\u00a0\u00a0 BATERIA RECARGABLE \u00a0\u00a0\u00a0\u00a0\u00a0\u00a0\u00a0\u00a0\u00a0TRANSDUCTOR LINEAL\" \/>\n<meta property=\"og:url\" content=\"https:\/\/buscoequipomedico.com\/?product=ultrasonido-dp10-portatil-mindray-c-transductor-lineal\" \/>\n<meta property=\"og:site_name\" content=\"Tu mejor opci\u00f3n Equipo M\u00e9dico M\u00e9xico\" \/>\n<meta property=\"article:modified_time\" content=\"2021-07-27T04:01:08+00:00\" \/>\n<meta property=\"og:image\" content=\"https:\/\/buscoequipomedico.com\/wp-content\/uploads\/2020\/02\/ultrasonido-dp10-portatil-mindray-c-transductor-lineal-uso-humano-pantalla-121-lcd-inclinacion-30-puerto-dual-activo-para-transd.jpg\" \/>\n\t<meta property=\"og:image:width\" content=\"800\" \/>\n\t<meta property=\"og:image:height\" content=\"800\" \/>\n\t<meta property=\"og:image:type\" content=\"image\/png\" \/>\n<meta name=\"twitter:card\" content=\"summary_large_image\" \/>\n<meta name=\"twitter:label1\" content=\"Tiempo de lectura\" \/>\n\t<meta name=\"twitter:data1\" content=\"1 minuto\" \/>\n<script type=\"application\/ld+json\" class=\"yoast-schema-graph\">{\"@context\":\"https:\/\/schema.org\",\"@graph\":[{\"@type\":\"WebPage\",\"@id\":\"https:\/\/buscoequipomedico.com\/?product=ultrasonido-dp10-portatil-mindray-c-transductor-lineal\",\"url\":\"https:\/\/buscoequipomedico.com\/?product=ultrasonido-dp10-portatil-mindray-c-transductor-lineal\",\"name\":\"ULTRASONIDO DP10 PORTATIL MINDRAY C\/ TRANSDUCTOR LINEAL - Tu mejor opci\u00f3n Equipo M\u00e9dico M\u00e9xico\",\"isPartOf\":{\"@id\":\"https:\/\/buscoequipomedico.com\/#website\"},\"primaryImageOfPage\":{\"@id\":\"https:\/\/buscoequipomedico.com\/?product=ultrasonido-dp10-portatil-mindray-c-transductor-lineal#primaryimage\"},\"image\":{\"@id\":\"https:\/\/buscoequipomedico.com\/?product=ultrasonido-dp10-portatil-mindray-c-transductor-lineal#primaryimage\"},\"thumbnailUrl\":\"https:\/\/buscoequipomedico.com\/wp-content\/uploads\/2020\/02\/ultrasonido-dp10-portatil-mindray-c-transductor-lineal-uso-humano-pantalla-121-lcd-inclinacion-30-puerto-dual-activo-para-transd.jpg\",\"datePublished\":\"2020-02-18T07:38:02+00:00\",\"dateModified\":\"2021-07-27T04:01:08+00:00\",\"breadcrumb\":{\"@id\":\"https:\/\/buscoequipomedico.com\/?product=ultrasonido-dp10-portatil-mindray-c-transductor-lineal#breadcrumb\"},\"inLanguage\":\"es\",\"potentialAction\":[{\"@type\":\"ReadAction\",\"target\":[\"https:\/\/buscoequipomedico.com\/?product=ultrasonido-dp10-portatil-mindray-c-transductor-lineal\"]}]},{\"@type\":\"ImageObject\",\"inLanguage\":\"es\",\"@id\":\"https:\/\/buscoequipomedico.com\/?product=ultrasonido-dp10-portatil-mindray-c-transductor-lineal#primaryimage\",\"url\":\"https:\/\/buscoequipomedico.com\/wp-content\/uploads\/2020\/02\/ultrasonido-dp10-portatil-mindray-c-transductor-lineal-uso-humano-pantalla-121-lcd-inclinacion-30-puerto-dual-activo-para-transd.jpg\",\"contentUrl\":\"https:\/\/buscoequipomedico.com\/wp-content\/uploads\/2020\/02\/ultrasonido-dp10-portatil-mindray-c-transductor-lineal-uso-humano-pantalla-121-lcd-inclinacion-30-puerto-dual-activo-para-transd.jpg\",\"width\":800,\"height\":800},{\"@type\":\"BreadcrumbList\",\"@id\":\"https:\/\/buscoequipomedico.com\/?product=ultrasonido-dp10-portatil-mindray-c-transductor-lineal#breadcrumb\",\"itemListElement\":[{\"@type\":\"ListItem\",\"position\":1,\"name\":\"Productos\",\"item\":\"https:\/\/buscoequipomedico.com\/shop\/\"},{\"@type\":\"ListItem\",\"position\":2,\"name\":\"ULTRASONIDO DP10 PORTATIL MINDRAY C\/ TRANSDUCTOR LINEAL\"}]},{\"@type\":\"WebSite\",\"@id\":\"https:\/\/buscoequipomedico.com\/#website\",\"url\":\"https:\/\/buscoequipomedico.com\/\",\"name\":\"Tu mejor opci\u00f3n Equipo M\u00e9dico M\u00e9xico\",\"description\":\"Tienda de equipo m\u00e9dico\",\"publisher\":{\"@id\":\"https:\/\/buscoequipomedico.com\/#organization\"},\"potentialAction\":[{\"@type\":\"SearchAction\",\"target\":{\"@type\":\"EntryPoint\",\"urlTemplate\":\"https:\/\/buscoequipomedico.com\/?s={search_term_string}\"},\"query-input\":{\"@type\":\"PropertyValueSpecification\",\"valueRequired\":true,\"valueName\":\"search_term_string\"}}],\"inLanguage\":\"es\"},{\"@type\":\"Organization\",\"@id\":\"https:\/\/buscoequipomedico.com\/#organization\",\"name\":\"Tu mejor opci\u00f3n Equipo M\u00e9dico M\u00e9xico\",\"url\":\"https:\/\/buscoequipomedico.com\/\",\"logo\":{\"@type\":\"ImageObject\",\"inLanguage\":\"es\",\"@id\":\"https:\/\/buscoequipomedico.com\/#\/schema\/logo\/image\/\",\"url\":\"https:\/\/buscoequipomedico.com\/wp-content\/uploads\/2021\/07\/EMM-VPrincipal-scaled.jpg\",\"contentUrl\":\"https:\/\/buscoequipomedico.com\/wp-content\/uploads\/2021\/07\/EMM-VPrincipal-scaled.jpg\",\"width\":2560,\"height\":1058,\"caption\":\"Tu mejor opci\u00f3n Equipo M\u00e9dico M\u00e9xico\"},\"image\":{\"@id\":\"https:\/\/buscoequipomedico.com\/#\/schema\/logo\/image\/\"}}]}<\/script>\n<!-- \/ Yoast SEO plugin. -->","yoast_head_json":{"title":"ULTRASONIDO DP10 PORTATIL MINDRAY C\/ TRANSDUCTOR LINEAL - Tu mejor opci\u00f3n Equipo M\u00e9dico M\u00e9xico","robots":{"index":"index","follow":"follow","max-snippet":"max-snippet:-1","max-image-preview":"max-image-preview:large","max-video-preview":"max-video-preview:-1"},"canonical":"https:\/\/buscoequipomedico.com\/?product=ultrasonido-dp10-portatil-mindray-c-transductor-lineal","og_locale":"es_ES","og_type":"article","og_title":"ULTRASONIDO DP10 PORTATIL MINDRAY C\/ TRANSDUCTOR LINEAL - Tu mejor opci\u00f3n Equipo M\u00e9dico M\u00e9xico","og_description":"\u00a0 \u00a0 \u00a0 \u00a0 \u00a0USO HUMANO \u00a0\u00a0\u00a0\u00a0\u00a0\u00a0\u00a0\u00a0 PANTALLA 12.1 \" LCD \u00a0\u00a0\u00a0\u00a0\u00a0\u00a0\u00a0\u00a0 INCLINACION 30\u00b0 \u00a0\u00a0\u00a0\u00a0\u00a0\u00a0\u00a0\u00a0 PUERTO DUAL\u00a0 ACTIVO PARA TRANSDUCTOR \u00a0\u00a0\u00a0\u00a0\u00a0\u00a0\u00a0\u00a0 PANEL DE CONTROL RETROILUMINADO \u00a0\u00a0\u00a0\u00a0\u00a0\u00a0\u00a0\u00a0 2 PUERTOS USB \u00a0\u00a0\u00a0\u00a0\u00a0\u00a0\u00a0\u00a0 BATERIA RECARGABLE \u00a0\u00a0\u00a0\u00a0\u00a0\u00a0\u00a0\u00a0\u00a0TRANSDUCTOR LINEAL","og_url":"https:\/\/buscoequipomedico.com\/?product=ultrasonido-dp10-portatil-mindray-c-transductor-lineal","og_site_name":"Tu mejor opci\u00f3n Equipo M\u00e9dico M\u00e9xico","article_modified_time":"2021-07-27T04:01:08+00:00","og_image":[{"width":800,"height":800,"url":"https:\/\/buscoequipomedico.com\/wp-content\/uploads\/2020\/02\/ultrasonido-dp10-portatil-mindray-c-transductor-lineal-uso-humano-pantalla-121-lcd-inclinacion-30-puerto-dual-activo-para-transd.jpg","type":"image\/png"}],"twitter_card":"summary_large_image","twitter_misc":{"Tiempo de lectura":"1 minuto"},"schema":{"@context":"https:\/\/schema.org","@graph":[{"@type":"WebPage","@id":"https:\/\/buscoequipomedico.com\/?product=ultrasonido-dp10-portatil-mindray-c-transductor-lineal","url":"https:\/\/buscoequipomedico.com\/?product=ultrasonido-dp10-portatil-mindray-c-transductor-lineal","name":"ULTRASONIDO DP10 PORTATIL MINDRAY C\/ TRANSDUCTOR LINEAL - Tu mejor opci\u00f3n Equipo M\u00e9dico M\u00e9xico","isPartOf":{"@id":"https:\/\/buscoequipomedico.com\/#website"},"primaryImageOfPage":{"@id":"https:\/\/buscoequipomedico.com\/?product=ultrasonido-dp10-portatil-mindray-c-transductor-lineal#primaryimage"},"image":{"@id":"https:\/\/buscoequipomedico.com\/?product=ultrasonido-dp10-portatil-mindray-c-transductor-lineal#primaryimage"},"thumbnailUrl":"https:\/\/buscoequipomedico.com\/wp-content\/uploads\/2020\/02\/ultrasonido-dp10-portatil-mindray-c-transductor-lineal-uso-humano-pantalla-121-lcd-inclinacion-30-puerto-dual-activo-para-transd.jpg","datePublished":"2020-02-18T07:38:02+00:00","dateModified":"2021-07-27T04:01:08+00:00","breadcrumb":{"@id":"https:\/\/buscoequipomedico.com\/?product=ultrasonido-dp10-portatil-mindray-c-transductor-lineal#breadcrumb"},"inLanguage":"es","potentialAction":[{"@type":"ReadAction","target":["https:\/\/buscoequipomedico.com\/?product=ultrasonido-dp10-portatil-mindray-c-transductor-lineal"]}]},{"@type":"ImageObject","inLanguage":"es","@id":"https:\/\/buscoequipomedico.com\/?product=ultrasonido-dp10-portatil-mindray-c-transductor-lineal#primaryimage","url":"https:\/\/buscoequipomedico.com\/wp-content\/uploads\/2020\/02\/ultrasonido-dp10-portatil-mindray-c-transductor-lineal-uso-humano-pantalla-121-lcd-inclinacion-30-puerto-dual-activo-para-transd.jpg","contentUrl":"https:\/\/buscoequipomedico.com\/wp-content\/uploads\/2020\/02\/ultrasonido-dp10-portatil-mindray-c-transductor-lineal-uso-humano-pantalla-121-lcd-inclinacion-30-puerto-dual-activo-para-transd.jpg","width":800,"height":800},{"@type":"BreadcrumbList","@id":"https:\/\/buscoequipomedico.com\/?product=ultrasonido-dp10-portatil-mindray-c-transductor-lineal#breadcrumb","itemListElement":[{"@type":"ListItem","position":1,"name":"Productos","item":"https:\/\/buscoequipomedico.com\/shop\/"},{"@type":"ListItem","position":2,"name":"ULTRASONIDO DP10 PORTATIL MINDRAY C\/ TRANSDUCTOR LINEAL"}]},{"@type":"WebSite","@id":"https:\/\/buscoequipomedico.com\/#website","url":"https:\/\/buscoequipomedico.com\/","name":"Tu mejor opci\u00f3n Equipo M\u00e9dico M\u00e9xico","description":"Tienda de equipo m\u00e9dico","publisher":{"@id":"https:\/\/buscoequipomedico.com\/#organization"},"potentialAction":[{"@type":"SearchAction","target":{"@type":"EntryPoint","urlTemplate":"https:\/\/buscoequipomedico.com\/?s={search_term_string}"},"query-input":{"@type":"PropertyValueSpecification","valueRequired":true,"valueName":"search_term_string"}}],"inLanguage":"es"},{"@type":"Organization","@id":"https:\/\/buscoequipomedico.com\/#organization","name":"Tu mejor opci\u00f3n Equipo M\u00e9dico M\u00e9xico","url":"https:\/\/buscoequipomedico.com\/","logo":{"@type":"ImageObject","inLanguage":"es","@id":"https:\/\/buscoequipomedico.com\/#\/schema\/logo\/image\/","url":"https:\/\/buscoequipomedico.com\/wp-content\/uploads\/2021\/07\/EMM-VPrincipal-scaled.jpg","contentUrl":"https:\/\/buscoequipomedico.com\/wp-content\/uploads\/2021\/07\/EMM-VPrincipal-scaled.jpg","width":2560,"height":1058,"caption":"Tu mejor opci\u00f3n Equipo M\u00e9dico M\u00e9xico"},"image":{"@id":"https:\/\/buscoequipomedico.com\/#\/schema\/logo\/image\/"}}]}},"_links":{"self":[{"href":"https:\/\/buscoequipomedico.com\/index.php?rest_route=\/wp\/v2\/product\/13569","targetHints":{"allow":["GET"]}}],"collection":[{"href":"https:\/\/buscoequipomedico.com\/index.php?rest_route=\/wp\/v2\/product"}],"about":[{"href":"https:\/\/buscoequipomedico.com\/index.php?rest_route=\/wp\/v2\/types\/product"}],"wp:featuredmedia":[{"embeddable":true,"href":"https:\/\/buscoequipomedico.com\/index.php?rest_route=\/wp\/v2\/media\/13570"}],"wp:attachment":[{"href":"https:\/\/buscoequipomedico.com\/index.php?rest_route=%2Fwp%2Fv2%2Fmedia&parent=13569"}],"wp:term":[{"taxonomy":"product_brand","embeddable":true,"href":"https:\/\/buscoequipomedico.com\/index.php?rest_route=%2Fwp%2Fv2%2Fproduct_brand&post=13569"},{"taxonomy":"product_cat","embeddable":true,"href":"https:\/\/buscoequipomedico.com\/index.php?rest_route=%2Fwp%2Fv2%2Fproduct_cat&post=13569"},{"taxonomy":"product_tag","embeddable":true,"href":"https:\/\/buscoequipomedico.com\/index.php?rest_route=%2Fwp%2Fv2%2Fproduct_tag&post=13569"}],"curies":[{"name":"wp","href":"https:\/\/api.w.org\/{rel}","templated":true}]}}