{"id":13575,"date":"2020-02-18T07:38:07","date_gmt":"2020-02-18T07:38:07","guid":{"rendered":"https:\/\/equipomedicomexico-com.preview-domain.com\/product\/ultrasonido-dp10-portatil-mindray-c-2-transductores-convexo-y-endocavitario\/"},"modified":"2021-02-17T00:04:15","modified_gmt":"2021-02-17T00:04:15","slug":"ultrasonido-dp10-portatil-mindray-c-2-transductores-convexo-y-endocavitario","status":"publish","type":"product","link":"https:\/\/buscoequipomedico.com\/?product=ultrasonido-dp10-portatil-mindray-c-2-transductores-convexo-y-endocavitario","title":{"rendered":"ULTRASONIDO DP10 PORTATIL MINDRAY C\/ 2 TRANSDUCTORES CONVEXO Y ENDOCAVITARIO"},"content":{"rendered":"<p>Descripci\u00f3n<\/p>\n<\/p>\n<p>Ultrasonido port\u00e1til blanco Mindray DP10<\/p>\n<\/p>\n<p>INCLUYE:<\/p>\n<\/p>\n<p>\u2022 DP-10 unidad principal<\/p>\n<\/p>\n<p>\u2022 Dos conectores\u00a0<\/p>\n<\/p>\n<p>\u2022 Monitor<\/p>\n<\/p>\n<p>\u2022 128-frame CINE loop<\/p>\n<\/p>\n<p>\u2022 90-image storage<\/p>\n<\/p>\n<p>\u2022 Un puerto USB<\/p>\n<\/p>\n<p>\u2022 Software de Medici\u00f3n y calculo<\/p>\n<\/p>\n<p>\u2022 Pantalla antireflejante<\/p>\n<\/p>\n<p>Dise\u00f1o ergon\u00f3mico que facilita el transporte<\/p>\n<\/p>\n<p>. Monitor LED de 12,1\u2032 pulg. y con funci\u00f3n de inclinaci\u00f3n de 30 grados<\/p>\n<\/p>\n<p>. Panel de control f\u00e1cil de usar con teclado de silicio y retroiluminaci\u00f3n<\/p>\n<\/p>\n<p>. Dise\u00f1o compacto y ligero que facilita el transporte<\/p>\n<\/p>\n<p>Diagn\u00f3sticos de confianza y amplias aplicaciones cl\u00ednicas<\/p>\n<\/p>\n<p>. Tecnolog\u00eda totalmente digital<\/p>\n<\/p>\n<p>. Funci\u00f3n IP (procesamiento de im\u00e1genes) para una optimizaci\u00f3n r\u00e1pida de la imagen<\/p>\n<\/p>\n<p>. Compensaci\u00f3n de ganancia en funci\u00f3n del tiempo (TGC) de 8 segmentos que garantiza un control de imagen preciso<\/p>\n<\/p>\n<p>. Una gran variedad de transductores para aplicaciones obst\u00e9tricas, ginecol\u00f3gicas, abdominales, urol\u00f3gicas, ortop\u00e9dicas, pedi\u00e1tricas y para regiones peque\u00f1as<\/p>\n<\/p>\n<p>Mejora la eficacia al optimizar el flujo de trabajo<\/p>\n<\/p>\n<p>. Arranque r\u00e1pido en 20 s<\/p>\n<\/p>\n<p>. Teclas definidas por el usuario para establecer operaciones personalizadas<\/p>\n<\/p>\n<p>. Las im\u00e1genes o cines se guardan en el disco local o USB con s\u00f3lo pulsar una tecla<\/p>\n<\/p>\n<p>Configuraci\u00f3n est\u00e1ndar:<\/p>\n<\/p>\n<p>. Monitor LED de 12,1 pulg.<\/p>\n<\/p>\n<p>. Un conector para transductor<\/p>\n<\/p>\n<p>. Panel de control<\/p>\n<\/p>\n<p>. Asa de transporte<\/p>\n<\/p>\n<p>. Indicadores: encendido\/bater\u00eda\/en espera\/estado HDD<\/p>\n<\/p>\n<p>. Interfaces de entrada y salida<\/p>\n<\/p>\n<p>. 2 puertos USB<\/p>\n<\/p>\n<p>. 1 puerto de salida VGA<\/p>\n<\/p>\n<p>. 1 SALIDA de v\u00eddeo<\/p>\n<\/p>\n<p>. 1 SALIDA para v\u00eddeo-S<\/p>\n<\/p>\n<p>. Paquetes de software de medici\u00f3n y c\u00e1lculo<\/p><\/p>\n","protected":false},"excerpt":{"rendered":"<ul>\n<li>\u00a0 \u00a0 \u00a0 \u00a0 \u00a0USO HUMANO<\/li>\n<li>\u00a0\u00a0\u00a0\u00a0\u00a0\u00a0\u00a0\u00a0 PANTALLA 12.1 \u00bb LCD<\/li>\n<li>\u00a0\u00a0\u00a0\u00a0\u00a0\u00a0\u00a0\u00a0 INCLINACION 30\u00b0<\/li>\n<li>\u00a0\u00a0\u00a0\u00a0\u00a0\u00a0\u00a0\u00a0 PUERTO DUAL\u00a0 ACTIVO PARA TRANSDUCTOR<\/li>\n<li>\u00a0\u00a0\u00a0\u00a0\u00a0\u00a0\u00a0\u00a0 PANEL DE CONTROL RETROILUMINADO<\/li>\n<li>\u00a0\u00a0\u00a0\u00a0\u00a0\u00a0\u00a0\u00a0 2 PUERTOS USB<\/li>\n<li>\u00a0\u00a0\u00a0\u00a0\u00a0\u00a0\u00a0\u00a0 BATERIA RECARGABLE<\/li>\n<li>\u00a0\u00a0\u00a0\u00a0\u00a0\u00a0\u00a0\u00a0\u00a0<strong>TRANSDUCTORES CONVEXO Y ENDOCAVITARIO<\/strong>\n<\/li>\n<\/ul>\n","protected":false},"featured_media":13576,"template":"","meta":{"_joinchat":[]},"product_brand":[],"product_cat":[333],"product_tag":[],"class_list":{"0":"post-13575","1":"product","2":"type-product","3":"status-publish","4":"has-post-thumbnail","6":"product_cat-ultrasonidos","7":"pa_marca-mindray","9":"first","10":"instock","11":"purchasable","12":"product-type-simple"},"yoast_head":"<!-- This site is optimized with the Yoast SEO plugin v25.1 - https:\/\/yoast.com\/wordpress\/plugins\/seo\/ -->\n<title>ULTRASONIDO DP10 PORTATIL MINDRAY C\/ 2 TRANSDUCTORES CONVEXO Y ENDOCAVITARIO - Tu mejor opci\u00f3n Equipo M\u00e9dico M\u00e9xico<\/title>\n<meta name=\"robots\" content=\"index, follow, max-snippet:-1, max-image-preview:large, max-video-preview:-1\" \/>\n<link rel=\"canonical\" href=\"https:\/\/buscoequipomedico.com\/?product=ultrasonido-dp10-portatil-mindray-c-2-transductores-convexo-y-endocavitario\" \/>\n<meta property=\"og:locale\" content=\"es_ES\" \/>\n<meta property=\"og:type\" content=\"article\" \/>\n<meta property=\"og:title\" content=\"ULTRASONIDO DP10 PORTATIL MINDRAY C\/ 2 TRANSDUCTORES CONVEXO Y ENDOCAVITARIO - Tu mejor opci\u00f3n Equipo M\u00e9dico M\u00e9xico\" \/>\n<meta property=\"og:description\" content=\"\u00a0 \u00a0 \u00a0 \u00a0 \u00a0USO HUMANO \u00a0\u00a0\u00a0\u00a0\u00a0\u00a0\u00a0\u00a0 PANTALLA 12.1 &quot; LCD \u00a0\u00a0\u00a0\u00a0\u00a0\u00a0\u00a0\u00a0 INCLINACION 30\u00b0 \u00a0\u00a0\u00a0\u00a0\u00a0\u00a0\u00a0\u00a0 PUERTO DUAL\u00a0 ACTIVO PARA TRANSDUCTOR \u00a0\u00a0\u00a0\u00a0\u00a0\u00a0\u00a0\u00a0 PANEL DE CONTROL RETROILUMINADO \u00a0\u00a0\u00a0\u00a0\u00a0\u00a0\u00a0\u00a0 2 PUERTOS USB \u00a0\u00a0\u00a0\u00a0\u00a0\u00a0\u00a0\u00a0 BATERIA RECARGABLE \u00a0\u00a0\u00a0\u00a0\u00a0\u00a0\u00a0\u00a0\u00a0TRANSDUCTORES CONVEXO Y ENDOCAVITARIO\" \/>\n<meta property=\"og:url\" content=\"https:\/\/buscoequipomedico.com\/?product=ultrasonido-dp10-portatil-mindray-c-2-transductores-convexo-y-endocavitario\" \/>\n<meta property=\"og:site_name\" content=\"Tu mejor opci\u00f3n Equipo M\u00e9dico M\u00e9xico\" \/>\n<meta property=\"article:modified_time\" content=\"2021-02-17T00:04:15+00:00\" \/>\n<meta property=\"og:image\" content=\"https:\/\/buscoequipomedico.com\/wp-content\/uploads\/2020\/02\/ultrasonido-dp10-portatil-mindray-c-2-transductores-convexo-y-endocavitario-uso-humano-pantalla-121-lcd-inclinacion-30-puerto-du.jpg\" \/>\n\t<meta property=\"og:image:width\" content=\"800\" \/>\n\t<meta property=\"og:image:height\" content=\"800\" \/>\n\t<meta property=\"og:image:type\" content=\"image\/png\" \/>\n<meta name=\"twitter:card\" content=\"summary_large_image\" \/>\n<meta name=\"twitter:label1\" content=\"Tiempo de lectura\" \/>\n\t<meta name=\"twitter:data1\" content=\"1 minuto\" \/>\n<script type=\"application\/ld+json\" class=\"yoast-schema-graph\">{\"@context\":\"https:\/\/schema.org\",\"@graph\":[{\"@type\":\"WebPage\",\"@id\":\"https:\/\/buscoequipomedico.com\/?product=ultrasonido-dp10-portatil-mindray-c-2-transductores-convexo-y-endocavitario\",\"url\":\"https:\/\/buscoequipomedico.com\/?product=ultrasonido-dp10-portatil-mindray-c-2-transductores-convexo-y-endocavitario\",\"name\":\"ULTRASONIDO DP10 PORTATIL MINDRAY C\/ 2 TRANSDUCTORES CONVEXO Y ENDOCAVITARIO - Tu mejor opci\u00f3n Equipo M\u00e9dico M\u00e9xico\",\"isPartOf\":{\"@id\":\"https:\/\/buscoequipomedico.com\/#website\"},\"primaryImageOfPage\":{\"@id\":\"https:\/\/buscoequipomedico.com\/?product=ultrasonido-dp10-portatil-mindray-c-2-transductores-convexo-y-endocavitario#primaryimage\"},\"image\":{\"@id\":\"https:\/\/buscoequipomedico.com\/?product=ultrasonido-dp10-portatil-mindray-c-2-transductores-convexo-y-endocavitario#primaryimage\"},\"thumbnailUrl\":\"https:\/\/buscoequipomedico.com\/wp-content\/uploads\/2020\/02\/ultrasonido-dp10-portatil-mindray-c-2-transductores-convexo-y-endocavitario-uso-humano-pantalla-121-lcd-inclinacion-30-puerto-du.jpg\",\"datePublished\":\"2020-02-18T07:38:07+00:00\",\"dateModified\":\"2021-02-17T00:04:15+00:00\",\"breadcrumb\":{\"@id\":\"https:\/\/buscoequipomedico.com\/?product=ultrasonido-dp10-portatil-mindray-c-2-transductores-convexo-y-endocavitario#breadcrumb\"},\"inLanguage\":\"es\",\"potentialAction\":[{\"@type\":\"ReadAction\",\"target\":[\"https:\/\/buscoequipomedico.com\/?product=ultrasonido-dp10-portatil-mindray-c-2-transductores-convexo-y-endocavitario\"]}]},{\"@type\":\"ImageObject\",\"inLanguage\":\"es\",\"@id\":\"https:\/\/buscoequipomedico.com\/?product=ultrasonido-dp10-portatil-mindray-c-2-transductores-convexo-y-endocavitario#primaryimage\",\"url\":\"https:\/\/buscoequipomedico.com\/wp-content\/uploads\/2020\/02\/ultrasonido-dp10-portatil-mindray-c-2-transductores-convexo-y-endocavitario-uso-humano-pantalla-121-lcd-inclinacion-30-puerto-du.jpg\",\"contentUrl\":\"https:\/\/buscoequipomedico.com\/wp-content\/uploads\/2020\/02\/ultrasonido-dp10-portatil-mindray-c-2-transductores-convexo-y-endocavitario-uso-humano-pantalla-121-lcd-inclinacion-30-puerto-du.jpg\",\"width\":800,\"height\":800},{\"@type\":\"BreadcrumbList\",\"@id\":\"https:\/\/buscoequipomedico.com\/?product=ultrasonido-dp10-portatil-mindray-c-2-transductores-convexo-y-endocavitario#breadcrumb\",\"itemListElement\":[{\"@type\":\"ListItem\",\"position\":1,\"name\":\"Productos\",\"item\":\"https:\/\/buscoequipomedico.com\/shop\/\"},{\"@type\":\"ListItem\",\"position\":2,\"name\":\"ULTRASONIDO DP10 PORTATIL MINDRAY C\/ 2 TRANSDUCTORES CONVEXO Y ENDOCAVITARIO\"}]},{\"@type\":\"WebSite\",\"@id\":\"https:\/\/buscoequipomedico.com\/#website\",\"url\":\"https:\/\/buscoequipomedico.com\/\",\"name\":\"Tu mejor opci\u00f3n Equipo M\u00e9dico M\u00e9xico\",\"description\":\"Tienda de equipo m\u00e9dico\",\"publisher\":{\"@id\":\"https:\/\/buscoequipomedico.com\/#organization\"},\"potentialAction\":[{\"@type\":\"SearchAction\",\"target\":{\"@type\":\"EntryPoint\",\"urlTemplate\":\"https:\/\/buscoequipomedico.com\/?s={search_term_string}\"},\"query-input\":{\"@type\":\"PropertyValueSpecification\",\"valueRequired\":true,\"valueName\":\"search_term_string\"}}],\"inLanguage\":\"es\"},{\"@type\":\"Organization\",\"@id\":\"https:\/\/buscoequipomedico.com\/#organization\",\"name\":\"Tu mejor opci\u00f3n Equipo M\u00e9dico M\u00e9xico\",\"url\":\"https:\/\/buscoequipomedico.com\/\",\"logo\":{\"@type\":\"ImageObject\",\"inLanguage\":\"es\",\"@id\":\"https:\/\/buscoequipomedico.com\/#\/schema\/logo\/image\/\",\"url\":\"https:\/\/buscoequipomedico.com\/wp-content\/uploads\/2021\/07\/EMM-VPrincipal-scaled.jpg\",\"contentUrl\":\"https:\/\/buscoequipomedico.com\/wp-content\/uploads\/2021\/07\/EMM-VPrincipal-scaled.jpg\",\"width\":2560,\"height\":1058,\"caption\":\"Tu mejor opci\u00f3n Equipo M\u00e9dico M\u00e9xico\"},\"image\":{\"@id\":\"https:\/\/buscoequipomedico.com\/#\/schema\/logo\/image\/\"}}]}<\/script>\n<!-- \/ Yoast SEO plugin. -->","yoast_head_json":{"title":"ULTRASONIDO DP10 PORTATIL MINDRAY C\/ 2 TRANSDUCTORES CONVEXO Y ENDOCAVITARIO - Tu mejor opci\u00f3n Equipo M\u00e9dico M\u00e9xico","robots":{"index":"index","follow":"follow","max-snippet":"max-snippet:-1","max-image-preview":"max-image-preview:large","max-video-preview":"max-video-preview:-1"},"canonical":"https:\/\/buscoequipomedico.com\/?product=ultrasonido-dp10-portatil-mindray-c-2-transductores-convexo-y-endocavitario","og_locale":"es_ES","og_type":"article","og_title":"ULTRASONIDO DP10 PORTATIL MINDRAY C\/ 2 TRANSDUCTORES CONVEXO Y ENDOCAVITARIO - Tu mejor opci\u00f3n Equipo M\u00e9dico M\u00e9xico","og_description":"\u00a0 \u00a0 \u00a0 \u00a0 \u00a0USO HUMANO \u00a0\u00a0\u00a0\u00a0\u00a0\u00a0\u00a0\u00a0 PANTALLA 12.1 \" LCD \u00a0\u00a0\u00a0\u00a0\u00a0\u00a0\u00a0\u00a0 INCLINACION 30\u00b0 \u00a0\u00a0\u00a0\u00a0\u00a0\u00a0\u00a0\u00a0 PUERTO DUAL\u00a0 ACTIVO PARA TRANSDUCTOR \u00a0\u00a0\u00a0\u00a0\u00a0\u00a0\u00a0\u00a0 PANEL DE CONTROL RETROILUMINADO \u00a0\u00a0\u00a0\u00a0\u00a0\u00a0\u00a0\u00a0 2 PUERTOS USB \u00a0\u00a0\u00a0\u00a0\u00a0\u00a0\u00a0\u00a0 BATERIA RECARGABLE \u00a0\u00a0\u00a0\u00a0\u00a0\u00a0\u00a0\u00a0\u00a0TRANSDUCTORES CONVEXO Y ENDOCAVITARIO","og_url":"https:\/\/buscoequipomedico.com\/?product=ultrasonido-dp10-portatil-mindray-c-2-transductores-convexo-y-endocavitario","og_site_name":"Tu mejor opci\u00f3n Equipo M\u00e9dico M\u00e9xico","article_modified_time":"2021-02-17T00:04:15+00:00","og_image":[{"width":800,"height":800,"url":"https:\/\/buscoequipomedico.com\/wp-content\/uploads\/2020\/02\/ultrasonido-dp10-portatil-mindray-c-2-transductores-convexo-y-endocavitario-uso-humano-pantalla-121-lcd-inclinacion-30-puerto-du.jpg","type":"image\/png"}],"twitter_card":"summary_large_image","twitter_misc":{"Tiempo de lectura":"1 minuto"},"schema":{"@context":"https:\/\/schema.org","@graph":[{"@type":"WebPage","@id":"https:\/\/buscoequipomedico.com\/?product=ultrasonido-dp10-portatil-mindray-c-2-transductores-convexo-y-endocavitario","url":"https:\/\/buscoequipomedico.com\/?product=ultrasonido-dp10-portatil-mindray-c-2-transductores-convexo-y-endocavitario","name":"ULTRASONIDO DP10 PORTATIL MINDRAY C\/ 2 TRANSDUCTORES CONVEXO Y ENDOCAVITARIO - Tu mejor opci\u00f3n Equipo M\u00e9dico M\u00e9xico","isPartOf":{"@id":"https:\/\/buscoequipomedico.com\/#website"},"primaryImageOfPage":{"@id":"https:\/\/buscoequipomedico.com\/?product=ultrasonido-dp10-portatil-mindray-c-2-transductores-convexo-y-endocavitario#primaryimage"},"image":{"@id":"https:\/\/buscoequipomedico.com\/?product=ultrasonido-dp10-portatil-mindray-c-2-transductores-convexo-y-endocavitario#primaryimage"},"thumbnailUrl":"https:\/\/buscoequipomedico.com\/wp-content\/uploads\/2020\/02\/ultrasonido-dp10-portatil-mindray-c-2-transductores-convexo-y-endocavitario-uso-humano-pantalla-121-lcd-inclinacion-30-puerto-du.jpg","datePublished":"2020-02-18T07:38:07+00:00","dateModified":"2021-02-17T00:04:15+00:00","breadcrumb":{"@id":"https:\/\/buscoequipomedico.com\/?product=ultrasonido-dp10-portatil-mindray-c-2-transductores-convexo-y-endocavitario#breadcrumb"},"inLanguage":"es","potentialAction":[{"@type":"ReadAction","target":["https:\/\/buscoequipomedico.com\/?product=ultrasonido-dp10-portatil-mindray-c-2-transductores-convexo-y-endocavitario"]}]},{"@type":"ImageObject","inLanguage":"es","@id":"https:\/\/buscoequipomedico.com\/?product=ultrasonido-dp10-portatil-mindray-c-2-transductores-convexo-y-endocavitario#primaryimage","url":"https:\/\/buscoequipomedico.com\/wp-content\/uploads\/2020\/02\/ultrasonido-dp10-portatil-mindray-c-2-transductores-convexo-y-endocavitario-uso-humano-pantalla-121-lcd-inclinacion-30-puerto-du.jpg","contentUrl":"https:\/\/buscoequipomedico.com\/wp-content\/uploads\/2020\/02\/ultrasonido-dp10-portatil-mindray-c-2-transductores-convexo-y-endocavitario-uso-humano-pantalla-121-lcd-inclinacion-30-puerto-du.jpg","width":800,"height":800},{"@type":"BreadcrumbList","@id":"https:\/\/buscoequipomedico.com\/?product=ultrasonido-dp10-portatil-mindray-c-2-transductores-convexo-y-endocavitario#breadcrumb","itemListElement":[{"@type":"ListItem","position":1,"name":"Productos","item":"https:\/\/buscoequipomedico.com\/shop\/"},{"@type":"ListItem","position":2,"name":"ULTRASONIDO DP10 PORTATIL MINDRAY C\/ 2 TRANSDUCTORES CONVEXO Y ENDOCAVITARIO"}]},{"@type":"WebSite","@id":"https:\/\/buscoequipomedico.com\/#website","url":"https:\/\/buscoequipomedico.com\/","name":"Tu mejor opci\u00f3n Equipo M\u00e9dico M\u00e9xico","description":"Tienda de equipo m\u00e9dico","publisher":{"@id":"https:\/\/buscoequipomedico.com\/#organization"},"potentialAction":[{"@type":"SearchAction","target":{"@type":"EntryPoint","urlTemplate":"https:\/\/buscoequipomedico.com\/?s={search_term_string}"},"query-input":{"@type":"PropertyValueSpecification","valueRequired":true,"valueName":"search_term_string"}}],"inLanguage":"es"},{"@type":"Organization","@id":"https:\/\/buscoequipomedico.com\/#organization","name":"Tu mejor opci\u00f3n Equipo M\u00e9dico M\u00e9xico","url":"https:\/\/buscoequipomedico.com\/","logo":{"@type":"ImageObject","inLanguage":"es","@id":"https:\/\/buscoequipomedico.com\/#\/schema\/logo\/image\/","url":"https:\/\/buscoequipomedico.com\/wp-content\/uploads\/2021\/07\/EMM-VPrincipal-scaled.jpg","contentUrl":"https:\/\/buscoequipomedico.com\/wp-content\/uploads\/2021\/07\/EMM-VPrincipal-scaled.jpg","width":2560,"height":1058,"caption":"Tu mejor opci\u00f3n Equipo M\u00e9dico M\u00e9xico"},"image":{"@id":"https:\/\/buscoequipomedico.com\/#\/schema\/logo\/image\/"}}]}},"_links":{"self":[{"href":"https:\/\/buscoequipomedico.com\/index.php?rest_route=\/wp\/v2\/product\/13575","targetHints":{"allow":["GET"]}}],"collection":[{"href":"https:\/\/buscoequipomedico.com\/index.php?rest_route=\/wp\/v2\/product"}],"about":[{"href":"https:\/\/buscoequipomedico.com\/index.php?rest_route=\/wp\/v2\/types\/product"}],"wp:featuredmedia":[{"embeddable":true,"href":"https:\/\/buscoequipomedico.com\/index.php?rest_route=\/wp\/v2\/media\/13576"}],"wp:attachment":[{"href":"https:\/\/buscoequipomedico.com\/index.php?rest_route=%2Fwp%2Fv2%2Fmedia&parent=13575"}],"wp:term":[{"taxonomy":"product_brand","embeddable":true,"href":"https:\/\/buscoequipomedico.com\/index.php?rest_route=%2Fwp%2Fv2%2Fproduct_brand&post=13575"},{"taxonomy":"product_cat","embeddable":true,"href":"https:\/\/buscoequipomedico.com\/index.php?rest_route=%2Fwp%2Fv2%2Fproduct_cat&post=13575"},{"taxonomy":"product_tag","embeddable":true,"href":"https:\/\/buscoequipomedico.com\/index.php?rest_route=%2Fwp%2Fv2%2Fproduct_tag&post=13575"}],"curies":[{"name":"wp","href":"https:\/\/api.w.org\/{rel}","templated":true}]}}