{"id":13581,"date":"2020-02-18T07:38:07","date_gmt":"2020-02-18T07:38:07","guid":{"rendered":"https:\/\/equipomedicomexico-com.preview-domain.com\/product\/ultrasonido-wed9618-con-t-convexo\/"},"modified":"2021-02-17T00:04:15","modified_gmt":"2021-02-17T00:04:15","slug":"ultrasonido-wed9618-con-t-convexo","status":"publish","type":"product","link":"https:\/\/buscoequipomedico.com\/?product=ultrasonido-wed9618-con-t-convexo","title":{"rendered":"ULTRASONIDO WED9618 CON T\/CONVEXO"},"content":{"rendered":"<ul>\n<li>El modo de escaneo: convexo \/ lineal \/ Microconvex<\/li>\n<li>Modos de visualizaci\u00f3n: B, B + B, B + M, M, 4B<\/li>\n<li>Escala de grises: 256 niveles<\/li>\n<li>Profundidad de escaneo: 240 mm.<\/li>\n<li>Cine-loop: 400\u00a0marcos (Max)<\/li>\n<li>Imagen permanente de almacenamiento: 64\u00a0cuadros<\/li>\n<li>Conversi\u00f3n de la imagen: arriba \/ abajo, izquierda \/ derecha\u00a0<\/li>\n<li>Zoom: 2 veces tanto en tiempo real y congelado<\/li>\n<li>Medici\u00f3n: distancia, circunferencia, \u00e1rea, volumen,\u00a0ritmo cardiaco<\/li>\n<li>OB Medidas: BPD, GS, CRL, FL, AD, HC, EDD, GA, FW<\/li>\n<li>Conector de la sonda: 2<\/li>\n<li>Puerto: PAL-D, salida de v\u00eddeo, USB 2.0\u00a0<\/li>\n<li>Monitor: SVGA de 10\u201d pulgadas\u00a0<\/li>\n<li>Body marks: 40<\/li>\n<li>Modos de visualizaci\u00f3n: B, B + B, B + M, M, 4B<\/li>\n<li>Escala de grises: 256 niveles<\/li>\n<li>Profundidad de escaneo: 240 mm.<\/li>\n<li>Cine-loop: 400\u00a0marcos (Max)<\/li>\n<li>Imagen permanente de almacenamiento: 64\u00a0cuadros<\/li>\n<li>Conversi\u00f3n de la imagen: arriba \/ abajo, izquierda \/ derecha\u00a0<\/li>\n<li>Zoom: 2 veces tanto en tiempo real y congelado<\/li>\n<li>Medici\u00f3n: distancia, circunferencia, \u00e1rea, volumen,\u00a0ritmo cardiaco<\/li>\n<li>OB Medidas: BPD, GS, CRL, FL, AD, HC, EDD, GA, FW<\/li>\n<li>Conector de la sonda: 2<\/li>\n<li>Puerto: PAL-D, salida de v\u00eddeo, USB 2.0\u00a0<\/li>\n<li>Monitor: SVGA de 10\u201d pulgadas\u00a0<\/li>\n<li>Body marks: 40<\/li>\n<\/ul>\n","protected":false},"excerpt":{"rendered":"<p>El\u00a0Ec\u00f3grafo Port\u00e1til WED-9618\u00a0es un equipo vers\u00e1til, de poco peso y gran calidad de imagen, es una soluci\u00f3n rentable en cualquier aplicaci\u00f3n, se distingue por su tecnolog\u00eda\u00a0Full Digital\u00a0Beamforming\u00a0que aporta calidad de imagen brillante y clara.\u00a0Las\u00a0sondas intercambiables\u00a0ofrecen una amplia gama aplicaciones.\u00a0<\/p>\n<\/p>\n<p>Aplicaciones:\u00a0Abdominal, OB\/GIN, Urolog\u00eda, Partes blandas, Cardiolog\u00eda, Traumatologia, Fisioterapia, Pediatr\u00eda, etc.<\/p><\/p>\n","protected":false},"featured_media":13582,"template":"","meta":{"_joinchat":[]},"product_brand":[],"product_cat":[333],"product_tag":[],"class_list":{"0":"post-13581","1":"product","2":"type-product","3":"status-publish","4":"has-post-thumbnail","6":"product_cat-ultrasonidos","7":"pa_marca-contec","9":"first","10":"instock","11":"purchasable","12":"product-type-simple"},"yoast_head":"<!-- This site is optimized with the Yoast SEO plugin v25.1 - https:\/\/yoast.com\/wordpress\/plugins\/seo\/ -->\n<title>ULTRASONIDO WED9618 CON T\/CONVEXO - Tu mejor opci\u00f3n Equipo M\u00e9dico M\u00e9xico<\/title>\n<meta name=\"robots\" content=\"index, follow, max-snippet:-1, max-image-preview:large, max-video-preview:-1\" \/>\n<link rel=\"canonical\" href=\"https:\/\/buscoequipomedico.com\/?product=ultrasonido-wed9618-con-t-convexo\" \/>\n<meta property=\"og:locale\" content=\"es_ES\" \/>\n<meta property=\"og:type\" content=\"article\" \/>\n<meta property=\"og:title\" content=\"ULTRASONIDO WED9618 CON T\/CONVEXO - Tu mejor opci\u00f3n Equipo M\u00e9dico M\u00e9xico\" \/>\n<meta property=\"og:description\" content=\"El\u00a0Ec\u00f3grafo Port\u00e1til WED-9618\u00a0es un equipo vers\u00e1til, de poco peso y gran calidad de imagen, es una soluci\u00f3n rentable en cualquier aplicaci\u00f3n, se distingue por su tecnolog\u00eda\u00a0Full Digital\u00a0Beamforming\u00a0que aporta calidad de imagen brillante y clara.\u00a0Las\u00a0sondas intercambiables\u00a0ofrecen una amplia gama aplicaciones.\u00a0 Aplicaciones:\u00a0Abdominal, OB\/GIN, Urolog\u00eda, Partes blandas, Cardiolog\u00eda, Traumatologia, Fisioterapia, Pediatr\u00eda, etc.\" \/>\n<meta property=\"og:url\" content=\"https:\/\/buscoequipomedico.com\/?product=ultrasonido-wed9618-con-t-convexo\" \/>\n<meta property=\"og:site_name\" content=\"Tu mejor opci\u00f3n Equipo M\u00e9dico M\u00e9xico\" \/>\n<meta property=\"article:modified_time\" content=\"2021-02-17T00:04:15+00:00\" \/>\n<meta property=\"og:image\" content=\"https:\/\/buscoequipomedico.com\/wp-content\/uploads\/2020\/02\/ultrasonido-wed9618-con-t-convexo-el-ecografo-portatil-wed-9618-es-un-equipo-versatil-de-poco-peso-y-gran-calidad-de-imagen-es-u.jpg\" \/>\n\t<meta property=\"og:image:width\" content=\"800\" \/>\n\t<meta property=\"og:image:height\" content=\"800\" \/>\n\t<meta property=\"og:image:type\" content=\"image\/png\" \/>\n<meta name=\"twitter:card\" content=\"summary_large_image\" \/>\n<meta name=\"twitter:label1\" content=\"Tiempo de lectura\" \/>\n\t<meta name=\"twitter:data1\" content=\"1 minuto\" \/>\n<script type=\"application\/ld+json\" class=\"yoast-schema-graph\">{\"@context\":\"https:\/\/schema.org\",\"@graph\":[{\"@type\":\"WebPage\",\"@id\":\"https:\/\/buscoequipomedico.com\/?product=ultrasonido-wed9618-con-t-convexo\",\"url\":\"https:\/\/buscoequipomedico.com\/?product=ultrasonido-wed9618-con-t-convexo\",\"name\":\"ULTRASONIDO WED9618 CON T\/CONVEXO - Tu mejor opci\u00f3n Equipo M\u00e9dico M\u00e9xico\",\"isPartOf\":{\"@id\":\"https:\/\/buscoequipomedico.com\/#website\"},\"primaryImageOfPage\":{\"@id\":\"https:\/\/buscoequipomedico.com\/?product=ultrasonido-wed9618-con-t-convexo#primaryimage\"},\"image\":{\"@id\":\"https:\/\/buscoequipomedico.com\/?product=ultrasonido-wed9618-con-t-convexo#primaryimage\"},\"thumbnailUrl\":\"https:\/\/buscoequipomedico.com\/wp-content\/uploads\/2020\/02\/ultrasonido-wed9618-con-t-convexo-el-ecografo-portatil-wed-9618-es-un-equipo-versatil-de-poco-peso-y-gran-calidad-de-imagen-es-u.jpg\",\"datePublished\":\"2020-02-18T07:38:07+00:00\",\"dateModified\":\"2021-02-17T00:04:15+00:00\",\"breadcrumb\":{\"@id\":\"https:\/\/buscoequipomedico.com\/?product=ultrasonido-wed9618-con-t-convexo#breadcrumb\"},\"inLanguage\":\"es\",\"potentialAction\":[{\"@type\":\"ReadAction\",\"target\":[\"https:\/\/buscoequipomedico.com\/?product=ultrasonido-wed9618-con-t-convexo\"]}]},{\"@type\":\"ImageObject\",\"inLanguage\":\"es\",\"@id\":\"https:\/\/buscoequipomedico.com\/?product=ultrasonido-wed9618-con-t-convexo#primaryimage\",\"url\":\"https:\/\/buscoequipomedico.com\/wp-content\/uploads\/2020\/02\/ultrasonido-wed9618-con-t-convexo-el-ecografo-portatil-wed-9618-es-un-equipo-versatil-de-poco-peso-y-gran-calidad-de-imagen-es-u.jpg\",\"contentUrl\":\"https:\/\/buscoequipomedico.com\/wp-content\/uploads\/2020\/02\/ultrasonido-wed9618-con-t-convexo-el-ecografo-portatil-wed-9618-es-un-equipo-versatil-de-poco-peso-y-gran-calidad-de-imagen-es-u.jpg\",\"width\":800,\"height\":800},{\"@type\":\"BreadcrumbList\",\"@id\":\"https:\/\/buscoequipomedico.com\/?product=ultrasonido-wed9618-con-t-convexo#breadcrumb\",\"itemListElement\":[{\"@type\":\"ListItem\",\"position\":1,\"name\":\"Productos\",\"item\":\"https:\/\/buscoequipomedico.com\/shop\/\"},{\"@type\":\"ListItem\",\"position\":2,\"name\":\"ULTRASONIDO WED9618 CON T\/CONVEXO\"}]},{\"@type\":\"WebSite\",\"@id\":\"https:\/\/buscoequipomedico.com\/#website\",\"url\":\"https:\/\/buscoequipomedico.com\/\",\"name\":\"Tu mejor opci\u00f3n Equipo M\u00e9dico M\u00e9xico\",\"description\":\"Tienda de equipo m\u00e9dico\",\"publisher\":{\"@id\":\"https:\/\/buscoequipomedico.com\/#organization\"},\"potentialAction\":[{\"@type\":\"SearchAction\",\"target\":{\"@type\":\"EntryPoint\",\"urlTemplate\":\"https:\/\/buscoequipomedico.com\/?s={search_term_string}\"},\"query-input\":{\"@type\":\"PropertyValueSpecification\",\"valueRequired\":true,\"valueName\":\"search_term_string\"}}],\"inLanguage\":\"es\"},{\"@type\":\"Organization\",\"@id\":\"https:\/\/buscoequipomedico.com\/#organization\",\"name\":\"Tu mejor opci\u00f3n Equipo M\u00e9dico M\u00e9xico\",\"url\":\"https:\/\/buscoequipomedico.com\/\",\"logo\":{\"@type\":\"ImageObject\",\"inLanguage\":\"es\",\"@id\":\"https:\/\/buscoequipomedico.com\/#\/schema\/logo\/image\/\",\"url\":\"https:\/\/buscoequipomedico.com\/wp-content\/uploads\/2021\/07\/EMM-VPrincipal-scaled.jpg\",\"contentUrl\":\"https:\/\/buscoequipomedico.com\/wp-content\/uploads\/2021\/07\/EMM-VPrincipal-scaled.jpg\",\"width\":2560,\"height\":1058,\"caption\":\"Tu mejor opci\u00f3n Equipo M\u00e9dico M\u00e9xico\"},\"image\":{\"@id\":\"https:\/\/buscoequipomedico.com\/#\/schema\/logo\/image\/\"}}]}<\/script>\n<!-- \/ Yoast SEO plugin. -->","yoast_head_json":{"title":"ULTRASONIDO WED9618 CON T\/CONVEXO - Tu mejor opci\u00f3n Equipo M\u00e9dico M\u00e9xico","robots":{"index":"index","follow":"follow","max-snippet":"max-snippet:-1","max-image-preview":"max-image-preview:large","max-video-preview":"max-video-preview:-1"},"canonical":"https:\/\/buscoequipomedico.com\/?product=ultrasonido-wed9618-con-t-convexo","og_locale":"es_ES","og_type":"article","og_title":"ULTRASONIDO WED9618 CON T\/CONVEXO - Tu mejor opci\u00f3n Equipo M\u00e9dico M\u00e9xico","og_description":"El\u00a0Ec\u00f3grafo Port\u00e1til WED-9618\u00a0es un equipo vers\u00e1til, de poco peso y gran calidad de imagen, es una soluci\u00f3n rentable en cualquier aplicaci\u00f3n, se distingue por su tecnolog\u00eda\u00a0Full Digital\u00a0Beamforming\u00a0que aporta calidad de imagen brillante y clara.\u00a0Las\u00a0sondas intercambiables\u00a0ofrecen una amplia gama aplicaciones.\u00a0 Aplicaciones:\u00a0Abdominal, OB\/GIN, Urolog\u00eda, Partes blandas, Cardiolog\u00eda, Traumatologia, Fisioterapia, Pediatr\u00eda, etc.","og_url":"https:\/\/buscoequipomedico.com\/?product=ultrasonido-wed9618-con-t-convexo","og_site_name":"Tu mejor opci\u00f3n Equipo M\u00e9dico M\u00e9xico","article_modified_time":"2021-02-17T00:04:15+00:00","og_image":[{"width":800,"height":800,"url":"https:\/\/buscoequipomedico.com\/wp-content\/uploads\/2020\/02\/ultrasonido-wed9618-con-t-convexo-el-ecografo-portatil-wed-9618-es-un-equipo-versatil-de-poco-peso-y-gran-calidad-de-imagen-es-u.jpg","type":"image\/png"}],"twitter_card":"summary_large_image","twitter_misc":{"Tiempo de lectura":"1 minuto"},"schema":{"@context":"https:\/\/schema.org","@graph":[{"@type":"WebPage","@id":"https:\/\/buscoequipomedico.com\/?product=ultrasonido-wed9618-con-t-convexo","url":"https:\/\/buscoequipomedico.com\/?product=ultrasonido-wed9618-con-t-convexo","name":"ULTRASONIDO WED9618 CON T\/CONVEXO - Tu mejor opci\u00f3n Equipo M\u00e9dico M\u00e9xico","isPartOf":{"@id":"https:\/\/buscoequipomedico.com\/#website"},"primaryImageOfPage":{"@id":"https:\/\/buscoequipomedico.com\/?product=ultrasonido-wed9618-con-t-convexo#primaryimage"},"image":{"@id":"https:\/\/buscoequipomedico.com\/?product=ultrasonido-wed9618-con-t-convexo#primaryimage"},"thumbnailUrl":"https:\/\/buscoequipomedico.com\/wp-content\/uploads\/2020\/02\/ultrasonido-wed9618-con-t-convexo-el-ecografo-portatil-wed-9618-es-un-equipo-versatil-de-poco-peso-y-gran-calidad-de-imagen-es-u.jpg","datePublished":"2020-02-18T07:38:07+00:00","dateModified":"2021-02-17T00:04:15+00:00","breadcrumb":{"@id":"https:\/\/buscoequipomedico.com\/?product=ultrasonido-wed9618-con-t-convexo#breadcrumb"},"inLanguage":"es","potentialAction":[{"@type":"ReadAction","target":["https:\/\/buscoequipomedico.com\/?product=ultrasonido-wed9618-con-t-convexo"]}]},{"@type":"ImageObject","inLanguage":"es","@id":"https:\/\/buscoequipomedico.com\/?product=ultrasonido-wed9618-con-t-convexo#primaryimage","url":"https:\/\/buscoequipomedico.com\/wp-content\/uploads\/2020\/02\/ultrasonido-wed9618-con-t-convexo-el-ecografo-portatil-wed-9618-es-un-equipo-versatil-de-poco-peso-y-gran-calidad-de-imagen-es-u.jpg","contentUrl":"https:\/\/buscoequipomedico.com\/wp-content\/uploads\/2020\/02\/ultrasonido-wed9618-con-t-convexo-el-ecografo-portatil-wed-9618-es-un-equipo-versatil-de-poco-peso-y-gran-calidad-de-imagen-es-u.jpg","width":800,"height":800},{"@type":"BreadcrumbList","@id":"https:\/\/buscoequipomedico.com\/?product=ultrasonido-wed9618-con-t-convexo#breadcrumb","itemListElement":[{"@type":"ListItem","position":1,"name":"Productos","item":"https:\/\/buscoequipomedico.com\/shop\/"},{"@type":"ListItem","position":2,"name":"ULTRASONIDO WED9618 CON T\/CONVEXO"}]},{"@type":"WebSite","@id":"https:\/\/buscoequipomedico.com\/#website","url":"https:\/\/buscoequipomedico.com\/","name":"Tu mejor opci\u00f3n Equipo M\u00e9dico M\u00e9xico","description":"Tienda de equipo m\u00e9dico","publisher":{"@id":"https:\/\/buscoequipomedico.com\/#organization"},"potentialAction":[{"@type":"SearchAction","target":{"@type":"EntryPoint","urlTemplate":"https:\/\/buscoequipomedico.com\/?s={search_term_string}"},"query-input":{"@type":"PropertyValueSpecification","valueRequired":true,"valueName":"search_term_string"}}],"inLanguage":"es"},{"@type":"Organization","@id":"https:\/\/buscoequipomedico.com\/#organization","name":"Tu mejor opci\u00f3n Equipo M\u00e9dico M\u00e9xico","url":"https:\/\/buscoequipomedico.com\/","logo":{"@type":"ImageObject","inLanguage":"es","@id":"https:\/\/buscoequipomedico.com\/#\/schema\/logo\/image\/","url":"https:\/\/buscoequipomedico.com\/wp-content\/uploads\/2021\/07\/EMM-VPrincipal-scaled.jpg","contentUrl":"https:\/\/buscoequipomedico.com\/wp-content\/uploads\/2021\/07\/EMM-VPrincipal-scaled.jpg","width":2560,"height":1058,"caption":"Tu mejor opci\u00f3n Equipo M\u00e9dico M\u00e9xico"},"image":{"@id":"https:\/\/buscoequipomedico.com\/#\/schema\/logo\/image\/"}}]}},"_links":{"self":[{"href":"https:\/\/buscoequipomedico.com\/index.php?rest_route=\/wp\/v2\/product\/13581","targetHints":{"allow":["GET"]}}],"collection":[{"href":"https:\/\/buscoequipomedico.com\/index.php?rest_route=\/wp\/v2\/product"}],"about":[{"href":"https:\/\/buscoequipomedico.com\/index.php?rest_route=\/wp\/v2\/types\/product"}],"wp:featuredmedia":[{"embeddable":true,"href":"https:\/\/buscoequipomedico.com\/index.php?rest_route=\/wp\/v2\/media\/13582"}],"wp:attachment":[{"href":"https:\/\/buscoequipomedico.com\/index.php?rest_route=%2Fwp%2Fv2%2Fmedia&parent=13581"}],"wp:term":[{"taxonomy":"product_brand","embeddable":true,"href":"https:\/\/buscoequipomedico.com\/index.php?rest_route=%2Fwp%2Fv2%2Fproduct_brand&post=13581"},{"taxonomy":"product_cat","embeddable":true,"href":"https:\/\/buscoequipomedico.com\/index.php?rest_route=%2Fwp%2Fv2%2Fproduct_cat&post=13581"},{"taxonomy":"product_tag","embeddable":true,"href":"https:\/\/buscoequipomedico.com\/index.php?rest_route=%2Fwp%2Fv2%2Fproduct_tag&post=13581"}],"curies":[{"name":"wp","href":"https:\/\/api.w.org\/{rel}","templated":true}]}}