{"id":13681,"date":"2020-12-05T00:10:15","date_gmt":"2020-12-05T00:10:15","guid":{"rendered":"https:\/\/equipomedicomexico-com.preview-domain.com\/?post_type=product&#038;p=13681"},"modified":"2020-12-05T00:21:22","modified_gmt":"2020-12-05T00:21:22","slug":"concentrador-de-oxigeno-yuwell-de-5-litros-con-nebulizador","status":"publish","type":"product","link":"https:\/\/buscoequipomedico.com\/?product=concentrador-de-oxigeno-yuwell-de-5-litros-con-nebulizador","title":{"rendered":"Concentrador De Oxigeno Yuwell De 5 Litros Con Nebulizador"},"content":{"rendered":"<h2>Descripci\u00f3n<\/h2>\n<p>Concentrador De Oxigeno Yuwell De 5 Litros Con Nebulizador,<br \/>\n\u00bbConcentrador de Ox\u00edgeno de flujo continuo,<br \/>\n\u00bbFuncionamiento silencioso,<br \/>\n\u00bbCon nebulizador integrado,<br \/>\n\u00bbF\u00e1cil mantenimiento,<br \/>\n\u00bbPantalla LCD,<br \/>\n\u00bbControl infrarrojo del sistema<\/p>\n<h2>Especificaciones<\/h2>\n<p>Tasa de flujo: 0 a 5 L\/min,<br \/>\n\u00bbFlujo m\u00e1ximo recomendado: 5L\/min,<br \/>\n\u00bbConcentraci\u00f3n de ox\u00edgeno: 95.5%-87%,<br \/>\n\u00bb\u00cdndice de ruido: &lt;52 dB,<br \/>\n\u00bb\u00cddndice m\u00e1ximo de nebulizaci\u00f3n: &gt;0.15 mL\/min,<br \/>\n\u00bbPeso: 11.8 Kg,<br \/>\n\u00bbDimensiones:39 x 24.5 x 50 cm,<br \/>\n\u00bbAltitud m\u00e1xima de funcionamiento:1828 m\/snm,<br \/>\n\u00bbFunci\u00f3n de alarma de presi\u00f3n alta, baja.<br \/>\napagado autom\u00e1tico,<br \/>\n\u00bbAlta temperatura de compresor, apagado autom\u00e1tico,<br \/>\n\u00bbSobrecarga de corriente o perdida de conexi\u00f3n, apagado de autom\u00e1tico,<br \/>\n\u00bbError del compresor, apagado autom\u00e1tico,<br \/>\n\u00bbTiempo de operaci\u00f3n m\u00ednimo: 30 minutos,<br \/>\n\u00bbSistema de trabajo: continuo,<br \/>\n\u00bbTemporizador ajustable: de 0 a 99 minutos<\/p>\n<p>&nbsp;<\/p>\n<h2>Usos<\/h2>\n<div class=\"body\">\n<p>\u00bbIdeal para suministrar ox\u00edgeno de alta pureza a pacientes con problemas respiratorios,<br \/>\n\u00bbEs posible su uso en cl\u00ednicas, hospitales y en el hogar<\/p>\n<\/div>\n<p>&nbsp;<\/p>\n","protected":false},"excerpt":{"rendered":"<p>Concentrador De Oxigeno Yuwell De 5 Litros Con Nebulizador,<br \/>\n\u00bbConcentrador de Ox\u00edgeno de flujo continuo,<br \/>\n\u00bbFuncionamiento silencioso,<br \/>\n\u00bbCon nebulizador integrado,<br \/>\n\u00bbF\u00e1cil mantenimiento,<br \/>\n\u00bbPantalla LCD,<br \/>\n\u00bbControl infrarrojo del sistema<\/p>\n","protected":false},"featured_media":13682,"template":"","meta":{"_joinchat":[]},"product_brand":[],"product_cat":[213],"product_tag":[339,336,338],"class_list":{"0":"post-13681","1":"product","2":"type-product","3":"status-publish","4":"has-post-thumbnail","6":"product_cat-concentradores","7":"product_tag-concentrador-de-5-litros","8":"product_tag-concentrador-de-oxigeno-yuwell-de-5-litros","9":"product_tag-nebulizador","11":"first","12":"instock","13":"shipping-taxable","14":"product-type-simple"},"yoast_head":"<!-- This site is optimized with the Yoast SEO plugin v25.1 - https:\/\/yoast.com\/wordpress\/plugins\/seo\/ -->\n<title>Concentrador De Oxigeno Yuwell De 5 Litros Con Nebulizador - Tu mejor opci\u00f3n Equipo M\u00e9dico M\u00e9xico<\/title>\n<meta name=\"description\" content=\"Concentrador- De -Oxigen-o Yuwell -De- 5 -Litros- Con -Nebulizador\" \/>\n<meta name=\"robots\" content=\"index, follow, max-snippet:-1, max-image-preview:large, max-video-preview:-1\" \/>\n<link rel=\"canonical\" href=\"https:\/\/buscoequipomedico.com\/?product=concentrador-de-oxigeno-yuwell-de-5-litros-con-nebulizador\" \/>\n<meta property=\"og:locale\" content=\"es_ES\" \/>\n<meta property=\"og:type\" content=\"article\" \/>\n<meta property=\"og:title\" content=\"Concentrador De Oxigeno Yuwell De 5 Litros Con Nebulizador - Tu mejor opci\u00f3n Equipo M\u00e9dico M\u00e9xico\" \/>\n<meta property=\"og:description\" content=\"Concentrador- De -Oxigen-o Yuwell -De- 5 -Litros- Con -Nebulizador\" \/>\n<meta property=\"og:url\" content=\"https:\/\/buscoequipomedico.com\/?product=concentrador-de-oxigeno-yuwell-de-5-litros-con-nebulizador\" \/>\n<meta property=\"og:site_name\" content=\"Tu mejor opci\u00f3n Equipo M\u00e9dico M\u00e9xico\" \/>\n<meta property=\"article:modified_time\" content=\"2020-12-05T00:21:22+00:00\" \/>\n<meta property=\"og:image\" content=\"https:\/\/buscoequipomedico.com\/wp-content\/uploads\/2020\/12\/0007611_concentrador-de-oxigeno-yuwell-de-5-litros-nebulizador-y-carrito_510.jpg\" \/>\n\t<meta property=\"og:image:width\" content=\"510\" \/>\n\t<meta property=\"og:image:height\" content=\"510\" \/>\n\t<meta property=\"og:image:type\" content=\"image\/jpeg\" \/>\n<meta name=\"twitter:card\" content=\"summary_large_image\" \/>\n<meta name=\"twitter:label1\" content=\"Tiempo de lectura\" \/>\n\t<meta name=\"twitter:data1\" content=\"1 minuto\" \/>\n<script type=\"application\/ld+json\" class=\"yoast-schema-graph\">{\"@context\":\"https:\/\/schema.org\",\"@graph\":[{\"@type\":\"WebPage\",\"@id\":\"https:\/\/buscoequipomedico.com\/?product=concentrador-de-oxigeno-yuwell-de-5-litros-con-nebulizador\",\"url\":\"https:\/\/buscoequipomedico.com\/?product=concentrador-de-oxigeno-yuwell-de-5-litros-con-nebulizador\",\"name\":\"Concentrador De Oxigeno Yuwell De 5 Litros Con Nebulizador - Tu mejor opci\u00f3n Equipo M\u00e9dico M\u00e9xico\",\"isPartOf\":{\"@id\":\"https:\/\/buscoequipomedico.com\/#website\"},\"primaryImageOfPage\":{\"@id\":\"https:\/\/buscoequipomedico.com\/?product=concentrador-de-oxigeno-yuwell-de-5-litros-con-nebulizador#primaryimage\"},\"image\":{\"@id\":\"https:\/\/buscoequipomedico.com\/?product=concentrador-de-oxigeno-yuwell-de-5-litros-con-nebulizador#primaryimage\"},\"thumbnailUrl\":\"https:\/\/buscoequipomedico.com\/wp-content\/uploads\/2020\/12\/0007611_concentrador-de-oxigeno-yuwell-de-5-litros-nebulizador-y-carrito_510.jpg\",\"datePublished\":\"2020-12-05T00:10:15+00:00\",\"dateModified\":\"2020-12-05T00:21:22+00:00\",\"description\":\"Concentrador- De -Oxigen-o Yuwell -De- 5 -Litros- Con -Nebulizador\",\"breadcrumb\":{\"@id\":\"https:\/\/buscoequipomedico.com\/?product=concentrador-de-oxigeno-yuwell-de-5-litros-con-nebulizador#breadcrumb\"},\"inLanguage\":\"es\",\"potentialAction\":[{\"@type\":\"ReadAction\",\"target\":[\"https:\/\/buscoequipomedico.com\/?product=concentrador-de-oxigeno-yuwell-de-5-litros-con-nebulizador\"]}]},{\"@type\":\"ImageObject\",\"inLanguage\":\"es\",\"@id\":\"https:\/\/buscoequipomedico.com\/?product=concentrador-de-oxigeno-yuwell-de-5-litros-con-nebulizador#primaryimage\",\"url\":\"https:\/\/buscoequipomedico.com\/wp-content\/uploads\/2020\/12\/0007611_concentrador-de-oxigeno-yuwell-de-5-litros-nebulizador-y-carrito_510.jpg\",\"contentUrl\":\"https:\/\/buscoequipomedico.com\/wp-content\/uploads\/2020\/12\/0007611_concentrador-de-oxigeno-yuwell-de-5-litros-nebulizador-y-carrito_510.jpg\",\"width\":510,\"height\":510},{\"@type\":\"BreadcrumbList\",\"@id\":\"https:\/\/buscoequipomedico.com\/?product=concentrador-de-oxigeno-yuwell-de-5-litros-con-nebulizador#breadcrumb\",\"itemListElement\":[{\"@type\":\"ListItem\",\"position\":1,\"name\":\"Productos\",\"item\":\"https:\/\/buscoequipomedico.com\/shop\/\"},{\"@type\":\"ListItem\",\"position\":2,\"name\":\"Concentrador De Oxigeno Yuwell De 5 Litros Con Nebulizador\"}]},{\"@type\":\"WebSite\",\"@id\":\"https:\/\/buscoequipomedico.com\/#website\",\"url\":\"https:\/\/buscoequipomedico.com\/\",\"name\":\"Tu mejor opci\u00f3n Equipo M\u00e9dico M\u00e9xico\",\"description\":\"Tienda de equipo m\u00e9dico\",\"publisher\":{\"@id\":\"https:\/\/buscoequipomedico.com\/#organization\"},\"potentialAction\":[{\"@type\":\"SearchAction\",\"target\":{\"@type\":\"EntryPoint\",\"urlTemplate\":\"https:\/\/buscoequipomedico.com\/?s={search_term_string}\"},\"query-input\":{\"@type\":\"PropertyValueSpecification\",\"valueRequired\":true,\"valueName\":\"search_term_string\"}}],\"inLanguage\":\"es\"},{\"@type\":\"Organization\",\"@id\":\"https:\/\/buscoequipomedico.com\/#organization\",\"name\":\"Tu mejor opci\u00f3n Equipo M\u00e9dico M\u00e9xico\",\"url\":\"https:\/\/buscoequipomedico.com\/\",\"logo\":{\"@type\":\"ImageObject\",\"inLanguage\":\"es\",\"@id\":\"https:\/\/buscoequipomedico.com\/#\/schema\/logo\/image\/\",\"url\":\"https:\/\/buscoequipomedico.com\/wp-content\/uploads\/2021\/07\/EMM-VPrincipal-scaled.jpg\",\"contentUrl\":\"https:\/\/buscoequipomedico.com\/wp-content\/uploads\/2021\/07\/EMM-VPrincipal-scaled.jpg\",\"width\":2560,\"height\":1058,\"caption\":\"Tu mejor opci\u00f3n Equipo M\u00e9dico M\u00e9xico\"},\"image\":{\"@id\":\"https:\/\/buscoequipomedico.com\/#\/schema\/logo\/image\/\"}}]}<\/script>\n<!-- \/ Yoast SEO plugin. -->","yoast_head_json":{"title":"Concentrador De Oxigeno Yuwell De 5 Litros Con Nebulizador - Tu mejor opci\u00f3n Equipo M\u00e9dico M\u00e9xico","description":"Concentrador- De -Oxigen-o Yuwell -De- 5 -Litros- Con -Nebulizador","robots":{"index":"index","follow":"follow","max-snippet":"max-snippet:-1","max-image-preview":"max-image-preview:large","max-video-preview":"max-video-preview:-1"},"canonical":"https:\/\/buscoequipomedico.com\/?product=concentrador-de-oxigeno-yuwell-de-5-litros-con-nebulizador","og_locale":"es_ES","og_type":"article","og_title":"Concentrador De Oxigeno Yuwell De 5 Litros Con Nebulizador - Tu mejor opci\u00f3n Equipo M\u00e9dico M\u00e9xico","og_description":"Concentrador- De -Oxigen-o Yuwell -De- 5 -Litros- Con -Nebulizador","og_url":"https:\/\/buscoequipomedico.com\/?product=concentrador-de-oxigeno-yuwell-de-5-litros-con-nebulizador","og_site_name":"Tu mejor opci\u00f3n Equipo M\u00e9dico M\u00e9xico","article_modified_time":"2020-12-05T00:21:22+00:00","og_image":[{"width":510,"height":510,"url":"https:\/\/buscoequipomedico.com\/wp-content\/uploads\/2020\/12\/0007611_concentrador-de-oxigeno-yuwell-de-5-litros-nebulizador-y-carrito_510.jpg","type":"image\/jpeg"}],"twitter_card":"summary_large_image","twitter_misc":{"Tiempo de lectura":"1 minuto"},"schema":{"@context":"https:\/\/schema.org","@graph":[{"@type":"WebPage","@id":"https:\/\/buscoequipomedico.com\/?product=concentrador-de-oxigeno-yuwell-de-5-litros-con-nebulizador","url":"https:\/\/buscoequipomedico.com\/?product=concentrador-de-oxigeno-yuwell-de-5-litros-con-nebulizador","name":"Concentrador De Oxigeno Yuwell De 5 Litros Con Nebulizador - Tu mejor opci\u00f3n Equipo M\u00e9dico M\u00e9xico","isPartOf":{"@id":"https:\/\/buscoequipomedico.com\/#website"},"primaryImageOfPage":{"@id":"https:\/\/buscoequipomedico.com\/?product=concentrador-de-oxigeno-yuwell-de-5-litros-con-nebulizador#primaryimage"},"image":{"@id":"https:\/\/buscoequipomedico.com\/?product=concentrador-de-oxigeno-yuwell-de-5-litros-con-nebulizador#primaryimage"},"thumbnailUrl":"https:\/\/buscoequipomedico.com\/wp-content\/uploads\/2020\/12\/0007611_concentrador-de-oxigeno-yuwell-de-5-litros-nebulizador-y-carrito_510.jpg","datePublished":"2020-12-05T00:10:15+00:00","dateModified":"2020-12-05T00:21:22+00:00","description":"Concentrador- De -Oxigen-o Yuwell -De- 5 -Litros- Con -Nebulizador","breadcrumb":{"@id":"https:\/\/buscoequipomedico.com\/?product=concentrador-de-oxigeno-yuwell-de-5-litros-con-nebulizador#breadcrumb"},"inLanguage":"es","potentialAction":[{"@type":"ReadAction","target":["https:\/\/buscoequipomedico.com\/?product=concentrador-de-oxigeno-yuwell-de-5-litros-con-nebulizador"]}]},{"@type":"ImageObject","inLanguage":"es","@id":"https:\/\/buscoequipomedico.com\/?product=concentrador-de-oxigeno-yuwell-de-5-litros-con-nebulizador#primaryimage","url":"https:\/\/buscoequipomedico.com\/wp-content\/uploads\/2020\/12\/0007611_concentrador-de-oxigeno-yuwell-de-5-litros-nebulizador-y-carrito_510.jpg","contentUrl":"https:\/\/buscoequipomedico.com\/wp-content\/uploads\/2020\/12\/0007611_concentrador-de-oxigeno-yuwell-de-5-litros-nebulizador-y-carrito_510.jpg","width":510,"height":510},{"@type":"BreadcrumbList","@id":"https:\/\/buscoequipomedico.com\/?product=concentrador-de-oxigeno-yuwell-de-5-litros-con-nebulizador#breadcrumb","itemListElement":[{"@type":"ListItem","position":1,"name":"Productos","item":"https:\/\/buscoequipomedico.com\/shop\/"},{"@type":"ListItem","position":2,"name":"Concentrador De Oxigeno Yuwell De 5 Litros Con Nebulizador"}]},{"@type":"WebSite","@id":"https:\/\/buscoequipomedico.com\/#website","url":"https:\/\/buscoequipomedico.com\/","name":"Tu mejor opci\u00f3n Equipo M\u00e9dico M\u00e9xico","description":"Tienda de equipo m\u00e9dico","publisher":{"@id":"https:\/\/buscoequipomedico.com\/#organization"},"potentialAction":[{"@type":"SearchAction","target":{"@type":"EntryPoint","urlTemplate":"https:\/\/buscoequipomedico.com\/?s={search_term_string}"},"query-input":{"@type":"PropertyValueSpecification","valueRequired":true,"valueName":"search_term_string"}}],"inLanguage":"es"},{"@type":"Organization","@id":"https:\/\/buscoequipomedico.com\/#organization","name":"Tu mejor opci\u00f3n Equipo M\u00e9dico M\u00e9xico","url":"https:\/\/buscoequipomedico.com\/","logo":{"@type":"ImageObject","inLanguage":"es","@id":"https:\/\/buscoequipomedico.com\/#\/schema\/logo\/image\/","url":"https:\/\/buscoequipomedico.com\/wp-content\/uploads\/2021\/07\/EMM-VPrincipal-scaled.jpg","contentUrl":"https:\/\/buscoequipomedico.com\/wp-content\/uploads\/2021\/07\/EMM-VPrincipal-scaled.jpg","width":2560,"height":1058,"caption":"Tu mejor opci\u00f3n Equipo M\u00e9dico M\u00e9xico"},"image":{"@id":"https:\/\/buscoequipomedico.com\/#\/schema\/logo\/image\/"}}]}},"_links":{"self":[{"href":"https:\/\/buscoequipomedico.com\/index.php?rest_route=\/wp\/v2\/product\/13681","targetHints":{"allow":["GET"]}}],"collection":[{"href":"https:\/\/buscoequipomedico.com\/index.php?rest_route=\/wp\/v2\/product"}],"about":[{"href":"https:\/\/buscoequipomedico.com\/index.php?rest_route=\/wp\/v2\/types\/product"}],"wp:featuredmedia":[{"embeddable":true,"href":"https:\/\/buscoequipomedico.com\/index.php?rest_route=\/wp\/v2\/media\/13682"}],"wp:attachment":[{"href":"https:\/\/buscoequipomedico.com\/index.php?rest_route=%2Fwp%2Fv2%2Fmedia&parent=13681"}],"wp:term":[{"taxonomy":"product_brand","embeddable":true,"href":"https:\/\/buscoequipomedico.com\/index.php?rest_route=%2Fwp%2Fv2%2Fproduct_brand&post=13681"},{"taxonomy":"product_cat","embeddable":true,"href":"https:\/\/buscoequipomedico.com\/index.php?rest_route=%2Fwp%2Fv2%2Fproduct_cat&post=13681"},{"taxonomy":"product_tag","embeddable":true,"href":"https:\/\/buscoequipomedico.com\/index.php?rest_route=%2Fwp%2Fv2%2Fproduct_tag&post=13681"}],"curies":[{"name":"wp","href":"https:\/\/api.w.org\/{rel}","templated":true}]}}