{"id":13685,"date":"2020-12-05T00:32:14","date_gmt":"2020-12-05T00:32:14","guid":{"rendered":"https:\/\/equipomedicomexico-com.preview-domain.com\/?post_type=product&#038;p=13685"},"modified":"2021-08-20T09:30:42","modified_gmt":"2021-08-20T14:30:42","slug":"concentrador-de-oxigeno-10-litros-millenium-m10","status":"publish","type":"product","link":"https:\/\/buscoequipomedico.com\/?product=concentrador-de-oxigeno-10-litros-millenium-m10","title":{"rendered":"Concentrador de Ox\u00edgeno 10 Litros Millenium M10"},"content":{"rendered":"<p>&nbsp;<\/p>\n<p>DESCRIPCI\u00d3N<\/p>\n<p>El Millenium M10 est\u00e1 dise\u00f1ado para ser el dispositivo de ox\u00edgeno de m\u00e1s alto desempe\u00f1o y confiabilidad disponible de 10 litros. Est\u00e1 fabricado para reducir el costo que representa proporcionar ox\u00edgeno para los pacientes que necesitan altos niveles de ox\u00edgeno. Proporciona hasta 10 litros de ox\u00edgeno por minuto. El tubo protector protege eficientemente los alambres y tubos electr\u00f3nicos. La v\u00e1lvula SMCT de \u201cciclo seguro\u201d es libre de mantenimiento.<\/p>\n<p>CARACTERISTICAS<\/p>\n<ol>\n<li type=\"disc\">Tasa de flujo: Hasta 10 LPM en incrementos de 1 litro l\/min<\/li>\n<li type=\"disc\">Requisitos el\u00e9ctricos: 120V\/60Hz (+\/- 10%)<\/li>\n<li type=\"disc\">Indicador del porcentaje de ox\u00edgeno: Luz verde mayor que 82% \/ Luz amarilla entre 70-82% \/ Luz roja menor que 70%<\/li>\n<li type=\"disc\">Dimensiones 68.5x48x33 cm<\/li>\n<li type=\"disc\">Oxigeno:<br \/>\n92 +\/\u2013 4% a 8-10 LPM<br \/>\n94 +\/\u2013 2% a 3-7 LPM<br \/>\n92 +\/\u2013 4% a 1-2 LPM<\/li>\n<li type=\"disc\">Indicadores de alarma: Alta presi\u00f3n del sistema \/ Baja presi\u00f3n del sistema \/ Falla de energ\u00eda \/ Bajo nivel de ox\u00edgeno \/ Sin flujo de ox\u00edgeno<\/li>\n<li type=\"disc\">Temperatura de funcionamiento 13 a 32 \u00b0C<\/li>\n<li type=\"disc\">Consumo de energia: 600 watts<\/li>\n<li type=\"disc\">Presi\u00f3n de operaci\u00f3n 10 a 30 PSIG<\/li>\n<li type=\"disc\">Peso 15 kg<\/li>\n<\/ol>\n","protected":false},"excerpt":{"rendered":"<p><a href=\"https:\/\/buscoequipomedico.com\/wp-content\/uploads\/2020\/12\/ficha-tecnica-millennium-m10-2.pdf\">ficha-tecnica-millennium-m10<\/a>El Millenium M10 est\u00e1 dise\u00f1ado para ser el dispositivo de ox\u00edgeno de m\u00e1s alto desempe\u00f1o y confiabilidad disponible de 10 litros<\/p>\n","protected":false},"featured_media":13689,"template":"","meta":{"_joinchat":[]},"product_brand":[],"product_cat":[213],"product_tag":[343,340,341,344,346,345,342],"class_list":{"0":"post-13685","1":"product","2":"type-product","3":"status-publish","4":"has-post-thumbnail","6":"product_cat-concentradores","7":"product_tag-343","8":"product_tag-concentrador","9":"product_tag-de","10":"product_tag-litros","11":"product_tag-m10","12":"product_tag-millenium","13":"product_tag-oxigeno","15":"first","16":"instock","17":"shipping-taxable","18":"product-type-simple"},"yoast_head":"<!-- This site is optimized with the Yoast SEO plugin v25.1 - https:\/\/yoast.com\/wordpress\/plugins\/seo\/ -->\n<title>Concentrador de Ox\u00edgeno 10 Litros Millenium M10 - Tu mejor opci\u00f3n Equipo M\u00e9dico M\u00e9xico<\/title>\n<meta name=\"description\" content=\"Concentrador- de -Ox\u00edgeno- 10- Litros- Millenium- M10\" \/>\n<meta name=\"robots\" content=\"index, follow, max-snippet:-1, max-image-preview:large, max-video-preview:-1\" \/>\n<link rel=\"canonical\" href=\"https:\/\/buscoequipomedico.com\/?product=concentrador-de-oxigeno-10-litros-millenium-m10\" \/>\n<meta property=\"og:locale\" content=\"es_ES\" \/>\n<meta property=\"og:type\" content=\"article\" \/>\n<meta property=\"og:title\" content=\"Concentrador de Ox\u00edgeno 10 Litros Millenium M10 - Tu mejor opci\u00f3n Equipo M\u00e9dico M\u00e9xico\" \/>\n<meta property=\"og:description\" content=\"Concentrador- de -Ox\u00edgeno- 10- Litros- Millenium- M10\" \/>\n<meta property=\"og:url\" content=\"https:\/\/buscoequipomedico.com\/?product=concentrador-de-oxigeno-10-litros-millenium-m10\" \/>\n<meta property=\"og:site_name\" content=\"Tu mejor opci\u00f3n Equipo M\u00e9dico M\u00e9xico\" \/>\n<meta property=\"article:modified_time\" content=\"2021-08-20T14:30:42+00:00\" \/>\n<meta property=\"og:image\" content=\"https:\/\/buscoequipomedico.com\/wp-content\/uploads\/2020\/12\/concentradormilenium10lts_532x576.png\" \/>\n\t<meta property=\"og:image:width\" content=\"532\" \/>\n\t<meta property=\"og:image:height\" content=\"575\" \/>\n\t<meta property=\"og:image:type\" content=\"image\/png\" \/>\n<meta name=\"twitter:card\" content=\"summary_large_image\" \/>\n<meta name=\"twitter:label1\" content=\"Tiempo de lectura\" \/>\n\t<meta name=\"twitter:data1\" content=\"1 minuto\" \/>\n<script type=\"application\/ld+json\" class=\"yoast-schema-graph\">{\"@context\":\"https:\/\/schema.org\",\"@graph\":[{\"@type\":\"WebPage\",\"@id\":\"https:\/\/buscoequipomedico.com\/?product=concentrador-de-oxigeno-10-litros-millenium-m10\",\"url\":\"https:\/\/buscoequipomedico.com\/?product=concentrador-de-oxigeno-10-litros-millenium-m10\",\"name\":\"Concentrador de Ox\u00edgeno 10 Litros Millenium M10 - Tu mejor opci\u00f3n Equipo M\u00e9dico M\u00e9xico\",\"isPartOf\":{\"@id\":\"https:\/\/buscoequipomedico.com\/#website\"},\"primaryImageOfPage\":{\"@id\":\"https:\/\/buscoequipomedico.com\/?product=concentrador-de-oxigeno-10-litros-millenium-m10#primaryimage\"},\"image\":{\"@id\":\"https:\/\/buscoequipomedico.com\/?product=concentrador-de-oxigeno-10-litros-millenium-m10#primaryimage\"},\"thumbnailUrl\":\"https:\/\/buscoequipomedico.com\/wp-content\/uploads\/2020\/12\/concentradormilenium10lts_532x576.png\",\"datePublished\":\"2020-12-05T00:32:14+00:00\",\"dateModified\":\"2021-08-20T14:30:42+00:00\",\"description\":\"Concentrador- de -Ox\u00edgeno- 10- Litros- Millenium- M10\",\"breadcrumb\":{\"@id\":\"https:\/\/buscoequipomedico.com\/?product=concentrador-de-oxigeno-10-litros-millenium-m10#breadcrumb\"},\"inLanguage\":\"es\",\"potentialAction\":[{\"@type\":\"ReadAction\",\"target\":[\"https:\/\/buscoequipomedico.com\/?product=concentrador-de-oxigeno-10-litros-millenium-m10\"]}]},{\"@type\":\"ImageObject\",\"inLanguage\":\"es\",\"@id\":\"https:\/\/buscoequipomedico.com\/?product=concentrador-de-oxigeno-10-litros-millenium-m10#primaryimage\",\"url\":\"https:\/\/buscoequipomedico.com\/wp-content\/uploads\/2020\/12\/concentradormilenium10lts_532x576.png\",\"contentUrl\":\"https:\/\/buscoequipomedico.com\/wp-content\/uploads\/2020\/12\/concentradormilenium10lts_532x576.png\",\"width\":532,\"height\":575},{\"@type\":\"BreadcrumbList\",\"@id\":\"https:\/\/buscoequipomedico.com\/?product=concentrador-de-oxigeno-10-litros-millenium-m10#breadcrumb\",\"itemListElement\":[{\"@type\":\"ListItem\",\"position\":1,\"name\":\"Productos\",\"item\":\"https:\/\/buscoequipomedico.com\/shop\/\"},{\"@type\":\"ListItem\",\"position\":2,\"name\":\"Concentrador de Ox\u00edgeno 10 Litros Millenium M10\"}]},{\"@type\":\"WebSite\",\"@id\":\"https:\/\/buscoequipomedico.com\/#website\",\"url\":\"https:\/\/buscoequipomedico.com\/\",\"name\":\"Tu mejor opci\u00f3n Equipo M\u00e9dico M\u00e9xico\",\"description\":\"Tienda de equipo m\u00e9dico\",\"publisher\":{\"@id\":\"https:\/\/buscoequipomedico.com\/#organization\"},\"potentialAction\":[{\"@type\":\"SearchAction\",\"target\":{\"@type\":\"EntryPoint\",\"urlTemplate\":\"https:\/\/buscoequipomedico.com\/?s={search_term_string}\"},\"query-input\":{\"@type\":\"PropertyValueSpecification\",\"valueRequired\":true,\"valueName\":\"search_term_string\"}}],\"inLanguage\":\"es\"},{\"@type\":\"Organization\",\"@id\":\"https:\/\/buscoequipomedico.com\/#organization\",\"name\":\"Tu mejor opci\u00f3n Equipo M\u00e9dico M\u00e9xico\",\"url\":\"https:\/\/buscoequipomedico.com\/\",\"logo\":{\"@type\":\"ImageObject\",\"inLanguage\":\"es\",\"@id\":\"https:\/\/buscoequipomedico.com\/#\/schema\/logo\/image\/\",\"url\":\"https:\/\/buscoequipomedico.com\/wp-content\/uploads\/2021\/07\/EMM-VPrincipal-scaled.jpg\",\"contentUrl\":\"https:\/\/buscoequipomedico.com\/wp-content\/uploads\/2021\/07\/EMM-VPrincipal-scaled.jpg\",\"width\":2560,\"height\":1058,\"caption\":\"Tu mejor opci\u00f3n Equipo M\u00e9dico M\u00e9xico\"},\"image\":{\"@id\":\"https:\/\/buscoequipomedico.com\/#\/schema\/logo\/image\/\"}}]}<\/script>\n<!-- \/ Yoast SEO plugin. -->","yoast_head_json":{"title":"Concentrador de Ox\u00edgeno 10 Litros Millenium M10 - Tu mejor opci\u00f3n Equipo M\u00e9dico M\u00e9xico","description":"Concentrador- de -Ox\u00edgeno- 10- Litros- Millenium- M10","robots":{"index":"index","follow":"follow","max-snippet":"max-snippet:-1","max-image-preview":"max-image-preview:large","max-video-preview":"max-video-preview:-1"},"canonical":"https:\/\/buscoequipomedico.com\/?product=concentrador-de-oxigeno-10-litros-millenium-m10","og_locale":"es_ES","og_type":"article","og_title":"Concentrador de Ox\u00edgeno 10 Litros Millenium M10 - Tu mejor opci\u00f3n Equipo M\u00e9dico M\u00e9xico","og_description":"Concentrador- de -Ox\u00edgeno- 10- Litros- Millenium- M10","og_url":"https:\/\/buscoequipomedico.com\/?product=concentrador-de-oxigeno-10-litros-millenium-m10","og_site_name":"Tu mejor opci\u00f3n Equipo M\u00e9dico M\u00e9xico","article_modified_time":"2021-08-20T14:30:42+00:00","og_image":[{"width":532,"height":575,"url":"https:\/\/buscoequipomedico.com\/wp-content\/uploads\/2020\/12\/concentradormilenium10lts_532x576.png","type":"image\/png"}],"twitter_card":"summary_large_image","twitter_misc":{"Tiempo de lectura":"1 minuto"},"schema":{"@context":"https:\/\/schema.org","@graph":[{"@type":"WebPage","@id":"https:\/\/buscoequipomedico.com\/?product=concentrador-de-oxigeno-10-litros-millenium-m10","url":"https:\/\/buscoequipomedico.com\/?product=concentrador-de-oxigeno-10-litros-millenium-m10","name":"Concentrador de Ox\u00edgeno 10 Litros Millenium M10 - Tu mejor opci\u00f3n Equipo M\u00e9dico M\u00e9xico","isPartOf":{"@id":"https:\/\/buscoequipomedico.com\/#website"},"primaryImageOfPage":{"@id":"https:\/\/buscoequipomedico.com\/?product=concentrador-de-oxigeno-10-litros-millenium-m10#primaryimage"},"image":{"@id":"https:\/\/buscoequipomedico.com\/?product=concentrador-de-oxigeno-10-litros-millenium-m10#primaryimage"},"thumbnailUrl":"https:\/\/buscoequipomedico.com\/wp-content\/uploads\/2020\/12\/concentradormilenium10lts_532x576.png","datePublished":"2020-12-05T00:32:14+00:00","dateModified":"2021-08-20T14:30:42+00:00","description":"Concentrador- de -Ox\u00edgeno- 10- Litros- Millenium- M10","breadcrumb":{"@id":"https:\/\/buscoequipomedico.com\/?product=concentrador-de-oxigeno-10-litros-millenium-m10#breadcrumb"},"inLanguage":"es","potentialAction":[{"@type":"ReadAction","target":["https:\/\/buscoequipomedico.com\/?product=concentrador-de-oxigeno-10-litros-millenium-m10"]}]},{"@type":"ImageObject","inLanguage":"es","@id":"https:\/\/buscoequipomedico.com\/?product=concentrador-de-oxigeno-10-litros-millenium-m10#primaryimage","url":"https:\/\/buscoequipomedico.com\/wp-content\/uploads\/2020\/12\/concentradormilenium10lts_532x576.png","contentUrl":"https:\/\/buscoequipomedico.com\/wp-content\/uploads\/2020\/12\/concentradormilenium10lts_532x576.png","width":532,"height":575},{"@type":"BreadcrumbList","@id":"https:\/\/buscoequipomedico.com\/?product=concentrador-de-oxigeno-10-litros-millenium-m10#breadcrumb","itemListElement":[{"@type":"ListItem","position":1,"name":"Productos","item":"https:\/\/buscoequipomedico.com\/shop\/"},{"@type":"ListItem","position":2,"name":"Concentrador de Ox\u00edgeno 10 Litros Millenium M10"}]},{"@type":"WebSite","@id":"https:\/\/buscoequipomedico.com\/#website","url":"https:\/\/buscoequipomedico.com\/","name":"Tu mejor opci\u00f3n Equipo M\u00e9dico M\u00e9xico","description":"Tienda de equipo m\u00e9dico","publisher":{"@id":"https:\/\/buscoequipomedico.com\/#organization"},"potentialAction":[{"@type":"SearchAction","target":{"@type":"EntryPoint","urlTemplate":"https:\/\/buscoequipomedico.com\/?s={search_term_string}"},"query-input":{"@type":"PropertyValueSpecification","valueRequired":true,"valueName":"search_term_string"}}],"inLanguage":"es"},{"@type":"Organization","@id":"https:\/\/buscoequipomedico.com\/#organization","name":"Tu mejor opci\u00f3n Equipo M\u00e9dico M\u00e9xico","url":"https:\/\/buscoequipomedico.com\/","logo":{"@type":"ImageObject","inLanguage":"es","@id":"https:\/\/buscoequipomedico.com\/#\/schema\/logo\/image\/","url":"https:\/\/buscoequipomedico.com\/wp-content\/uploads\/2021\/07\/EMM-VPrincipal-scaled.jpg","contentUrl":"https:\/\/buscoequipomedico.com\/wp-content\/uploads\/2021\/07\/EMM-VPrincipal-scaled.jpg","width":2560,"height":1058,"caption":"Tu mejor opci\u00f3n Equipo M\u00e9dico M\u00e9xico"},"image":{"@id":"https:\/\/buscoequipomedico.com\/#\/schema\/logo\/image\/"}}]}},"_links":{"self":[{"href":"https:\/\/buscoequipomedico.com\/index.php?rest_route=\/wp\/v2\/product\/13685","targetHints":{"allow":["GET"]}}],"collection":[{"href":"https:\/\/buscoequipomedico.com\/index.php?rest_route=\/wp\/v2\/product"}],"about":[{"href":"https:\/\/buscoequipomedico.com\/index.php?rest_route=\/wp\/v2\/types\/product"}],"wp:featuredmedia":[{"embeddable":true,"href":"https:\/\/buscoequipomedico.com\/index.php?rest_route=\/wp\/v2\/media\/13689"}],"wp:attachment":[{"href":"https:\/\/buscoequipomedico.com\/index.php?rest_route=%2Fwp%2Fv2%2Fmedia&parent=13685"}],"wp:term":[{"taxonomy":"product_brand","embeddable":true,"href":"https:\/\/buscoequipomedico.com\/index.php?rest_route=%2Fwp%2Fv2%2Fproduct_brand&post=13685"},{"taxonomy":"product_cat","embeddable":true,"href":"https:\/\/buscoequipomedico.com\/index.php?rest_route=%2Fwp%2Fv2%2Fproduct_cat&post=13685"},{"taxonomy":"product_tag","embeddable":true,"href":"https:\/\/buscoequipomedico.com\/index.php?rest_route=%2Fwp%2Fv2%2Fproduct_tag&post=13685"}],"curies":[{"name":"wp","href":"https:\/\/api.w.org\/{rel}","templated":true}]}}