{"id":13697,"date":"2020-12-05T01:19:32","date_gmt":"2020-12-05T01:19:32","guid":{"rendered":"https:\/\/equipomedicomexico-com.preview-domain.com\/?post_type=product&#038;p=13697"},"modified":"2021-01-27T02:19:00","modified_gmt":"2021-01-27T02:19:00","slug":"concentrador-de-oxigeno-de-10-litros-r-c5210dsdr","status":"publish","type":"product","link":"https:\/\/buscoequipomedico.com\/?product=concentrador-de-oxigeno-de-10-litros-r-c5210dsdr","title":{"rendered":"Concentrador De Ox\u00edgeno De 10 Litros R-C5210DSDR"},"content":{"rendered":"<h3>Caracter\u00edsticas:<\/h3>\n<p>Una de las unidades de 10 litros m\u00e1s peque\u00f1as y ligeras del mercado.<\/p>\n<p>Basado en el legado de calidad y confiabilidad del concentrador DeVilbiss International 525, el concentrador de ox\u00edgeno 1025 ofrece las mismas caracter\u00edsticas confiables.<\/p>\n<p>Al mismo tiempo, es uno de los concentradores de alto volumen m\u00e1s peque\u00f1os y compactos del mercado sin excluir caracter\u00edsticas.<\/p>\n<p>Est\u00e1 dise\u00f1ado para proporcionar un suministro de ox\u00edgeno \u00f3ptimo para pacientes con diferentes requisitos de flujo y aquellos que necesitan m\u00e1s de 5 LPM de ox\u00edgeno.<\/p>\n<p>Garantiza la seguridad y fiabilidad del paciente para intervalos de servicio m\u00e1s largos.<\/p>\n<p>Dise\u00f1o claro para un uso f\u00e1cil.<\/p>\n<p>Ligero y compacto: pesa solo 19 kilogramos<\/p>\n<p>Etiqueta frontal con LED visibles claros y pictogramas f\u00e1ciles de leer<\/p>\n<p>Contador de horas digital: f\u00e1cil de leer en la parte superior del dispositivo<\/p>\n<p>C\u00f3modas asas superiores y laterales para facilitar el transporte<\/p>\n<p>Alto rendimiento<\/p>\n<p>Capaz de entregar hasta un 96% de pureza de 2 a 10 LPM<\/p>\n<p>Sensor OSD\u00ae para monitorear continuamente los niveles de ox\u00edgeno<\/p>\n<p>Puede incorporar f\u00e1cilmente un sistema de transferencia compatible, a trav\u00e9s del puerto auxiliar de ox\u00edgeno y Transfill Caddy compatible<\/p>\n<p>Funciones de seguridad confiables<\/p>\n<p>Salida de ox\u00edgeno que incorpora un adaptador de protecci\u00f3n contra incendios<\/p>\n<p>Probado en alta temperatura y alta humedad durante largos per\u00edodos de tiempo<\/p>\n<p>Las alarmas no requieren una bater\u00eda e indican fallas de energ\u00eda, alta temperatura del gas, alta presi\u00f3n, bajo y alto flujo, bajo ox\u00edgeno y servicio requerido<\/p>\n","protected":false},"excerpt":{"rendered":"<div id=\"product-description-short-1499\" class=\"tvproduct-page-decs\">\n<p>Equipo Medico M\u00e9xico presenta el concentrador de 10 litros de la marca Devilbiss, el cual es el equipo de condensaci\u00f3n de ox\u00edgeno m\u00e1s peque\u00f1o y silencioso del mercado, con la garant\u00eda del fabricante Devilbiss, es el equipo ideal para las enfermedades respiratorias y derivados.<\/p>\n<\/div>\n<div class=\"product-information tvproduct-special-desc\">\n<div class=\"product-actions\">\n<form id=\"add-to-cart-or-refresh\" action=\"https:\/\/medical-solutions.com.mx\/carrito\" method=\"post\">\n<div class=\"product-variants\">\n<div class=\"tv-product-page\">\n<div class=\"tv-indicator tv-bar tv-colors\">\n<div class=\"tv-outer\" style=\"box-sizing: inherit; display: block; margin-bottom: 0px !important; background-color: #d5d5e5; width: 100px; border-radius: 1000em; overflow: hidden; height: 16px; position: relative; margin-left: 0px !important; margin-right: 0px !important;\" title=\"\" data-toggle=\"tvtooltip\" data-placement=\"top\" data-html=\"true\" data-original-title=\"&lt;div class='text-center'&gt;Stock status: &lt;b&gt;Out of stock&lt;\/b&gt;&lt;\/div&gt;\"><\/div>\n<\/div>\n<\/div>\n<\/div>\n<\/form>\n<\/div>\n<\/div>\n","protected":false},"featured_media":13698,"template":"","meta":{"_joinchat":[]},"product_brand":[],"product_cat":[213],"product_tag":[343,340,341,344,354,355],"class_list":{"0":"post-13697","1":"product","2":"type-product","3":"status-publish","4":"has-post-thumbnail","6":"product_cat-concentradores","7":"product_tag-343","8":"product_tag-concentrador","9":"product_tag-de","10":"product_tag-litros","11":"product_tag-oxigeno-de","12":"product_tag-r-c5210dsdr","14":"first","15":"onbackorder","16":"shipping-taxable","17":"product-type-simple"},"yoast_head":"<!-- This site is optimized with the Yoast SEO plugin v25.1 - https:\/\/yoast.com\/wordpress\/plugins\/seo\/ -->\n<title>Concentrador De Ox\u00edgeno De 10 Litros R-C5210DSDR - Tu mejor opci\u00f3n Equipo M\u00e9dico M\u00e9xico<\/title>\n<meta name=\"robots\" content=\"index, follow, max-snippet:-1, max-image-preview:large, max-video-preview:-1\" \/>\n<link rel=\"canonical\" href=\"https:\/\/buscoequipomedico.com\/?product=concentrador-de-oxigeno-de-10-litros-r-c5210dsdr\" \/>\n<meta property=\"og:locale\" content=\"es_ES\" \/>\n<meta property=\"og:type\" content=\"article\" \/>\n<meta property=\"og:title\" content=\"Concentrador De Ox\u00edgeno De 10 Litros R-C5210DSDR - Tu mejor opci\u00f3n Equipo M\u00e9dico M\u00e9xico\" \/>\n<meta property=\"og:description\" content=\"Equipo Medico M\u00e9xico presenta el concentrador de 10 litros de la marca Devilbiss, el cual es el equipo de condensaci\u00f3n de ox\u00edgeno m\u00e1s peque\u00f1o y silencioso del mercado, con la garant\u00eda del fabricante Devilbiss, es el equipo ideal para las enfermedades respiratorias y derivados.\" \/>\n<meta property=\"og:url\" content=\"https:\/\/buscoequipomedico.com\/?product=concentrador-de-oxigeno-de-10-litros-r-c5210dsdr\" \/>\n<meta property=\"og:site_name\" content=\"Tu mejor opci\u00f3n Equipo M\u00e9dico M\u00e9xico\" \/>\n<meta property=\"article:modified_time\" content=\"2021-01-27T02:19:00+00:00\" \/>\n<meta property=\"og:image\" content=\"https:\/\/buscoequipomedico.com\/wp-content\/uploads\/2020\/12\/concentrador-de-oxigeno-de-10-litros-medical-solutions-presenta-el-concentrador-de-10-litros-de-la-marca-devilbiss-el-cual-es-el.jpg\" \/>\n\t<meta property=\"og:image:width\" content=\"800\" \/>\n\t<meta property=\"og:image:height\" content=\"800\" \/>\n\t<meta property=\"og:image:type\" content=\"image\/jpeg\" \/>\n<meta name=\"twitter:card\" content=\"summary_large_image\" \/>\n<meta name=\"twitter:label1\" content=\"Tiempo de lectura\" \/>\n\t<meta name=\"twitter:data1\" content=\"1 minuto\" \/>\n<script type=\"application\/ld+json\" class=\"yoast-schema-graph\">{\"@context\":\"https:\/\/schema.org\",\"@graph\":[{\"@type\":\"WebPage\",\"@id\":\"https:\/\/buscoequipomedico.com\/?product=concentrador-de-oxigeno-de-10-litros-r-c5210dsdr\",\"url\":\"https:\/\/buscoequipomedico.com\/?product=concentrador-de-oxigeno-de-10-litros-r-c5210dsdr\",\"name\":\"Concentrador De Ox\u00edgeno De 10 Litros R-C5210DSDR - Tu mejor opci\u00f3n Equipo M\u00e9dico M\u00e9xico\",\"isPartOf\":{\"@id\":\"https:\/\/buscoequipomedico.com\/#website\"},\"primaryImageOfPage\":{\"@id\":\"https:\/\/buscoequipomedico.com\/?product=concentrador-de-oxigeno-de-10-litros-r-c5210dsdr#primaryimage\"},\"image\":{\"@id\":\"https:\/\/buscoequipomedico.com\/?product=concentrador-de-oxigeno-de-10-litros-r-c5210dsdr#primaryimage\"},\"thumbnailUrl\":\"https:\/\/buscoequipomedico.com\/wp-content\/uploads\/2020\/12\/concentrador-de-oxigeno-de-10-litros-medical-solutions-presenta-el-concentrador-de-10-litros-de-la-marca-devilbiss-el-cual-es-el.jpg\",\"datePublished\":\"2020-12-05T01:19:32+00:00\",\"dateModified\":\"2021-01-27T02:19:00+00:00\",\"breadcrumb\":{\"@id\":\"https:\/\/buscoequipomedico.com\/?product=concentrador-de-oxigeno-de-10-litros-r-c5210dsdr#breadcrumb\"},\"inLanguage\":\"es\",\"potentialAction\":[{\"@type\":\"ReadAction\",\"target\":[\"https:\/\/buscoequipomedico.com\/?product=concentrador-de-oxigeno-de-10-litros-r-c5210dsdr\"]}]},{\"@type\":\"ImageObject\",\"inLanguage\":\"es\",\"@id\":\"https:\/\/buscoequipomedico.com\/?product=concentrador-de-oxigeno-de-10-litros-r-c5210dsdr#primaryimage\",\"url\":\"https:\/\/buscoequipomedico.com\/wp-content\/uploads\/2020\/12\/concentrador-de-oxigeno-de-10-litros-medical-solutions-presenta-el-concentrador-de-10-litros-de-la-marca-devilbiss-el-cual-es-el.jpg\",\"contentUrl\":\"https:\/\/buscoequipomedico.com\/wp-content\/uploads\/2020\/12\/concentrador-de-oxigeno-de-10-litros-medical-solutions-presenta-el-concentrador-de-10-litros-de-la-marca-devilbiss-el-cual-es-el.jpg\",\"width\":800,\"height\":800},{\"@type\":\"BreadcrumbList\",\"@id\":\"https:\/\/buscoequipomedico.com\/?product=concentrador-de-oxigeno-de-10-litros-r-c5210dsdr#breadcrumb\",\"itemListElement\":[{\"@type\":\"ListItem\",\"position\":1,\"name\":\"Productos\",\"item\":\"https:\/\/buscoequipomedico.com\/shop\/\"},{\"@type\":\"ListItem\",\"position\":2,\"name\":\"Concentrador De Ox\u00edgeno De 10 Litros R-C5210DSDR\"}]},{\"@type\":\"WebSite\",\"@id\":\"https:\/\/buscoequipomedico.com\/#website\",\"url\":\"https:\/\/buscoequipomedico.com\/\",\"name\":\"Tu mejor opci\u00f3n Equipo M\u00e9dico M\u00e9xico\",\"description\":\"Tienda de equipo m\u00e9dico\",\"publisher\":{\"@id\":\"https:\/\/buscoequipomedico.com\/#organization\"},\"potentialAction\":[{\"@type\":\"SearchAction\",\"target\":{\"@type\":\"EntryPoint\",\"urlTemplate\":\"https:\/\/buscoequipomedico.com\/?s={search_term_string}\"},\"query-input\":{\"@type\":\"PropertyValueSpecification\",\"valueRequired\":true,\"valueName\":\"search_term_string\"}}],\"inLanguage\":\"es\"},{\"@type\":\"Organization\",\"@id\":\"https:\/\/buscoequipomedico.com\/#organization\",\"name\":\"Tu mejor opci\u00f3n Equipo M\u00e9dico M\u00e9xico\",\"url\":\"https:\/\/buscoequipomedico.com\/\",\"logo\":{\"@type\":\"ImageObject\",\"inLanguage\":\"es\",\"@id\":\"https:\/\/buscoequipomedico.com\/#\/schema\/logo\/image\/\",\"url\":\"https:\/\/buscoequipomedico.com\/wp-content\/uploads\/2021\/07\/EMM-VPrincipal-scaled.jpg\",\"contentUrl\":\"https:\/\/buscoequipomedico.com\/wp-content\/uploads\/2021\/07\/EMM-VPrincipal-scaled.jpg\",\"width\":2560,\"height\":1058,\"caption\":\"Tu mejor opci\u00f3n Equipo M\u00e9dico M\u00e9xico\"},\"image\":{\"@id\":\"https:\/\/buscoequipomedico.com\/#\/schema\/logo\/image\/\"}}]}<\/script>\n<!-- \/ Yoast SEO plugin. -->","yoast_head_json":{"title":"Concentrador De Ox\u00edgeno De 10 Litros R-C5210DSDR - Tu mejor opci\u00f3n Equipo M\u00e9dico M\u00e9xico","robots":{"index":"index","follow":"follow","max-snippet":"max-snippet:-1","max-image-preview":"max-image-preview:large","max-video-preview":"max-video-preview:-1"},"canonical":"https:\/\/buscoequipomedico.com\/?product=concentrador-de-oxigeno-de-10-litros-r-c5210dsdr","og_locale":"es_ES","og_type":"article","og_title":"Concentrador De Ox\u00edgeno De 10 Litros R-C5210DSDR - Tu mejor opci\u00f3n Equipo M\u00e9dico M\u00e9xico","og_description":"Equipo Medico M\u00e9xico presenta el concentrador de 10 litros de la marca Devilbiss, el cual es el equipo de condensaci\u00f3n de ox\u00edgeno m\u00e1s peque\u00f1o y silencioso del mercado, con la garant\u00eda del fabricante Devilbiss, es el equipo ideal para las enfermedades respiratorias y derivados.","og_url":"https:\/\/buscoequipomedico.com\/?product=concentrador-de-oxigeno-de-10-litros-r-c5210dsdr","og_site_name":"Tu mejor opci\u00f3n Equipo M\u00e9dico M\u00e9xico","article_modified_time":"2021-01-27T02:19:00+00:00","og_image":[{"width":800,"height":800,"url":"https:\/\/buscoequipomedico.com\/wp-content\/uploads\/2020\/12\/concentrador-de-oxigeno-de-10-litros-medical-solutions-presenta-el-concentrador-de-10-litros-de-la-marca-devilbiss-el-cual-es-el.jpg","type":"image\/jpeg"}],"twitter_card":"summary_large_image","twitter_misc":{"Tiempo de lectura":"1 minuto"},"schema":{"@context":"https:\/\/schema.org","@graph":[{"@type":"WebPage","@id":"https:\/\/buscoequipomedico.com\/?product=concentrador-de-oxigeno-de-10-litros-r-c5210dsdr","url":"https:\/\/buscoequipomedico.com\/?product=concentrador-de-oxigeno-de-10-litros-r-c5210dsdr","name":"Concentrador De Ox\u00edgeno De 10 Litros R-C5210DSDR - Tu mejor opci\u00f3n Equipo M\u00e9dico M\u00e9xico","isPartOf":{"@id":"https:\/\/buscoequipomedico.com\/#website"},"primaryImageOfPage":{"@id":"https:\/\/buscoequipomedico.com\/?product=concentrador-de-oxigeno-de-10-litros-r-c5210dsdr#primaryimage"},"image":{"@id":"https:\/\/buscoequipomedico.com\/?product=concentrador-de-oxigeno-de-10-litros-r-c5210dsdr#primaryimage"},"thumbnailUrl":"https:\/\/buscoequipomedico.com\/wp-content\/uploads\/2020\/12\/concentrador-de-oxigeno-de-10-litros-medical-solutions-presenta-el-concentrador-de-10-litros-de-la-marca-devilbiss-el-cual-es-el.jpg","datePublished":"2020-12-05T01:19:32+00:00","dateModified":"2021-01-27T02:19:00+00:00","breadcrumb":{"@id":"https:\/\/buscoequipomedico.com\/?product=concentrador-de-oxigeno-de-10-litros-r-c5210dsdr#breadcrumb"},"inLanguage":"es","potentialAction":[{"@type":"ReadAction","target":["https:\/\/buscoequipomedico.com\/?product=concentrador-de-oxigeno-de-10-litros-r-c5210dsdr"]}]},{"@type":"ImageObject","inLanguage":"es","@id":"https:\/\/buscoequipomedico.com\/?product=concentrador-de-oxigeno-de-10-litros-r-c5210dsdr#primaryimage","url":"https:\/\/buscoequipomedico.com\/wp-content\/uploads\/2020\/12\/concentrador-de-oxigeno-de-10-litros-medical-solutions-presenta-el-concentrador-de-10-litros-de-la-marca-devilbiss-el-cual-es-el.jpg","contentUrl":"https:\/\/buscoequipomedico.com\/wp-content\/uploads\/2020\/12\/concentrador-de-oxigeno-de-10-litros-medical-solutions-presenta-el-concentrador-de-10-litros-de-la-marca-devilbiss-el-cual-es-el.jpg","width":800,"height":800},{"@type":"BreadcrumbList","@id":"https:\/\/buscoequipomedico.com\/?product=concentrador-de-oxigeno-de-10-litros-r-c5210dsdr#breadcrumb","itemListElement":[{"@type":"ListItem","position":1,"name":"Productos","item":"https:\/\/buscoequipomedico.com\/shop\/"},{"@type":"ListItem","position":2,"name":"Concentrador De Ox\u00edgeno De 10 Litros R-C5210DSDR"}]},{"@type":"WebSite","@id":"https:\/\/buscoequipomedico.com\/#website","url":"https:\/\/buscoequipomedico.com\/","name":"Tu mejor opci\u00f3n Equipo M\u00e9dico M\u00e9xico","description":"Tienda de equipo m\u00e9dico","publisher":{"@id":"https:\/\/buscoequipomedico.com\/#organization"},"potentialAction":[{"@type":"SearchAction","target":{"@type":"EntryPoint","urlTemplate":"https:\/\/buscoequipomedico.com\/?s={search_term_string}"},"query-input":{"@type":"PropertyValueSpecification","valueRequired":true,"valueName":"search_term_string"}}],"inLanguage":"es"},{"@type":"Organization","@id":"https:\/\/buscoequipomedico.com\/#organization","name":"Tu mejor opci\u00f3n Equipo M\u00e9dico M\u00e9xico","url":"https:\/\/buscoequipomedico.com\/","logo":{"@type":"ImageObject","inLanguage":"es","@id":"https:\/\/buscoequipomedico.com\/#\/schema\/logo\/image\/","url":"https:\/\/buscoequipomedico.com\/wp-content\/uploads\/2021\/07\/EMM-VPrincipal-scaled.jpg","contentUrl":"https:\/\/buscoequipomedico.com\/wp-content\/uploads\/2021\/07\/EMM-VPrincipal-scaled.jpg","width":2560,"height":1058,"caption":"Tu mejor opci\u00f3n Equipo M\u00e9dico M\u00e9xico"},"image":{"@id":"https:\/\/buscoequipomedico.com\/#\/schema\/logo\/image\/"}}]}},"_links":{"self":[{"href":"https:\/\/buscoequipomedico.com\/index.php?rest_route=\/wp\/v2\/product\/13697","targetHints":{"allow":["GET"]}}],"collection":[{"href":"https:\/\/buscoequipomedico.com\/index.php?rest_route=\/wp\/v2\/product"}],"about":[{"href":"https:\/\/buscoequipomedico.com\/index.php?rest_route=\/wp\/v2\/types\/product"}],"wp:featuredmedia":[{"embeddable":true,"href":"https:\/\/buscoequipomedico.com\/index.php?rest_route=\/wp\/v2\/media\/13698"}],"wp:attachment":[{"href":"https:\/\/buscoequipomedico.com\/index.php?rest_route=%2Fwp%2Fv2%2Fmedia&parent=13697"}],"wp:term":[{"taxonomy":"product_brand","embeddable":true,"href":"https:\/\/buscoequipomedico.com\/index.php?rest_route=%2Fwp%2Fv2%2Fproduct_brand&post=13697"},{"taxonomy":"product_cat","embeddable":true,"href":"https:\/\/buscoequipomedico.com\/index.php?rest_route=%2Fwp%2Fv2%2Fproduct_cat&post=13697"},{"taxonomy":"product_tag","embeddable":true,"href":"https:\/\/buscoequipomedico.com\/index.php?rest_route=%2Fwp%2Fv2%2Fproduct_tag&post=13697"}],"curies":[{"name":"wp","href":"https:\/\/api.w.org\/{rel}","templated":true}]}}