{"id":15285,"date":"2021-07-07T16:41:34","date_gmt":"2021-07-07T16:41:34","guid":{"rendered":"https:\/\/equipomedicomexico-com.preview-domain.com\/?post_type=product&#038;p=15285"},"modified":"2021-07-07T16:41:34","modified_gmt":"2021-07-07T16:41:34","slug":"nuvo-lite-nidek-medical-5-litros","status":"publish","type":"product","link":"https:\/\/buscoequipomedico.com\/?product=nuvo-lite-nidek-medical-5-litros","title":{"rendered":"Nuvo Lite Nidek Medical 5 Litros"},"content":{"rendered":"<p>Concentrador de oxigeno Nuvo Lite NIDEK MEDICAL de 5 litros proporciona oxigeno medicinal (grado medico) de manera continua las 24 horas los 7 d\u00edas de la semana, sin la necesidad de recargarse ya que toma el oxigeno del ambiente y lo suministra de manera continua: teniendo los mismos beneficios que los tanques de oxigeno. (cons\u00faltelo con su medico)<\/p>\n<p>Incluye :<br \/>\nEquipo Nuevo- en caja.<br \/>\n2 vasos humidificadores<br \/>\n1 c\u00e1nula de 2 metros y de 7 metros adulto. (( lo que permite decidir que tan lejos o cerca puede estar el equipo)<\/p>\n<p>Caracter\u00edsticas:<br \/>\nPuede funcionar tanto en adultos y ni\u00f1os ya que su regulador empieza en de 0.125-capacidad m\u00e1xima 5 LPM.<br \/>\nF\u00e1cil acceso a filtro y contador de horas.<br \/>\nConcentraci\u00f3n de ox\u00edgeno (en 5LPM): 90% (+6.5% \/ -3%).<br \/>\nPresi\u00f3n de salida: 7 PSI.<br \/>\nDimensiones: 35cm x 22cm x 58 cm.<br \/>\nDise\u00f1o aerodin\u00e1mico, sin puntas con manija integrada.<br \/>\nIncluye c\u00e1nula y vaso humidificador.<br \/>\nTecnolog\u00eda Nidek patentada.<br \/>\nPerilla \u00fanica de ajuste (permite modificar f\u00e1cilmente el flujo seg\u00fan la prescripci\u00f3n), de 0.125-5 LPM.<br \/>\nPeso ligero de solo 15.2 kg.<br \/>\nOperaci\u00f3n Silenciosa: 40 dBA Compacto.<br \/>\nRequerimiento Elec.: 115 Volt \u2013 60 Hz.<br \/>\nAhorro consumo de energ\u00eda: &#8211; 310 Watts Promedio.<br \/>\nAlarma de seguridad por fallas de electricidad.<br \/>\nRuedas transportadoras para mayor movilidad.<\/p>\n","protected":false},"excerpt":{"rendered":"<p>Concentrador de oxigeno Nuvo Lite NIDEK MEDICAL de 5 litros proporciona oxigeno medicinal (grado medico) de manera continua las 24 horas los 7 d\u00edas de la semana, sin la necesidad de recargarse ya que toma el oxigeno del ambiente y lo suministra de manera continua: teniendo los mismos beneficios que los tanques de oxigeno<\/p>\n","protected":false},"featured_media":15286,"template":"","meta":{"_joinchat":[]},"product_brand":[],"product_cat":[213],"product_tag":[],"class_list":{"0":"post-15285","1":"product","2":"type-product","3":"status-publish","4":"has-post-thumbnail","6":"product_cat-concentradores","8":"first","9":"instock","10":"shipping-taxable","11":"product-type-simple"},"yoast_head":"<!-- This site is optimized with the Yoast SEO plugin v25.1 - https:\/\/yoast.com\/wordpress\/plugins\/seo\/ -->\n<title>Nuvo Lite Nidek Medical 5 Litros - Tu mejor opci\u00f3n Equipo M\u00e9dico M\u00e9xico<\/title>\n<meta name=\"robots\" content=\"index, follow, max-snippet:-1, max-image-preview:large, max-video-preview:-1\" \/>\n<link rel=\"canonical\" href=\"https:\/\/buscoequipomedico.com\/?product=nuvo-lite-nidek-medical-5-litros\" \/>\n<meta property=\"og:locale\" content=\"es_ES\" \/>\n<meta property=\"og:type\" content=\"article\" \/>\n<meta property=\"og:title\" content=\"Nuvo Lite Nidek Medical 5 Litros - Tu mejor opci\u00f3n Equipo M\u00e9dico M\u00e9xico\" \/>\n<meta property=\"og:description\" content=\"Concentrador de oxigeno Nuvo Lite NIDEK MEDICAL de 5 litros proporciona oxigeno medicinal (grado medico) de manera continua las 24 horas los 7 d\u00edas de la semana, sin la necesidad de recargarse ya que toma el oxigeno del ambiente y lo suministra de manera continua: teniendo los mismos beneficios que los tanques de oxigeno\" \/>\n<meta property=\"og:url\" content=\"https:\/\/buscoequipomedico.com\/?product=nuvo-lite-nidek-medical-5-litros\" \/>\n<meta property=\"og:site_name\" content=\"Tu mejor opci\u00f3n Equipo M\u00e9dico M\u00e9xico\" \/>\n<meta property=\"og:image\" content=\"https:\/\/buscoequipomedico.com\/wp-content\/uploads\/2021\/07\/nuvo-lite-oxygen-concentrator-500x500-1.jpg\" \/>\n\t<meta property=\"og:image:width\" content=\"500\" \/>\n\t<meta property=\"og:image:height\" content=\"500\" \/>\n\t<meta property=\"og:image:type\" content=\"image\/jpeg\" \/>\n<meta name=\"twitter:card\" content=\"summary_large_image\" \/>\n<meta name=\"twitter:label1\" content=\"Tiempo de lectura\" \/>\n\t<meta name=\"twitter:data1\" content=\"1 minuto\" \/>\n<script type=\"application\/ld+json\" class=\"yoast-schema-graph\">{\"@context\":\"https:\/\/schema.org\",\"@graph\":[{\"@type\":\"WebPage\",\"@id\":\"https:\/\/buscoequipomedico.com\/?product=nuvo-lite-nidek-medical-5-litros\",\"url\":\"https:\/\/buscoequipomedico.com\/?product=nuvo-lite-nidek-medical-5-litros\",\"name\":\"Nuvo Lite Nidek Medical 5 Litros - Tu mejor opci\u00f3n Equipo M\u00e9dico M\u00e9xico\",\"isPartOf\":{\"@id\":\"https:\/\/buscoequipomedico.com\/#website\"},\"primaryImageOfPage\":{\"@id\":\"https:\/\/buscoequipomedico.com\/?product=nuvo-lite-nidek-medical-5-litros#primaryimage\"},\"image\":{\"@id\":\"https:\/\/buscoequipomedico.com\/?product=nuvo-lite-nidek-medical-5-litros#primaryimage\"},\"thumbnailUrl\":\"https:\/\/buscoequipomedico.com\/wp-content\/uploads\/2021\/07\/nuvo-lite-oxygen-concentrator-500x500-1.jpg\",\"datePublished\":\"2021-07-07T16:41:34+00:00\",\"breadcrumb\":{\"@id\":\"https:\/\/buscoequipomedico.com\/?product=nuvo-lite-nidek-medical-5-litros#breadcrumb\"},\"inLanguage\":\"es\",\"potentialAction\":[{\"@type\":\"ReadAction\",\"target\":[\"https:\/\/buscoequipomedico.com\/?product=nuvo-lite-nidek-medical-5-litros\"]}]},{\"@type\":\"ImageObject\",\"inLanguage\":\"es\",\"@id\":\"https:\/\/buscoequipomedico.com\/?product=nuvo-lite-nidek-medical-5-litros#primaryimage\",\"url\":\"https:\/\/buscoequipomedico.com\/wp-content\/uploads\/2021\/07\/nuvo-lite-oxygen-concentrator-500x500-1.jpg\",\"contentUrl\":\"https:\/\/buscoequipomedico.com\/wp-content\/uploads\/2021\/07\/nuvo-lite-oxygen-concentrator-500x500-1.jpg\",\"width\":500,\"height\":500},{\"@type\":\"BreadcrumbList\",\"@id\":\"https:\/\/buscoequipomedico.com\/?product=nuvo-lite-nidek-medical-5-litros#breadcrumb\",\"itemListElement\":[{\"@type\":\"ListItem\",\"position\":1,\"name\":\"Productos\",\"item\":\"https:\/\/buscoequipomedico.com\/shop\/\"},{\"@type\":\"ListItem\",\"position\":2,\"name\":\"Nuvo Lite Nidek Medical 5 Litros\"}]},{\"@type\":\"WebSite\",\"@id\":\"https:\/\/buscoequipomedico.com\/#website\",\"url\":\"https:\/\/buscoequipomedico.com\/\",\"name\":\"Tu mejor opci\u00f3n Equipo M\u00e9dico M\u00e9xico\",\"description\":\"Tienda de equipo m\u00e9dico\",\"publisher\":{\"@id\":\"https:\/\/buscoequipomedico.com\/#organization\"},\"potentialAction\":[{\"@type\":\"SearchAction\",\"target\":{\"@type\":\"EntryPoint\",\"urlTemplate\":\"https:\/\/buscoequipomedico.com\/?s={search_term_string}\"},\"query-input\":{\"@type\":\"PropertyValueSpecification\",\"valueRequired\":true,\"valueName\":\"search_term_string\"}}],\"inLanguage\":\"es\"},{\"@type\":\"Organization\",\"@id\":\"https:\/\/buscoequipomedico.com\/#organization\",\"name\":\"Tu mejor opci\u00f3n Equipo M\u00e9dico M\u00e9xico\",\"url\":\"https:\/\/buscoequipomedico.com\/\",\"logo\":{\"@type\":\"ImageObject\",\"inLanguage\":\"es\",\"@id\":\"https:\/\/buscoequipomedico.com\/#\/schema\/logo\/image\/\",\"url\":\"https:\/\/buscoequipomedico.com\/wp-content\/uploads\/2021\/07\/EMM-VPrincipal-scaled.jpg\",\"contentUrl\":\"https:\/\/buscoequipomedico.com\/wp-content\/uploads\/2021\/07\/EMM-VPrincipal-scaled.jpg\",\"width\":2560,\"height\":1058,\"caption\":\"Tu mejor opci\u00f3n Equipo M\u00e9dico M\u00e9xico\"},\"image\":{\"@id\":\"https:\/\/buscoequipomedico.com\/#\/schema\/logo\/image\/\"}}]}<\/script>\n<!-- \/ Yoast SEO plugin. -->","yoast_head_json":{"title":"Nuvo Lite Nidek Medical 5 Litros - Tu mejor opci\u00f3n Equipo M\u00e9dico M\u00e9xico","robots":{"index":"index","follow":"follow","max-snippet":"max-snippet:-1","max-image-preview":"max-image-preview:large","max-video-preview":"max-video-preview:-1"},"canonical":"https:\/\/buscoequipomedico.com\/?product=nuvo-lite-nidek-medical-5-litros","og_locale":"es_ES","og_type":"article","og_title":"Nuvo Lite Nidek Medical 5 Litros - Tu mejor opci\u00f3n Equipo M\u00e9dico M\u00e9xico","og_description":"Concentrador de oxigeno Nuvo Lite NIDEK MEDICAL de 5 litros proporciona oxigeno medicinal (grado medico) de manera continua las 24 horas los 7 d\u00edas de la semana, sin la necesidad de recargarse ya que toma el oxigeno del ambiente y lo suministra de manera continua: teniendo los mismos beneficios que los tanques de oxigeno","og_url":"https:\/\/buscoequipomedico.com\/?product=nuvo-lite-nidek-medical-5-litros","og_site_name":"Tu mejor opci\u00f3n Equipo M\u00e9dico M\u00e9xico","og_image":[{"width":500,"height":500,"url":"https:\/\/buscoequipomedico.com\/wp-content\/uploads\/2021\/07\/nuvo-lite-oxygen-concentrator-500x500-1.jpg","type":"image\/jpeg"}],"twitter_card":"summary_large_image","twitter_misc":{"Tiempo de lectura":"1 minuto"},"schema":{"@context":"https:\/\/schema.org","@graph":[{"@type":"WebPage","@id":"https:\/\/buscoequipomedico.com\/?product=nuvo-lite-nidek-medical-5-litros","url":"https:\/\/buscoequipomedico.com\/?product=nuvo-lite-nidek-medical-5-litros","name":"Nuvo Lite Nidek Medical 5 Litros - Tu mejor opci\u00f3n Equipo M\u00e9dico M\u00e9xico","isPartOf":{"@id":"https:\/\/buscoequipomedico.com\/#website"},"primaryImageOfPage":{"@id":"https:\/\/buscoequipomedico.com\/?product=nuvo-lite-nidek-medical-5-litros#primaryimage"},"image":{"@id":"https:\/\/buscoequipomedico.com\/?product=nuvo-lite-nidek-medical-5-litros#primaryimage"},"thumbnailUrl":"https:\/\/buscoequipomedico.com\/wp-content\/uploads\/2021\/07\/nuvo-lite-oxygen-concentrator-500x500-1.jpg","datePublished":"2021-07-07T16:41:34+00:00","breadcrumb":{"@id":"https:\/\/buscoequipomedico.com\/?product=nuvo-lite-nidek-medical-5-litros#breadcrumb"},"inLanguage":"es","potentialAction":[{"@type":"ReadAction","target":["https:\/\/buscoequipomedico.com\/?product=nuvo-lite-nidek-medical-5-litros"]}]},{"@type":"ImageObject","inLanguage":"es","@id":"https:\/\/buscoequipomedico.com\/?product=nuvo-lite-nidek-medical-5-litros#primaryimage","url":"https:\/\/buscoequipomedico.com\/wp-content\/uploads\/2021\/07\/nuvo-lite-oxygen-concentrator-500x500-1.jpg","contentUrl":"https:\/\/buscoequipomedico.com\/wp-content\/uploads\/2021\/07\/nuvo-lite-oxygen-concentrator-500x500-1.jpg","width":500,"height":500},{"@type":"BreadcrumbList","@id":"https:\/\/buscoequipomedico.com\/?product=nuvo-lite-nidek-medical-5-litros#breadcrumb","itemListElement":[{"@type":"ListItem","position":1,"name":"Productos","item":"https:\/\/buscoequipomedico.com\/shop\/"},{"@type":"ListItem","position":2,"name":"Nuvo Lite Nidek Medical 5 Litros"}]},{"@type":"WebSite","@id":"https:\/\/buscoequipomedico.com\/#website","url":"https:\/\/buscoequipomedico.com\/","name":"Tu mejor opci\u00f3n Equipo M\u00e9dico M\u00e9xico","description":"Tienda de equipo m\u00e9dico","publisher":{"@id":"https:\/\/buscoequipomedico.com\/#organization"},"potentialAction":[{"@type":"SearchAction","target":{"@type":"EntryPoint","urlTemplate":"https:\/\/buscoequipomedico.com\/?s={search_term_string}"},"query-input":{"@type":"PropertyValueSpecification","valueRequired":true,"valueName":"search_term_string"}}],"inLanguage":"es"},{"@type":"Organization","@id":"https:\/\/buscoequipomedico.com\/#organization","name":"Tu mejor opci\u00f3n Equipo M\u00e9dico M\u00e9xico","url":"https:\/\/buscoequipomedico.com\/","logo":{"@type":"ImageObject","inLanguage":"es","@id":"https:\/\/buscoequipomedico.com\/#\/schema\/logo\/image\/","url":"https:\/\/buscoequipomedico.com\/wp-content\/uploads\/2021\/07\/EMM-VPrincipal-scaled.jpg","contentUrl":"https:\/\/buscoequipomedico.com\/wp-content\/uploads\/2021\/07\/EMM-VPrincipal-scaled.jpg","width":2560,"height":1058,"caption":"Tu mejor opci\u00f3n Equipo M\u00e9dico M\u00e9xico"},"image":{"@id":"https:\/\/buscoequipomedico.com\/#\/schema\/logo\/image\/"}}]}},"_links":{"self":[{"href":"https:\/\/buscoequipomedico.com\/index.php?rest_route=\/wp\/v2\/product\/15285","targetHints":{"allow":["GET"]}}],"collection":[{"href":"https:\/\/buscoequipomedico.com\/index.php?rest_route=\/wp\/v2\/product"}],"about":[{"href":"https:\/\/buscoequipomedico.com\/index.php?rest_route=\/wp\/v2\/types\/product"}],"wp:featuredmedia":[{"embeddable":true,"href":"https:\/\/buscoequipomedico.com\/index.php?rest_route=\/wp\/v2\/media\/15286"}],"wp:attachment":[{"href":"https:\/\/buscoequipomedico.com\/index.php?rest_route=%2Fwp%2Fv2%2Fmedia&parent=15285"}],"wp:term":[{"taxonomy":"product_brand","embeddable":true,"href":"https:\/\/buscoequipomedico.com\/index.php?rest_route=%2Fwp%2Fv2%2Fproduct_brand&post=15285"},{"taxonomy":"product_cat","embeddable":true,"href":"https:\/\/buscoequipomedico.com\/index.php?rest_route=%2Fwp%2Fv2%2Fproduct_cat&post=15285"},{"taxonomy":"product_tag","embeddable":true,"href":"https:\/\/buscoequipomedico.com\/index.php?rest_route=%2Fwp%2Fv2%2Fproduct_tag&post=15285"}],"curies":[{"name":"wp","href":"https:\/\/api.w.org\/{rel}","templated":true}]}}