{"id":15363,"date":"2021-07-22T16:46:11","date_gmt":"2021-07-22T16:46:11","guid":{"rendered":"https:\/\/equipomedicomexico-com.preview-domain.com\/?post_type=product&#038;p=15363"},"modified":"2021-07-22T16:46:12","modified_gmt":"2021-07-22T16:46:12","slug":"boquilla-desechable-para-spiroperfect-c-25","status":"publish","type":"product","link":"https:\/\/buscoequipomedico.com\/?product=boquilla-desechable-para-spiroperfect-c-25","title":{"rendered":"BOQUILLA DESECHABLE PARA SPIROPERFECT C\/25"},"content":{"rendered":"<p>Transductores de Flujo Desechables Welch Allyn para CardioPerfect\u00a0 y\u00a0 Electrocardiografo\u00a0CP200,\u00a0BOQUILLA DESECHABLE PARA SPIROPERFECT C\/25 WELCH ALLYN<\/p>\n","protected":false},"excerpt":{"rendered":"<p>Transductores de Flujo Desechables Welch Allyn para CardioPerfect\u00a0 y\u00a0 Electrocardiografo\u00a0CP200,\u00a0BOQUILLA DESECHABLE PARA SPIROPERFECT C\/25 WELCH ALLYN<\/p>\n","protected":false},"featured_media":15364,"template":"","meta":{"_joinchat":[]},"product_brand":[],"product_cat":[248],"product_tag":[],"class_list":{"0":"post-15363","1":"product","2":"type-product","3":"status-publish","4":"has-post-thumbnail","6":"product_cat-espirometros","8":"first","9":"instock","10":"shipping-taxable","11":"product-type-simple"},"yoast_head":"<!-- This site is optimized with the Yoast SEO plugin v25.1 - https:\/\/yoast.com\/wordpress\/plugins\/seo\/ -->\n<title>BOQUILLA DESECHABLE PARA SPIROPERFECT C\/25 - Tu mejor opci\u00f3n Equipo M\u00e9dico M\u00e9xico<\/title>\n<meta name=\"robots\" content=\"index, follow, max-snippet:-1, max-image-preview:large, max-video-preview:-1\" \/>\n<link rel=\"canonical\" href=\"https:\/\/buscoequipomedico.com\/?product=boquilla-desechable-para-spiroperfect-c-25\" \/>\n<meta property=\"og:locale\" content=\"es_ES\" \/>\n<meta property=\"og:type\" content=\"article\" \/>\n<meta property=\"og:title\" content=\"BOQUILLA DESECHABLE PARA SPIROPERFECT C\/25 - Tu mejor opci\u00f3n Equipo M\u00e9dico M\u00e9xico\" \/>\n<meta property=\"og:description\" content=\"Transductores de Flujo Desechables Welch Allyn para CardioPerfect\u00a0 y\u00a0 Electrocardiografo\u00a0CP200,\u00a0BOQUILLA DESECHABLE PARA SPIROPERFECT C\/25 WELCH ALLYN\" \/>\n<meta property=\"og:url\" content=\"https:\/\/buscoequipomedico.com\/?product=boquilla-desechable-para-spiroperfect-c-25\" \/>\n<meta property=\"og:site_name\" content=\"Tu mejor opci\u00f3n Equipo M\u00e9dico M\u00e9xico\" \/>\n<meta property=\"article:modified_time\" content=\"2021-07-22T16:46:12+00:00\" \/>\n<meta property=\"og:image\" content=\"https:\/\/buscoequipomedico.com\/wp-content\/uploads\/2021\/07\/WA703418.jpg\" \/>\n\t<meta property=\"og:image:width\" content=\"258\" \/>\n\t<meta property=\"og:image:height\" content=\"195\" \/>\n\t<meta property=\"og:image:type\" content=\"image\/jpeg\" \/>\n<meta name=\"twitter:card\" content=\"summary_large_image\" \/>\n<script type=\"application\/ld+json\" class=\"yoast-schema-graph\">{\"@context\":\"https:\/\/schema.org\",\"@graph\":[{\"@type\":\"WebPage\",\"@id\":\"https:\/\/buscoequipomedico.com\/?product=boquilla-desechable-para-spiroperfect-c-25\",\"url\":\"https:\/\/buscoequipomedico.com\/?product=boquilla-desechable-para-spiroperfect-c-25\",\"name\":\"BOQUILLA DESECHABLE PARA SPIROPERFECT C\/25 - Tu mejor opci\u00f3n Equipo M\u00e9dico M\u00e9xico\",\"isPartOf\":{\"@id\":\"https:\/\/buscoequipomedico.com\/#website\"},\"primaryImageOfPage\":{\"@id\":\"https:\/\/buscoequipomedico.com\/?product=boquilla-desechable-para-spiroperfect-c-25#primaryimage\"},\"image\":{\"@id\":\"https:\/\/buscoequipomedico.com\/?product=boquilla-desechable-para-spiroperfect-c-25#primaryimage\"},\"thumbnailUrl\":\"https:\/\/buscoequipomedico.com\/wp-content\/uploads\/2021\/07\/WA703418.jpg\",\"datePublished\":\"2021-07-22T16:46:11+00:00\",\"dateModified\":\"2021-07-22T16:46:12+00:00\",\"breadcrumb\":{\"@id\":\"https:\/\/buscoequipomedico.com\/?product=boquilla-desechable-para-spiroperfect-c-25#breadcrumb\"},\"inLanguage\":\"es\",\"potentialAction\":[{\"@type\":\"ReadAction\",\"target\":[\"https:\/\/buscoequipomedico.com\/?product=boquilla-desechable-para-spiroperfect-c-25\"]}]},{\"@type\":\"ImageObject\",\"inLanguage\":\"es\",\"@id\":\"https:\/\/buscoequipomedico.com\/?product=boquilla-desechable-para-spiroperfect-c-25#primaryimage\",\"url\":\"https:\/\/buscoequipomedico.com\/wp-content\/uploads\/2021\/07\/WA703418.jpg\",\"contentUrl\":\"https:\/\/buscoequipomedico.com\/wp-content\/uploads\/2021\/07\/WA703418.jpg\",\"width\":258,\"height\":195},{\"@type\":\"BreadcrumbList\",\"@id\":\"https:\/\/buscoequipomedico.com\/?product=boquilla-desechable-para-spiroperfect-c-25#breadcrumb\",\"itemListElement\":[{\"@type\":\"ListItem\",\"position\":1,\"name\":\"Productos\",\"item\":\"https:\/\/buscoequipomedico.com\/shop\/\"},{\"@type\":\"ListItem\",\"position\":2,\"name\":\"BOQUILLA DESECHABLE PARA SPIROPERFECT C\/25\"}]},{\"@type\":\"WebSite\",\"@id\":\"https:\/\/buscoequipomedico.com\/#website\",\"url\":\"https:\/\/buscoequipomedico.com\/\",\"name\":\"Tu mejor opci\u00f3n Equipo M\u00e9dico M\u00e9xico\",\"description\":\"Tienda de equipo m\u00e9dico\",\"publisher\":{\"@id\":\"https:\/\/buscoequipomedico.com\/#organization\"},\"potentialAction\":[{\"@type\":\"SearchAction\",\"target\":{\"@type\":\"EntryPoint\",\"urlTemplate\":\"https:\/\/buscoequipomedico.com\/?s={search_term_string}\"},\"query-input\":{\"@type\":\"PropertyValueSpecification\",\"valueRequired\":true,\"valueName\":\"search_term_string\"}}],\"inLanguage\":\"es\"},{\"@type\":\"Organization\",\"@id\":\"https:\/\/buscoequipomedico.com\/#organization\",\"name\":\"Tu mejor opci\u00f3n Equipo M\u00e9dico M\u00e9xico\",\"url\":\"https:\/\/buscoequipomedico.com\/\",\"logo\":{\"@type\":\"ImageObject\",\"inLanguage\":\"es\",\"@id\":\"https:\/\/buscoequipomedico.com\/#\/schema\/logo\/image\/\",\"url\":\"https:\/\/buscoequipomedico.com\/wp-content\/uploads\/2021\/07\/EMM-VPrincipal-scaled.jpg\",\"contentUrl\":\"https:\/\/buscoequipomedico.com\/wp-content\/uploads\/2021\/07\/EMM-VPrincipal-scaled.jpg\",\"width\":2560,\"height\":1058,\"caption\":\"Tu mejor opci\u00f3n Equipo M\u00e9dico M\u00e9xico\"},\"image\":{\"@id\":\"https:\/\/buscoequipomedico.com\/#\/schema\/logo\/image\/\"}}]}<\/script>\n<!-- \/ Yoast SEO plugin. -->","yoast_head_json":{"title":"BOQUILLA DESECHABLE PARA SPIROPERFECT C\/25 - Tu mejor opci\u00f3n Equipo M\u00e9dico M\u00e9xico","robots":{"index":"index","follow":"follow","max-snippet":"max-snippet:-1","max-image-preview":"max-image-preview:large","max-video-preview":"max-video-preview:-1"},"canonical":"https:\/\/buscoequipomedico.com\/?product=boquilla-desechable-para-spiroperfect-c-25","og_locale":"es_ES","og_type":"article","og_title":"BOQUILLA DESECHABLE PARA SPIROPERFECT C\/25 - Tu mejor opci\u00f3n Equipo M\u00e9dico M\u00e9xico","og_description":"Transductores de Flujo Desechables Welch Allyn para CardioPerfect\u00a0 y\u00a0 Electrocardiografo\u00a0CP200,\u00a0BOQUILLA DESECHABLE PARA SPIROPERFECT C\/25 WELCH ALLYN","og_url":"https:\/\/buscoequipomedico.com\/?product=boquilla-desechable-para-spiroperfect-c-25","og_site_name":"Tu mejor opci\u00f3n Equipo M\u00e9dico M\u00e9xico","article_modified_time":"2021-07-22T16:46:12+00:00","og_image":[{"width":258,"height":195,"url":"https:\/\/buscoequipomedico.com\/wp-content\/uploads\/2021\/07\/WA703418.jpg","type":"image\/jpeg"}],"twitter_card":"summary_large_image","schema":{"@context":"https:\/\/schema.org","@graph":[{"@type":"WebPage","@id":"https:\/\/buscoequipomedico.com\/?product=boquilla-desechable-para-spiroperfect-c-25","url":"https:\/\/buscoequipomedico.com\/?product=boquilla-desechable-para-spiroperfect-c-25","name":"BOQUILLA DESECHABLE PARA SPIROPERFECT C\/25 - Tu mejor opci\u00f3n Equipo M\u00e9dico M\u00e9xico","isPartOf":{"@id":"https:\/\/buscoequipomedico.com\/#website"},"primaryImageOfPage":{"@id":"https:\/\/buscoequipomedico.com\/?product=boquilla-desechable-para-spiroperfect-c-25#primaryimage"},"image":{"@id":"https:\/\/buscoequipomedico.com\/?product=boquilla-desechable-para-spiroperfect-c-25#primaryimage"},"thumbnailUrl":"https:\/\/buscoequipomedico.com\/wp-content\/uploads\/2021\/07\/WA703418.jpg","datePublished":"2021-07-22T16:46:11+00:00","dateModified":"2021-07-22T16:46:12+00:00","breadcrumb":{"@id":"https:\/\/buscoequipomedico.com\/?product=boquilla-desechable-para-spiroperfect-c-25#breadcrumb"},"inLanguage":"es","potentialAction":[{"@type":"ReadAction","target":["https:\/\/buscoequipomedico.com\/?product=boquilla-desechable-para-spiroperfect-c-25"]}]},{"@type":"ImageObject","inLanguage":"es","@id":"https:\/\/buscoequipomedico.com\/?product=boquilla-desechable-para-spiroperfect-c-25#primaryimage","url":"https:\/\/buscoequipomedico.com\/wp-content\/uploads\/2021\/07\/WA703418.jpg","contentUrl":"https:\/\/buscoequipomedico.com\/wp-content\/uploads\/2021\/07\/WA703418.jpg","width":258,"height":195},{"@type":"BreadcrumbList","@id":"https:\/\/buscoequipomedico.com\/?product=boquilla-desechable-para-spiroperfect-c-25#breadcrumb","itemListElement":[{"@type":"ListItem","position":1,"name":"Productos","item":"https:\/\/buscoequipomedico.com\/shop\/"},{"@type":"ListItem","position":2,"name":"BOQUILLA DESECHABLE PARA SPIROPERFECT C\/25"}]},{"@type":"WebSite","@id":"https:\/\/buscoequipomedico.com\/#website","url":"https:\/\/buscoequipomedico.com\/","name":"Tu mejor opci\u00f3n Equipo M\u00e9dico M\u00e9xico","description":"Tienda de equipo m\u00e9dico","publisher":{"@id":"https:\/\/buscoequipomedico.com\/#organization"},"potentialAction":[{"@type":"SearchAction","target":{"@type":"EntryPoint","urlTemplate":"https:\/\/buscoequipomedico.com\/?s={search_term_string}"},"query-input":{"@type":"PropertyValueSpecification","valueRequired":true,"valueName":"search_term_string"}}],"inLanguage":"es"},{"@type":"Organization","@id":"https:\/\/buscoequipomedico.com\/#organization","name":"Tu mejor opci\u00f3n Equipo M\u00e9dico M\u00e9xico","url":"https:\/\/buscoequipomedico.com\/","logo":{"@type":"ImageObject","inLanguage":"es","@id":"https:\/\/buscoequipomedico.com\/#\/schema\/logo\/image\/","url":"https:\/\/buscoequipomedico.com\/wp-content\/uploads\/2021\/07\/EMM-VPrincipal-scaled.jpg","contentUrl":"https:\/\/buscoequipomedico.com\/wp-content\/uploads\/2021\/07\/EMM-VPrincipal-scaled.jpg","width":2560,"height":1058,"caption":"Tu mejor opci\u00f3n Equipo M\u00e9dico M\u00e9xico"},"image":{"@id":"https:\/\/buscoequipomedico.com\/#\/schema\/logo\/image\/"}}]}},"_links":{"self":[{"href":"https:\/\/buscoequipomedico.com\/index.php?rest_route=\/wp\/v2\/product\/15363","targetHints":{"allow":["GET"]}}],"collection":[{"href":"https:\/\/buscoequipomedico.com\/index.php?rest_route=\/wp\/v2\/product"}],"about":[{"href":"https:\/\/buscoequipomedico.com\/index.php?rest_route=\/wp\/v2\/types\/product"}],"wp:featuredmedia":[{"embeddable":true,"href":"https:\/\/buscoequipomedico.com\/index.php?rest_route=\/wp\/v2\/media\/15364"}],"wp:attachment":[{"href":"https:\/\/buscoequipomedico.com\/index.php?rest_route=%2Fwp%2Fv2%2Fmedia&parent=15363"}],"wp:term":[{"taxonomy":"product_brand","embeddable":true,"href":"https:\/\/buscoequipomedico.com\/index.php?rest_route=%2Fwp%2Fv2%2Fproduct_brand&post=15363"},{"taxonomy":"product_cat","embeddable":true,"href":"https:\/\/buscoequipomedico.com\/index.php?rest_route=%2Fwp%2Fv2%2Fproduct_cat&post=15363"},{"taxonomy":"product_tag","embeddable":true,"href":"https:\/\/buscoequipomedico.com\/index.php?rest_route=%2Fwp%2Fv2%2Fproduct_tag&post=15363"}],"curies":[{"name":"wp","href":"https:\/\/api.w.org\/{rel}","templated":true}]}}