{"id":15369,"date":"2021-07-22T17:21:43","date_gmt":"2021-07-22T17:21:43","guid":{"rendered":"https:\/\/equipomedicomexico-com.preview-domain.com\/?post_type=product&#038;p=15369"},"modified":"2021-07-22T17:21:43","modified_gmt":"2021-07-22T17:21:43","slug":"brazalete-flexiport-desechable-12-caja-c-20-2","status":"publish","type":"product","link":"https:\/\/buscoequipomedico.com\/?product=brazalete-flexiport-desechable-12-caja-c-20-2","title":{"rendered":"BRAZALETE FLEXIPORT DESECHABLE # 12 CAJA C\/20"},"content":{"rendered":"<p>LOS BRAZALETES DE PRESI\u00d3N ARTERIAL DESCARTABLES FLEXIPORT SON LA MEJOR OPCI\u00d3N PARA LOS HOSPITALES Y LOS CENTROS DE ATENCI\u00d3N MEDICA DE TODO EL MUNDO. DEBIDO A QUE OFRECEMOS PR\u00c1CTICAMENTE TODOS LOS TIPOS DE BRAZALETES QUE PODR\u00cdA NECESITAR SU CENTRO, ADEM\u00c1S DE TENER LA CAPACIDAD DE SIMPLIFICAR LOS INVENTARIOS COMO NING\u00daN OTRO PROVEEDOR CON NUESTRA CONEXI\u00d3N FLEXIPORT PATENTADA.<\/p>\n<p>ESPECIFICACIONES:<\/p>\n<ul>\n<li>CADA BRAZALETE SE PUEDE USAR CON UNO O DOS TUBOS GRACIAS A LA TECNOLOG\u00cdA FLEXIPORT PATENTADA<\/li>\n<li>TODOS LOS TAMA\u00d1OS, DESDE BRAZALETES PARA INFANTES PEQUE\u00d1OS HASTA BRAZALETES PARA MUSLO<\/li>\n<li>CODIFICADOS POR COLOR PARA UNA ELECCI\u00d3N R\u00c1PIDA Y PRECISA DEL TAMA\u00d1O ADECUADO DEL BRAZALETE<\/li>\n<li>EL PUERTO GIRATORIO REDUCE LA TENSI\u00d3N SOBRE EL TUBO Y EL PUERTO DEL BRAZALETE, LO QUE MEJORA LA COMODIDAD DEL PACIENTE Y LA DURACI\u00d3N DEL BRAZALETE<\/li>\n<li>CUMPLE CON TODAS LAS DIRECTIVAS CL\u00cdNICAS MAS RECIENTES DE AAMI Y AHA PARA UN AJUSTE ADECUADO<\/li>\n<\/ul>\n","protected":false},"excerpt":{"rendered":"<table width=\"714\">\n<tbody>\n<tr>\n<td style=\"font-weight: 400;\" width=\"714\">BRAZALETE FLEXIPORT DESECHABLE # 12 CAJA C\/20<\/td>\n<\/tr>\n<\/tbody>\n<\/table>\n","protected":false},"featured_media":15370,"template":"","meta":{"_joinchat":[]},"product_brand":[],"product_cat":[194],"product_tag":[],"class_list":{"0":"post-15369","1":"product","2":"type-product","3":"status-publish","4":"has-post-thumbnail","6":"product_cat-baumanometros","8":"first","9":"instock","10":"shipping-taxable","11":"product-type-simple"},"yoast_head":"<!-- This site is optimized with the Yoast SEO plugin v25.1 - https:\/\/yoast.com\/wordpress\/plugins\/seo\/ -->\n<title>BRAZALETE FLEXIPORT DESECHABLE # 12 CAJA C\/20 - Tu mejor opci\u00f3n Equipo M\u00e9dico M\u00e9xico<\/title>\n<meta name=\"robots\" content=\"index, follow, max-snippet:-1, max-image-preview:large, max-video-preview:-1\" \/>\n<link rel=\"canonical\" href=\"https:\/\/buscoequipomedico.com\/?product=brazalete-flexiport-desechable-12-caja-c-20-2\" \/>\n<meta property=\"og:locale\" content=\"es_ES\" \/>\n<meta property=\"og:type\" content=\"article\" \/>\n<meta property=\"og:title\" content=\"BRAZALETE FLEXIPORT DESECHABLE # 12 CAJA C\/20 - Tu mejor opci\u00f3n Equipo M\u00e9dico M\u00e9xico\" \/>\n<meta property=\"og:description\" content=\"BRAZALETE FLEXIPORT DESECHABLE # 12 CAJA C\/20\" \/>\n<meta property=\"og:url\" content=\"https:\/\/buscoequipomedico.com\/?product=brazalete-flexiport-desechable-12-caja-c-20-2\" \/>\n<meta property=\"og:site_name\" content=\"Tu mejor opci\u00f3n Equipo M\u00e9dico M\u00e9xico\" \/>\n<meta property=\"og:image\" content=\"https:\/\/buscoequipomedico.com\/wp-content\/uploads\/2021\/07\/welch-allyn-brazalete-desechable-12-500x500-1.jpg\" \/>\n\t<meta property=\"og:image:width\" content=\"500\" \/>\n\t<meta property=\"og:image:height\" content=\"500\" \/>\n\t<meta property=\"og:image:type\" content=\"image\/jpeg\" \/>\n<meta name=\"twitter:card\" content=\"summary_large_image\" \/>\n<meta name=\"twitter:label1\" content=\"Tiempo de lectura\" \/>\n\t<meta name=\"twitter:data1\" content=\"1 minuto\" \/>\n<script type=\"application\/ld+json\" class=\"yoast-schema-graph\">{\"@context\":\"https:\/\/schema.org\",\"@graph\":[{\"@type\":\"WebPage\",\"@id\":\"https:\/\/buscoequipomedico.com\/?product=brazalete-flexiport-desechable-12-caja-c-20-2\",\"url\":\"https:\/\/buscoequipomedico.com\/?product=brazalete-flexiport-desechable-12-caja-c-20-2\",\"name\":\"BRAZALETE FLEXIPORT DESECHABLE # 12 CAJA C\/20 - Tu mejor opci\u00f3n Equipo M\u00e9dico M\u00e9xico\",\"isPartOf\":{\"@id\":\"https:\/\/buscoequipomedico.com\/#website\"},\"primaryImageOfPage\":{\"@id\":\"https:\/\/buscoequipomedico.com\/?product=brazalete-flexiport-desechable-12-caja-c-20-2#primaryimage\"},\"image\":{\"@id\":\"https:\/\/buscoequipomedico.com\/?product=brazalete-flexiport-desechable-12-caja-c-20-2#primaryimage\"},\"thumbnailUrl\":\"https:\/\/buscoequipomedico.com\/wp-content\/uploads\/2021\/07\/welch-allyn-brazalete-desechable-12-500x500-1.jpg\",\"datePublished\":\"2021-07-22T17:21:43+00:00\",\"breadcrumb\":{\"@id\":\"https:\/\/buscoequipomedico.com\/?product=brazalete-flexiport-desechable-12-caja-c-20-2#breadcrumb\"},\"inLanguage\":\"es\",\"potentialAction\":[{\"@type\":\"ReadAction\",\"target\":[\"https:\/\/buscoequipomedico.com\/?product=brazalete-flexiport-desechable-12-caja-c-20-2\"]}]},{\"@type\":\"ImageObject\",\"inLanguage\":\"es\",\"@id\":\"https:\/\/buscoequipomedico.com\/?product=brazalete-flexiport-desechable-12-caja-c-20-2#primaryimage\",\"url\":\"https:\/\/buscoequipomedico.com\/wp-content\/uploads\/2021\/07\/welch-allyn-brazalete-desechable-12-500x500-1.jpg\",\"contentUrl\":\"https:\/\/buscoequipomedico.com\/wp-content\/uploads\/2021\/07\/welch-allyn-brazalete-desechable-12-500x500-1.jpg\",\"width\":500,\"height\":500},{\"@type\":\"BreadcrumbList\",\"@id\":\"https:\/\/buscoequipomedico.com\/?product=brazalete-flexiport-desechable-12-caja-c-20-2#breadcrumb\",\"itemListElement\":[{\"@type\":\"ListItem\",\"position\":1,\"name\":\"Productos\",\"item\":\"https:\/\/buscoequipomedico.com\/shop\/\"},{\"@type\":\"ListItem\",\"position\":2,\"name\":\"BRAZALETE FLEXIPORT DESECHABLE # 12 CAJA C\/20\"}]},{\"@type\":\"WebSite\",\"@id\":\"https:\/\/buscoequipomedico.com\/#website\",\"url\":\"https:\/\/buscoequipomedico.com\/\",\"name\":\"Tu mejor opci\u00f3n Equipo M\u00e9dico M\u00e9xico\",\"description\":\"Tienda de equipo m\u00e9dico\",\"publisher\":{\"@id\":\"https:\/\/buscoequipomedico.com\/#organization\"},\"potentialAction\":[{\"@type\":\"SearchAction\",\"target\":{\"@type\":\"EntryPoint\",\"urlTemplate\":\"https:\/\/buscoequipomedico.com\/?s={search_term_string}\"},\"query-input\":{\"@type\":\"PropertyValueSpecification\",\"valueRequired\":true,\"valueName\":\"search_term_string\"}}],\"inLanguage\":\"es\"},{\"@type\":\"Organization\",\"@id\":\"https:\/\/buscoequipomedico.com\/#organization\",\"name\":\"Tu mejor opci\u00f3n Equipo M\u00e9dico M\u00e9xico\",\"url\":\"https:\/\/buscoequipomedico.com\/\",\"logo\":{\"@type\":\"ImageObject\",\"inLanguage\":\"es\",\"@id\":\"https:\/\/buscoequipomedico.com\/#\/schema\/logo\/image\/\",\"url\":\"https:\/\/buscoequipomedico.com\/wp-content\/uploads\/2021\/07\/EMM-VPrincipal-scaled.jpg\",\"contentUrl\":\"https:\/\/buscoequipomedico.com\/wp-content\/uploads\/2021\/07\/EMM-VPrincipal-scaled.jpg\",\"width\":2560,\"height\":1058,\"caption\":\"Tu mejor opci\u00f3n Equipo M\u00e9dico M\u00e9xico\"},\"image\":{\"@id\":\"https:\/\/buscoequipomedico.com\/#\/schema\/logo\/image\/\"}}]}<\/script>\n<!-- \/ Yoast SEO plugin. -->","yoast_head_json":{"title":"BRAZALETE FLEXIPORT DESECHABLE # 12 CAJA C\/20 - Tu mejor opci\u00f3n Equipo M\u00e9dico M\u00e9xico","robots":{"index":"index","follow":"follow","max-snippet":"max-snippet:-1","max-image-preview":"max-image-preview:large","max-video-preview":"max-video-preview:-1"},"canonical":"https:\/\/buscoequipomedico.com\/?product=brazalete-flexiport-desechable-12-caja-c-20-2","og_locale":"es_ES","og_type":"article","og_title":"BRAZALETE FLEXIPORT DESECHABLE # 12 CAJA C\/20 - Tu mejor opci\u00f3n Equipo M\u00e9dico M\u00e9xico","og_description":"BRAZALETE FLEXIPORT DESECHABLE # 12 CAJA C\/20","og_url":"https:\/\/buscoequipomedico.com\/?product=brazalete-flexiport-desechable-12-caja-c-20-2","og_site_name":"Tu mejor opci\u00f3n Equipo M\u00e9dico M\u00e9xico","og_image":[{"width":500,"height":500,"url":"https:\/\/buscoequipomedico.com\/wp-content\/uploads\/2021\/07\/welch-allyn-brazalete-desechable-12-500x500-1.jpg","type":"image\/jpeg"}],"twitter_card":"summary_large_image","twitter_misc":{"Tiempo de lectura":"1 minuto"},"schema":{"@context":"https:\/\/schema.org","@graph":[{"@type":"WebPage","@id":"https:\/\/buscoequipomedico.com\/?product=brazalete-flexiport-desechable-12-caja-c-20-2","url":"https:\/\/buscoequipomedico.com\/?product=brazalete-flexiport-desechable-12-caja-c-20-2","name":"BRAZALETE FLEXIPORT DESECHABLE # 12 CAJA C\/20 - Tu mejor opci\u00f3n Equipo M\u00e9dico M\u00e9xico","isPartOf":{"@id":"https:\/\/buscoequipomedico.com\/#website"},"primaryImageOfPage":{"@id":"https:\/\/buscoequipomedico.com\/?product=brazalete-flexiport-desechable-12-caja-c-20-2#primaryimage"},"image":{"@id":"https:\/\/buscoequipomedico.com\/?product=brazalete-flexiport-desechable-12-caja-c-20-2#primaryimage"},"thumbnailUrl":"https:\/\/buscoequipomedico.com\/wp-content\/uploads\/2021\/07\/welch-allyn-brazalete-desechable-12-500x500-1.jpg","datePublished":"2021-07-22T17:21:43+00:00","breadcrumb":{"@id":"https:\/\/buscoequipomedico.com\/?product=brazalete-flexiport-desechable-12-caja-c-20-2#breadcrumb"},"inLanguage":"es","potentialAction":[{"@type":"ReadAction","target":["https:\/\/buscoequipomedico.com\/?product=brazalete-flexiport-desechable-12-caja-c-20-2"]}]},{"@type":"ImageObject","inLanguage":"es","@id":"https:\/\/buscoequipomedico.com\/?product=brazalete-flexiport-desechable-12-caja-c-20-2#primaryimage","url":"https:\/\/buscoequipomedico.com\/wp-content\/uploads\/2021\/07\/welch-allyn-brazalete-desechable-12-500x500-1.jpg","contentUrl":"https:\/\/buscoequipomedico.com\/wp-content\/uploads\/2021\/07\/welch-allyn-brazalete-desechable-12-500x500-1.jpg","width":500,"height":500},{"@type":"BreadcrumbList","@id":"https:\/\/buscoequipomedico.com\/?product=brazalete-flexiport-desechable-12-caja-c-20-2#breadcrumb","itemListElement":[{"@type":"ListItem","position":1,"name":"Productos","item":"https:\/\/buscoequipomedico.com\/shop\/"},{"@type":"ListItem","position":2,"name":"BRAZALETE FLEXIPORT DESECHABLE # 12 CAJA C\/20"}]},{"@type":"WebSite","@id":"https:\/\/buscoequipomedico.com\/#website","url":"https:\/\/buscoequipomedico.com\/","name":"Tu mejor opci\u00f3n Equipo M\u00e9dico M\u00e9xico","description":"Tienda de equipo m\u00e9dico","publisher":{"@id":"https:\/\/buscoequipomedico.com\/#organization"},"potentialAction":[{"@type":"SearchAction","target":{"@type":"EntryPoint","urlTemplate":"https:\/\/buscoequipomedico.com\/?s={search_term_string}"},"query-input":{"@type":"PropertyValueSpecification","valueRequired":true,"valueName":"search_term_string"}}],"inLanguage":"es"},{"@type":"Organization","@id":"https:\/\/buscoequipomedico.com\/#organization","name":"Tu mejor opci\u00f3n Equipo M\u00e9dico M\u00e9xico","url":"https:\/\/buscoequipomedico.com\/","logo":{"@type":"ImageObject","inLanguage":"es","@id":"https:\/\/buscoequipomedico.com\/#\/schema\/logo\/image\/","url":"https:\/\/buscoequipomedico.com\/wp-content\/uploads\/2021\/07\/EMM-VPrincipal-scaled.jpg","contentUrl":"https:\/\/buscoequipomedico.com\/wp-content\/uploads\/2021\/07\/EMM-VPrincipal-scaled.jpg","width":2560,"height":1058,"caption":"Tu mejor opci\u00f3n Equipo M\u00e9dico M\u00e9xico"},"image":{"@id":"https:\/\/buscoequipomedico.com\/#\/schema\/logo\/image\/"}}]}},"_links":{"self":[{"href":"https:\/\/buscoequipomedico.com\/index.php?rest_route=\/wp\/v2\/product\/15369","targetHints":{"allow":["GET"]}}],"collection":[{"href":"https:\/\/buscoequipomedico.com\/index.php?rest_route=\/wp\/v2\/product"}],"about":[{"href":"https:\/\/buscoequipomedico.com\/index.php?rest_route=\/wp\/v2\/types\/product"}],"wp:featuredmedia":[{"embeddable":true,"href":"https:\/\/buscoequipomedico.com\/index.php?rest_route=\/wp\/v2\/media\/15370"}],"wp:attachment":[{"href":"https:\/\/buscoequipomedico.com\/index.php?rest_route=%2Fwp%2Fv2%2Fmedia&parent=15369"}],"wp:term":[{"taxonomy":"product_brand","embeddable":true,"href":"https:\/\/buscoequipomedico.com\/index.php?rest_route=%2Fwp%2Fv2%2Fproduct_brand&post=15369"},{"taxonomy":"product_cat","embeddable":true,"href":"https:\/\/buscoequipomedico.com\/index.php?rest_route=%2Fwp%2Fv2%2Fproduct_cat&post=15369"},{"taxonomy":"product_tag","embeddable":true,"href":"https:\/\/buscoequipomedico.com\/index.php?rest_route=%2Fwp%2Fv2%2Fproduct_tag&post=15369"}],"curies":[{"name":"wp","href":"https:\/\/api.w.org\/{rel}","templated":true}]}}