{"id":15372,"date":"2021-07-22T17:23:53","date_gmt":"2021-07-22T17:23:53","guid":{"rendered":"https:\/\/equipomedicomexico-com.preview-domain.com\/?post_type=product&#038;p=15372"},"modified":"2021-07-22T17:23:53","modified_gmt":"2021-07-22T17:23:53","slug":"brazalete-flexiport-desechable-12-largo-caja-c-20-2","status":"publish","type":"product","link":"https:\/\/buscoequipomedico.com\/?product=brazalete-flexiport-desechable-12-largo-caja-c-20-2","title":{"rendered":"BRAZALETE FLEXIPORT DESECHABLE # 12 LARGO CAJA C\/20"},"content":{"rendered":"<div class=\"product-copy\">\n<p class=\"hidden-xs\">Cuando hablamos de estandarizaci\u00f3n de Brazaletes para presi\u00f3n arterial, los brazaletes para presi\u00f3n arterial Flexiport de Welch Allyn ayuda a los hospitales a mejorar los resultados financieros y aumentar la seguridad de los pacientes con opciones que ayudan a racionalizar el flujo de trabajo y la gesti\u00f3n del inventario, as\u00ed como a reducir el riesgo de contaminaci\u00f3n cruzada. El secreto para la verdadera estandarizaci\u00f3n de brazaletes es la conexi\u00f3n de punto \u00fanico FlexiPort; una innovaci\u00f3n muy pr\u00e1ctica que permite a cualquier dispositivo funcionar con los Brazaletes para presi\u00f3n arterial Flexiport de Welch Allyn &#8211; sin las molestias de los tubos y los conectores de los brazaletes tradicionales. Los brazaletes desechables FlexiPort est\u00e1n disponibles en todos los tama\u00f1os, y con varias opciones de conectores tradicionales.<\/p>\n<p class=\"hidden-xs\"><strong>Caracteristicas:<\/strong><\/p>\n<\/div>\n<div class=\"product-features\">\n<div class=\"features-list featuresandsupportlist\">\n<ul>\n<li class=\"single\">La tecnolog\u00eda FlexiPort permite utilizar cada brazalete con uno o dos tubos<\/li>\n<li class=\"single\">Todos los tama\u00f1os de brazalete, desde peque\u00f1os para ni\u00f1os, hasta brazaletes para el muslo<\/li>\n<li class=\"single\">Con c\u00f3digo de color, para poder elegir de manera precisa el tama\u00f1o correcto de brazalete<\/li>\n<li class=\"single\">Puerto giratorio; mejora comodidad para el paciente y durabilidad del brazalete.<\/li>\n<li class=\"single\">Cumple con todas las normas cl\u00ednicas m\u00e1s recientes para el ajuste adecuado con la AAMI y AHA<\/li>\n<li class=\"single\">Lo suficientemente duradero para las estancias prolongadas de los pacientes<\/li>\n<li class=\"single\">Econ\u00f3mico para que lo utilice un solo paciente y as\u00ed ayudar a reducir los riesgos de la contaminaci\u00f3n cruzada<\/li>\n<\/ul>\n<\/div>\n<\/div>\n","protected":false},"excerpt":{"rendered":"<table width=\"714\">\n<tbody>\n<tr>\n<td style=\"font-weight: 400;\" width=\"714\">BRAZALETE FLEXIPORT DESECHABLE # 12 LARGO CAJA C\/20<\/td>\n<\/tr>\n<\/tbody>\n<\/table>\n","protected":false},"featured_media":15373,"template":"","meta":{"_joinchat":[]},"product_brand":[],"product_cat":[194],"product_tag":[],"class_list":{"0":"post-15372","1":"product","2":"type-product","3":"status-publish","4":"has-post-thumbnail","6":"product_cat-baumanometros","8":"first","9":"instock","10":"shipping-taxable","11":"product-type-simple"},"yoast_head":"<!-- This site is optimized with the Yoast SEO plugin v25.1 - https:\/\/yoast.com\/wordpress\/plugins\/seo\/ -->\n<title>BRAZALETE FLEXIPORT DESECHABLE # 12 LARGO CAJA C\/20 - Tu mejor opci\u00f3n Equipo M\u00e9dico M\u00e9xico<\/title>\n<meta name=\"robots\" content=\"index, follow, max-snippet:-1, max-image-preview:large, max-video-preview:-1\" \/>\n<link rel=\"canonical\" href=\"https:\/\/buscoequipomedico.com\/?product=brazalete-flexiport-desechable-12-largo-caja-c-20-2\" \/>\n<meta property=\"og:locale\" content=\"es_ES\" \/>\n<meta property=\"og:type\" content=\"article\" \/>\n<meta property=\"og:title\" content=\"BRAZALETE FLEXIPORT DESECHABLE # 12 LARGO CAJA C\/20 - Tu mejor opci\u00f3n Equipo M\u00e9dico M\u00e9xico\" \/>\n<meta property=\"og:description\" content=\"BRAZALETE FLEXIPORT DESECHABLE # 12 LARGO CAJA C\/20\" \/>\n<meta property=\"og:url\" content=\"https:\/\/buscoequipomedico.com\/?product=brazalete-flexiport-desechable-12-largo-caja-c-20-2\" \/>\n<meta property=\"og:site_name\" content=\"Tu mejor opci\u00f3n Equipo M\u00e9dico M\u00e9xico\" \/>\n<meta property=\"og:image\" content=\"https:\/\/buscoequipomedico.com\/wp-content\/uploads\/2021\/07\/10420.jpeg\" \/>\n\t<meta property=\"og:image:width\" content=\"300\" \/>\n\t<meta property=\"og:image:height\" content=\"300\" \/>\n\t<meta property=\"og:image:type\" content=\"image\/jpeg\" \/>\n<meta name=\"twitter:card\" content=\"summary_large_image\" \/>\n<meta name=\"twitter:label1\" content=\"Tiempo de lectura\" \/>\n\t<meta name=\"twitter:data1\" content=\"1 minuto\" \/>\n<script type=\"application\/ld+json\" class=\"yoast-schema-graph\">{\"@context\":\"https:\/\/schema.org\",\"@graph\":[{\"@type\":\"WebPage\",\"@id\":\"https:\/\/buscoequipomedico.com\/?product=brazalete-flexiport-desechable-12-largo-caja-c-20-2\",\"url\":\"https:\/\/buscoequipomedico.com\/?product=brazalete-flexiport-desechable-12-largo-caja-c-20-2\",\"name\":\"BRAZALETE FLEXIPORT DESECHABLE # 12 LARGO CAJA C\/20 - Tu mejor opci\u00f3n Equipo M\u00e9dico M\u00e9xico\",\"isPartOf\":{\"@id\":\"https:\/\/buscoequipomedico.com\/#website\"},\"primaryImageOfPage\":{\"@id\":\"https:\/\/buscoequipomedico.com\/?product=brazalete-flexiport-desechable-12-largo-caja-c-20-2#primaryimage\"},\"image\":{\"@id\":\"https:\/\/buscoequipomedico.com\/?product=brazalete-flexiport-desechable-12-largo-caja-c-20-2#primaryimage\"},\"thumbnailUrl\":\"https:\/\/buscoequipomedico.com\/wp-content\/uploads\/2021\/07\/10420.jpeg\",\"datePublished\":\"2021-07-22T17:23:53+00:00\",\"breadcrumb\":{\"@id\":\"https:\/\/buscoequipomedico.com\/?product=brazalete-flexiport-desechable-12-largo-caja-c-20-2#breadcrumb\"},\"inLanguage\":\"es\",\"potentialAction\":[{\"@type\":\"ReadAction\",\"target\":[\"https:\/\/buscoequipomedico.com\/?product=brazalete-flexiport-desechable-12-largo-caja-c-20-2\"]}]},{\"@type\":\"ImageObject\",\"inLanguage\":\"es\",\"@id\":\"https:\/\/buscoequipomedico.com\/?product=brazalete-flexiport-desechable-12-largo-caja-c-20-2#primaryimage\",\"url\":\"https:\/\/buscoequipomedico.com\/wp-content\/uploads\/2021\/07\/10420.jpeg\",\"contentUrl\":\"https:\/\/buscoequipomedico.com\/wp-content\/uploads\/2021\/07\/10420.jpeg\",\"width\":300,\"height\":300},{\"@type\":\"BreadcrumbList\",\"@id\":\"https:\/\/buscoequipomedico.com\/?product=brazalete-flexiport-desechable-12-largo-caja-c-20-2#breadcrumb\",\"itemListElement\":[{\"@type\":\"ListItem\",\"position\":1,\"name\":\"Productos\",\"item\":\"https:\/\/buscoequipomedico.com\/shop\/\"},{\"@type\":\"ListItem\",\"position\":2,\"name\":\"BRAZALETE FLEXIPORT DESECHABLE # 12 LARGO CAJA C\/20\"}]},{\"@type\":\"WebSite\",\"@id\":\"https:\/\/buscoequipomedico.com\/#website\",\"url\":\"https:\/\/buscoequipomedico.com\/\",\"name\":\"Tu mejor opci\u00f3n Equipo M\u00e9dico M\u00e9xico\",\"description\":\"Tienda de equipo m\u00e9dico\",\"publisher\":{\"@id\":\"https:\/\/buscoequipomedico.com\/#organization\"},\"potentialAction\":[{\"@type\":\"SearchAction\",\"target\":{\"@type\":\"EntryPoint\",\"urlTemplate\":\"https:\/\/buscoequipomedico.com\/?s={search_term_string}\"},\"query-input\":{\"@type\":\"PropertyValueSpecification\",\"valueRequired\":true,\"valueName\":\"search_term_string\"}}],\"inLanguage\":\"es\"},{\"@type\":\"Organization\",\"@id\":\"https:\/\/buscoequipomedico.com\/#organization\",\"name\":\"Tu mejor opci\u00f3n Equipo M\u00e9dico M\u00e9xico\",\"url\":\"https:\/\/buscoequipomedico.com\/\",\"logo\":{\"@type\":\"ImageObject\",\"inLanguage\":\"es\",\"@id\":\"https:\/\/buscoequipomedico.com\/#\/schema\/logo\/image\/\",\"url\":\"https:\/\/buscoequipomedico.com\/wp-content\/uploads\/2021\/07\/EMM-VPrincipal-scaled.jpg\",\"contentUrl\":\"https:\/\/buscoequipomedico.com\/wp-content\/uploads\/2021\/07\/EMM-VPrincipal-scaled.jpg\",\"width\":2560,\"height\":1058,\"caption\":\"Tu mejor opci\u00f3n Equipo M\u00e9dico M\u00e9xico\"},\"image\":{\"@id\":\"https:\/\/buscoequipomedico.com\/#\/schema\/logo\/image\/\"}}]}<\/script>\n<!-- \/ Yoast SEO plugin. -->","yoast_head_json":{"title":"BRAZALETE FLEXIPORT DESECHABLE # 12 LARGO CAJA C\/20 - Tu mejor opci\u00f3n Equipo M\u00e9dico M\u00e9xico","robots":{"index":"index","follow":"follow","max-snippet":"max-snippet:-1","max-image-preview":"max-image-preview:large","max-video-preview":"max-video-preview:-1"},"canonical":"https:\/\/buscoequipomedico.com\/?product=brazalete-flexiport-desechable-12-largo-caja-c-20-2","og_locale":"es_ES","og_type":"article","og_title":"BRAZALETE FLEXIPORT DESECHABLE # 12 LARGO CAJA C\/20 - Tu mejor opci\u00f3n Equipo M\u00e9dico M\u00e9xico","og_description":"BRAZALETE FLEXIPORT DESECHABLE # 12 LARGO CAJA C\/20","og_url":"https:\/\/buscoequipomedico.com\/?product=brazalete-flexiport-desechable-12-largo-caja-c-20-2","og_site_name":"Tu mejor opci\u00f3n Equipo M\u00e9dico M\u00e9xico","og_image":[{"width":300,"height":300,"url":"https:\/\/buscoequipomedico.com\/wp-content\/uploads\/2021\/07\/10420.jpeg","type":"image\/jpeg"}],"twitter_card":"summary_large_image","twitter_misc":{"Tiempo de lectura":"1 minuto"},"schema":{"@context":"https:\/\/schema.org","@graph":[{"@type":"WebPage","@id":"https:\/\/buscoequipomedico.com\/?product=brazalete-flexiport-desechable-12-largo-caja-c-20-2","url":"https:\/\/buscoequipomedico.com\/?product=brazalete-flexiport-desechable-12-largo-caja-c-20-2","name":"BRAZALETE FLEXIPORT DESECHABLE # 12 LARGO CAJA C\/20 - Tu mejor opci\u00f3n Equipo M\u00e9dico M\u00e9xico","isPartOf":{"@id":"https:\/\/buscoequipomedico.com\/#website"},"primaryImageOfPage":{"@id":"https:\/\/buscoequipomedico.com\/?product=brazalete-flexiport-desechable-12-largo-caja-c-20-2#primaryimage"},"image":{"@id":"https:\/\/buscoequipomedico.com\/?product=brazalete-flexiport-desechable-12-largo-caja-c-20-2#primaryimage"},"thumbnailUrl":"https:\/\/buscoequipomedico.com\/wp-content\/uploads\/2021\/07\/10420.jpeg","datePublished":"2021-07-22T17:23:53+00:00","breadcrumb":{"@id":"https:\/\/buscoequipomedico.com\/?product=brazalete-flexiport-desechable-12-largo-caja-c-20-2#breadcrumb"},"inLanguage":"es","potentialAction":[{"@type":"ReadAction","target":["https:\/\/buscoequipomedico.com\/?product=brazalete-flexiport-desechable-12-largo-caja-c-20-2"]}]},{"@type":"ImageObject","inLanguage":"es","@id":"https:\/\/buscoequipomedico.com\/?product=brazalete-flexiport-desechable-12-largo-caja-c-20-2#primaryimage","url":"https:\/\/buscoequipomedico.com\/wp-content\/uploads\/2021\/07\/10420.jpeg","contentUrl":"https:\/\/buscoequipomedico.com\/wp-content\/uploads\/2021\/07\/10420.jpeg","width":300,"height":300},{"@type":"BreadcrumbList","@id":"https:\/\/buscoequipomedico.com\/?product=brazalete-flexiport-desechable-12-largo-caja-c-20-2#breadcrumb","itemListElement":[{"@type":"ListItem","position":1,"name":"Productos","item":"https:\/\/buscoequipomedico.com\/shop\/"},{"@type":"ListItem","position":2,"name":"BRAZALETE FLEXIPORT DESECHABLE # 12 LARGO CAJA C\/20"}]},{"@type":"WebSite","@id":"https:\/\/buscoequipomedico.com\/#website","url":"https:\/\/buscoequipomedico.com\/","name":"Tu mejor opci\u00f3n Equipo M\u00e9dico M\u00e9xico","description":"Tienda de equipo m\u00e9dico","publisher":{"@id":"https:\/\/buscoequipomedico.com\/#organization"},"potentialAction":[{"@type":"SearchAction","target":{"@type":"EntryPoint","urlTemplate":"https:\/\/buscoequipomedico.com\/?s={search_term_string}"},"query-input":{"@type":"PropertyValueSpecification","valueRequired":true,"valueName":"search_term_string"}}],"inLanguage":"es"},{"@type":"Organization","@id":"https:\/\/buscoequipomedico.com\/#organization","name":"Tu mejor opci\u00f3n Equipo M\u00e9dico M\u00e9xico","url":"https:\/\/buscoequipomedico.com\/","logo":{"@type":"ImageObject","inLanguage":"es","@id":"https:\/\/buscoequipomedico.com\/#\/schema\/logo\/image\/","url":"https:\/\/buscoequipomedico.com\/wp-content\/uploads\/2021\/07\/EMM-VPrincipal-scaled.jpg","contentUrl":"https:\/\/buscoequipomedico.com\/wp-content\/uploads\/2021\/07\/EMM-VPrincipal-scaled.jpg","width":2560,"height":1058,"caption":"Tu mejor opci\u00f3n Equipo M\u00e9dico M\u00e9xico"},"image":{"@id":"https:\/\/buscoequipomedico.com\/#\/schema\/logo\/image\/"}}]}},"_links":{"self":[{"href":"https:\/\/buscoequipomedico.com\/index.php?rest_route=\/wp\/v2\/product\/15372","targetHints":{"allow":["GET"]}}],"collection":[{"href":"https:\/\/buscoequipomedico.com\/index.php?rest_route=\/wp\/v2\/product"}],"about":[{"href":"https:\/\/buscoequipomedico.com\/index.php?rest_route=\/wp\/v2\/types\/product"}],"wp:featuredmedia":[{"embeddable":true,"href":"https:\/\/buscoequipomedico.com\/index.php?rest_route=\/wp\/v2\/media\/15373"}],"wp:attachment":[{"href":"https:\/\/buscoequipomedico.com\/index.php?rest_route=%2Fwp%2Fv2%2Fmedia&parent=15372"}],"wp:term":[{"taxonomy":"product_brand","embeddable":true,"href":"https:\/\/buscoequipomedico.com\/index.php?rest_route=%2Fwp%2Fv2%2Fproduct_brand&post=15372"},{"taxonomy":"product_cat","embeddable":true,"href":"https:\/\/buscoequipomedico.com\/index.php?rest_route=%2Fwp%2Fv2%2Fproduct_cat&post=15372"},{"taxonomy":"product_tag","embeddable":true,"href":"https:\/\/buscoequipomedico.com\/index.php?rest_route=%2Fwp%2Fv2%2Fproduct_tag&post=15372"}],"curies":[{"name":"wp","href":"https:\/\/api.w.org\/{rel}","templated":true}]}}