{"id":15441,"date":"2021-07-22T20:23:20","date_gmt":"2021-07-22T20:23:20","guid":{"rendered":"https:\/\/equipomedicomexico-com.preview-domain.com\/?post_type=product&#038;p=15441"},"modified":"2021-07-22T20:23:20","modified_gmt":"2021-07-22T20:23:20","slug":"bulbo-insuflador-para-otoscopio-macroview","status":"publish","type":"product","link":"https:\/\/buscoequipomedico.com\/?product=bulbo-insuflador-para-otoscopio-macroview","title":{"rendered":"BULBO INSUFLADOR PARA OTOSCOPIO MACROVIEW"},"content":{"rendered":"<p>PERA DE INSUFLACI\u00d3N Y TUBO PARA OTOSCOPIO CON PUNTA PARA EL OTOSCOPIO MACROVIEW<\/p>\n","protected":false},"excerpt":{"rendered":"<table width=\"714\">\n<tbody>\n<tr>\n<td style=\"font-weight: 400;\" width=\"714\">BULBO INSUFLADOR PARA OTOSCOPIO MACROVIEW<\/td>\n<\/tr>\n<\/tbody>\n<\/table>\n","protected":false},"featured_media":15442,"template":"","meta":{"_joinchat":[]},"product_brand":[],"product_cat":[381],"product_tag":[],"class_list":{"0":"post-15441","1":"product","2":"type-product","3":"status-publish","4":"has-post-thumbnail","6":"product_cat-otoscopios-2","8":"first","9":"instock","10":"shipping-taxable","11":"product-type-simple"},"yoast_head":"<!-- This site is optimized with the Yoast SEO plugin v25.1 - https:\/\/yoast.com\/wordpress\/plugins\/seo\/ -->\n<title>BULBO INSUFLADOR PARA OTOSCOPIO MACROVIEW - Tu mejor opci\u00f3n Equipo M\u00e9dico M\u00e9xico<\/title>\n<meta name=\"robots\" content=\"index, follow, max-snippet:-1, max-image-preview:large, max-video-preview:-1\" \/>\n<link rel=\"canonical\" href=\"https:\/\/buscoequipomedico.com\/?product=bulbo-insuflador-para-otoscopio-macroview\" \/>\n<meta property=\"og:locale\" content=\"es_ES\" \/>\n<meta property=\"og:type\" content=\"article\" \/>\n<meta property=\"og:title\" content=\"BULBO INSUFLADOR PARA OTOSCOPIO MACROVIEW - Tu mejor opci\u00f3n Equipo M\u00e9dico M\u00e9xico\" \/>\n<meta property=\"og:description\" content=\"BULBO INSUFLADOR PARA OTOSCOPIO MACROVIEW\" \/>\n<meta property=\"og:url\" content=\"https:\/\/buscoequipomedico.com\/?product=bulbo-insuflador-para-otoscopio-macroview\" \/>\n<meta property=\"og:site_name\" content=\"Tu mejor opci\u00f3n Equipo M\u00e9dico M\u00e9xico\" \/>\n<meta property=\"og:image\" content=\"https:\/\/buscoequipomedico.com\/wp-content\/uploads\/2021\/07\/descarga.jpg\" \/>\n\t<meta property=\"og:image:width\" content=\"224\" \/>\n\t<meta property=\"og:image:height\" content=\"224\" \/>\n\t<meta property=\"og:image:type\" content=\"image\/jpeg\" \/>\n<meta name=\"twitter:card\" content=\"summary_large_image\" \/>\n<script type=\"application\/ld+json\" class=\"yoast-schema-graph\">{\"@context\":\"https:\/\/schema.org\",\"@graph\":[{\"@type\":\"WebPage\",\"@id\":\"https:\/\/buscoequipomedico.com\/?product=bulbo-insuflador-para-otoscopio-macroview\",\"url\":\"https:\/\/buscoequipomedico.com\/?product=bulbo-insuflador-para-otoscopio-macroview\",\"name\":\"BULBO INSUFLADOR PARA OTOSCOPIO MACROVIEW - Tu mejor opci\u00f3n Equipo M\u00e9dico M\u00e9xico\",\"isPartOf\":{\"@id\":\"https:\/\/buscoequipomedico.com\/#website\"},\"primaryImageOfPage\":{\"@id\":\"https:\/\/buscoequipomedico.com\/?product=bulbo-insuflador-para-otoscopio-macroview#primaryimage\"},\"image\":{\"@id\":\"https:\/\/buscoequipomedico.com\/?product=bulbo-insuflador-para-otoscopio-macroview#primaryimage\"},\"thumbnailUrl\":\"https:\/\/buscoequipomedico.com\/wp-content\/uploads\/2021\/07\/descarga.jpg\",\"datePublished\":\"2021-07-22T20:23:20+00:00\",\"breadcrumb\":{\"@id\":\"https:\/\/buscoequipomedico.com\/?product=bulbo-insuflador-para-otoscopio-macroview#breadcrumb\"},\"inLanguage\":\"es\",\"potentialAction\":[{\"@type\":\"ReadAction\",\"target\":[\"https:\/\/buscoequipomedico.com\/?product=bulbo-insuflador-para-otoscopio-macroview\"]}]},{\"@type\":\"ImageObject\",\"inLanguage\":\"es\",\"@id\":\"https:\/\/buscoequipomedico.com\/?product=bulbo-insuflador-para-otoscopio-macroview#primaryimage\",\"url\":\"https:\/\/buscoequipomedico.com\/wp-content\/uploads\/2021\/07\/descarga.jpg\",\"contentUrl\":\"https:\/\/buscoequipomedico.com\/wp-content\/uploads\/2021\/07\/descarga.jpg\",\"width\":224,\"height\":224},{\"@type\":\"BreadcrumbList\",\"@id\":\"https:\/\/buscoequipomedico.com\/?product=bulbo-insuflador-para-otoscopio-macroview#breadcrumb\",\"itemListElement\":[{\"@type\":\"ListItem\",\"position\":1,\"name\":\"Productos\",\"item\":\"https:\/\/buscoequipomedico.com\/shop\/\"},{\"@type\":\"ListItem\",\"position\":2,\"name\":\"BULBO INSUFLADOR PARA OTOSCOPIO MACROVIEW\"}]},{\"@type\":\"WebSite\",\"@id\":\"https:\/\/buscoequipomedico.com\/#website\",\"url\":\"https:\/\/buscoequipomedico.com\/\",\"name\":\"Tu mejor opci\u00f3n Equipo M\u00e9dico M\u00e9xico\",\"description\":\"Tienda de equipo m\u00e9dico\",\"publisher\":{\"@id\":\"https:\/\/buscoequipomedico.com\/#organization\"},\"potentialAction\":[{\"@type\":\"SearchAction\",\"target\":{\"@type\":\"EntryPoint\",\"urlTemplate\":\"https:\/\/buscoequipomedico.com\/?s={search_term_string}\"},\"query-input\":{\"@type\":\"PropertyValueSpecification\",\"valueRequired\":true,\"valueName\":\"search_term_string\"}}],\"inLanguage\":\"es\"},{\"@type\":\"Organization\",\"@id\":\"https:\/\/buscoequipomedico.com\/#organization\",\"name\":\"Tu mejor opci\u00f3n Equipo M\u00e9dico M\u00e9xico\",\"url\":\"https:\/\/buscoequipomedico.com\/\",\"logo\":{\"@type\":\"ImageObject\",\"inLanguage\":\"es\",\"@id\":\"https:\/\/buscoequipomedico.com\/#\/schema\/logo\/image\/\",\"url\":\"https:\/\/buscoequipomedico.com\/wp-content\/uploads\/2021\/07\/EMM-VPrincipal-scaled.jpg\",\"contentUrl\":\"https:\/\/buscoequipomedico.com\/wp-content\/uploads\/2021\/07\/EMM-VPrincipal-scaled.jpg\",\"width\":2560,\"height\":1058,\"caption\":\"Tu mejor opci\u00f3n Equipo M\u00e9dico M\u00e9xico\"},\"image\":{\"@id\":\"https:\/\/buscoequipomedico.com\/#\/schema\/logo\/image\/\"}}]}<\/script>\n<!-- \/ Yoast SEO plugin. -->","yoast_head_json":{"title":"BULBO INSUFLADOR PARA OTOSCOPIO MACROVIEW - Tu mejor opci\u00f3n Equipo M\u00e9dico M\u00e9xico","robots":{"index":"index","follow":"follow","max-snippet":"max-snippet:-1","max-image-preview":"max-image-preview:large","max-video-preview":"max-video-preview:-1"},"canonical":"https:\/\/buscoequipomedico.com\/?product=bulbo-insuflador-para-otoscopio-macroview","og_locale":"es_ES","og_type":"article","og_title":"BULBO INSUFLADOR PARA OTOSCOPIO MACROVIEW - Tu mejor opci\u00f3n Equipo M\u00e9dico M\u00e9xico","og_description":"BULBO INSUFLADOR PARA OTOSCOPIO MACROVIEW","og_url":"https:\/\/buscoequipomedico.com\/?product=bulbo-insuflador-para-otoscopio-macroview","og_site_name":"Tu mejor opci\u00f3n Equipo M\u00e9dico M\u00e9xico","og_image":[{"width":224,"height":224,"url":"https:\/\/buscoequipomedico.com\/wp-content\/uploads\/2021\/07\/descarga.jpg","type":"image\/jpeg"}],"twitter_card":"summary_large_image","schema":{"@context":"https:\/\/schema.org","@graph":[{"@type":"WebPage","@id":"https:\/\/buscoequipomedico.com\/?product=bulbo-insuflador-para-otoscopio-macroview","url":"https:\/\/buscoequipomedico.com\/?product=bulbo-insuflador-para-otoscopio-macroview","name":"BULBO INSUFLADOR PARA OTOSCOPIO MACROVIEW - Tu mejor opci\u00f3n Equipo M\u00e9dico M\u00e9xico","isPartOf":{"@id":"https:\/\/buscoequipomedico.com\/#website"},"primaryImageOfPage":{"@id":"https:\/\/buscoequipomedico.com\/?product=bulbo-insuflador-para-otoscopio-macroview#primaryimage"},"image":{"@id":"https:\/\/buscoequipomedico.com\/?product=bulbo-insuflador-para-otoscopio-macroview#primaryimage"},"thumbnailUrl":"https:\/\/buscoequipomedico.com\/wp-content\/uploads\/2021\/07\/descarga.jpg","datePublished":"2021-07-22T20:23:20+00:00","breadcrumb":{"@id":"https:\/\/buscoequipomedico.com\/?product=bulbo-insuflador-para-otoscopio-macroview#breadcrumb"},"inLanguage":"es","potentialAction":[{"@type":"ReadAction","target":["https:\/\/buscoequipomedico.com\/?product=bulbo-insuflador-para-otoscopio-macroview"]}]},{"@type":"ImageObject","inLanguage":"es","@id":"https:\/\/buscoequipomedico.com\/?product=bulbo-insuflador-para-otoscopio-macroview#primaryimage","url":"https:\/\/buscoequipomedico.com\/wp-content\/uploads\/2021\/07\/descarga.jpg","contentUrl":"https:\/\/buscoequipomedico.com\/wp-content\/uploads\/2021\/07\/descarga.jpg","width":224,"height":224},{"@type":"BreadcrumbList","@id":"https:\/\/buscoequipomedico.com\/?product=bulbo-insuflador-para-otoscopio-macroview#breadcrumb","itemListElement":[{"@type":"ListItem","position":1,"name":"Productos","item":"https:\/\/buscoequipomedico.com\/shop\/"},{"@type":"ListItem","position":2,"name":"BULBO INSUFLADOR PARA OTOSCOPIO MACROVIEW"}]},{"@type":"WebSite","@id":"https:\/\/buscoequipomedico.com\/#website","url":"https:\/\/buscoequipomedico.com\/","name":"Tu mejor opci\u00f3n Equipo M\u00e9dico M\u00e9xico","description":"Tienda de equipo m\u00e9dico","publisher":{"@id":"https:\/\/buscoequipomedico.com\/#organization"},"potentialAction":[{"@type":"SearchAction","target":{"@type":"EntryPoint","urlTemplate":"https:\/\/buscoequipomedico.com\/?s={search_term_string}"},"query-input":{"@type":"PropertyValueSpecification","valueRequired":true,"valueName":"search_term_string"}}],"inLanguage":"es"},{"@type":"Organization","@id":"https:\/\/buscoequipomedico.com\/#organization","name":"Tu mejor opci\u00f3n Equipo M\u00e9dico M\u00e9xico","url":"https:\/\/buscoequipomedico.com\/","logo":{"@type":"ImageObject","inLanguage":"es","@id":"https:\/\/buscoequipomedico.com\/#\/schema\/logo\/image\/","url":"https:\/\/buscoequipomedico.com\/wp-content\/uploads\/2021\/07\/EMM-VPrincipal-scaled.jpg","contentUrl":"https:\/\/buscoequipomedico.com\/wp-content\/uploads\/2021\/07\/EMM-VPrincipal-scaled.jpg","width":2560,"height":1058,"caption":"Tu mejor opci\u00f3n Equipo M\u00e9dico M\u00e9xico"},"image":{"@id":"https:\/\/buscoequipomedico.com\/#\/schema\/logo\/image\/"}}]}},"_links":{"self":[{"href":"https:\/\/buscoequipomedico.com\/index.php?rest_route=\/wp\/v2\/product\/15441","targetHints":{"allow":["GET"]}}],"collection":[{"href":"https:\/\/buscoequipomedico.com\/index.php?rest_route=\/wp\/v2\/product"}],"about":[{"href":"https:\/\/buscoequipomedico.com\/index.php?rest_route=\/wp\/v2\/types\/product"}],"wp:featuredmedia":[{"embeddable":true,"href":"https:\/\/buscoequipomedico.com\/index.php?rest_route=\/wp\/v2\/media\/15442"}],"wp:attachment":[{"href":"https:\/\/buscoequipomedico.com\/index.php?rest_route=%2Fwp%2Fv2%2Fmedia&parent=15441"}],"wp:term":[{"taxonomy":"product_brand","embeddable":true,"href":"https:\/\/buscoequipomedico.com\/index.php?rest_route=%2Fwp%2Fv2%2Fproduct_brand&post=15441"},{"taxonomy":"product_cat","embeddable":true,"href":"https:\/\/buscoequipomedico.com\/index.php?rest_route=%2Fwp%2Fv2%2Fproduct_cat&post=15441"},{"taxonomy":"product_tag","embeddable":true,"href":"https:\/\/buscoequipomedico.com\/index.php?rest_route=%2Fwp%2Fv2%2Fproduct_tag&post=15441"}],"curies":[{"name":"wp","href":"https:\/\/api.w.org\/{rel}","templated":true}]}}