{"id":15594,"date":"2021-08-03T23:01:36","date_gmt":"2021-08-04T04:01:36","guid":{"rendered":"https:\/\/equipomedicomexico-com.preview-domain.com\/?post_type=product&#038;p=15594"},"modified":"2021-08-18T14:19:39","modified_gmt":"2021-08-18T19:19:39","slug":"airvo-2-sistema-generador-de-alto-flujo-con-humidificador-integrado","status":"publish","type":"product","link":"https:\/\/buscoequipomedico.com\/?product=airvo-2-sistema-generador-de-alto-flujo-con-humidificador-integrado","title":{"rendered":"AIRVO 2, Sistema Generador de Alto Flujo con Humidificador Integrado"},"content":{"rendered":"<p>AIRVO 2, Sistema Generador de Alto Flujo con Humidificador Integrado<\/p>\n<h5>Marca: FISHER AND PAYKEL<\/h5>\n<p><strong>Humidificador de Alto Flujo My Airvo 2<\/strong><\/p>\n<p>El AIRVO\u00a02 es un sistema de alto flujo humidificado\u00a0dise\u00f1ado para tratar a los pacientes en todo el proceso de cuidado<\/p>\n<ul>\n<li>Un\u00a0amplio intervalo de flujo\u00a0(de 2 a 60\u00a0L\/min) permite llevar a sus pacientes de los entornos de cuidados m\u00e1s agudos (UCI y salas de urgencias) al hogar.<\/li>\n<li>Un sistema con un generador integrado que lo hace\u00a0port\u00e1til; sin necesidad de un ruidoso y pesado compresor ni de estar atado a un suministro de aire de pared.<\/li>\n<li>Diversas interfaces\u00a0dise\u00f1adas pensando espec\u00edficamente en la terapia de alto flujo Optiflow. Con los flujos m\u00e1s altos, la comodidad es esencial: se requiere una interfaz dise\u00f1ada especialmente para esa funci\u00f3n.<\/li>\n<li>Generador de alto flujo con humidificador<\/li>\n<li>Configuraci\u00f3n ajustable de flujo y temperatura<\/li>\n<li>Suministra de una forma c\u00f3moda altos flujos de mezclas de aire\/ox\u00edgeno<\/li>\n<li>Control de flujo m\u00e1ximo y el fio2 suministrados por el dispositivo (flujos de hasta 60 l\/min<\/li>\n<li>Men\u00fa gr\u00e1fico y men\u00fa modo junior<\/li>\n<li>Ajuste, uso y limpieza sencilla<\/li>\n<\/ul>\n","protected":false},"excerpt":{"rendered":"<p><a href=\"https:\/\/buscoequipomedico.com\/wp-content\/uploads\/2021\/08\/FICHA-TECNICA-AIRVO-2.pdf\">FICHA-TECNICA-AIRVO-2<\/a><\/p>\n<p>AIRVO 2, Sistema generador de alto flujo con humidificador<\/p>\n","protected":false},"featured_media":15597,"template":"","meta":{"_joinchat":[]},"product_brand":[],"product_cat":[213],"product_tag":[],"class_list":{"0":"post-15594","1":"product","2":"type-product","3":"status-publish","4":"has-post-thumbnail","6":"product_cat-concentradores","8":"first","9":"instock","10":"shipping-taxable","11":"product-type-simple"},"yoast_head":"<!-- This site is optimized with the Yoast SEO plugin v25.1 - https:\/\/yoast.com\/wordpress\/plugins\/seo\/ -->\n<title>AIRVO 2, Sistema Generador de Alto Flujo con Humidificador Integrado - Tu mejor opci\u00f3n Equipo M\u00e9dico M\u00e9xico<\/title>\n<meta name=\"robots\" content=\"index, follow, max-snippet:-1, max-image-preview:large, max-video-preview:-1\" \/>\n<link rel=\"canonical\" href=\"https:\/\/buscoequipomedico.com\/?product=airvo-2-sistema-generador-de-alto-flujo-con-humidificador-integrado\" \/>\n<meta property=\"og:locale\" content=\"es_ES\" \/>\n<meta property=\"og:type\" content=\"article\" \/>\n<meta property=\"og:title\" content=\"AIRVO 2, Sistema Generador de Alto Flujo con Humidificador Integrado - Tu mejor opci\u00f3n Equipo M\u00e9dico M\u00e9xico\" \/>\n<meta property=\"og:description\" content=\"FICHA-TECNICA-AIRVO-2  AIRVO 2, Sistema generador de alto flujo con humidificador\" \/>\n<meta property=\"og:url\" content=\"https:\/\/buscoequipomedico.com\/?product=airvo-2-sistema-generador-de-alto-flujo-con-humidificador-integrado\" \/>\n<meta property=\"og:site_name\" content=\"Tu mejor opci\u00f3n Equipo M\u00e9dico M\u00e9xico\" \/>\n<meta property=\"article:modified_time\" content=\"2021-08-18T19:19:39+00:00\" \/>\n<meta property=\"og:image\" content=\"https:\/\/buscoequipomedico.com\/wp-content\/uploads\/2021\/08\/35106-large_default.jpg\" \/>\n\t<meta property=\"og:image:width\" content=\"458\" \/>\n\t<meta property=\"og:image:height\" content=\"458\" \/>\n\t<meta property=\"og:image:type\" content=\"image\/jpeg\" \/>\n<meta name=\"twitter:card\" content=\"summary_large_image\" \/>\n<meta name=\"twitter:label1\" content=\"Tiempo de lectura\" \/>\n\t<meta name=\"twitter:data1\" content=\"1 minuto\" \/>\n<script type=\"application\/ld+json\" class=\"yoast-schema-graph\">{\"@context\":\"https:\/\/schema.org\",\"@graph\":[{\"@type\":\"WebPage\",\"@id\":\"https:\/\/buscoequipomedico.com\/?product=airvo-2-sistema-generador-de-alto-flujo-con-humidificador-integrado\",\"url\":\"https:\/\/buscoequipomedico.com\/?product=airvo-2-sistema-generador-de-alto-flujo-con-humidificador-integrado\",\"name\":\"AIRVO 2, Sistema Generador de Alto Flujo con Humidificador Integrado - Tu mejor opci\u00f3n Equipo M\u00e9dico M\u00e9xico\",\"isPartOf\":{\"@id\":\"https:\/\/buscoequipomedico.com\/#website\"},\"primaryImageOfPage\":{\"@id\":\"https:\/\/buscoequipomedico.com\/?product=airvo-2-sistema-generador-de-alto-flujo-con-humidificador-integrado#primaryimage\"},\"image\":{\"@id\":\"https:\/\/buscoequipomedico.com\/?product=airvo-2-sistema-generador-de-alto-flujo-con-humidificador-integrado#primaryimage\"},\"thumbnailUrl\":\"https:\/\/buscoequipomedico.com\/wp-content\/uploads\/2021\/08\/35106-large_default.jpg\",\"datePublished\":\"2021-08-04T04:01:36+00:00\",\"dateModified\":\"2021-08-18T19:19:39+00:00\",\"breadcrumb\":{\"@id\":\"https:\/\/buscoequipomedico.com\/?product=airvo-2-sistema-generador-de-alto-flujo-con-humidificador-integrado#breadcrumb\"},\"inLanguage\":\"es\",\"potentialAction\":[{\"@type\":\"ReadAction\",\"target\":[\"https:\/\/buscoequipomedico.com\/?product=airvo-2-sistema-generador-de-alto-flujo-con-humidificador-integrado\"]}]},{\"@type\":\"ImageObject\",\"inLanguage\":\"es\",\"@id\":\"https:\/\/buscoequipomedico.com\/?product=airvo-2-sistema-generador-de-alto-flujo-con-humidificador-integrado#primaryimage\",\"url\":\"https:\/\/buscoequipomedico.com\/wp-content\/uploads\/2021\/08\/35106-large_default.jpg\",\"contentUrl\":\"https:\/\/buscoequipomedico.com\/wp-content\/uploads\/2021\/08\/35106-large_default.jpg\",\"width\":458,\"height\":458},{\"@type\":\"BreadcrumbList\",\"@id\":\"https:\/\/buscoequipomedico.com\/?product=airvo-2-sistema-generador-de-alto-flujo-con-humidificador-integrado#breadcrumb\",\"itemListElement\":[{\"@type\":\"ListItem\",\"position\":1,\"name\":\"Productos\",\"item\":\"https:\/\/buscoequipomedico.com\/shop\/\"},{\"@type\":\"ListItem\",\"position\":2,\"name\":\"AIRVO 2, Sistema Generador de Alto Flujo con Humidificador Integrado\"}]},{\"@type\":\"WebSite\",\"@id\":\"https:\/\/buscoequipomedico.com\/#website\",\"url\":\"https:\/\/buscoequipomedico.com\/\",\"name\":\"Tu mejor opci\u00f3n Equipo M\u00e9dico M\u00e9xico\",\"description\":\"Tienda de equipo m\u00e9dico\",\"publisher\":{\"@id\":\"https:\/\/buscoequipomedico.com\/#organization\"},\"potentialAction\":[{\"@type\":\"SearchAction\",\"target\":{\"@type\":\"EntryPoint\",\"urlTemplate\":\"https:\/\/buscoequipomedico.com\/?s={search_term_string}\"},\"query-input\":{\"@type\":\"PropertyValueSpecification\",\"valueRequired\":true,\"valueName\":\"search_term_string\"}}],\"inLanguage\":\"es\"},{\"@type\":\"Organization\",\"@id\":\"https:\/\/buscoequipomedico.com\/#organization\",\"name\":\"Tu mejor opci\u00f3n Equipo M\u00e9dico M\u00e9xico\",\"url\":\"https:\/\/buscoequipomedico.com\/\",\"logo\":{\"@type\":\"ImageObject\",\"inLanguage\":\"es\",\"@id\":\"https:\/\/buscoequipomedico.com\/#\/schema\/logo\/image\/\",\"url\":\"https:\/\/buscoequipomedico.com\/wp-content\/uploads\/2021\/07\/EMM-VPrincipal-scaled.jpg\",\"contentUrl\":\"https:\/\/buscoequipomedico.com\/wp-content\/uploads\/2021\/07\/EMM-VPrincipal-scaled.jpg\",\"width\":2560,\"height\":1058,\"caption\":\"Tu mejor opci\u00f3n Equipo M\u00e9dico M\u00e9xico\"},\"image\":{\"@id\":\"https:\/\/buscoequipomedico.com\/#\/schema\/logo\/image\/\"}}]}<\/script>\n<!-- \/ Yoast SEO plugin. -->","yoast_head_json":{"title":"AIRVO 2, Sistema Generador de Alto Flujo con Humidificador Integrado - Tu mejor opci\u00f3n Equipo M\u00e9dico M\u00e9xico","robots":{"index":"index","follow":"follow","max-snippet":"max-snippet:-1","max-image-preview":"max-image-preview:large","max-video-preview":"max-video-preview:-1"},"canonical":"https:\/\/buscoequipomedico.com\/?product=airvo-2-sistema-generador-de-alto-flujo-con-humidificador-integrado","og_locale":"es_ES","og_type":"article","og_title":"AIRVO 2, Sistema Generador de Alto Flujo con Humidificador Integrado - Tu mejor opci\u00f3n Equipo M\u00e9dico M\u00e9xico","og_description":"FICHA-TECNICA-AIRVO-2  AIRVO 2, Sistema generador de alto flujo con humidificador","og_url":"https:\/\/buscoequipomedico.com\/?product=airvo-2-sistema-generador-de-alto-flujo-con-humidificador-integrado","og_site_name":"Tu mejor opci\u00f3n Equipo M\u00e9dico M\u00e9xico","article_modified_time":"2021-08-18T19:19:39+00:00","og_image":[{"width":458,"height":458,"url":"https:\/\/buscoequipomedico.com\/wp-content\/uploads\/2021\/08\/35106-large_default.jpg","type":"image\/jpeg"}],"twitter_card":"summary_large_image","twitter_misc":{"Tiempo de lectura":"1 minuto"},"schema":{"@context":"https:\/\/schema.org","@graph":[{"@type":"WebPage","@id":"https:\/\/buscoequipomedico.com\/?product=airvo-2-sistema-generador-de-alto-flujo-con-humidificador-integrado","url":"https:\/\/buscoequipomedico.com\/?product=airvo-2-sistema-generador-de-alto-flujo-con-humidificador-integrado","name":"AIRVO 2, Sistema Generador de Alto Flujo con Humidificador Integrado - Tu mejor opci\u00f3n Equipo M\u00e9dico M\u00e9xico","isPartOf":{"@id":"https:\/\/buscoequipomedico.com\/#website"},"primaryImageOfPage":{"@id":"https:\/\/buscoequipomedico.com\/?product=airvo-2-sistema-generador-de-alto-flujo-con-humidificador-integrado#primaryimage"},"image":{"@id":"https:\/\/buscoequipomedico.com\/?product=airvo-2-sistema-generador-de-alto-flujo-con-humidificador-integrado#primaryimage"},"thumbnailUrl":"https:\/\/buscoequipomedico.com\/wp-content\/uploads\/2021\/08\/35106-large_default.jpg","datePublished":"2021-08-04T04:01:36+00:00","dateModified":"2021-08-18T19:19:39+00:00","breadcrumb":{"@id":"https:\/\/buscoequipomedico.com\/?product=airvo-2-sistema-generador-de-alto-flujo-con-humidificador-integrado#breadcrumb"},"inLanguage":"es","potentialAction":[{"@type":"ReadAction","target":["https:\/\/buscoequipomedico.com\/?product=airvo-2-sistema-generador-de-alto-flujo-con-humidificador-integrado"]}]},{"@type":"ImageObject","inLanguage":"es","@id":"https:\/\/buscoequipomedico.com\/?product=airvo-2-sistema-generador-de-alto-flujo-con-humidificador-integrado#primaryimage","url":"https:\/\/buscoequipomedico.com\/wp-content\/uploads\/2021\/08\/35106-large_default.jpg","contentUrl":"https:\/\/buscoequipomedico.com\/wp-content\/uploads\/2021\/08\/35106-large_default.jpg","width":458,"height":458},{"@type":"BreadcrumbList","@id":"https:\/\/buscoequipomedico.com\/?product=airvo-2-sistema-generador-de-alto-flujo-con-humidificador-integrado#breadcrumb","itemListElement":[{"@type":"ListItem","position":1,"name":"Productos","item":"https:\/\/buscoequipomedico.com\/shop\/"},{"@type":"ListItem","position":2,"name":"AIRVO 2, Sistema Generador de Alto Flujo con Humidificador Integrado"}]},{"@type":"WebSite","@id":"https:\/\/buscoequipomedico.com\/#website","url":"https:\/\/buscoequipomedico.com\/","name":"Tu mejor opci\u00f3n Equipo M\u00e9dico M\u00e9xico","description":"Tienda de equipo m\u00e9dico","publisher":{"@id":"https:\/\/buscoequipomedico.com\/#organization"},"potentialAction":[{"@type":"SearchAction","target":{"@type":"EntryPoint","urlTemplate":"https:\/\/buscoequipomedico.com\/?s={search_term_string}"},"query-input":{"@type":"PropertyValueSpecification","valueRequired":true,"valueName":"search_term_string"}}],"inLanguage":"es"},{"@type":"Organization","@id":"https:\/\/buscoequipomedico.com\/#organization","name":"Tu mejor opci\u00f3n Equipo M\u00e9dico M\u00e9xico","url":"https:\/\/buscoequipomedico.com\/","logo":{"@type":"ImageObject","inLanguage":"es","@id":"https:\/\/buscoequipomedico.com\/#\/schema\/logo\/image\/","url":"https:\/\/buscoequipomedico.com\/wp-content\/uploads\/2021\/07\/EMM-VPrincipal-scaled.jpg","contentUrl":"https:\/\/buscoequipomedico.com\/wp-content\/uploads\/2021\/07\/EMM-VPrincipal-scaled.jpg","width":2560,"height":1058,"caption":"Tu mejor opci\u00f3n Equipo M\u00e9dico M\u00e9xico"},"image":{"@id":"https:\/\/buscoequipomedico.com\/#\/schema\/logo\/image\/"}}]}},"_links":{"self":[{"href":"https:\/\/buscoequipomedico.com\/index.php?rest_route=\/wp\/v2\/product\/15594","targetHints":{"allow":["GET"]}}],"collection":[{"href":"https:\/\/buscoequipomedico.com\/index.php?rest_route=\/wp\/v2\/product"}],"about":[{"href":"https:\/\/buscoequipomedico.com\/index.php?rest_route=\/wp\/v2\/types\/product"}],"wp:featuredmedia":[{"embeddable":true,"href":"https:\/\/buscoequipomedico.com\/index.php?rest_route=\/wp\/v2\/media\/15597"}],"wp:attachment":[{"href":"https:\/\/buscoequipomedico.com\/index.php?rest_route=%2Fwp%2Fv2%2Fmedia&parent=15594"}],"wp:term":[{"taxonomy":"product_brand","embeddable":true,"href":"https:\/\/buscoequipomedico.com\/index.php?rest_route=%2Fwp%2Fv2%2Fproduct_brand&post=15594"},{"taxonomy":"product_cat","embeddable":true,"href":"https:\/\/buscoequipomedico.com\/index.php?rest_route=%2Fwp%2Fv2%2Fproduct_cat&post=15594"},{"taxonomy":"product_tag","embeddable":true,"href":"https:\/\/buscoequipomedico.com\/index.php?rest_route=%2Fwp%2Fv2%2Fproduct_tag&post=15594"}],"curies":[{"name":"wp","href":"https:\/\/api.w.org\/{rel}","templated":true}]}}