{"id":15778,"date":"2021-09-01T21:32:28","date_gmt":"2021-09-02T02:32:28","guid":{"rendered":"https:\/\/equipomedicomexico-com.preview-domain.com\/?post_type=product&#038;p=15778"},"modified":"2021-11-18T15:55:49","modified_gmt":"2021-11-18T21:55:49","slug":"aspirador-quirurgicos-20-litros","status":"publish","type":"product","link":"https:\/\/buscoequipomedico.com\/?product=aspirador-quirurgicos-20-litros","title":{"rendered":"Aspirador Quir\u00fargico 20 Litros  7A-23D"},"content":{"rendered":"<p>Aspirador Quir\u00fargico Modelo: 7A-23D<\/p>\n","protected":false},"excerpt":{"rendered":"<p><strong>CARACTER\u00cdSTICAS<\/strong><\/p>\n<p>Encendido autom\u00e1tico a trav\u00e9s de control de piso.<br \/>\nPanel de control silencioso.<br \/>\nRegulaci\u00f3n de potencia de aspirado.<br \/>\nSistema de aspiraci\u00f3n continua e intermitente.<br \/>\nIndicador de potencia.<br \/>\nV\u00e1lvula de seguridad (evita derrames de l\u00edquidos).<br \/>\nAspira todo tipo de secreciones.<br \/>\nGabinete elaborado de PVC (resistente a oxidaciones)<br \/>\nManguera de silic\u00f3n.<br \/>\nLibre de mantenimiento<br \/>\nRango de aspiraci\u00f3n: 0.09 Mpa a 0.02 Mpa<br \/>\nCapacidad de aspiraci\u00f3n: 20LTS X 1MIN<br \/>\nCapacidad del frasco: 2500ML (2 POR UNIDAD)<br \/>\nFuente de poder: AC 110V \u2013 60Hz<br \/>\nRuido: &lt; a 60db (A)<\/p>\n<p><strong>DIMENSIONES<\/strong><\/p>\n<p>Largo 35.0 cm<br \/>\nAncho 30.5 cm<br \/>\nAlto 79.5 cm<br \/>\nPeso: 19 Kg.<\/p>\n<p><strong>INCLUYE<\/strong><\/p>\n<p>1 Aspirador Port\u00e1til<br \/>\n2 Frasco de 2500ml (2 por unidad)<br \/>\n1 Manguera de Succi\u00f3n de Silic\u00f3n 2 m<br \/>\n1 Manguera de Silic\u00f3n con Filtro 30 cm<br \/>\n1 Cat\u00e9ter de Succi\u00f3n Pedi\u00e1trico F9<br \/>\n1 Cat\u00e9ter de Succi\u00f3n Adulto F12<br \/>\n2 Filtros de Aire de Repuesto<br \/>\n2 Fusibles de Repuesto<br \/>\n1 Manual de Usuario<br \/>\n1 A\u00f1o de Garant\u00eda<\/p>\n","protected":false},"featured_media":15779,"template":"","meta":{"_joinchat":[]},"product_brand":[],"product_cat":[185],"product_tag":[384],"class_list":{"0":"post-15778","1":"product","2":"type-product","3":"status-publish","4":"has-post-thumbnail","6":"product_cat-aspiradores-quirurgicos","7":"product_tag-aspiracion","9":"first","10":"onbackorder","11":"shipping-taxable","12":"product-type-simple"},"yoast_head":"<!-- This site is optimized with the Yoast SEO plugin v25.1 - https:\/\/yoast.com\/wordpress\/plugins\/seo\/ -->\n<title>Aspirador Quir\u00fargico 20 Litros 7A-23D - Tu mejor opci\u00f3n Equipo M\u00e9dico M\u00e9xico<\/title>\n<meta name=\"robots\" content=\"index, follow, max-snippet:-1, max-image-preview:large, max-video-preview:-1\" \/>\n<link rel=\"canonical\" href=\"https:\/\/buscoequipomedico.com\/?product=aspirador-quirurgicos-20-litros\" \/>\n<meta property=\"og:locale\" content=\"es_ES\" \/>\n<meta property=\"og:type\" content=\"article\" \/>\n<meta property=\"og:title\" content=\"Aspirador Quir\u00fargico 20 Litros 7A-23D - Tu mejor opci\u00f3n Equipo M\u00e9dico M\u00e9xico\" \/>\n<meta property=\"og:description\" content=\"CARACTER\u00cdSTICAS  Encendido autom\u00e1tico a trav\u00e9s de control de piso. Panel de control silencioso. Regulaci\u00f3n de potencia de aspirado. Sistema de aspiraci\u00f3n continua e intermitente. Indicador de potencia. V\u00e1lvula de seguridad (evita derrames de l\u00edquidos). Aspira todo tipo de secreciones. Gabinete elaborado de PVC (resistente a oxidaciones) Manguera de silic\u00f3n. Libre de mantenimiento Rango de aspiraci\u00f3n: 0.09 Mpa a 0.02 Mpa Capacidad de aspiraci\u00f3n: 20LTS X 1MIN Capacidad del frasco: 2500ML (2 POR UNIDAD) Fuente de poder: AC 110V \u2013 60Hz Ruido: &lt; a 60db (A)  DIMENSIONES  Largo 35.0 cm Ancho 30.5 cm Alto 79.5 cm Peso: 19 Kg.  INCLUYE  1 Aspirador Port\u00e1til 2 Frasco de 2500ml (2 por unidad) 1 Manguera de Succi\u00f3n de Silic\u00f3n 2 m 1 Manguera de Silic\u00f3n con Filtro 30 cm 1 Cat\u00e9ter de Succi\u00f3n Pedi\u00e1trico F9 1 Cat\u00e9ter de Succi\u00f3n Adulto F12 2 Filtros de Aire de Repuesto 2 Fusibles de Repuesto 1 Manual de Usuario 1 A\u00f1o de Garant\u00eda\" \/>\n<meta property=\"og:url\" content=\"https:\/\/buscoequipomedico.com\/?product=aspirador-quirurgicos-20-litros\" \/>\n<meta property=\"og:site_name\" content=\"Tu mejor opci\u00f3n Equipo M\u00e9dico M\u00e9xico\" \/>\n<meta property=\"article:modified_time\" content=\"2021-11-18T21:55:49+00:00\" \/>\n<meta property=\"og:image\" content=\"https:\/\/buscoequipomedico.com\/wp-content\/uploads\/2021\/09\/72-600x600-1.png\" \/>\n\t<meta property=\"og:image:width\" content=\"600\" \/>\n\t<meta property=\"og:image:height\" content=\"600\" \/>\n\t<meta property=\"og:image:type\" content=\"image\/png\" \/>\n<meta name=\"twitter:card\" content=\"summary_large_image\" \/>\n<script type=\"application\/ld+json\" class=\"yoast-schema-graph\">{\"@context\":\"https:\/\/schema.org\",\"@graph\":[{\"@type\":\"WebPage\",\"@id\":\"https:\/\/buscoequipomedico.com\/?product=aspirador-quirurgicos-20-litros\",\"url\":\"https:\/\/buscoequipomedico.com\/?product=aspirador-quirurgicos-20-litros\",\"name\":\"Aspirador Quir\u00fargico 20 Litros 7A-23D - Tu mejor opci\u00f3n Equipo M\u00e9dico M\u00e9xico\",\"isPartOf\":{\"@id\":\"https:\/\/buscoequipomedico.com\/#website\"},\"primaryImageOfPage\":{\"@id\":\"https:\/\/buscoequipomedico.com\/?product=aspirador-quirurgicos-20-litros#primaryimage\"},\"image\":{\"@id\":\"https:\/\/buscoequipomedico.com\/?product=aspirador-quirurgicos-20-litros#primaryimage\"},\"thumbnailUrl\":\"https:\/\/buscoequipomedico.com\/wp-content\/uploads\/2021\/09\/72-600x600-1.png\",\"datePublished\":\"2021-09-02T02:32:28+00:00\",\"dateModified\":\"2021-11-18T21:55:49+00:00\",\"breadcrumb\":{\"@id\":\"https:\/\/buscoequipomedico.com\/?product=aspirador-quirurgicos-20-litros#breadcrumb\"},\"inLanguage\":\"es\",\"potentialAction\":[{\"@type\":\"ReadAction\",\"target\":[\"https:\/\/buscoequipomedico.com\/?product=aspirador-quirurgicos-20-litros\"]}]},{\"@type\":\"ImageObject\",\"inLanguage\":\"es\",\"@id\":\"https:\/\/buscoequipomedico.com\/?product=aspirador-quirurgicos-20-litros#primaryimage\",\"url\":\"https:\/\/buscoequipomedico.com\/wp-content\/uploads\/2021\/09\/72-600x600-1.png\",\"contentUrl\":\"https:\/\/buscoequipomedico.com\/wp-content\/uploads\/2021\/09\/72-600x600-1.png\",\"width\":600,\"height\":600},{\"@type\":\"BreadcrumbList\",\"@id\":\"https:\/\/buscoequipomedico.com\/?product=aspirador-quirurgicos-20-litros#breadcrumb\",\"itemListElement\":[{\"@type\":\"ListItem\",\"position\":1,\"name\":\"Productos\",\"item\":\"https:\/\/buscoequipomedico.com\/shop\/\"},{\"@type\":\"ListItem\",\"position\":2,\"name\":\"Aspirador Quir\u00fargico 20 Litros 7A-23D\"}]},{\"@type\":\"WebSite\",\"@id\":\"https:\/\/buscoequipomedico.com\/#website\",\"url\":\"https:\/\/buscoequipomedico.com\/\",\"name\":\"Tu mejor opci\u00f3n Equipo M\u00e9dico M\u00e9xico\",\"description\":\"Tienda de equipo m\u00e9dico\",\"publisher\":{\"@id\":\"https:\/\/buscoequipomedico.com\/#organization\"},\"potentialAction\":[{\"@type\":\"SearchAction\",\"target\":{\"@type\":\"EntryPoint\",\"urlTemplate\":\"https:\/\/buscoequipomedico.com\/?s={search_term_string}\"},\"query-input\":{\"@type\":\"PropertyValueSpecification\",\"valueRequired\":true,\"valueName\":\"search_term_string\"}}],\"inLanguage\":\"es\"},{\"@type\":\"Organization\",\"@id\":\"https:\/\/buscoequipomedico.com\/#organization\",\"name\":\"Tu mejor opci\u00f3n Equipo M\u00e9dico M\u00e9xico\",\"url\":\"https:\/\/buscoequipomedico.com\/\",\"logo\":{\"@type\":\"ImageObject\",\"inLanguage\":\"es\",\"@id\":\"https:\/\/buscoequipomedico.com\/#\/schema\/logo\/image\/\",\"url\":\"https:\/\/buscoequipomedico.com\/wp-content\/uploads\/2021\/07\/EMM-VPrincipal-scaled.jpg\",\"contentUrl\":\"https:\/\/buscoequipomedico.com\/wp-content\/uploads\/2021\/07\/EMM-VPrincipal-scaled.jpg\",\"width\":2560,\"height\":1058,\"caption\":\"Tu mejor opci\u00f3n Equipo M\u00e9dico M\u00e9xico\"},\"image\":{\"@id\":\"https:\/\/buscoequipomedico.com\/#\/schema\/logo\/image\/\"}}]}<\/script>\n<!-- \/ Yoast SEO plugin. -->","yoast_head_json":{"title":"Aspirador Quir\u00fargico 20 Litros 7A-23D - Tu mejor opci\u00f3n Equipo M\u00e9dico M\u00e9xico","robots":{"index":"index","follow":"follow","max-snippet":"max-snippet:-1","max-image-preview":"max-image-preview:large","max-video-preview":"max-video-preview:-1"},"canonical":"https:\/\/buscoequipomedico.com\/?product=aspirador-quirurgicos-20-litros","og_locale":"es_ES","og_type":"article","og_title":"Aspirador Quir\u00fargico 20 Litros 7A-23D - Tu mejor opci\u00f3n Equipo M\u00e9dico M\u00e9xico","og_description":"CARACTER\u00cdSTICAS  Encendido autom\u00e1tico a trav\u00e9s de control de piso. Panel de control silencioso. Regulaci\u00f3n de potencia de aspirado. Sistema de aspiraci\u00f3n continua e intermitente. Indicador de potencia. V\u00e1lvula de seguridad (evita derrames de l\u00edquidos). Aspira todo tipo de secreciones. Gabinete elaborado de PVC (resistente a oxidaciones) Manguera de silic\u00f3n. Libre de mantenimiento Rango de aspiraci\u00f3n: 0.09 Mpa a 0.02 Mpa Capacidad de aspiraci\u00f3n: 20LTS X 1MIN Capacidad del frasco: 2500ML (2 POR UNIDAD) Fuente de poder: AC 110V \u2013 60Hz Ruido: &lt; a 60db (A)  DIMENSIONES  Largo 35.0 cm Ancho 30.5 cm Alto 79.5 cm Peso: 19 Kg.  INCLUYE  1 Aspirador Port\u00e1til 2 Frasco de 2500ml (2 por unidad) 1 Manguera de Succi\u00f3n de Silic\u00f3n 2 m 1 Manguera de Silic\u00f3n con Filtro 30 cm 1 Cat\u00e9ter de Succi\u00f3n Pedi\u00e1trico F9 1 Cat\u00e9ter de Succi\u00f3n Adulto F12 2 Filtros de Aire de Repuesto 2 Fusibles de Repuesto 1 Manual de Usuario 1 A\u00f1o de Garant\u00eda","og_url":"https:\/\/buscoequipomedico.com\/?product=aspirador-quirurgicos-20-litros","og_site_name":"Tu mejor opci\u00f3n Equipo M\u00e9dico M\u00e9xico","article_modified_time":"2021-11-18T21:55:49+00:00","og_image":[{"width":600,"height":600,"url":"https:\/\/buscoequipomedico.com\/wp-content\/uploads\/2021\/09\/72-600x600-1.png","type":"image\/png"}],"twitter_card":"summary_large_image","schema":{"@context":"https:\/\/schema.org","@graph":[{"@type":"WebPage","@id":"https:\/\/buscoequipomedico.com\/?product=aspirador-quirurgicos-20-litros","url":"https:\/\/buscoequipomedico.com\/?product=aspirador-quirurgicos-20-litros","name":"Aspirador Quir\u00fargico 20 Litros 7A-23D - Tu mejor opci\u00f3n Equipo M\u00e9dico M\u00e9xico","isPartOf":{"@id":"https:\/\/buscoequipomedico.com\/#website"},"primaryImageOfPage":{"@id":"https:\/\/buscoequipomedico.com\/?product=aspirador-quirurgicos-20-litros#primaryimage"},"image":{"@id":"https:\/\/buscoequipomedico.com\/?product=aspirador-quirurgicos-20-litros#primaryimage"},"thumbnailUrl":"https:\/\/buscoequipomedico.com\/wp-content\/uploads\/2021\/09\/72-600x600-1.png","datePublished":"2021-09-02T02:32:28+00:00","dateModified":"2021-11-18T21:55:49+00:00","breadcrumb":{"@id":"https:\/\/buscoequipomedico.com\/?product=aspirador-quirurgicos-20-litros#breadcrumb"},"inLanguage":"es","potentialAction":[{"@type":"ReadAction","target":["https:\/\/buscoequipomedico.com\/?product=aspirador-quirurgicos-20-litros"]}]},{"@type":"ImageObject","inLanguage":"es","@id":"https:\/\/buscoequipomedico.com\/?product=aspirador-quirurgicos-20-litros#primaryimage","url":"https:\/\/buscoequipomedico.com\/wp-content\/uploads\/2021\/09\/72-600x600-1.png","contentUrl":"https:\/\/buscoequipomedico.com\/wp-content\/uploads\/2021\/09\/72-600x600-1.png","width":600,"height":600},{"@type":"BreadcrumbList","@id":"https:\/\/buscoequipomedico.com\/?product=aspirador-quirurgicos-20-litros#breadcrumb","itemListElement":[{"@type":"ListItem","position":1,"name":"Productos","item":"https:\/\/buscoequipomedico.com\/shop\/"},{"@type":"ListItem","position":2,"name":"Aspirador Quir\u00fargico 20 Litros 7A-23D"}]},{"@type":"WebSite","@id":"https:\/\/buscoequipomedico.com\/#website","url":"https:\/\/buscoequipomedico.com\/","name":"Tu mejor opci\u00f3n Equipo M\u00e9dico M\u00e9xico","description":"Tienda de equipo m\u00e9dico","publisher":{"@id":"https:\/\/buscoequipomedico.com\/#organization"},"potentialAction":[{"@type":"SearchAction","target":{"@type":"EntryPoint","urlTemplate":"https:\/\/buscoequipomedico.com\/?s={search_term_string}"},"query-input":{"@type":"PropertyValueSpecification","valueRequired":true,"valueName":"search_term_string"}}],"inLanguage":"es"},{"@type":"Organization","@id":"https:\/\/buscoequipomedico.com\/#organization","name":"Tu mejor opci\u00f3n Equipo M\u00e9dico M\u00e9xico","url":"https:\/\/buscoequipomedico.com\/","logo":{"@type":"ImageObject","inLanguage":"es","@id":"https:\/\/buscoequipomedico.com\/#\/schema\/logo\/image\/","url":"https:\/\/buscoequipomedico.com\/wp-content\/uploads\/2021\/07\/EMM-VPrincipal-scaled.jpg","contentUrl":"https:\/\/buscoequipomedico.com\/wp-content\/uploads\/2021\/07\/EMM-VPrincipal-scaled.jpg","width":2560,"height":1058,"caption":"Tu mejor opci\u00f3n Equipo M\u00e9dico M\u00e9xico"},"image":{"@id":"https:\/\/buscoequipomedico.com\/#\/schema\/logo\/image\/"}}]}},"_links":{"self":[{"href":"https:\/\/buscoequipomedico.com\/index.php?rest_route=\/wp\/v2\/product\/15778","targetHints":{"allow":["GET"]}}],"collection":[{"href":"https:\/\/buscoequipomedico.com\/index.php?rest_route=\/wp\/v2\/product"}],"about":[{"href":"https:\/\/buscoequipomedico.com\/index.php?rest_route=\/wp\/v2\/types\/product"}],"wp:featuredmedia":[{"embeddable":true,"href":"https:\/\/buscoequipomedico.com\/index.php?rest_route=\/wp\/v2\/media\/15779"}],"wp:attachment":[{"href":"https:\/\/buscoequipomedico.com\/index.php?rest_route=%2Fwp%2Fv2%2Fmedia&parent=15778"}],"wp:term":[{"taxonomy":"product_brand","embeddable":true,"href":"https:\/\/buscoequipomedico.com\/index.php?rest_route=%2Fwp%2Fv2%2Fproduct_brand&post=15778"},{"taxonomy":"product_cat","embeddable":true,"href":"https:\/\/buscoequipomedico.com\/index.php?rest_route=%2Fwp%2Fv2%2Fproduct_cat&post=15778"},{"taxonomy":"product_tag","embeddable":true,"href":"https:\/\/buscoequipomedico.com\/index.php?rest_route=%2Fwp%2Fv2%2Fproduct_tag&post=15778"}],"curies":[{"name":"wp","href":"https:\/\/api.w.org\/{rel}","templated":true}]}}