{"id":15795,"date":"2021-09-02T11:14:52","date_gmt":"2021-09-02T16:14:52","guid":{"rendered":"https:\/\/equipomedicomexico-com.preview-domain.com\/?post_type=product&#038;p=15795"},"modified":"2021-09-02T11:17:21","modified_gmt":"2021-09-02T16:17:21","slug":"aspirador-para-succion-continua-con-gabinete-bm185","status":"publish","type":"product","link":"https:\/\/buscoequipomedico.com\/?product=aspirador-para-succion-continua-con-gabinete-bm185","title":{"rendered":"Aspirador Para Succi\u00f3n Continua Con Gabinete BM185"},"content":{"rendered":"","protected":false},"excerpt":{"rendered":"<p><strong>CARACTER\u00cdSTICAS<\/strong><\/p>\n<p>Capacidad de succi\u00f3n graduable de 0 a 560 mm Hg.<br \/>\nCon manovacuometro con escala en mm de Hg.<br \/>\nNivel de eficiencia de succi\u00f3n de 34 LPM.<br \/>\nPanel de control para: encendido y apagado (con indicador de encendido) y con ajuste para graduar el nivel de succi\u00f3n (con indicador con escala en mm Hg).<br \/>\nMotor silencioso de pist\u00f3n cilindro, sin vibraci\u00f3n, libre de mantenimiento.<br \/>\nDos dep\u00f3sitos de l\u00edquidos y otros fluidos con capacidad de 3,000 ml cada uno.<br \/>\nGabinete rodable de acero inoxidable calidad AISI \u00a1V 304, resistente a impactos con soporte para los frascos colectores y con sistema de freno en dos de las ruedas en sentido diagonal.<br \/>\nSistema de seguridad que evita rebosamiento de l\u00edquidos o sobrellenado.<br \/>\nSistema de protecci\u00f3n en la tapa.<br \/>\nSistema de aislamiento a prueba de agua.<br \/>\nCorriente el\u00e9ctrica 120V\/60 Hz<\/p>\n","protected":false},"featured_media":15796,"template":"","meta":{"_joinchat":[]},"product_brand":[],"product_cat":[185],"product_tag":[384,385],"class_list":{"0":"post-15795","1":"product","2":"type-product","3":"status-publish","4":"has-post-thumbnail","6":"product_cat-aspiradores-quirurgicos","7":"product_tag-aspiracion","8":"product_tag-aspiradores","10":"first","11":"instock","12":"shipping-taxable","13":"product-type-simple"},"yoast_head":"<!-- This site is optimized with the Yoast SEO plugin v25.1 - https:\/\/yoast.com\/wordpress\/plugins\/seo\/ -->\n<title>Aspirador Para Succi\u00f3n Continua Con Gabinete BM185 - Tu mejor opci\u00f3n Equipo M\u00e9dico M\u00e9xico<\/title>\n<meta name=\"robots\" content=\"index, follow, max-snippet:-1, max-image-preview:large, max-video-preview:-1\" \/>\n<link rel=\"canonical\" href=\"https:\/\/buscoequipomedico.com\/?product=aspirador-para-succion-continua-con-gabinete-bm185\" \/>\n<meta property=\"og:locale\" content=\"es_ES\" \/>\n<meta property=\"og:type\" content=\"article\" \/>\n<meta property=\"og:title\" content=\"Aspirador Para Succi\u00f3n Continua Con Gabinete BM185 - Tu mejor opci\u00f3n Equipo M\u00e9dico M\u00e9xico\" \/>\n<meta property=\"og:description\" content=\"CARACTER\u00cdSTICAS  Capacidad de succi\u00f3n graduable de 0 a 560 mm Hg. Con manovacuometro con escala en mm de Hg. Nivel de eficiencia de succi\u00f3n de 34 LPM. Panel de control para: encendido y apagado (con indicador de encendido) y con ajuste para graduar el nivel de succi\u00f3n (con indicador con escala en mm Hg). Motor silencioso de pist\u00f3n cilindro, sin vibraci\u00f3n, libre de mantenimiento. Dos dep\u00f3sitos de l\u00edquidos y otros fluidos con capacidad de 3,000 ml cada uno. Gabinete rodable de acero inoxidable calidad AISI \u00a1V 304, resistente a impactos con soporte para los frascos colectores y con sistema de freno en dos de las ruedas en sentido diagonal. Sistema de seguridad que evita rebosamiento de l\u00edquidos o sobrellenado. Sistema de protecci\u00f3n en la tapa. Sistema de aislamiento a prueba de agua. Corriente el\u00e9ctrica 120V\/60 Hz\" \/>\n<meta property=\"og:url\" content=\"https:\/\/buscoequipomedico.com\/?product=aspirador-para-succion-continua-con-gabinete-bm185\" \/>\n<meta property=\"og:site_name\" content=\"Tu mejor opci\u00f3n Equipo M\u00e9dico M\u00e9xico\" \/>\n<meta property=\"article:modified_time\" content=\"2021-09-02T16:17:21+00:00\" \/>\n<meta property=\"og:image\" content=\"https:\/\/buscoequipomedico.com\/wp-content\/uploads\/2021\/09\/71-600x600-1.png\" \/>\n\t<meta property=\"og:image:width\" content=\"600\" \/>\n\t<meta property=\"og:image:height\" content=\"600\" \/>\n\t<meta property=\"og:image:type\" content=\"image\/png\" \/>\n<meta name=\"twitter:card\" content=\"summary_large_image\" \/>\n<script type=\"application\/ld+json\" class=\"yoast-schema-graph\">{\"@context\":\"https:\/\/schema.org\",\"@graph\":[{\"@type\":\"WebPage\",\"@id\":\"https:\/\/buscoequipomedico.com\/?product=aspirador-para-succion-continua-con-gabinete-bm185\",\"url\":\"https:\/\/buscoequipomedico.com\/?product=aspirador-para-succion-continua-con-gabinete-bm185\",\"name\":\"Aspirador Para Succi\u00f3n Continua Con Gabinete BM185 - Tu mejor opci\u00f3n Equipo M\u00e9dico M\u00e9xico\",\"isPartOf\":{\"@id\":\"https:\/\/buscoequipomedico.com\/#website\"},\"primaryImageOfPage\":{\"@id\":\"https:\/\/buscoequipomedico.com\/?product=aspirador-para-succion-continua-con-gabinete-bm185#primaryimage\"},\"image\":{\"@id\":\"https:\/\/buscoequipomedico.com\/?product=aspirador-para-succion-continua-con-gabinete-bm185#primaryimage\"},\"thumbnailUrl\":\"https:\/\/buscoequipomedico.com\/wp-content\/uploads\/2021\/09\/71-600x600-1.png\",\"datePublished\":\"2021-09-02T16:14:52+00:00\",\"dateModified\":\"2021-09-02T16:17:21+00:00\",\"breadcrumb\":{\"@id\":\"https:\/\/buscoequipomedico.com\/?product=aspirador-para-succion-continua-con-gabinete-bm185#breadcrumb\"},\"inLanguage\":\"es\",\"potentialAction\":[{\"@type\":\"ReadAction\",\"target\":[\"https:\/\/buscoequipomedico.com\/?product=aspirador-para-succion-continua-con-gabinete-bm185\"]}]},{\"@type\":\"ImageObject\",\"inLanguage\":\"es\",\"@id\":\"https:\/\/buscoequipomedico.com\/?product=aspirador-para-succion-continua-con-gabinete-bm185#primaryimage\",\"url\":\"https:\/\/buscoequipomedico.com\/wp-content\/uploads\/2021\/09\/71-600x600-1.png\",\"contentUrl\":\"https:\/\/buscoequipomedico.com\/wp-content\/uploads\/2021\/09\/71-600x600-1.png\",\"width\":600,\"height\":600},{\"@type\":\"BreadcrumbList\",\"@id\":\"https:\/\/buscoequipomedico.com\/?product=aspirador-para-succion-continua-con-gabinete-bm185#breadcrumb\",\"itemListElement\":[{\"@type\":\"ListItem\",\"position\":1,\"name\":\"Productos\",\"item\":\"https:\/\/buscoequipomedico.com\/shop\/\"},{\"@type\":\"ListItem\",\"position\":2,\"name\":\"Aspirador Para Succi\u00f3n Continua Con Gabinete BM185\"}]},{\"@type\":\"WebSite\",\"@id\":\"https:\/\/buscoequipomedico.com\/#website\",\"url\":\"https:\/\/buscoequipomedico.com\/\",\"name\":\"Tu mejor opci\u00f3n Equipo M\u00e9dico M\u00e9xico\",\"description\":\"Tienda de equipo m\u00e9dico\",\"publisher\":{\"@id\":\"https:\/\/buscoequipomedico.com\/#organization\"},\"potentialAction\":[{\"@type\":\"SearchAction\",\"target\":{\"@type\":\"EntryPoint\",\"urlTemplate\":\"https:\/\/buscoequipomedico.com\/?s={search_term_string}\"},\"query-input\":{\"@type\":\"PropertyValueSpecification\",\"valueRequired\":true,\"valueName\":\"search_term_string\"}}],\"inLanguage\":\"es\"},{\"@type\":\"Organization\",\"@id\":\"https:\/\/buscoequipomedico.com\/#organization\",\"name\":\"Tu mejor opci\u00f3n Equipo M\u00e9dico M\u00e9xico\",\"url\":\"https:\/\/buscoequipomedico.com\/\",\"logo\":{\"@type\":\"ImageObject\",\"inLanguage\":\"es\",\"@id\":\"https:\/\/buscoequipomedico.com\/#\/schema\/logo\/image\/\",\"url\":\"https:\/\/buscoequipomedico.com\/wp-content\/uploads\/2021\/07\/EMM-VPrincipal-scaled.jpg\",\"contentUrl\":\"https:\/\/buscoequipomedico.com\/wp-content\/uploads\/2021\/07\/EMM-VPrincipal-scaled.jpg\",\"width\":2560,\"height\":1058,\"caption\":\"Tu mejor opci\u00f3n Equipo M\u00e9dico M\u00e9xico\"},\"image\":{\"@id\":\"https:\/\/buscoequipomedico.com\/#\/schema\/logo\/image\/\"}}]}<\/script>\n<!-- \/ Yoast SEO plugin. -->","yoast_head_json":{"title":"Aspirador Para Succi\u00f3n Continua Con Gabinete BM185 - Tu mejor opci\u00f3n Equipo M\u00e9dico M\u00e9xico","robots":{"index":"index","follow":"follow","max-snippet":"max-snippet:-1","max-image-preview":"max-image-preview:large","max-video-preview":"max-video-preview:-1"},"canonical":"https:\/\/buscoequipomedico.com\/?product=aspirador-para-succion-continua-con-gabinete-bm185","og_locale":"es_ES","og_type":"article","og_title":"Aspirador Para Succi\u00f3n Continua Con Gabinete BM185 - Tu mejor opci\u00f3n Equipo M\u00e9dico M\u00e9xico","og_description":"CARACTER\u00cdSTICAS  Capacidad de succi\u00f3n graduable de 0 a 560 mm Hg. Con manovacuometro con escala en mm de Hg. Nivel de eficiencia de succi\u00f3n de 34 LPM. Panel de control para: encendido y apagado (con indicador de encendido) y con ajuste para graduar el nivel de succi\u00f3n (con indicador con escala en mm Hg). Motor silencioso de pist\u00f3n cilindro, sin vibraci\u00f3n, libre de mantenimiento. Dos dep\u00f3sitos de l\u00edquidos y otros fluidos con capacidad de 3,000 ml cada uno. Gabinete rodable de acero inoxidable calidad AISI \u00a1V 304, resistente a impactos con soporte para los frascos colectores y con sistema de freno en dos de las ruedas en sentido diagonal. Sistema de seguridad que evita rebosamiento de l\u00edquidos o sobrellenado. Sistema de protecci\u00f3n en la tapa. Sistema de aislamiento a prueba de agua. Corriente el\u00e9ctrica 120V\/60 Hz","og_url":"https:\/\/buscoequipomedico.com\/?product=aspirador-para-succion-continua-con-gabinete-bm185","og_site_name":"Tu mejor opci\u00f3n Equipo M\u00e9dico M\u00e9xico","article_modified_time":"2021-09-02T16:17:21+00:00","og_image":[{"width":600,"height":600,"url":"https:\/\/buscoequipomedico.com\/wp-content\/uploads\/2021\/09\/71-600x600-1.png","type":"image\/png"}],"twitter_card":"summary_large_image","schema":{"@context":"https:\/\/schema.org","@graph":[{"@type":"WebPage","@id":"https:\/\/buscoequipomedico.com\/?product=aspirador-para-succion-continua-con-gabinete-bm185","url":"https:\/\/buscoequipomedico.com\/?product=aspirador-para-succion-continua-con-gabinete-bm185","name":"Aspirador Para Succi\u00f3n Continua Con Gabinete BM185 - Tu mejor opci\u00f3n Equipo M\u00e9dico M\u00e9xico","isPartOf":{"@id":"https:\/\/buscoequipomedico.com\/#website"},"primaryImageOfPage":{"@id":"https:\/\/buscoequipomedico.com\/?product=aspirador-para-succion-continua-con-gabinete-bm185#primaryimage"},"image":{"@id":"https:\/\/buscoequipomedico.com\/?product=aspirador-para-succion-continua-con-gabinete-bm185#primaryimage"},"thumbnailUrl":"https:\/\/buscoequipomedico.com\/wp-content\/uploads\/2021\/09\/71-600x600-1.png","datePublished":"2021-09-02T16:14:52+00:00","dateModified":"2021-09-02T16:17:21+00:00","breadcrumb":{"@id":"https:\/\/buscoequipomedico.com\/?product=aspirador-para-succion-continua-con-gabinete-bm185#breadcrumb"},"inLanguage":"es","potentialAction":[{"@type":"ReadAction","target":["https:\/\/buscoequipomedico.com\/?product=aspirador-para-succion-continua-con-gabinete-bm185"]}]},{"@type":"ImageObject","inLanguage":"es","@id":"https:\/\/buscoequipomedico.com\/?product=aspirador-para-succion-continua-con-gabinete-bm185#primaryimage","url":"https:\/\/buscoequipomedico.com\/wp-content\/uploads\/2021\/09\/71-600x600-1.png","contentUrl":"https:\/\/buscoequipomedico.com\/wp-content\/uploads\/2021\/09\/71-600x600-1.png","width":600,"height":600},{"@type":"BreadcrumbList","@id":"https:\/\/buscoequipomedico.com\/?product=aspirador-para-succion-continua-con-gabinete-bm185#breadcrumb","itemListElement":[{"@type":"ListItem","position":1,"name":"Productos","item":"https:\/\/buscoequipomedico.com\/shop\/"},{"@type":"ListItem","position":2,"name":"Aspirador Para Succi\u00f3n Continua Con Gabinete BM185"}]},{"@type":"WebSite","@id":"https:\/\/buscoequipomedico.com\/#website","url":"https:\/\/buscoequipomedico.com\/","name":"Tu mejor opci\u00f3n Equipo M\u00e9dico M\u00e9xico","description":"Tienda de equipo m\u00e9dico","publisher":{"@id":"https:\/\/buscoequipomedico.com\/#organization"},"potentialAction":[{"@type":"SearchAction","target":{"@type":"EntryPoint","urlTemplate":"https:\/\/buscoequipomedico.com\/?s={search_term_string}"},"query-input":{"@type":"PropertyValueSpecification","valueRequired":true,"valueName":"search_term_string"}}],"inLanguage":"es"},{"@type":"Organization","@id":"https:\/\/buscoequipomedico.com\/#organization","name":"Tu mejor opci\u00f3n Equipo M\u00e9dico M\u00e9xico","url":"https:\/\/buscoequipomedico.com\/","logo":{"@type":"ImageObject","inLanguage":"es","@id":"https:\/\/buscoequipomedico.com\/#\/schema\/logo\/image\/","url":"https:\/\/buscoequipomedico.com\/wp-content\/uploads\/2021\/07\/EMM-VPrincipal-scaled.jpg","contentUrl":"https:\/\/buscoequipomedico.com\/wp-content\/uploads\/2021\/07\/EMM-VPrincipal-scaled.jpg","width":2560,"height":1058,"caption":"Tu mejor opci\u00f3n Equipo M\u00e9dico M\u00e9xico"},"image":{"@id":"https:\/\/buscoequipomedico.com\/#\/schema\/logo\/image\/"}}]}},"_links":{"self":[{"href":"https:\/\/buscoequipomedico.com\/index.php?rest_route=\/wp\/v2\/product\/15795","targetHints":{"allow":["GET"]}}],"collection":[{"href":"https:\/\/buscoequipomedico.com\/index.php?rest_route=\/wp\/v2\/product"}],"about":[{"href":"https:\/\/buscoequipomedico.com\/index.php?rest_route=\/wp\/v2\/types\/product"}],"wp:featuredmedia":[{"embeddable":true,"href":"https:\/\/buscoequipomedico.com\/index.php?rest_route=\/wp\/v2\/media\/15796"}],"wp:attachment":[{"href":"https:\/\/buscoequipomedico.com\/index.php?rest_route=%2Fwp%2Fv2%2Fmedia&parent=15795"}],"wp:term":[{"taxonomy":"product_brand","embeddable":true,"href":"https:\/\/buscoequipomedico.com\/index.php?rest_route=%2Fwp%2Fv2%2Fproduct_brand&post=15795"},{"taxonomy":"product_cat","embeddable":true,"href":"https:\/\/buscoequipomedico.com\/index.php?rest_route=%2Fwp%2Fv2%2Fproduct_cat&post=15795"},{"taxonomy":"product_tag","embeddable":true,"href":"https:\/\/buscoequipomedico.com\/index.php?rest_route=%2Fwp%2Fv2%2Fproduct_tag&post=15795"}],"curies":[{"name":"wp","href":"https:\/\/api.w.org\/{rel}","templated":true}]}}