{"id":15797,"date":"2021-09-02T12:56:07","date_gmt":"2021-09-02T17:56:07","guid":{"rendered":"https:\/\/equipomedicomexico-com.preview-domain.com\/?post_type=product&#038;p=15797"},"modified":"2021-09-02T12:56:07","modified_gmt":"2021-09-02T17:56:07","slug":"aspirador-new-askir-230-1litro-110vy12v","status":"publish","type":"product","link":"https:\/\/buscoequipomedico.com\/?product=aspirador-new-askir-230-1litro-110vy12v","title":{"rendered":"ASPIRADOR NEW ASKIR 230 1LITRO 110Vy12V"},"content":{"rendered":"<p>Marca:\u00a0<a href=\"https:\/\/www.nafarrate.com\/listado-marcas\/marca\/CA-MI\/\">CA-MI<\/a><br \/>\nC\u00f3digo: CMRE31021<\/p>\n","protected":false},"excerpt":{"rendered":"<p>ASPIRADOR DE SECRECIONES PORT\u00c1TIL Y RECARGABLE DE SOBREMESA, DISE\u00d1ADO PARA USO EN AMBULANCIAS. EQUIPADO CON ALARMA VISUAL Y AC\u00daSTICA PARA AVISAR EL NIVEL BAJO DE BATER\u00cdA.<\/p>\n<p><strong>INCLUYE:<\/strong><\/p>\n<ul>\n<li>FRASCO DE RECOLECCI\u00d3N.<\/li>\n<li>TUBOS AUTOCLAVABLES.<\/li>\n<li>CARGADOR AC\/DC.<\/li>\n<li>FILTRO ANTIBACTERIAL E HIDR\u00d3FUGO (PARA USO \u00daNICO POR PACIENTE).<\/li>\n<li>CONECTOR C\u00d3NICO.<\/li>\n<li>NIVEL DE RUIDO: 63.0 DB.<\/li>\n<li>PESO: 3.50 KG.<\/li>\n<li>DIMENSIONES: 35CM X 21CM X 18CM.<\/li>\n<\/ul>\n","protected":false},"featured_media":15798,"template":"","meta":{"_joinchat":[]},"product_brand":[],"product_cat":[185],"product_tag":[387],"class_list":{"0":"post-15797","1":"product","2":"type-product","3":"status-publish","4":"has-post-thumbnail","6":"product_cat-aspiradores-quirurgicos","7":"product_tag-aspirador","9":"first","10":"instock","11":"shipping-taxable","12":"product-type-simple"},"yoast_head":"<!-- This site is optimized with the Yoast SEO plugin v25.1 - https:\/\/yoast.com\/wordpress\/plugins\/seo\/ -->\n<title>ASPIRADOR NEW ASKIR 230 1LITRO 110Vy12V - Tu mejor opci\u00f3n Equipo M\u00e9dico M\u00e9xico<\/title>\n<meta name=\"robots\" content=\"index, follow, max-snippet:-1, max-image-preview:large, max-video-preview:-1\" \/>\n<link rel=\"canonical\" href=\"https:\/\/buscoequipomedico.com\/?product=aspirador-new-askir-230-1litro-110vy12v\" \/>\n<meta property=\"og:locale\" content=\"es_ES\" \/>\n<meta property=\"og:type\" content=\"article\" \/>\n<meta property=\"og:title\" content=\"ASPIRADOR NEW ASKIR 230 1LITRO 110Vy12V - Tu mejor opci\u00f3n Equipo M\u00e9dico M\u00e9xico\" \/>\n<meta property=\"og:description\" content=\"ASPIRADOR DE SECRECIONES PORT\u00c1TIL Y RECARGABLE DE SOBREMESA, DISE\u00d1ADO PARA USO EN AMBULANCIAS. EQUIPADO CON ALARMA VISUAL Y AC\u00daSTICA PARA AVISAR EL NIVEL BAJO DE BATER\u00cdA.  INCLUYE:   FRASCO DE RECOLECCI\u00d3N.  TUBOS AUTOCLAVABLES.  CARGADOR AC\/DC.  FILTRO ANTIBACTERIAL E HIDR\u00d3FUGO (PARA USO \u00daNICO POR PACIENTE).  CONECTOR C\u00d3NICO.  NIVEL DE RUIDO: 63.0 DB.  PESO: 3.50 KG.  DIMENSIONES: 35CM X 21CM X 18CM.\" \/>\n<meta property=\"og:url\" content=\"https:\/\/buscoequipomedico.com\/?product=aspirador-new-askir-230-1litro-110vy12v\" \/>\n<meta property=\"og:site_name\" content=\"Tu mejor opci\u00f3n Equipo M\u00e9dico M\u00e9xico\" \/>\n<meta property=\"og:image\" content=\"https:\/\/buscoequipomedico.com\/wp-content\/uploads\/2021\/09\/aspirador-new-askir-230-1litro-110vy12v-113-500x500-1.jpg\" \/>\n\t<meta property=\"og:image:width\" content=\"500\" \/>\n\t<meta property=\"og:image:height\" content=\"500\" \/>\n\t<meta property=\"og:image:type\" content=\"image\/jpeg\" \/>\n<meta name=\"twitter:card\" content=\"summary_large_image\" \/>\n<script type=\"application\/ld+json\" class=\"yoast-schema-graph\">{\"@context\":\"https:\/\/schema.org\",\"@graph\":[{\"@type\":\"WebPage\",\"@id\":\"https:\/\/buscoequipomedico.com\/?product=aspirador-new-askir-230-1litro-110vy12v\",\"url\":\"https:\/\/buscoequipomedico.com\/?product=aspirador-new-askir-230-1litro-110vy12v\",\"name\":\"ASPIRADOR NEW ASKIR 230 1LITRO 110Vy12V - Tu mejor opci\u00f3n Equipo M\u00e9dico M\u00e9xico\",\"isPartOf\":{\"@id\":\"https:\/\/buscoequipomedico.com\/#website\"},\"primaryImageOfPage\":{\"@id\":\"https:\/\/buscoequipomedico.com\/?product=aspirador-new-askir-230-1litro-110vy12v#primaryimage\"},\"image\":{\"@id\":\"https:\/\/buscoequipomedico.com\/?product=aspirador-new-askir-230-1litro-110vy12v#primaryimage\"},\"thumbnailUrl\":\"https:\/\/buscoequipomedico.com\/wp-content\/uploads\/2021\/09\/aspirador-new-askir-230-1litro-110vy12v-113-500x500-1.jpg\",\"datePublished\":\"2021-09-02T17:56:07+00:00\",\"breadcrumb\":{\"@id\":\"https:\/\/buscoequipomedico.com\/?product=aspirador-new-askir-230-1litro-110vy12v#breadcrumb\"},\"inLanguage\":\"es\",\"potentialAction\":[{\"@type\":\"ReadAction\",\"target\":[\"https:\/\/buscoequipomedico.com\/?product=aspirador-new-askir-230-1litro-110vy12v\"]}]},{\"@type\":\"ImageObject\",\"inLanguage\":\"es\",\"@id\":\"https:\/\/buscoequipomedico.com\/?product=aspirador-new-askir-230-1litro-110vy12v#primaryimage\",\"url\":\"https:\/\/buscoequipomedico.com\/wp-content\/uploads\/2021\/09\/aspirador-new-askir-230-1litro-110vy12v-113-500x500-1.jpg\",\"contentUrl\":\"https:\/\/buscoequipomedico.com\/wp-content\/uploads\/2021\/09\/aspirador-new-askir-230-1litro-110vy12v-113-500x500-1.jpg\",\"width\":500,\"height\":500},{\"@type\":\"BreadcrumbList\",\"@id\":\"https:\/\/buscoequipomedico.com\/?product=aspirador-new-askir-230-1litro-110vy12v#breadcrumb\",\"itemListElement\":[{\"@type\":\"ListItem\",\"position\":1,\"name\":\"Productos\",\"item\":\"https:\/\/buscoequipomedico.com\/shop\/\"},{\"@type\":\"ListItem\",\"position\":2,\"name\":\"ASPIRADOR NEW ASKIR 230 1LITRO 110Vy12V\"}]},{\"@type\":\"WebSite\",\"@id\":\"https:\/\/buscoequipomedico.com\/#website\",\"url\":\"https:\/\/buscoequipomedico.com\/\",\"name\":\"Tu mejor opci\u00f3n Equipo M\u00e9dico M\u00e9xico\",\"description\":\"Tienda de equipo m\u00e9dico\",\"publisher\":{\"@id\":\"https:\/\/buscoequipomedico.com\/#organization\"},\"potentialAction\":[{\"@type\":\"SearchAction\",\"target\":{\"@type\":\"EntryPoint\",\"urlTemplate\":\"https:\/\/buscoequipomedico.com\/?s={search_term_string}\"},\"query-input\":{\"@type\":\"PropertyValueSpecification\",\"valueRequired\":true,\"valueName\":\"search_term_string\"}}],\"inLanguage\":\"es\"},{\"@type\":\"Organization\",\"@id\":\"https:\/\/buscoequipomedico.com\/#organization\",\"name\":\"Tu mejor opci\u00f3n Equipo M\u00e9dico M\u00e9xico\",\"url\":\"https:\/\/buscoequipomedico.com\/\",\"logo\":{\"@type\":\"ImageObject\",\"inLanguage\":\"es\",\"@id\":\"https:\/\/buscoequipomedico.com\/#\/schema\/logo\/image\/\",\"url\":\"https:\/\/buscoequipomedico.com\/wp-content\/uploads\/2021\/07\/EMM-VPrincipal-scaled.jpg\",\"contentUrl\":\"https:\/\/buscoequipomedico.com\/wp-content\/uploads\/2021\/07\/EMM-VPrincipal-scaled.jpg\",\"width\":2560,\"height\":1058,\"caption\":\"Tu mejor opci\u00f3n Equipo M\u00e9dico M\u00e9xico\"},\"image\":{\"@id\":\"https:\/\/buscoequipomedico.com\/#\/schema\/logo\/image\/\"}}]}<\/script>\n<!-- \/ Yoast SEO plugin. -->","yoast_head_json":{"title":"ASPIRADOR NEW ASKIR 230 1LITRO 110Vy12V - Tu mejor opci\u00f3n Equipo M\u00e9dico M\u00e9xico","robots":{"index":"index","follow":"follow","max-snippet":"max-snippet:-1","max-image-preview":"max-image-preview:large","max-video-preview":"max-video-preview:-1"},"canonical":"https:\/\/buscoequipomedico.com\/?product=aspirador-new-askir-230-1litro-110vy12v","og_locale":"es_ES","og_type":"article","og_title":"ASPIRADOR NEW ASKIR 230 1LITRO 110Vy12V - Tu mejor opci\u00f3n Equipo M\u00e9dico M\u00e9xico","og_description":"ASPIRADOR DE SECRECIONES PORT\u00c1TIL Y RECARGABLE DE SOBREMESA, DISE\u00d1ADO PARA USO EN AMBULANCIAS. EQUIPADO CON ALARMA VISUAL Y AC\u00daSTICA PARA AVISAR EL NIVEL BAJO DE BATER\u00cdA.  INCLUYE:   FRASCO DE RECOLECCI\u00d3N.  TUBOS AUTOCLAVABLES.  CARGADOR AC\/DC.  FILTRO ANTIBACTERIAL E HIDR\u00d3FUGO (PARA USO \u00daNICO POR PACIENTE).  CONECTOR C\u00d3NICO.  NIVEL DE RUIDO: 63.0 DB.  PESO: 3.50 KG.  DIMENSIONES: 35CM X 21CM X 18CM.","og_url":"https:\/\/buscoequipomedico.com\/?product=aspirador-new-askir-230-1litro-110vy12v","og_site_name":"Tu mejor opci\u00f3n Equipo M\u00e9dico M\u00e9xico","og_image":[{"width":500,"height":500,"url":"https:\/\/buscoequipomedico.com\/wp-content\/uploads\/2021\/09\/aspirador-new-askir-230-1litro-110vy12v-113-500x500-1.jpg","type":"image\/jpeg"}],"twitter_card":"summary_large_image","schema":{"@context":"https:\/\/schema.org","@graph":[{"@type":"WebPage","@id":"https:\/\/buscoequipomedico.com\/?product=aspirador-new-askir-230-1litro-110vy12v","url":"https:\/\/buscoequipomedico.com\/?product=aspirador-new-askir-230-1litro-110vy12v","name":"ASPIRADOR NEW ASKIR 230 1LITRO 110Vy12V - Tu mejor opci\u00f3n Equipo M\u00e9dico M\u00e9xico","isPartOf":{"@id":"https:\/\/buscoequipomedico.com\/#website"},"primaryImageOfPage":{"@id":"https:\/\/buscoequipomedico.com\/?product=aspirador-new-askir-230-1litro-110vy12v#primaryimage"},"image":{"@id":"https:\/\/buscoequipomedico.com\/?product=aspirador-new-askir-230-1litro-110vy12v#primaryimage"},"thumbnailUrl":"https:\/\/buscoequipomedico.com\/wp-content\/uploads\/2021\/09\/aspirador-new-askir-230-1litro-110vy12v-113-500x500-1.jpg","datePublished":"2021-09-02T17:56:07+00:00","breadcrumb":{"@id":"https:\/\/buscoequipomedico.com\/?product=aspirador-new-askir-230-1litro-110vy12v#breadcrumb"},"inLanguage":"es","potentialAction":[{"@type":"ReadAction","target":["https:\/\/buscoequipomedico.com\/?product=aspirador-new-askir-230-1litro-110vy12v"]}]},{"@type":"ImageObject","inLanguage":"es","@id":"https:\/\/buscoequipomedico.com\/?product=aspirador-new-askir-230-1litro-110vy12v#primaryimage","url":"https:\/\/buscoequipomedico.com\/wp-content\/uploads\/2021\/09\/aspirador-new-askir-230-1litro-110vy12v-113-500x500-1.jpg","contentUrl":"https:\/\/buscoequipomedico.com\/wp-content\/uploads\/2021\/09\/aspirador-new-askir-230-1litro-110vy12v-113-500x500-1.jpg","width":500,"height":500},{"@type":"BreadcrumbList","@id":"https:\/\/buscoequipomedico.com\/?product=aspirador-new-askir-230-1litro-110vy12v#breadcrumb","itemListElement":[{"@type":"ListItem","position":1,"name":"Productos","item":"https:\/\/buscoequipomedico.com\/shop\/"},{"@type":"ListItem","position":2,"name":"ASPIRADOR NEW ASKIR 230 1LITRO 110Vy12V"}]},{"@type":"WebSite","@id":"https:\/\/buscoequipomedico.com\/#website","url":"https:\/\/buscoequipomedico.com\/","name":"Tu mejor opci\u00f3n Equipo M\u00e9dico M\u00e9xico","description":"Tienda de equipo m\u00e9dico","publisher":{"@id":"https:\/\/buscoequipomedico.com\/#organization"},"potentialAction":[{"@type":"SearchAction","target":{"@type":"EntryPoint","urlTemplate":"https:\/\/buscoequipomedico.com\/?s={search_term_string}"},"query-input":{"@type":"PropertyValueSpecification","valueRequired":true,"valueName":"search_term_string"}}],"inLanguage":"es"},{"@type":"Organization","@id":"https:\/\/buscoequipomedico.com\/#organization","name":"Tu mejor opci\u00f3n Equipo M\u00e9dico M\u00e9xico","url":"https:\/\/buscoequipomedico.com\/","logo":{"@type":"ImageObject","inLanguage":"es","@id":"https:\/\/buscoequipomedico.com\/#\/schema\/logo\/image\/","url":"https:\/\/buscoequipomedico.com\/wp-content\/uploads\/2021\/07\/EMM-VPrincipal-scaled.jpg","contentUrl":"https:\/\/buscoequipomedico.com\/wp-content\/uploads\/2021\/07\/EMM-VPrincipal-scaled.jpg","width":2560,"height":1058,"caption":"Tu mejor opci\u00f3n Equipo M\u00e9dico M\u00e9xico"},"image":{"@id":"https:\/\/buscoequipomedico.com\/#\/schema\/logo\/image\/"}}]}},"_links":{"self":[{"href":"https:\/\/buscoequipomedico.com\/index.php?rest_route=\/wp\/v2\/product\/15797","targetHints":{"allow":["GET"]}}],"collection":[{"href":"https:\/\/buscoequipomedico.com\/index.php?rest_route=\/wp\/v2\/product"}],"about":[{"href":"https:\/\/buscoequipomedico.com\/index.php?rest_route=\/wp\/v2\/types\/product"}],"wp:featuredmedia":[{"embeddable":true,"href":"https:\/\/buscoequipomedico.com\/index.php?rest_route=\/wp\/v2\/media\/15798"}],"wp:attachment":[{"href":"https:\/\/buscoequipomedico.com\/index.php?rest_route=%2Fwp%2Fv2%2Fmedia&parent=15797"}],"wp:term":[{"taxonomy":"product_brand","embeddable":true,"href":"https:\/\/buscoequipomedico.com\/index.php?rest_route=%2Fwp%2Fv2%2Fproduct_brand&post=15797"},{"taxonomy":"product_cat","embeddable":true,"href":"https:\/\/buscoequipomedico.com\/index.php?rest_route=%2Fwp%2Fv2%2Fproduct_cat&post=15797"},{"taxonomy":"product_tag","embeddable":true,"href":"https:\/\/buscoequipomedico.com\/index.php?rest_route=%2Fwp%2Fv2%2Fproduct_tag&post=15797"}],"curies":[{"name":"wp","href":"https:\/\/api.w.org\/{rel}","templated":true}]}}