{"id":15811,"date":"2021-09-03T12:43:46","date_gmt":"2021-09-03T17:43:46","guid":{"rendered":"https:\/\/equipomedicomexico-com.preview-domain.com\/?post_type=product&#038;p=15811"},"modified":"2021-09-03T12:43:46","modified_gmt":"2021-09-03T17:43:46","slug":"bascula-de-columna-con-hce-seca-787","status":"publish","type":"product","link":"https:\/\/buscoequipomedico.com\/?product=bascula-de-columna-con-hce-seca-787","title":{"rendered":"B\u00e1scula de Columna con HCE Seca 787"},"content":{"rendered":"","protected":false},"excerpt":{"rendered":"<ul class=\"tabs wc-tabs\" role=\"tablist\">\n<li id=\"tab-title-description\" class=\"description_tab active\" role=\"tab\" aria-controls=\"tab-description\"><a href=\"https:\/\/www.equipomedicoconsultoria.com.mx\/producto\/bascula-de-columna-con-hce-seca-787\/#tab-description\">Descripci\u00f3n<\/a><\/li>\n<\/ul>\n<div id=\"tab-description\" class=\"woocommerce-Tabs-panel woocommerce-Tabs-panel--description panel entry-content wc-tab\" role=\"tabpanel\" aria-labelledby=\"tab-title-description\">\n<p>La seca 787 es la soluci\u00f3n ideal para la medici\u00f3n y el peso conectados en red. Presenta un dise\u00f1o especialmente robusto con una plataforma totalmente m\u00e9talica a prueba de inclinaci\u00f3n y una \u00fanica columna s\u00f3lida. Todos los pacientes ( en especial aquellos afectados por la obesidad) se sentir\u00e1n seguros en la plataforma incluso cuando est\u00e9n al borde de la base. El estad\u00edmetro digital permite un calculo inmediato del IMC. Con un m\u00f3dulo de red actualizable (seca 452) la seca 787 transmite mediciones de altura y peso directamente al EMR.<\/p>\n<ul>\n<li>Graduaci\u00f3n m\u00e9dica, b\u00e1scula robusta dise\u00f1ada para ser usada por varios a\u00f1os con pacientes de alto peso<\/li>\n<li>Estadimetro digital con un rango alto de medida extra<\/li>\n<li>Pantalla de doble linea que muestra altura y peso<\/li>\n<li>HCE validada: Env\u00eda resultados directamente a ls HCE<\/li>\n<li>Sistema de amortiguaci\u00f3n y funci\u00f3n de auto-HOLD garantizan un pesaje r\u00e1pido y preciso<\/li>\n<li>Pantalla adaptable al lado izquierdo o derecho<\/li>\n<li>Opcional: El pasamanos seca 477 proporciona seguridad adicional al paciente.<\/li>\n<li>Opcional: Panda facilita medir y pesar a ni\u00f1os&nbsp;\n<p><strong>Especificaciones T\u00e9cnicas:<\/strong><\/p>\n<ul>\n<li><strong>Capacidad:<\/strong>\u00a0250 kg, 550 lbs<\/li>\n<li><strong>Divisi\u00f3n (g):<\/strong>\u00a0100 g<\/li>\n<li><strong>Divisi\u00f3n (lbs):<\/strong>\u00a00.2 lbs<\/li>\n<li><strong>Alimentaci\u00f3n:<\/strong>\u00a0Pilas AA (6x), Adaptador para red el\u00e9ctrica (opcional)<\/li>\n<li><strong>Dimensiones ( AxAxP):<\/strong>\u00a0410 x 1,356 x 576 mm , 16.1 x 53.4 x 22.7 inch<\/li>\n<\/ul>\n<\/li>\n<\/ul>\n<\/div>\n","protected":false},"featured_media":15813,"template":"","meta":{"_joinchat":[]},"product_brand":[],"product_cat":[213],"product_tag":[389],"class_list":{"0":"post-15811","1":"product","2":"type-product","3":"status-publish","4":"has-post-thumbnail","6":"product_cat-concentradores","7":"product_tag-seca","9":"first","10":"instock","11":"shipping-taxable","12":"product-type-simple"},"yoast_head":"<!-- This site is optimized with the Yoast SEO plugin v25.1 - https:\/\/yoast.com\/wordpress\/plugins\/seo\/ -->\n<title>B\u00e1scula de Columna con HCE Seca 787 - Tu mejor opci\u00f3n Equipo M\u00e9dico M\u00e9xico<\/title>\n<meta name=\"robots\" content=\"index, follow, max-snippet:-1, max-image-preview:large, max-video-preview:-1\" \/>\n<link rel=\"canonical\" href=\"https:\/\/buscoequipomedico.com\/?product=bascula-de-columna-con-hce-seca-787\" \/>\n<meta property=\"og:locale\" content=\"es_ES\" \/>\n<meta property=\"og:type\" content=\"article\" \/>\n<meta property=\"og:title\" content=\"B\u00e1scula de Columna con HCE Seca 787 - Tu mejor opci\u00f3n Equipo M\u00e9dico M\u00e9xico\" \/>\n<meta property=\"og:description\" content=\"Descripci\u00f3n    La seca 787 es la soluci\u00f3n ideal para la medici\u00f3n y el peso conectados en red. Presenta un dise\u00f1o especialmente robusto con una plataforma totalmente m\u00e9talica a prueba de inclinaci\u00f3n y una \u00fanica columna s\u00f3lida. Todos los pacientes ( en especial aquellos afectados por la obesidad) se sentir\u00e1n seguros en la plataforma incluso cuando est\u00e9n al borde de la base. El estad\u00edmetro digital permite un calculo inmediato del IMC. Con un m\u00f3dulo de red actualizable (seca 452) la seca 787 transmite mediciones de altura y peso directamente al EMR.   Graduaci\u00f3n m\u00e9dica, b\u00e1scula robusta dise\u00f1ada para ser usada por varios a\u00f1os con pacientes de alto peso  Estadimetro digital con un rango alto de medida extra  Pantalla de doble linea que muestra altura y peso  HCE validada: Env\u00eda resultados directamente a ls HCE  Sistema de amortiguaci\u00f3n y funci\u00f3n de auto-HOLD garantizan un pesaje r\u00e1pido y preciso  Pantalla adaptable al lado izquierdo o derecho  Opcional: El pasamanos seca 477 proporciona seguridad adicional al paciente.  Opcional: Panda facilita medir y pesar a ni\u00f1os&nbsp;  Especificaciones T\u00e9cnicas:   Capacidad:\u00a0250 kg, 550 lbs  Divisi\u00f3n (g):\u00a0100 g  Divisi\u00f3n (lbs):\u00a00.2 lbs  Alimentaci\u00f3n:\u00a0Pilas AA (6x), Adaptador para red el\u00e9ctrica (opcional)  Dimensiones ( AxAxP):\u00a0410 x 1,356 x 576 mm , 16.1 x 53.4 x 22.7 inch\" \/>\n<meta property=\"og:url\" content=\"https:\/\/buscoequipomedico.com\/?product=bascula-de-columna-con-hce-seca-787\" \/>\n<meta property=\"og:site_name\" content=\"Tu mejor opci\u00f3n Equipo M\u00e9dico M\u00e9xico\" \/>\n<meta property=\"og:image\" content=\"https:\/\/buscoequipomedico.com\/wp-content\/uploads\/2021\/09\/secacom_productlaunch_mainimage_400x480px_seca_787_01.png\" \/>\n\t<meta property=\"og:image:width\" content=\"400\" \/>\n\t<meta property=\"og:image:height\" content=\"480\" \/>\n\t<meta property=\"og:image:type\" content=\"image\/png\" \/>\n<meta name=\"twitter:card\" content=\"summary_large_image\" \/>\n<script type=\"application\/ld+json\" class=\"yoast-schema-graph\">{\"@context\":\"https:\/\/schema.org\",\"@graph\":[{\"@type\":\"WebPage\",\"@id\":\"https:\/\/buscoequipomedico.com\/?product=bascula-de-columna-con-hce-seca-787\",\"url\":\"https:\/\/buscoequipomedico.com\/?product=bascula-de-columna-con-hce-seca-787\",\"name\":\"B\u00e1scula de Columna con HCE Seca 787 - Tu mejor opci\u00f3n Equipo M\u00e9dico M\u00e9xico\",\"isPartOf\":{\"@id\":\"https:\/\/buscoequipomedico.com\/#website\"},\"primaryImageOfPage\":{\"@id\":\"https:\/\/buscoequipomedico.com\/?product=bascula-de-columna-con-hce-seca-787#primaryimage\"},\"image\":{\"@id\":\"https:\/\/buscoequipomedico.com\/?product=bascula-de-columna-con-hce-seca-787#primaryimage\"},\"thumbnailUrl\":\"https:\/\/buscoequipomedico.com\/wp-content\/uploads\/2021\/09\/secacom_productlaunch_mainimage_400x480px_seca_787_01.png\",\"datePublished\":\"2021-09-03T17:43:46+00:00\",\"breadcrumb\":{\"@id\":\"https:\/\/buscoequipomedico.com\/?product=bascula-de-columna-con-hce-seca-787#breadcrumb\"},\"inLanguage\":\"es\",\"potentialAction\":[{\"@type\":\"ReadAction\",\"target\":[\"https:\/\/buscoequipomedico.com\/?product=bascula-de-columna-con-hce-seca-787\"]}]},{\"@type\":\"ImageObject\",\"inLanguage\":\"es\",\"@id\":\"https:\/\/buscoequipomedico.com\/?product=bascula-de-columna-con-hce-seca-787#primaryimage\",\"url\":\"https:\/\/buscoequipomedico.com\/wp-content\/uploads\/2021\/09\/secacom_productlaunch_mainimage_400x480px_seca_787_01.png\",\"contentUrl\":\"https:\/\/buscoequipomedico.com\/wp-content\/uploads\/2021\/09\/secacom_productlaunch_mainimage_400x480px_seca_787_01.png\",\"width\":400,\"height\":480},{\"@type\":\"BreadcrumbList\",\"@id\":\"https:\/\/buscoequipomedico.com\/?product=bascula-de-columna-con-hce-seca-787#breadcrumb\",\"itemListElement\":[{\"@type\":\"ListItem\",\"position\":1,\"name\":\"Productos\",\"item\":\"https:\/\/buscoequipomedico.com\/shop\/\"},{\"@type\":\"ListItem\",\"position\":2,\"name\":\"B\u00e1scula de Columna con HCE Seca 787\"}]},{\"@type\":\"WebSite\",\"@id\":\"https:\/\/buscoequipomedico.com\/#website\",\"url\":\"https:\/\/buscoequipomedico.com\/\",\"name\":\"Tu mejor opci\u00f3n Equipo M\u00e9dico M\u00e9xico\",\"description\":\"Tienda de equipo m\u00e9dico\",\"publisher\":{\"@id\":\"https:\/\/buscoequipomedico.com\/#organization\"},\"potentialAction\":[{\"@type\":\"SearchAction\",\"target\":{\"@type\":\"EntryPoint\",\"urlTemplate\":\"https:\/\/buscoequipomedico.com\/?s={search_term_string}\"},\"query-input\":{\"@type\":\"PropertyValueSpecification\",\"valueRequired\":true,\"valueName\":\"search_term_string\"}}],\"inLanguage\":\"es\"},{\"@type\":\"Organization\",\"@id\":\"https:\/\/buscoequipomedico.com\/#organization\",\"name\":\"Tu mejor opci\u00f3n Equipo M\u00e9dico M\u00e9xico\",\"url\":\"https:\/\/buscoequipomedico.com\/\",\"logo\":{\"@type\":\"ImageObject\",\"inLanguage\":\"es\",\"@id\":\"https:\/\/buscoequipomedico.com\/#\/schema\/logo\/image\/\",\"url\":\"https:\/\/buscoequipomedico.com\/wp-content\/uploads\/2021\/07\/EMM-VPrincipal-scaled.jpg\",\"contentUrl\":\"https:\/\/buscoequipomedico.com\/wp-content\/uploads\/2021\/07\/EMM-VPrincipal-scaled.jpg\",\"width\":2560,\"height\":1058,\"caption\":\"Tu mejor opci\u00f3n Equipo M\u00e9dico M\u00e9xico\"},\"image\":{\"@id\":\"https:\/\/buscoequipomedico.com\/#\/schema\/logo\/image\/\"}}]}<\/script>\n<!-- \/ Yoast SEO plugin. -->","yoast_head_json":{"title":"B\u00e1scula de Columna con HCE Seca 787 - Tu mejor opci\u00f3n Equipo M\u00e9dico M\u00e9xico","robots":{"index":"index","follow":"follow","max-snippet":"max-snippet:-1","max-image-preview":"max-image-preview:large","max-video-preview":"max-video-preview:-1"},"canonical":"https:\/\/buscoequipomedico.com\/?product=bascula-de-columna-con-hce-seca-787","og_locale":"es_ES","og_type":"article","og_title":"B\u00e1scula de Columna con HCE Seca 787 - Tu mejor opci\u00f3n Equipo M\u00e9dico M\u00e9xico","og_description":"Descripci\u00f3n    La seca 787 es la soluci\u00f3n ideal para la medici\u00f3n y el peso conectados en red. Presenta un dise\u00f1o especialmente robusto con una plataforma totalmente m\u00e9talica a prueba de inclinaci\u00f3n y una \u00fanica columna s\u00f3lida. Todos los pacientes ( en especial aquellos afectados por la obesidad) se sentir\u00e1n seguros en la plataforma incluso cuando est\u00e9n al borde de la base. El estad\u00edmetro digital permite un calculo inmediato del IMC. Con un m\u00f3dulo de red actualizable (seca 452) la seca 787 transmite mediciones de altura y peso directamente al EMR.   Graduaci\u00f3n m\u00e9dica, b\u00e1scula robusta dise\u00f1ada para ser usada por varios a\u00f1os con pacientes de alto peso  Estadimetro digital con un rango alto de medida extra  Pantalla de doble linea que muestra altura y peso  HCE validada: Env\u00eda resultados directamente a ls HCE  Sistema de amortiguaci\u00f3n y funci\u00f3n de auto-HOLD garantizan un pesaje r\u00e1pido y preciso  Pantalla adaptable al lado izquierdo o derecho  Opcional: El pasamanos seca 477 proporciona seguridad adicional al paciente.  Opcional: Panda facilita medir y pesar a ni\u00f1os&nbsp;  Especificaciones T\u00e9cnicas:   Capacidad:\u00a0250 kg, 550 lbs  Divisi\u00f3n (g):\u00a0100 g  Divisi\u00f3n (lbs):\u00a00.2 lbs  Alimentaci\u00f3n:\u00a0Pilas AA (6x), Adaptador para red el\u00e9ctrica (opcional)  Dimensiones ( AxAxP):\u00a0410 x 1,356 x 576 mm , 16.1 x 53.4 x 22.7 inch","og_url":"https:\/\/buscoequipomedico.com\/?product=bascula-de-columna-con-hce-seca-787","og_site_name":"Tu mejor opci\u00f3n Equipo M\u00e9dico M\u00e9xico","og_image":[{"width":400,"height":480,"url":"https:\/\/buscoequipomedico.com\/wp-content\/uploads\/2021\/09\/secacom_productlaunch_mainimage_400x480px_seca_787_01.png","type":"image\/png"}],"twitter_card":"summary_large_image","schema":{"@context":"https:\/\/schema.org","@graph":[{"@type":"WebPage","@id":"https:\/\/buscoequipomedico.com\/?product=bascula-de-columna-con-hce-seca-787","url":"https:\/\/buscoequipomedico.com\/?product=bascula-de-columna-con-hce-seca-787","name":"B\u00e1scula de Columna con HCE Seca 787 - Tu mejor opci\u00f3n Equipo M\u00e9dico M\u00e9xico","isPartOf":{"@id":"https:\/\/buscoequipomedico.com\/#website"},"primaryImageOfPage":{"@id":"https:\/\/buscoequipomedico.com\/?product=bascula-de-columna-con-hce-seca-787#primaryimage"},"image":{"@id":"https:\/\/buscoequipomedico.com\/?product=bascula-de-columna-con-hce-seca-787#primaryimage"},"thumbnailUrl":"https:\/\/buscoequipomedico.com\/wp-content\/uploads\/2021\/09\/secacom_productlaunch_mainimage_400x480px_seca_787_01.png","datePublished":"2021-09-03T17:43:46+00:00","breadcrumb":{"@id":"https:\/\/buscoequipomedico.com\/?product=bascula-de-columna-con-hce-seca-787#breadcrumb"},"inLanguage":"es","potentialAction":[{"@type":"ReadAction","target":["https:\/\/buscoequipomedico.com\/?product=bascula-de-columna-con-hce-seca-787"]}]},{"@type":"ImageObject","inLanguage":"es","@id":"https:\/\/buscoequipomedico.com\/?product=bascula-de-columna-con-hce-seca-787#primaryimage","url":"https:\/\/buscoequipomedico.com\/wp-content\/uploads\/2021\/09\/secacom_productlaunch_mainimage_400x480px_seca_787_01.png","contentUrl":"https:\/\/buscoequipomedico.com\/wp-content\/uploads\/2021\/09\/secacom_productlaunch_mainimage_400x480px_seca_787_01.png","width":400,"height":480},{"@type":"BreadcrumbList","@id":"https:\/\/buscoequipomedico.com\/?product=bascula-de-columna-con-hce-seca-787#breadcrumb","itemListElement":[{"@type":"ListItem","position":1,"name":"Productos","item":"https:\/\/buscoequipomedico.com\/shop\/"},{"@type":"ListItem","position":2,"name":"B\u00e1scula de Columna con HCE Seca 787"}]},{"@type":"WebSite","@id":"https:\/\/buscoequipomedico.com\/#website","url":"https:\/\/buscoequipomedico.com\/","name":"Tu mejor opci\u00f3n Equipo M\u00e9dico M\u00e9xico","description":"Tienda de equipo m\u00e9dico","publisher":{"@id":"https:\/\/buscoequipomedico.com\/#organization"},"potentialAction":[{"@type":"SearchAction","target":{"@type":"EntryPoint","urlTemplate":"https:\/\/buscoequipomedico.com\/?s={search_term_string}"},"query-input":{"@type":"PropertyValueSpecification","valueRequired":true,"valueName":"search_term_string"}}],"inLanguage":"es"},{"@type":"Organization","@id":"https:\/\/buscoequipomedico.com\/#organization","name":"Tu mejor opci\u00f3n Equipo M\u00e9dico M\u00e9xico","url":"https:\/\/buscoequipomedico.com\/","logo":{"@type":"ImageObject","inLanguage":"es","@id":"https:\/\/buscoequipomedico.com\/#\/schema\/logo\/image\/","url":"https:\/\/buscoequipomedico.com\/wp-content\/uploads\/2021\/07\/EMM-VPrincipal-scaled.jpg","contentUrl":"https:\/\/buscoequipomedico.com\/wp-content\/uploads\/2021\/07\/EMM-VPrincipal-scaled.jpg","width":2560,"height":1058,"caption":"Tu mejor opci\u00f3n Equipo M\u00e9dico M\u00e9xico"},"image":{"@id":"https:\/\/buscoequipomedico.com\/#\/schema\/logo\/image\/"}}]}},"_links":{"self":[{"href":"https:\/\/buscoequipomedico.com\/index.php?rest_route=\/wp\/v2\/product\/15811","targetHints":{"allow":["GET"]}}],"collection":[{"href":"https:\/\/buscoequipomedico.com\/index.php?rest_route=\/wp\/v2\/product"}],"about":[{"href":"https:\/\/buscoequipomedico.com\/index.php?rest_route=\/wp\/v2\/types\/product"}],"wp:featuredmedia":[{"embeddable":true,"href":"https:\/\/buscoequipomedico.com\/index.php?rest_route=\/wp\/v2\/media\/15813"}],"wp:attachment":[{"href":"https:\/\/buscoequipomedico.com\/index.php?rest_route=%2Fwp%2Fv2%2Fmedia&parent=15811"}],"wp:term":[{"taxonomy":"product_brand","embeddable":true,"href":"https:\/\/buscoequipomedico.com\/index.php?rest_route=%2Fwp%2Fv2%2Fproduct_brand&post=15811"},{"taxonomy":"product_cat","embeddable":true,"href":"https:\/\/buscoequipomedico.com\/index.php?rest_route=%2Fwp%2Fv2%2Fproduct_cat&post=15811"},{"taxonomy":"product_tag","embeddable":true,"href":"https:\/\/buscoequipomedico.com\/index.php?rest_route=%2Fwp%2Fv2%2Fproduct_tag&post=15811"}],"curies":[{"name":"wp","href":"https:\/\/api.w.org\/{rel}","templated":true}]}}