{"id":15909,"date":"2021-10-06T20:45:39","date_gmt":"2021-10-07T01:45:39","guid":{"rendered":"https:\/\/equipomedicomexico-com.preview-domain.com\/?post_type=product&#038;p=15909"},"modified":"2021-10-06T20:45:39","modified_gmt":"2021-10-07T01:45:39","slug":"bascula-pediatrica-mecanica","status":"publish","type":"product","link":"https:\/\/buscoequipomedico.com\/?product=bascula-pediatrica-mecanica","title":{"rendered":"B\u00e1scula Pedi\u00e1trica Mec\u00e1nica 16Kg Div 5g"},"content":{"rendered":"<p><strong>CARACTER\u00cdSTICAS<\/strong><\/p>\n<p>Con las pesas que se deslizan con suavidad y precisi\u00f3n, la comprobaci\u00f3n exacta del peso es un juego de ni\u00f1os.<br \/>\nLa suave concavidad de la artesa brinda seguridad durante el pesaje.<br \/>\nY el ajuste a cero permite la comprobaci\u00f3n confiable del peso neto en todo momento<\/p>\n<p><strong>ESPECIFICACIONES T\u00c9CNICAS<\/strong><\/p>\n<p>Capacidad: 16 kg, 35 lbs<br \/>\nDivisi\u00f3n (g): 5 g, 1\/4 oz<br \/>\nDimensiones (AxAxP): 550 x 180 x 290 mm , 21,7 x 7,1 x 11,4 inch<br \/>\nPeso neto: 6,4 kg , 14,1 lbs<br \/>\nFunciones: funci\u00f3n de ajuste a cero<br \/>\nCE: CE 01<\/p>\n","protected":false},"excerpt":{"rendered":"<p><strong>BASCULA<\/strong> PEDIATRICA MECANICA 16 kg Div 5g. MARCA: <strong>SECA<\/strong>.\u00a0 <strong>BM725<\/strong>. Pesa beb\u00e9s mec\u00e1nica con pesas deslizantes. Dise\u00f1o cl\u00e1sico y mec\u00e1nica de alta precisi\u00f3n. Comprobaci\u00f3n exacta del peso gracias al ajuste a cero. Artesa de pesaje de curvas suaves para un m\u00e1ximo de seguridad.<\/p>\n<p>&nbsp;<\/p>\n","protected":false},"featured_media":15910,"template":"","meta":{"_joinchat":[]},"product_brand":[],"product_cat":[398],"product_tag":[400,389],"class_list":{"0":"post-15909","1":"product","2":"type-product","3":"status-publish","4":"has-post-thumbnail","6":"product_cat-basculas-2","7":"product_tag-bm725","8":"product_tag-seca","10":"first","11":"instock","12":"shipping-taxable","13":"product-type-simple"},"yoast_head":"<!-- This site is optimized with the Yoast SEO plugin v25.1 - https:\/\/yoast.com\/wordpress\/plugins\/seo\/ -->\n<title>B\u00e1scula Pedi\u00e1trica Mec\u00e1nica 16Kg Div 5g - Tu mejor opci\u00f3n Equipo M\u00e9dico M\u00e9xico<\/title>\n<meta name=\"robots\" content=\"index, follow, max-snippet:-1, max-image-preview:large, max-video-preview:-1\" \/>\n<link rel=\"canonical\" href=\"https:\/\/buscoequipomedico.com\/?product=bascula-pediatrica-mecanica\" \/>\n<meta property=\"og:locale\" content=\"es_ES\" \/>\n<meta property=\"og:type\" content=\"article\" \/>\n<meta property=\"og:title\" content=\"B\u00e1scula Pedi\u00e1trica Mec\u00e1nica 16Kg Div 5g - Tu mejor opci\u00f3n Equipo M\u00e9dico M\u00e9xico\" \/>\n<meta property=\"og:description\" content=\"BASCULA PEDIATRICA MECANICA 16 kg Div 5g. MARCA: SECA.\u00a0 BM725. Pesa beb\u00e9s mec\u00e1nica con pesas deslizantes. Dise\u00f1o cl\u00e1sico y mec\u00e1nica de alta precisi\u00f3n. Comprobaci\u00f3n exacta del peso gracias al ajuste a cero. Artesa de pesaje de curvas suaves para un m\u00e1ximo de seguridad.  &nbsp;\" \/>\n<meta property=\"og:url\" content=\"https:\/\/buscoequipomedico.com\/?product=bascula-pediatrica-mecanica\" \/>\n<meta property=\"og:site_name\" content=\"Tu mejor opci\u00f3n Equipo M\u00e9dico M\u00e9xico\" \/>\n<meta property=\"og:image\" content=\"https:\/\/buscoequipomedico.com\/wp-content\/uploads\/2021\/10\/BM725.jpg\" \/>\n\t<meta property=\"og:image:width\" content=\"1080\" \/>\n\t<meta property=\"og:image:height\" content=\"1080\" \/>\n\t<meta property=\"og:image:type\" content=\"image\/jpeg\" \/>\n<meta name=\"twitter:card\" content=\"summary_large_image\" \/>\n<script type=\"application\/ld+json\" class=\"yoast-schema-graph\">{\"@context\":\"https:\/\/schema.org\",\"@graph\":[{\"@type\":\"WebPage\",\"@id\":\"https:\/\/buscoequipomedico.com\/?product=bascula-pediatrica-mecanica\",\"url\":\"https:\/\/buscoequipomedico.com\/?product=bascula-pediatrica-mecanica\",\"name\":\"B\u00e1scula Pedi\u00e1trica Mec\u00e1nica 16Kg Div 5g - Tu mejor opci\u00f3n Equipo M\u00e9dico M\u00e9xico\",\"isPartOf\":{\"@id\":\"https:\/\/buscoequipomedico.com\/#website\"},\"primaryImageOfPage\":{\"@id\":\"https:\/\/buscoequipomedico.com\/?product=bascula-pediatrica-mecanica#primaryimage\"},\"image\":{\"@id\":\"https:\/\/buscoequipomedico.com\/?product=bascula-pediatrica-mecanica#primaryimage\"},\"thumbnailUrl\":\"https:\/\/buscoequipomedico.com\/wp-content\/uploads\/2021\/10\/BM725.jpg\",\"datePublished\":\"2021-10-07T01:45:39+00:00\",\"breadcrumb\":{\"@id\":\"https:\/\/buscoequipomedico.com\/?product=bascula-pediatrica-mecanica#breadcrumb\"},\"inLanguage\":\"es\",\"potentialAction\":[{\"@type\":\"ReadAction\",\"target\":[\"https:\/\/buscoequipomedico.com\/?product=bascula-pediatrica-mecanica\"]}]},{\"@type\":\"ImageObject\",\"inLanguage\":\"es\",\"@id\":\"https:\/\/buscoequipomedico.com\/?product=bascula-pediatrica-mecanica#primaryimage\",\"url\":\"https:\/\/buscoequipomedico.com\/wp-content\/uploads\/2021\/10\/BM725.jpg\",\"contentUrl\":\"https:\/\/buscoequipomedico.com\/wp-content\/uploads\/2021\/10\/BM725.jpg\",\"width\":1080,\"height\":1080,\"caption\":\"B\u00e1scula Pedi\u00e1trica Mec\u00e1nica\"},{\"@type\":\"BreadcrumbList\",\"@id\":\"https:\/\/buscoequipomedico.com\/?product=bascula-pediatrica-mecanica#breadcrumb\",\"itemListElement\":[{\"@type\":\"ListItem\",\"position\":1,\"name\":\"Productos\",\"item\":\"https:\/\/buscoequipomedico.com\/shop\/\"},{\"@type\":\"ListItem\",\"position\":2,\"name\":\"B\u00e1scula Pedi\u00e1trica Mec\u00e1nica 16Kg Div 5g\"}]},{\"@type\":\"WebSite\",\"@id\":\"https:\/\/buscoequipomedico.com\/#website\",\"url\":\"https:\/\/buscoequipomedico.com\/\",\"name\":\"Tu mejor opci\u00f3n Equipo M\u00e9dico M\u00e9xico\",\"description\":\"Tienda de equipo m\u00e9dico\",\"publisher\":{\"@id\":\"https:\/\/buscoequipomedico.com\/#organization\"},\"potentialAction\":[{\"@type\":\"SearchAction\",\"target\":{\"@type\":\"EntryPoint\",\"urlTemplate\":\"https:\/\/buscoequipomedico.com\/?s={search_term_string}\"},\"query-input\":{\"@type\":\"PropertyValueSpecification\",\"valueRequired\":true,\"valueName\":\"search_term_string\"}}],\"inLanguage\":\"es\"},{\"@type\":\"Organization\",\"@id\":\"https:\/\/buscoequipomedico.com\/#organization\",\"name\":\"Tu mejor opci\u00f3n Equipo M\u00e9dico M\u00e9xico\",\"url\":\"https:\/\/buscoequipomedico.com\/\",\"logo\":{\"@type\":\"ImageObject\",\"inLanguage\":\"es\",\"@id\":\"https:\/\/buscoequipomedico.com\/#\/schema\/logo\/image\/\",\"url\":\"https:\/\/buscoequipomedico.com\/wp-content\/uploads\/2021\/07\/EMM-VPrincipal-scaled.jpg\",\"contentUrl\":\"https:\/\/buscoequipomedico.com\/wp-content\/uploads\/2021\/07\/EMM-VPrincipal-scaled.jpg\",\"width\":2560,\"height\":1058,\"caption\":\"Tu mejor opci\u00f3n Equipo M\u00e9dico M\u00e9xico\"},\"image\":{\"@id\":\"https:\/\/buscoequipomedico.com\/#\/schema\/logo\/image\/\"}}]}<\/script>\n<!-- \/ Yoast SEO plugin. -->","yoast_head_json":{"title":"B\u00e1scula Pedi\u00e1trica Mec\u00e1nica 16Kg Div 5g - Tu mejor opci\u00f3n Equipo M\u00e9dico M\u00e9xico","robots":{"index":"index","follow":"follow","max-snippet":"max-snippet:-1","max-image-preview":"max-image-preview:large","max-video-preview":"max-video-preview:-1"},"canonical":"https:\/\/buscoequipomedico.com\/?product=bascula-pediatrica-mecanica","og_locale":"es_ES","og_type":"article","og_title":"B\u00e1scula Pedi\u00e1trica Mec\u00e1nica 16Kg Div 5g - Tu mejor opci\u00f3n Equipo M\u00e9dico M\u00e9xico","og_description":"BASCULA PEDIATRICA MECANICA 16 kg Div 5g. MARCA: SECA.\u00a0 BM725. Pesa beb\u00e9s mec\u00e1nica con pesas deslizantes. Dise\u00f1o cl\u00e1sico y mec\u00e1nica de alta precisi\u00f3n. Comprobaci\u00f3n exacta del peso gracias al ajuste a cero. Artesa de pesaje de curvas suaves para un m\u00e1ximo de seguridad.  &nbsp;","og_url":"https:\/\/buscoequipomedico.com\/?product=bascula-pediatrica-mecanica","og_site_name":"Tu mejor opci\u00f3n Equipo M\u00e9dico M\u00e9xico","og_image":[{"width":1080,"height":1080,"url":"https:\/\/buscoequipomedico.com\/wp-content\/uploads\/2021\/10\/BM725.jpg","type":"image\/jpeg"}],"twitter_card":"summary_large_image","schema":{"@context":"https:\/\/schema.org","@graph":[{"@type":"WebPage","@id":"https:\/\/buscoequipomedico.com\/?product=bascula-pediatrica-mecanica","url":"https:\/\/buscoequipomedico.com\/?product=bascula-pediatrica-mecanica","name":"B\u00e1scula Pedi\u00e1trica Mec\u00e1nica 16Kg Div 5g - Tu mejor opci\u00f3n Equipo M\u00e9dico M\u00e9xico","isPartOf":{"@id":"https:\/\/buscoequipomedico.com\/#website"},"primaryImageOfPage":{"@id":"https:\/\/buscoequipomedico.com\/?product=bascula-pediatrica-mecanica#primaryimage"},"image":{"@id":"https:\/\/buscoequipomedico.com\/?product=bascula-pediatrica-mecanica#primaryimage"},"thumbnailUrl":"https:\/\/buscoequipomedico.com\/wp-content\/uploads\/2021\/10\/BM725.jpg","datePublished":"2021-10-07T01:45:39+00:00","breadcrumb":{"@id":"https:\/\/buscoequipomedico.com\/?product=bascula-pediatrica-mecanica#breadcrumb"},"inLanguage":"es","potentialAction":[{"@type":"ReadAction","target":["https:\/\/buscoequipomedico.com\/?product=bascula-pediatrica-mecanica"]}]},{"@type":"ImageObject","inLanguage":"es","@id":"https:\/\/buscoequipomedico.com\/?product=bascula-pediatrica-mecanica#primaryimage","url":"https:\/\/buscoequipomedico.com\/wp-content\/uploads\/2021\/10\/BM725.jpg","contentUrl":"https:\/\/buscoequipomedico.com\/wp-content\/uploads\/2021\/10\/BM725.jpg","width":1080,"height":1080,"caption":"B\u00e1scula Pedi\u00e1trica Mec\u00e1nica"},{"@type":"BreadcrumbList","@id":"https:\/\/buscoequipomedico.com\/?product=bascula-pediatrica-mecanica#breadcrumb","itemListElement":[{"@type":"ListItem","position":1,"name":"Productos","item":"https:\/\/buscoequipomedico.com\/shop\/"},{"@type":"ListItem","position":2,"name":"B\u00e1scula Pedi\u00e1trica Mec\u00e1nica 16Kg Div 5g"}]},{"@type":"WebSite","@id":"https:\/\/buscoequipomedico.com\/#website","url":"https:\/\/buscoequipomedico.com\/","name":"Tu mejor opci\u00f3n Equipo M\u00e9dico M\u00e9xico","description":"Tienda de equipo m\u00e9dico","publisher":{"@id":"https:\/\/buscoequipomedico.com\/#organization"},"potentialAction":[{"@type":"SearchAction","target":{"@type":"EntryPoint","urlTemplate":"https:\/\/buscoequipomedico.com\/?s={search_term_string}"},"query-input":{"@type":"PropertyValueSpecification","valueRequired":true,"valueName":"search_term_string"}}],"inLanguage":"es"},{"@type":"Organization","@id":"https:\/\/buscoequipomedico.com\/#organization","name":"Tu mejor opci\u00f3n Equipo M\u00e9dico M\u00e9xico","url":"https:\/\/buscoequipomedico.com\/","logo":{"@type":"ImageObject","inLanguage":"es","@id":"https:\/\/buscoequipomedico.com\/#\/schema\/logo\/image\/","url":"https:\/\/buscoequipomedico.com\/wp-content\/uploads\/2021\/07\/EMM-VPrincipal-scaled.jpg","contentUrl":"https:\/\/buscoequipomedico.com\/wp-content\/uploads\/2021\/07\/EMM-VPrincipal-scaled.jpg","width":2560,"height":1058,"caption":"Tu mejor opci\u00f3n Equipo M\u00e9dico M\u00e9xico"},"image":{"@id":"https:\/\/buscoequipomedico.com\/#\/schema\/logo\/image\/"}}]}},"_links":{"self":[{"href":"https:\/\/buscoequipomedico.com\/index.php?rest_route=\/wp\/v2\/product\/15909","targetHints":{"allow":["GET"]}}],"collection":[{"href":"https:\/\/buscoequipomedico.com\/index.php?rest_route=\/wp\/v2\/product"}],"about":[{"href":"https:\/\/buscoequipomedico.com\/index.php?rest_route=\/wp\/v2\/types\/product"}],"wp:featuredmedia":[{"embeddable":true,"href":"https:\/\/buscoequipomedico.com\/index.php?rest_route=\/wp\/v2\/media\/15910"}],"wp:attachment":[{"href":"https:\/\/buscoequipomedico.com\/index.php?rest_route=%2Fwp%2Fv2%2Fmedia&parent=15909"}],"wp:term":[{"taxonomy":"product_brand","embeddable":true,"href":"https:\/\/buscoequipomedico.com\/index.php?rest_route=%2Fwp%2Fv2%2Fproduct_brand&post=15909"},{"taxonomy":"product_cat","embeddable":true,"href":"https:\/\/buscoequipomedico.com\/index.php?rest_route=%2Fwp%2Fv2%2Fproduct_cat&post=15909"},{"taxonomy":"product_tag","embeddable":true,"href":"https:\/\/buscoequipomedico.com\/index.php?rest_route=%2Fwp%2Fv2%2Fproduct_tag&post=15909"}],"curies":[{"name":"wp","href":"https:\/\/api.w.org\/{rel}","templated":true}]}}