{"id":15913,"date":"2021-10-06T21:18:53","date_gmt":"2021-10-07T02:18:53","guid":{"rendered":"https:\/\/equipomedicomexico-com.preview-domain.com\/?post_type=product&#038;p=15913"},"modified":"2021-10-06T21:18:53","modified_gmt":"2021-10-07T02:18:53","slug":"bascula-pediatrica-electronica-2","status":"publish","type":"product","link":"https:\/\/buscoequipomedico.com\/?product=bascula-pediatrica-electronica-2","title":{"rendered":"B\u00e1scula Pedi\u00e1trica Electr\u00f3nica 20Kg Div Tara BMIF Auto-Hold"},"content":{"rendered":"<p>&nbsp;<\/p>\n<p><strong>CARACTER\u00cdSTICAS<\/strong><\/p>\n<p>Con funci\u00f3n Breast Milk Intake (BMIF).<br \/>\nManuable y ligera, ofrece gran flexibilidad para el uso diario en la medicina.<br \/>\nBandeja confortable.<br \/>\nGran pantalla LCD de f\u00e1cil lectura.<br \/>\nResultados confiables gracias a la amortiguaci\u00f3n autom\u00e1tica.<br \/>\nAunque la bandeja de pesaje posea un dise\u00f1o m\u00e1s confortable y generoso que el de otros modelos, la pesa beb\u00e9s seca 334 es f\u00e1cil de transportar, pesa 2,8 kg solamente y, sorprendentemente, requiere muy poco espacio.<br \/>\nEsta pesa beb\u00e9s, con una gran pantalla de LCD de f\u00e1cil lectura y su asidero de transporte, que tambi\u00e9n puede utilizarse para colgarla, funciona con pilas y facilita la tarea diaria de pesar a beb\u00e9s y ni\u00f1os peque\u00f1os.<br \/>\nManejo confortable, gracias a las generosas dimensiones de la bandeja y la buena legibilidad de la pantalla LCD.<br \/>\nLa confortable bandeja extra grande de la b\u00e1scula seca 334 ofrece un amplio confort.<br \/>\nLos beb\u00e9s se sienten contenidos y resguardados.<br \/>\nTambi\u00e9n facilita el pesaje de beb\u00e9s m\u00e1s grandes o de ni\u00f1os peque\u00f1os sentados.<br \/>\nEl peso registrado se lee f\u00e1cilmente en la pantalla LCD iluminada, que retiene la indicaci\u00f3n durante dos minutos.<br \/>\nLa desconexi\u00f3n autom\u00e1tica asegura y garantiza el ahorro de energ\u00eda.<br \/>\nLa funci\u00f3n Breast Milk Intake (BMIF) permite comprobar la cantidad de leche materna ingerida por<br \/>\nel lactante: con s\u00f3lo pulsar una tecla, se puede guardar el peso del beb\u00e9 antes de la lactancia;<br \/>\nEn un segundo pesaje, realizado despu\u00e9s de la ingesti\u00f3n de leche materna, este primer peso registrado se restar\u00e1 del peso actual.<br \/>\nResultados confiables gracias a la amortiguaci\u00f3n autom\u00e1tica.<br \/>\nPrecisi\u00f3n absoluta en cualquier situaci\u00f3n:<br \/>\nEquipada con una tecnolog\u00eda de pesaje sumamente sensible y con la amortiguaci\u00f3n especial desarrollada en los talleres seca.<br \/>\nLa exactitud de los resultados es una prestaci\u00f3n sobreentendida de la pesabeb\u00e9s seca 334, aun cuando el beb\u00e9 est\u00e9 inquieto.<\/p>\n<p><strong>ESPECIFICACIONES T\u00c9CNICAS<\/strong><\/p>\n<p>Capacidad: 20 kg \/ 44 lbs<br \/>\nDivisi\u00f3n: 5 g &lt; 10 kg &gt; 10 g \/ 0.2 oz &lt; 22 lbs &gt; 0.5 oz<br \/>\nDimensiones (AxAxP): 638 x 105 x 300 mm \/ 25.1 x 4.1 x 11.8\u201c<br \/>\nDimensiones\/plataforma (AxAxP): 595 x 50 x 255 mm \/ 23.4 x 2 x 10\u201c<br \/>\nPeso: 2.8 kg \/ 6.2 lbs<br \/>\nAlimentaci\u00f3n: Pilas\/red el\u00e9ctrica opcional<br \/>\nFunciones: TARA, BMIF, auto-HOLD, conmutaci\u00f3n kg\/lbs, desconexi\u00f3n autom\u00e1tica<\/p>\n","protected":false},"excerpt":{"rendered":"<p>&nbsp;<\/p>\n<p><strong>BASCULA<\/strong>\u00a0PEDIATRICA ELECTRONICA 20Kg Div TARA BMIF AUTO-HOLD,\u00a0<strong>BASCULAS<\/strong>\u00a0PEDIATRICAS,\u00a0<strong>BM334<\/strong><\/p>\n<p><strong>B\u00e1scula<\/strong>\u00a0pedi\u00e1trica electr\u00f3nica port\u00e1til<strong>\u00a0b\u00e1scula<\/strong>\u00a0pedi\u00e1trica electr\u00f3nica port\u00e1til la<strong>\u00a0b\u00e1scula<\/strong>\u00a0seca<strong>\u00a0334<\/strong>\u00a0es f\u00e1cil de transportar y requiere muy poco espacio. esta<strong>\u00a0b\u00e1scula,<\/strong>\u00a0cuenta con una pantalla de lcd de f\u00e1cil lectura. funciona con pilas y facilita la tarea diaria de pesar a beb\u00e9s y ni\u00f1os peque\u00f1os<\/p>\n<p>&nbsp;<\/p>\n","protected":false},"featured_media":15914,"template":"","meta":{"_joinchat":[]},"product_brand":[],"product_cat":[398],"product_tag":[388,399,389],"class_list":{"0":"post-15913","1":"product","2":"type-product","3":"status-publish","4":"has-post-thumbnail","6":"product_cat-basculas-2","7":"product_tag-basculas","8":"product_tag-medicion","9":"product_tag-seca","11":"first","12":"instock","13":"shipping-taxable","14":"product-type-simple"},"yoast_head":"<!-- This site is optimized with the Yoast SEO plugin v25.1 - https:\/\/yoast.com\/wordpress\/plugins\/seo\/ -->\n<title>B\u00e1scula Pedi\u00e1trica Electr\u00f3nica 20Kg Div Tara BMIF Auto-Hold - Tu mejor opci\u00f3n Equipo M\u00e9dico M\u00e9xico<\/title>\n<meta name=\"robots\" content=\"index, follow, max-snippet:-1, max-image-preview:large, max-video-preview:-1\" \/>\n<link rel=\"canonical\" href=\"https:\/\/buscoequipomedico.com\/?product=bascula-pediatrica-electronica-2\" \/>\n<meta property=\"og:locale\" content=\"es_ES\" \/>\n<meta property=\"og:type\" content=\"article\" \/>\n<meta property=\"og:title\" content=\"B\u00e1scula Pedi\u00e1trica Electr\u00f3nica 20Kg Div Tara BMIF Auto-Hold - Tu mejor opci\u00f3n Equipo M\u00e9dico M\u00e9xico\" \/>\n<meta property=\"og:description\" content=\"&nbsp;  BASCULA\u00a0PEDIATRICA ELECTRONICA 20Kg Div TARA BMIF AUTO-HOLD,\u00a0BASCULAS\u00a0PEDIATRICAS,\u00a0BM334  B\u00e1scula\u00a0pedi\u00e1trica electr\u00f3nica port\u00e1til\u00a0b\u00e1scula\u00a0pedi\u00e1trica electr\u00f3nica port\u00e1til la\u00a0b\u00e1scula\u00a0seca\u00a0334\u00a0es f\u00e1cil de transportar y requiere muy poco espacio. esta\u00a0b\u00e1scula,\u00a0cuenta con una pantalla de lcd de f\u00e1cil lectura. funciona con pilas y facilita la tarea diaria de pesar a beb\u00e9s y ni\u00f1os peque\u00f1os  &nbsp;\" \/>\n<meta property=\"og:url\" content=\"https:\/\/buscoequipomedico.com\/?product=bascula-pediatrica-electronica-2\" \/>\n<meta property=\"og:site_name\" content=\"Tu mejor opci\u00f3n Equipo M\u00e9dico M\u00e9xico\" \/>\n<meta property=\"og:image\" content=\"https:\/\/buscoequipomedico.com\/wp-content\/uploads\/2021\/10\/BM334.jpg\" \/>\n\t<meta property=\"og:image:width\" content=\"600\" \/>\n\t<meta property=\"og:image:height\" content=\"600\" \/>\n\t<meta property=\"og:image:type\" content=\"image\/jpeg\" \/>\n<meta name=\"twitter:card\" content=\"summary_large_image\" \/>\n<meta name=\"twitter:label1\" content=\"Tiempo de lectura\" \/>\n\t<meta name=\"twitter:data1\" content=\"2 minutos\" \/>\n<script type=\"application\/ld+json\" class=\"yoast-schema-graph\">{\"@context\":\"https:\/\/schema.org\",\"@graph\":[{\"@type\":\"WebPage\",\"@id\":\"https:\/\/buscoequipomedico.com\/?product=bascula-pediatrica-electronica-2\",\"url\":\"https:\/\/buscoequipomedico.com\/?product=bascula-pediatrica-electronica-2\",\"name\":\"B\u00e1scula Pedi\u00e1trica Electr\u00f3nica 20Kg Div Tara BMIF Auto-Hold - Tu mejor opci\u00f3n Equipo M\u00e9dico M\u00e9xico\",\"isPartOf\":{\"@id\":\"https:\/\/buscoequipomedico.com\/#website\"},\"primaryImageOfPage\":{\"@id\":\"https:\/\/buscoequipomedico.com\/?product=bascula-pediatrica-electronica-2#primaryimage\"},\"image\":{\"@id\":\"https:\/\/buscoequipomedico.com\/?product=bascula-pediatrica-electronica-2#primaryimage\"},\"thumbnailUrl\":\"https:\/\/buscoequipomedico.com\/wp-content\/uploads\/2021\/10\/BM334.jpg\",\"datePublished\":\"2021-10-07T02:18:53+00:00\",\"breadcrumb\":{\"@id\":\"https:\/\/buscoequipomedico.com\/?product=bascula-pediatrica-electronica-2#breadcrumb\"},\"inLanguage\":\"es\",\"potentialAction\":[{\"@type\":\"ReadAction\",\"target\":[\"https:\/\/buscoequipomedico.com\/?product=bascula-pediatrica-electronica-2\"]}]},{\"@type\":\"ImageObject\",\"inLanguage\":\"es\",\"@id\":\"https:\/\/buscoequipomedico.com\/?product=bascula-pediatrica-electronica-2#primaryimage\",\"url\":\"https:\/\/buscoequipomedico.com\/wp-content\/uploads\/2021\/10\/BM334.jpg\",\"contentUrl\":\"https:\/\/buscoequipomedico.com\/wp-content\/uploads\/2021\/10\/BM334.jpg\",\"width\":600,\"height\":600,\"caption\":\"BM334 SECA\"},{\"@type\":\"BreadcrumbList\",\"@id\":\"https:\/\/buscoequipomedico.com\/?product=bascula-pediatrica-electronica-2#breadcrumb\",\"itemListElement\":[{\"@type\":\"ListItem\",\"position\":1,\"name\":\"Productos\",\"item\":\"https:\/\/buscoequipomedico.com\/shop\/\"},{\"@type\":\"ListItem\",\"position\":2,\"name\":\"B\u00e1scula Pedi\u00e1trica Electr\u00f3nica 20Kg Div Tara BMIF Auto-Hold\"}]},{\"@type\":\"WebSite\",\"@id\":\"https:\/\/buscoequipomedico.com\/#website\",\"url\":\"https:\/\/buscoequipomedico.com\/\",\"name\":\"Tu mejor opci\u00f3n Equipo M\u00e9dico M\u00e9xico\",\"description\":\"Tienda de equipo m\u00e9dico\",\"publisher\":{\"@id\":\"https:\/\/buscoequipomedico.com\/#organization\"},\"potentialAction\":[{\"@type\":\"SearchAction\",\"target\":{\"@type\":\"EntryPoint\",\"urlTemplate\":\"https:\/\/buscoequipomedico.com\/?s={search_term_string}\"},\"query-input\":{\"@type\":\"PropertyValueSpecification\",\"valueRequired\":true,\"valueName\":\"search_term_string\"}}],\"inLanguage\":\"es\"},{\"@type\":\"Organization\",\"@id\":\"https:\/\/buscoequipomedico.com\/#organization\",\"name\":\"Tu mejor opci\u00f3n Equipo M\u00e9dico M\u00e9xico\",\"url\":\"https:\/\/buscoequipomedico.com\/\",\"logo\":{\"@type\":\"ImageObject\",\"inLanguage\":\"es\",\"@id\":\"https:\/\/buscoequipomedico.com\/#\/schema\/logo\/image\/\",\"url\":\"https:\/\/buscoequipomedico.com\/wp-content\/uploads\/2021\/07\/EMM-VPrincipal-scaled.jpg\",\"contentUrl\":\"https:\/\/buscoequipomedico.com\/wp-content\/uploads\/2021\/07\/EMM-VPrincipal-scaled.jpg\",\"width\":2560,\"height\":1058,\"caption\":\"Tu mejor opci\u00f3n Equipo M\u00e9dico M\u00e9xico\"},\"image\":{\"@id\":\"https:\/\/buscoequipomedico.com\/#\/schema\/logo\/image\/\"}}]}<\/script>\n<!-- \/ Yoast SEO plugin. -->","yoast_head_json":{"title":"B\u00e1scula Pedi\u00e1trica Electr\u00f3nica 20Kg Div Tara BMIF Auto-Hold - Tu mejor opci\u00f3n Equipo M\u00e9dico M\u00e9xico","robots":{"index":"index","follow":"follow","max-snippet":"max-snippet:-1","max-image-preview":"max-image-preview:large","max-video-preview":"max-video-preview:-1"},"canonical":"https:\/\/buscoequipomedico.com\/?product=bascula-pediatrica-electronica-2","og_locale":"es_ES","og_type":"article","og_title":"B\u00e1scula Pedi\u00e1trica Electr\u00f3nica 20Kg Div Tara BMIF Auto-Hold - Tu mejor opci\u00f3n Equipo M\u00e9dico M\u00e9xico","og_description":"&nbsp;  BASCULA\u00a0PEDIATRICA ELECTRONICA 20Kg Div TARA BMIF AUTO-HOLD,\u00a0BASCULAS\u00a0PEDIATRICAS,\u00a0BM334  B\u00e1scula\u00a0pedi\u00e1trica electr\u00f3nica port\u00e1til\u00a0b\u00e1scula\u00a0pedi\u00e1trica electr\u00f3nica port\u00e1til la\u00a0b\u00e1scula\u00a0seca\u00a0334\u00a0es f\u00e1cil de transportar y requiere muy poco espacio. esta\u00a0b\u00e1scula,\u00a0cuenta con una pantalla de lcd de f\u00e1cil lectura. funciona con pilas y facilita la tarea diaria de pesar a beb\u00e9s y ni\u00f1os peque\u00f1os  &nbsp;","og_url":"https:\/\/buscoequipomedico.com\/?product=bascula-pediatrica-electronica-2","og_site_name":"Tu mejor opci\u00f3n Equipo M\u00e9dico M\u00e9xico","og_image":[{"width":600,"height":600,"url":"https:\/\/buscoequipomedico.com\/wp-content\/uploads\/2021\/10\/BM334.jpg","type":"image\/jpeg"}],"twitter_card":"summary_large_image","twitter_misc":{"Tiempo de lectura":"2 minutos"},"schema":{"@context":"https:\/\/schema.org","@graph":[{"@type":"WebPage","@id":"https:\/\/buscoequipomedico.com\/?product=bascula-pediatrica-electronica-2","url":"https:\/\/buscoequipomedico.com\/?product=bascula-pediatrica-electronica-2","name":"B\u00e1scula Pedi\u00e1trica Electr\u00f3nica 20Kg Div Tara BMIF Auto-Hold - Tu mejor opci\u00f3n Equipo M\u00e9dico M\u00e9xico","isPartOf":{"@id":"https:\/\/buscoequipomedico.com\/#website"},"primaryImageOfPage":{"@id":"https:\/\/buscoequipomedico.com\/?product=bascula-pediatrica-electronica-2#primaryimage"},"image":{"@id":"https:\/\/buscoequipomedico.com\/?product=bascula-pediatrica-electronica-2#primaryimage"},"thumbnailUrl":"https:\/\/buscoequipomedico.com\/wp-content\/uploads\/2021\/10\/BM334.jpg","datePublished":"2021-10-07T02:18:53+00:00","breadcrumb":{"@id":"https:\/\/buscoequipomedico.com\/?product=bascula-pediatrica-electronica-2#breadcrumb"},"inLanguage":"es","potentialAction":[{"@type":"ReadAction","target":["https:\/\/buscoequipomedico.com\/?product=bascula-pediatrica-electronica-2"]}]},{"@type":"ImageObject","inLanguage":"es","@id":"https:\/\/buscoequipomedico.com\/?product=bascula-pediatrica-electronica-2#primaryimage","url":"https:\/\/buscoequipomedico.com\/wp-content\/uploads\/2021\/10\/BM334.jpg","contentUrl":"https:\/\/buscoequipomedico.com\/wp-content\/uploads\/2021\/10\/BM334.jpg","width":600,"height":600,"caption":"BM334 SECA"},{"@type":"BreadcrumbList","@id":"https:\/\/buscoequipomedico.com\/?product=bascula-pediatrica-electronica-2#breadcrumb","itemListElement":[{"@type":"ListItem","position":1,"name":"Productos","item":"https:\/\/buscoequipomedico.com\/shop\/"},{"@type":"ListItem","position":2,"name":"B\u00e1scula Pedi\u00e1trica Electr\u00f3nica 20Kg Div Tara BMIF Auto-Hold"}]},{"@type":"WebSite","@id":"https:\/\/buscoequipomedico.com\/#website","url":"https:\/\/buscoequipomedico.com\/","name":"Tu mejor opci\u00f3n Equipo M\u00e9dico M\u00e9xico","description":"Tienda de equipo m\u00e9dico","publisher":{"@id":"https:\/\/buscoequipomedico.com\/#organization"},"potentialAction":[{"@type":"SearchAction","target":{"@type":"EntryPoint","urlTemplate":"https:\/\/buscoequipomedico.com\/?s={search_term_string}"},"query-input":{"@type":"PropertyValueSpecification","valueRequired":true,"valueName":"search_term_string"}}],"inLanguage":"es"},{"@type":"Organization","@id":"https:\/\/buscoequipomedico.com\/#organization","name":"Tu mejor opci\u00f3n Equipo M\u00e9dico M\u00e9xico","url":"https:\/\/buscoequipomedico.com\/","logo":{"@type":"ImageObject","inLanguage":"es","@id":"https:\/\/buscoequipomedico.com\/#\/schema\/logo\/image\/","url":"https:\/\/buscoequipomedico.com\/wp-content\/uploads\/2021\/07\/EMM-VPrincipal-scaled.jpg","contentUrl":"https:\/\/buscoequipomedico.com\/wp-content\/uploads\/2021\/07\/EMM-VPrincipal-scaled.jpg","width":2560,"height":1058,"caption":"Tu mejor opci\u00f3n Equipo M\u00e9dico M\u00e9xico"},"image":{"@id":"https:\/\/buscoequipomedico.com\/#\/schema\/logo\/image\/"}}]}},"_links":{"self":[{"href":"https:\/\/buscoequipomedico.com\/index.php?rest_route=\/wp\/v2\/product\/15913","targetHints":{"allow":["GET"]}}],"collection":[{"href":"https:\/\/buscoequipomedico.com\/index.php?rest_route=\/wp\/v2\/product"}],"about":[{"href":"https:\/\/buscoequipomedico.com\/index.php?rest_route=\/wp\/v2\/types\/product"}],"wp:featuredmedia":[{"embeddable":true,"href":"https:\/\/buscoequipomedico.com\/index.php?rest_route=\/wp\/v2\/media\/15914"}],"wp:attachment":[{"href":"https:\/\/buscoequipomedico.com\/index.php?rest_route=%2Fwp%2Fv2%2Fmedia&parent=15913"}],"wp:term":[{"taxonomy":"product_brand","embeddable":true,"href":"https:\/\/buscoequipomedico.com\/index.php?rest_route=%2Fwp%2Fv2%2Fproduct_brand&post=15913"},{"taxonomy":"product_cat","embeddable":true,"href":"https:\/\/buscoequipomedico.com\/index.php?rest_route=%2Fwp%2Fv2%2Fproduct_cat&post=15913"},{"taxonomy":"product_tag","embeddable":true,"href":"https:\/\/buscoequipomedico.com\/index.php?rest_route=%2Fwp%2Fv2%2Fproduct_tag&post=15913"}],"curies":[{"name":"wp","href":"https:\/\/api.w.org\/{rel}","templated":true}]}}