{"id":15915,"date":"2021-10-06T21:28:12","date_gmt":"2021-10-07T02:28:12","guid":{"rendered":"https:\/\/equipomedicomexico-com.preview-domain.com\/?post_type=product&#038;p=15915"},"modified":"2021-10-06T21:28:12","modified_gmt":"2021-10-07T02:28:12","slug":"bascula-pediatrica-electronica-20kg-5g-tecnologia-360-sin-estadimetro","status":"publish","type":"product","link":"https:\/\/buscoequipomedico.com\/?product=bascula-pediatrica-electronica-20kg-5g-tecnologia-360-sin-estadimetro","title":{"rendered":"B\u00e1scula Pedi\u00e1trica Electr\u00f3nica 20Kg 5g Tecnolog\u00eda 360 Sin Estadimetro"},"content":{"rendered":"<p><strong>CARACTER\u00cdSTICAS<\/strong><\/p>\n<p>La amplia bandeja, apropiada tanto para beb\u00e9s como para ni\u00f1os peque\u00f1os con un peso de hasta 20 kg, proporciona el m\u00e1ximo de seguridad contra ca\u00eddas accidentales.<br \/>\nEn el lateral de la b\u00e1scula, ergon\u00f3mico y ligeramente elevado, se encuentra ubicado el panel de mando, claramente dispuesto y orientado de frente al usuario.<br \/>\nLa amplia pantalla LCD facilita una lectura r\u00e1pida y c\u00f3moda del resultado.<br \/>\nUna ventaja adicional de la b\u00e1scula seca 374 reside en la posibilidad de utilizarla en cualquier lugar gracias a su alimentaci\u00f3n por pilas.<br \/>\nLa b\u00e1scula dispone de una plataforma higi\u00e9nica y extremadamente robusta de pl\u00e1stico de gran calidad, la cual se limpia muy f\u00e1cil y r\u00e1pidamente.<\/p>\n<p><strong>ESPECIFICACIONES T\u00c9CNICAS<\/strong><\/p>\n<p>Capacidad: 20 kg.<br \/>\nDivisi\u00f3n: 5 g &lt; 10 kg &gt; 10 g.<br \/>\nDimensiones (AxAxP): 620 x 190 x 358 mm.<br \/>\nDimensiones superficie de pesaje (AxAxP): 615 x 130 x 275 mm.<br \/>\nPeso propio: 3,6 kg. \u2013 Alimentaci\u00f3n: bater\u00edas.<br \/>\nTransmisi\u00f3n de datos: Tecnolog\u00eda inal\u00e1mbrica seca 360\u00b0 wireless. \u2013 Funciones: TARA, BMIF, HOLD, auto-HOLD, conmutaci\u00f3n kg\/lbs, amortiguaci\u00f3n regulable, desconexi\u00f3n autom\u00e1tica.<!--more--><code><\/code><\/p>\n","protected":false},"excerpt":{"rendered":"<p>B\u00e1scula pediatrica electr\u00f3nica de 20 kg. grad. 5g estadimetro con tecnolog\u00eda 360 Cat. SEC-<strong>BM3741321004<\/strong>\u00a0Marca SECA<a href=\"https:\/\/buscoequipomedico.com\/product\/bascula-pediatrica-electronica-2\/\">B\u00e1scula Pedi\u00e1trica Electr\u00f3nica 20Kg Div Tara BMIF Auto-Hold<\/a><\/p>\n","protected":false},"featured_media":15916,"template":"","meta":{"_joinchat":[]},"product_brand":[],"product_cat":[398],"product_tag":[388,399,389],"class_list":{"0":"post-15915","1":"product","2":"type-product","3":"status-publish","4":"has-post-thumbnail","6":"product_cat-basculas-2","7":"product_tag-basculas","8":"product_tag-medicion","9":"product_tag-seca","11":"first","12":"instock","13":"shipping-taxable","14":"product-type-simple"},"yoast_head":"<!-- This site is optimized with the Yoast SEO plugin v25.1 - https:\/\/yoast.com\/wordpress\/plugins\/seo\/ -->\n<title>B\u00e1scula Pedi\u00e1trica Electr\u00f3nica 20Kg 5g Tecnolog\u00eda 360 Sin Estadimetro - Tu mejor opci\u00f3n Equipo M\u00e9dico M\u00e9xico<\/title>\n<meta name=\"robots\" content=\"index, follow, max-snippet:-1, max-image-preview:large, max-video-preview:-1\" \/>\n<link rel=\"canonical\" href=\"https:\/\/buscoequipomedico.com\/?product=bascula-pediatrica-electronica-20kg-5g-tecnologia-360-sin-estadimetro\" \/>\n<meta property=\"og:locale\" content=\"es_ES\" \/>\n<meta property=\"og:type\" content=\"article\" \/>\n<meta property=\"og:title\" content=\"B\u00e1scula Pedi\u00e1trica Electr\u00f3nica 20Kg 5g Tecnolog\u00eda 360 Sin Estadimetro - Tu mejor opci\u00f3n Equipo M\u00e9dico M\u00e9xico\" \/>\n<meta property=\"og:description\" content=\"B\u00e1scula pediatrica electr\u00f3nica de 20 kg. grad. 5g estadimetro con tecnolog\u00eda 360 Cat. SEC-BM3741321004\u00a0Marca SECAB\u00e1scula Pedi\u00e1trica Electr\u00f3nica 20Kg Div Tara BMIF Auto-Hold\" \/>\n<meta property=\"og:url\" content=\"https:\/\/buscoequipomedico.com\/?product=bascula-pediatrica-electronica-20kg-5g-tecnologia-360-sin-estadimetro\" \/>\n<meta property=\"og:site_name\" content=\"Tu mejor opci\u00f3n Equipo M\u00e9dico M\u00e9xico\" \/>\n<meta property=\"og:image\" content=\"https:\/\/buscoequipomedico.com\/wp-content\/uploads\/2021\/10\/BM3741321004.jpg\" \/>\n\t<meta property=\"og:image:width\" content=\"600\" \/>\n\t<meta property=\"og:image:height\" content=\"600\" \/>\n\t<meta property=\"og:image:type\" content=\"image\/jpeg\" \/>\n<meta name=\"twitter:card\" content=\"summary_large_image\" \/>\n<meta name=\"twitter:label1\" content=\"Tiempo de lectura\" \/>\n\t<meta name=\"twitter:data1\" content=\"1 minuto\" \/>\n<script type=\"application\/ld+json\" class=\"yoast-schema-graph\">{\"@context\":\"https:\/\/schema.org\",\"@graph\":[{\"@type\":\"WebPage\",\"@id\":\"https:\/\/buscoequipomedico.com\/?product=bascula-pediatrica-electronica-20kg-5g-tecnologia-360-sin-estadimetro\",\"url\":\"https:\/\/buscoequipomedico.com\/?product=bascula-pediatrica-electronica-20kg-5g-tecnologia-360-sin-estadimetro\",\"name\":\"B\u00e1scula Pedi\u00e1trica Electr\u00f3nica 20Kg 5g Tecnolog\u00eda 360 Sin Estadimetro - Tu mejor opci\u00f3n Equipo M\u00e9dico M\u00e9xico\",\"isPartOf\":{\"@id\":\"https:\/\/buscoequipomedico.com\/#website\"},\"primaryImageOfPage\":{\"@id\":\"https:\/\/buscoequipomedico.com\/?product=bascula-pediatrica-electronica-20kg-5g-tecnologia-360-sin-estadimetro#primaryimage\"},\"image\":{\"@id\":\"https:\/\/buscoequipomedico.com\/?product=bascula-pediatrica-electronica-20kg-5g-tecnologia-360-sin-estadimetro#primaryimage\"},\"thumbnailUrl\":\"https:\/\/buscoequipomedico.com\/wp-content\/uploads\/2021\/10\/BM3741321004.jpg\",\"datePublished\":\"2021-10-07T02:28:12+00:00\",\"breadcrumb\":{\"@id\":\"https:\/\/buscoequipomedico.com\/?product=bascula-pediatrica-electronica-20kg-5g-tecnologia-360-sin-estadimetro#breadcrumb\"},\"inLanguage\":\"es\",\"potentialAction\":[{\"@type\":\"ReadAction\",\"target\":[\"https:\/\/buscoequipomedico.com\/?product=bascula-pediatrica-electronica-20kg-5g-tecnologia-360-sin-estadimetro\"]}]},{\"@type\":\"ImageObject\",\"inLanguage\":\"es\",\"@id\":\"https:\/\/buscoequipomedico.com\/?product=bascula-pediatrica-electronica-20kg-5g-tecnologia-360-sin-estadimetro#primaryimage\",\"url\":\"https:\/\/buscoequipomedico.com\/wp-content\/uploads\/2021\/10\/BM3741321004.jpg\",\"contentUrl\":\"https:\/\/buscoequipomedico.com\/wp-content\/uploads\/2021\/10\/BM3741321004.jpg\",\"width\":600,\"height\":600,\"caption\":\"BM3741321004 BASCULA\"},{\"@type\":\"BreadcrumbList\",\"@id\":\"https:\/\/buscoequipomedico.com\/?product=bascula-pediatrica-electronica-20kg-5g-tecnologia-360-sin-estadimetro#breadcrumb\",\"itemListElement\":[{\"@type\":\"ListItem\",\"position\":1,\"name\":\"Productos\",\"item\":\"https:\/\/buscoequipomedico.com\/shop\/\"},{\"@type\":\"ListItem\",\"position\":2,\"name\":\"B\u00e1scula Pedi\u00e1trica Electr\u00f3nica 20Kg 5g Tecnolog\u00eda 360 Sin Estadimetro\"}]},{\"@type\":\"WebSite\",\"@id\":\"https:\/\/buscoequipomedico.com\/#website\",\"url\":\"https:\/\/buscoequipomedico.com\/\",\"name\":\"Tu mejor opci\u00f3n Equipo M\u00e9dico M\u00e9xico\",\"description\":\"Tienda de equipo m\u00e9dico\",\"publisher\":{\"@id\":\"https:\/\/buscoequipomedico.com\/#organization\"},\"potentialAction\":[{\"@type\":\"SearchAction\",\"target\":{\"@type\":\"EntryPoint\",\"urlTemplate\":\"https:\/\/buscoequipomedico.com\/?s={search_term_string}\"},\"query-input\":{\"@type\":\"PropertyValueSpecification\",\"valueRequired\":true,\"valueName\":\"search_term_string\"}}],\"inLanguage\":\"es\"},{\"@type\":\"Organization\",\"@id\":\"https:\/\/buscoequipomedico.com\/#organization\",\"name\":\"Tu mejor opci\u00f3n Equipo M\u00e9dico M\u00e9xico\",\"url\":\"https:\/\/buscoequipomedico.com\/\",\"logo\":{\"@type\":\"ImageObject\",\"inLanguage\":\"es\",\"@id\":\"https:\/\/buscoequipomedico.com\/#\/schema\/logo\/image\/\",\"url\":\"https:\/\/buscoequipomedico.com\/wp-content\/uploads\/2021\/07\/EMM-VPrincipal-scaled.jpg\",\"contentUrl\":\"https:\/\/buscoequipomedico.com\/wp-content\/uploads\/2021\/07\/EMM-VPrincipal-scaled.jpg\",\"width\":2560,\"height\":1058,\"caption\":\"Tu mejor opci\u00f3n Equipo M\u00e9dico M\u00e9xico\"},\"image\":{\"@id\":\"https:\/\/buscoequipomedico.com\/#\/schema\/logo\/image\/\"}}]}<\/script>\n<!-- \/ Yoast SEO plugin. -->","yoast_head_json":{"title":"B\u00e1scula Pedi\u00e1trica Electr\u00f3nica 20Kg 5g Tecnolog\u00eda 360 Sin Estadimetro - Tu mejor opci\u00f3n Equipo M\u00e9dico M\u00e9xico","robots":{"index":"index","follow":"follow","max-snippet":"max-snippet:-1","max-image-preview":"max-image-preview:large","max-video-preview":"max-video-preview:-1"},"canonical":"https:\/\/buscoequipomedico.com\/?product=bascula-pediatrica-electronica-20kg-5g-tecnologia-360-sin-estadimetro","og_locale":"es_ES","og_type":"article","og_title":"B\u00e1scula Pedi\u00e1trica Electr\u00f3nica 20Kg 5g Tecnolog\u00eda 360 Sin Estadimetro - Tu mejor opci\u00f3n Equipo M\u00e9dico M\u00e9xico","og_description":"B\u00e1scula pediatrica electr\u00f3nica de 20 kg. grad. 5g estadimetro con tecnolog\u00eda 360 Cat. SEC-BM3741321004\u00a0Marca SECAB\u00e1scula Pedi\u00e1trica Electr\u00f3nica 20Kg Div Tara BMIF Auto-Hold","og_url":"https:\/\/buscoequipomedico.com\/?product=bascula-pediatrica-electronica-20kg-5g-tecnologia-360-sin-estadimetro","og_site_name":"Tu mejor opci\u00f3n Equipo M\u00e9dico M\u00e9xico","og_image":[{"width":600,"height":600,"url":"https:\/\/buscoequipomedico.com\/wp-content\/uploads\/2021\/10\/BM3741321004.jpg","type":"image\/jpeg"}],"twitter_card":"summary_large_image","twitter_misc":{"Tiempo de lectura":"1 minuto"},"schema":{"@context":"https:\/\/schema.org","@graph":[{"@type":"WebPage","@id":"https:\/\/buscoequipomedico.com\/?product=bascula-pediatrica-electronica-20kg-5g-tecnologia-360-sin-estadimetro","url":"https:\/\/buscoequipomedico.com\/?product=bascula-pediatrica-electronica-20kg-5g-tecnologia-360-sin-estadimetro","name":"B\u00e1scula Pedi\u00e1trica Electr\u00f3nica 20Kg 5g Tecnolog\u00eda 360 Sin Estadimetro - Tu mejor opci\u00f3n Equipo M\u00e9dico M\u00e9xico","isPartOf":{"@id":"https:\/\/buscoequipomedico.com\/#website"},"primaryImageOfPage":{"@id":"https:\/\/buscoequipomedico.com\/?product=bascula-pediatrica-electronica-20kg-5g-tecnologia-360-sin-estadimetro#primaryimage"},"image":{"@id":"https:\/\/buscoequipomedico.com\/?product=bascula-pediatrica-electronica-20kg-5g-tecnologia-360-sin-estadimetro#primaryimage"},"thumbnailUrl":"https:\/\/buscoequipomedico.com\/wp-content\/uploads\/2021\/10\/BM3741321004.jpg","datePublished":"2021-10-07T02:28:12+00:00","breadcrumb":{"@id":"https:\/\/buscoequipomedico.com\/?product=bascula-pediatrica-electronica-20kg-5g-tecnologia-360-sin-estadimetro#breadcrumb"},"inLanguage":"es","potentialAction":[{"@type":"ReadAction","target":["https:\/\/buscoequipomedico.com\/?product=bascula-pediatrica-electronica-20kg-5g-tecnologia-360-sin-estadimetro"]}]},{"@type":"ImageObject","inLanguage":"es","@id":"https:\/\/buscoequipomedico.com\/?product=bascula-pediatrica-electronica-20kg-5g-tecnologia-360-sin-estadimetro#primaryimage","url":"https:\/\/buscoequipomedico.com\/wp-content\/uploads\/2021\/10\/BM3741321004.jpg","contentUrl":"https:\/\/buscoequipomedico.com\/wp-content\/uploads\/2021\/10\/BM3741321004.jpg","width":600,"height":600,"caption":"BM3741321004 BASCULA"},{"@type":"BreadcrumbList","@id":"https:\/\/buscoequipomedico.com\/?product=bascula-pediatrica-electronica-20kg-5g-tecnologia-360-sin-estadimetro#breadcrumb","itemListElement":[{"@type":"ListItem","position":1,"name":"Productos","item":"https:\/\/buscoequipomedico.com\/shop\/"},{"@type":"ListItem","position":2,"name":"B\u00e1scula Pedi\u00e1trica Electr\u00f3nica 20Kg 5g Tecnolog\u00eda 360 Sin Estadimetro"}]},{"@type":"WebSite","@id":"https:\/\/buscoequipomedico.com\/#website","url":"https:\/\/buscoequipomedico.com\/","name":"Tu mejor opci\u00f3n Equipo M\u00e9dico M\u00e9xico","description":"Tienda de equipo m\u00e9dico","publisher":{"@id":"https:\/\/buscoequipomedico.com\/#organization"},"potentialAction":[{"@type":"SearchAction","target":{"@type":"EntryPoint","urlTemplate":"https:\/\/buscoequipomedico.com\/?s={search_term_string}"},"query-input":{"@type":"PropertyValueSpecification","valueRequired":true,"valueName":"search_term_string"}}],"inLanguage":"es"},{"@type":"Organization","@id":"https:\/\/buscoequipomedico.com\/#organization","name":"Tu mejor opci\u00f3n Equipo M\u00e9dico M\u00e9xico","url":"https:\/\/buscoequipomedico.com\/","logo":{"@type":"ImageObject","inLanguage":"es","@id":"https:\/\/buscoequipomedico.com\/#\/schema\/logo\/image\/","url":"https:\/\/buscoequipomedico.com\/wp-content\/uploads\/2021\/07\/EMM-VPrincipal-scaled.jpg","contentUrl":"https:\/\/buscoequipomedico.com\/wp-content\/uploads\/2021\/07\/EMM-VPrincipal-scaled.jpg","width":2560,"height":1058,"caption":"Tu mejor opci\u00f3n Equipo M\u00e9dico M\u00e9xico"},"image":{"@id":"https:\/\/buscoequipomedico.com\/#\/schema\/logo\/image\/"}}]}},"_links":{"self":[{"href":"https:\/\/buscoequipomedico.com\/index.php?rest_route=\/wp\/v2\/product\/15915","targetHints":{"allow":["GET"]}}],"collection":[{"href":"https:\/\/buscoequipomedico.com\/index.php?rest_route=\/wp\/v2\/product"}],"about":[{"href":"https:\/\/buscoequipomedico.com\/index.php?rest_route=\/wp\/v2\/types\/product"}],"wp:featuredmedia":[{"embeddable":true,"href":"https:\/\/buscoequipomedico.com\/index.php?rest_route=\/wp\/v2\/media\/15916"}],"wp:attachment":[{"href":"https:\/\/buscoequipomedico.com\/index.php?rest_route=%2Fwp%2Fv2%2Fmedia&parent=15915"}],"wp:term":[{"taxonomy":"product_brand","embeddable":true,"href":"https:\/\/buscoequipomedico.com\/index.php?rest_route=%2Fwp%2Fv2%2Fproduct_brand&post=15915"},{"taxonomy":"product_cat","embeddable":true,"href":"https:\/\/buscoequipomedico.com\/index.php?rest_route=%2Fwp%2Fv2%2Fproduct_cat&post=15915"},{"taxonomy":"product_tag","embeddable":true,"href":"https:\/\/buscoequipomedico.com\/index.php?rest_route=%2Fwp%2Fv2%2Fproduct_tag&post=15915"}],"curies":[{"name":"wp","href":"https:\/\/api.w.org\/{rel}","templated":true}]}}