{"id":15917,"date":"2021-10-06T21:35:06","date_gmt":"2021-10-07T02:35:06","guid":{"rendered":"https:\/\/equipomedicomexico-com.preview-domain.com\/?post_type=product&#038;p=15917"},"modified":"2021-10-06T21:35:07","modified_gmt":"2021-10-07T02:35:07","slug":"bascula-pediatrica-electronica-20kg-div-2g-tara-auto-hold-interfaz","status":"publish","type":"product","link":"https:\/\/buscoequipomedico.com\/?product=bascula-pediatrica-electronica-20kg-div-2g-tara-auto-hold-interfaz","title":{"rendered":"B\u00e1scula Pedi\u00e1trica Electr\u00f3nica 20Kg Div 2g Tara Auto-Hold Interfaz"},"content":{"rendered":"<p>CARACTER\u00cdSTICAS<\/p>\n<p>Los laterales de la bandeja ergon\u00f3mica son altos y redondeados, lo que permite pesar a beb\u00e9s de tama\u00f1o mayor.<br \/>\nSu nueva pantalla LCD retroiluminada garantiza una c\u00f3moda lectura de los d\u00edgitos incluso en salas con luz tenue.<br \/>\nEl suministro de energ\u00eda puede obtenerse por bater\u00eda o mediante conexi\u00f3n a la red el\u00e9ctrica.<br \/>\nTodo ello preparado para el futuro e integrable en SGP, gracias a seca 360\u00b0 wireless.<br \/>\nLa amortiguaci\u00f3n de movimiento asegura la precisi\u00f3n del pesaje.<br \/>\nLos beb\u00e9s suelen ser un poco inquietos; y si lo est\u00e1n sobre una b\u00e1scula seca 727, esto no presenta inconveniente alguno.<br \/>\nIndependientemente de si su peso est\u00e1 centrado o no sobre la b\u00e1scula, o si el beb\u00e9 se mantiene tranquilo, se mueve un poco o est\u00e1 muy agitado, la alta sensibilidad de la tecnolog\u00eda de pesaje y la funci\u00f3n de amortiguaci\u00f3n compensan todas estas irregularidades.<br \/>\nEl resultado ser\u00e1 tan preciso como el que se logra con un beb\u00e9 completamente quieto.<br \/>\nPara el personal sanitario es una ventaja decisiva, ya que le permite concentrarse plenamente en la tarea de pesaje.<br \/>\nLa artesa proporciona una gran seguridad.<br \/>\nEl beb\u00e9 se siente contenido y resguardado en la artesa de generosas dimensiones que, realizada en un material pl\u00e1stico muy especial, asimila r\u00e1pidamente el calor del cuerpo humano proporcionando una agradable sensaci\u00f3n de calidez y confort.<br \/>\nAdem\u00e1s, es tan amplia que incluso permite pesar en posici\u00f3n sentada a ni\u00f1os peque\u00f1os, de hasta 20 kilogramos.<br \/>\nLos resultados de medici\u00f3n, indicados con d\u00edgitos LED fuertemente iluminados, se pueden retener c\u00f3modamente con Auto HOLD; esta funci\u00f3n permite atender al beb\u00e9 antes de leer el resultado de pesaje. Con toda tranquilidad.<br \/>\nLa interfaz garantiza la transmisi\u00f3n segura de los datos a un PC.<br \/>\nLa interfaz RS232, la conexi\u00f3n m\u00e1s usada en el mundo inform\u00e1tico, es la herramienta de intercambio de datos entre la b\u00e1scula y el PC.<br \/>\nEst\u00e1ndar absoluto y universal, evita complicados procedimientos de adaptaci\u00f3n o compatibilizaci\u00f3n.<br \/>\nElementos opcionales: cable seca 451 para una conexi\u00f3n eficaz con la interfaz y malet\u00edn seca 425 con ruedas que facilitan el transporte; hecha a medida de la b\u00e1scula seca 727, pero tambi\u00e9n de otras pesabeb\u00e9s como seca 717 y seca 745.<\/p>\n<p>ESPECIFICACIONES T\u00c9CNICAS<\/p>\n<p>Capacidad: 20 kg \/ 44 lbs<br \/>\nDivisi\u00f3n: 2 g < 10 kg > 5 g 0,1 oz < 22 lbs > 0,2 oz<br \/>\nDimensiones (AxAxP): 551 x 151 x 320 mm \/ 21,7 x 5,9 x 12,6\u2033<br \/>\nPeso: 7,1 kg \/ 15,7 lbs<br \/>\nAlimentaci\u00f3n: Red el\u00e9ctrica\/Pilas<br \/>\nFunciones: Desconexi\u00f3n autom\u00e1tica, TARA, auto-HOLD, cambio de unidad de medida de peso, conmutaci\u00f3n kg\/lbs, interfaz RS232<\/p>\n","protected":false},"excerpt":{"rendered":"<p>BASCULA PEDIATRICA ELECTRONICA\u00a0 BM727 20 kg Div 2 gr TARA AUTO-HOLD INTERFAZ. SECA 727. Sistema Especial integrado de amortiguaci\u00f3n de movimiento.<\/p>\n","protected":false},"featured_media":15918,"template":"","meta":{"_joinchat":[]},"product_brand":[],"product_cat":[398],"product_tag":[388,399,389],"class_list":{"0":"post-15917","1":"product","2":"type-product","3":"status-publish","4":"has-post-thumbnail","6":"product_cat-basculas-2","7":"product_tag-basculas","8":"product_tag-medicion","9":"product_tag-seca","11":"first","12":"instock","13":"shipping-taxable","14":"product-type-simple"},"yoast_head":"<!-- This site is optimized with the Yoast SEO plugin v25.1 - https:\/\/yoast.com\/wordpress\/plugins\/seo\/ -->\n<title>B\u00e1scula Pedi\u00e1trica Electr\u00f3nica 20Kg Div 2g Tara Auto-Hold Interfaz - Tu mejor opci\u00f3n Equipo M\u00e9dico M\u00e9xico<\/title>\n<meta name=\"robots\" content=\"index, follow, max-snippet:-1, max-image-preview:large, max-video-preview:-1\" \/>\n<link rel=\"canonical\" href=\"https:\/\/buscoequipomedico.com\/?product=bascula-pediatrica-electronica-20kg-div-2g-tara-auto-hold-interfaz\" \/>\n<meta property=\"og:locale\" content=\"es_ES\" \/>\n<meta property=\"og:type\" content=\"article\" \/>\n<meta property=\"og:title\" content=\"B\u00e1scula Pedi\u00e1trica Electr\u00f3nica 20Kg Div 2g Tara Auto-Hold Interfaz - Tu mejor opci\u00f3n Equipo M\u00e9dico M\u00e9xico\" \/>\n<meta property=\"og:description\" content=\"BASCULA PEDIATRICA ELECTRONICA\u00a0 BM727 20 kg Div 2 gr TARA AUTO-HOLD INTERFAZ. SECA 727. Sistema Especial integrado de amortiguaci\u00f3n de movimiento.\" \/>\n<meta property=\"og:url\" content=\"https:\/\/buscoequipomedico.com\/?product=bascula-pediatrica-electronica-20kg-div-2g-tara-auto-hold-interfaz\" \/>\n<meta property=\"og:site_name\" content=\"Tu mejor opci\u00f3n Equipo M\u00e9dico M\u00e9xico\" \/>\n<meta property=\"article:modified_time\" content=\"2021-10-07T02:35:07+00:00\" \/>\n<meta property=\"og:image\" content=\"https:\/\/buscoequipomedico.com\/wp-content\/uploads\/2021\/10\/BM727.jpg\" \/>\n\t<meta property=\"og:image:width\" content=\"600\" \/>\n\t<meta property=\"og:image:height\" content=\"600\" \/>\n\t<meta property=\"og:image:type\" content=\"image\/jpeg\" \/>\n<meta name=\"twitter:card\" content=\"summary_large_image\" \/>\n<meta name=\"twitter:label1\" content=\"Tiempo de lectura\" \/>\n\t<meta name=\"twitter:data1\" content=\"2 minutos\" \/>\n<script type=\"application\/ld+json\" class=\"yoast-schema-graph\">{\"@context\":\"https:\/\/schema.org\",\"@graph\":[{\"@type\":\"WebPage\",\"@id\":\"https:\/\/buscoequipomedico.com\/?product=bascula-pediatrica-electronica-20kg-div-2g-tara-auto-hold-interfaz\",\"url\":\"https:\/\/buscoequipomedico.com\/?product=bascula-pediatrica-electronica-20kg-div-2g-tara-auto-hold-interfaz\",\"name\":\"B\u00e1scula Pedi\u00e1trica Electr\u00f3nica 20Kg Div 2g Tara Auto-Hold Interfaz - Tu mejor opci\u00f3n Equipo M\u00e9dico M\u00e9xico\",\"isPartOf\":{\"@id\":\"https:\/\/buscoequipomedico.com\/#website\"},\"primaryImageOfPage\":{\"@id\":\"https:\/\/buscoequipomedico.com\/?product=bascula-pediatrica-electronica-20kg-div-2g-tara-auto-hold-interfaz#primaryimage\"},\"image\":{\"@id\":\"https:\/\/buscoequipomedico.com\/?product=bascula-pediatrica-electronica-20kg-div-2g-tara-auto-hold-interfaz#primaryimage\"},\"thumbnailUrl\":\"https:\/\/buscoequipomedico.com\/wp-content\/uploads\/2021\/10\/BM727.jpg\",\"datePublished\":\"2021-10-07T02:35:06+00:00\",\"dateModified\":\"2021-10-07T02:35:07+00:00\",\"breadcrumb\":{\"@id\":\"https:\/\/buscoequipomedico.com\/?product=bascula-pediatrica-electronica-20kg-div-2g-tara-auto-hold-interfaz#breadcrumb\"},\"inLanguage\":\"es\",\"potentialAction\":[{\"@type\":\"ReadAction\",\"target\":[\"https:\/\/buscoequipomedico.com\/?product=bascula-pediatrica-electronica-20kg-div-2g-tara-auto-hold-interfaz\"]}]},{\"@type\":\"ImageObject\",\"inLanguage\":\"es\",\"@id\":\"https:\/\/buscoequipomedico.com\/?product=bascula-pediatrica-electronica-20kg-div-2g-tara-auto-hold-interfaz#primaryimage\",\"url\":\"https:\/\/buscoequipomedico.com\/wp-content\/uploads\/2021\/10\/BM727.jpg\",\"contentUrl\":\"https:\/\/buscoequipomedico.com\/wp-content\/uploads\/2021\/10\/BM727.jpg\",\"width\":600,\"height\":600,\"caption\":\"BASCULA BM727\"},{\"@type\":\"BreadcrumbList\",\"@id\":\"https:\/\/buscoequipomedico.com\/?product=bascula-pediatrica-electronica-20kg-div-2g-tara-auto-hold-interfaz#breadcrumb\",\"itemListElement\":[{\"@type\":\"ListItem\",\"position\":1,\"name\":\"Productos\",\"item\":\"https:\/\/buscoequipomedico.com\/shop\/\"},{\"@type\":\"ListItem\",\"position\":2,\"name\":\"B\u00e1scula Pedi\u00e1trica Electr\u00f3nica 20Kg Div 2g Tara Auto-Hold Interfaz\"}]},{\"@type\":\"WebSite\",\"@id\":\"https:\/\/buscoequipomedico.com\/#website\",\"url\":\"https:\/\/buscoequipomedico.com\/\",\"name\":\"Tu mejor opci\u00f3n Equipo M\u00e9dico M\u00e9xico\",\"description\":\"Tienda de equipo m\u00e9dico\",\"publisher\":{\"@id\":\"https:\/\/buscoequipomedico.com\/#organization\"},\"potentialAction\":[{\"@type\":\"SearchAction\",\"target\":{\"@type\":\"EntryPoint\",\"urlTemplate\":\"https:\/\/buscoequipomedico.com\/?s={search_term_string}\"},\"query-input\":{\"@type\":\"PropertyValueSpecification\",\"valueRequired\":true,\"valueName\":\"search_term_string\"}}],\"inLanguage\":\"es\"},{\"@type\":\"Organization\",\"@id\":\"https:\/\/buscoequipomedico.com\/#organization\",\"name\":\"Tu mejor opci\u00f3n Equipo M\u00e9dico M\u00e9xico\",\"url\":\"https:\/\/buscoequipomedico.com\/\",\"logo\":{\"@type\":\"ImageObject\",\"inLanguage\":\"es\",\"@id\":\"https:\/\/buscoequipomedico.com\/#\/schema\/logo\/image\/\",\"url\":\"https:\/\/buscoequipomedico.com\/wp-content\/uploads\/2021\/07\/EMM-VPrincipal-scaled.jpg\",\"contentUrl\":\"https:\/\/buscoequipomedico.com\/wp-content\/uploads\/2021\/07\/EMM-VPrincipal-scaled.jpg\",\"width\":2560,\"height\":1058,\"caption\":\"Tu mejor opci\u00f3n Equipo M\u00e9dico M\u00e9xico\"},\"image\":{\"@id\":\"https:\/\/buscoequipomedico.com\/#\/schema\/logo\/image\/\"}}]}<\/script>\n<!-- \/ Yoast SEO plugin. -->","yoast_head_json":{"title":"B\u00e1scula Pedi\u00e1trica Electr\u00f3nica 20Kg Div 2g Tara Auto-Hold Interfaz - Tu mejor opci\u00f3n Equipo M\u00e9dico M\u00e9xico","robots":{"index":"index","follow":"follow","max-snippet":"max-snippet:-1","max-image-preview":"max-image-preview:large","max-video-preview":"max-video-preview:-1"},"canonical":"https:\/\/buscoequipomedico.com\/?product=bascula-pediatrica-electronica-20kg-div-2g-tara-auto-hold-interfaz","og_locale":"es_ES","og_type":"article","og_title":"B\u00e1scula Pedi\u00e1trica Electr\u00f3nica 20Kg Div 2g Tara Auto-Hold Interfaz - Tu mejor opci\u00f3n Equipo M\u00e9dico M\u00e9xico","og_description":"BASCULA PEDIATRICA ELECTRONICA\u00a0 BM727 20 kg Div 2 gr TARA AUTO-HOLD INTERFAZ. SECA 727. Sistema Especial integrado de amortiguaci\u00f3n de movimiento.","og_url":"https:\/\/buscoequipomedico.com\/?product=bascula-pediatrica-electronica-20kg-div-2g-tara-auto-hold-interfaz","og_site_name":"Tu mejor opci\u00f3n Equipo M\u00e9dico M\u00e9xico","article_modified_time":"2021-10-07T02:35:07+00:00","og_image":[{"width":600,"height":600,"url":"https:\/\/buscoequipomedico.com\/wp-content\/uploads\/2021\/10\/BM727.jpg","type":"image\/jpeg"}],"twitter_card":"summary_large_image","twitter_misc":{"Tiempo de lectura":"2 minutos"},"schema":{"@context":"https:\/\/schema.org","@graph":[{"@type":"WebPage","@id":"https:\/\/buscoequipomedico.com\/?product=bascula-pediatrica-electronica-20kg-div-2g-tara-auto-hold-interfaz","url":"https:\/\/buscoequipomedico.com\/?product=bascula-pediatrica-electronica-20kg-div-2g-tara-auto-hold-interfaz","name":"B\u00e1scula Pedi\u00e1trica Electr\u00f3nica 20Kg Div 2g Tara Auto-Hold Interfaz - Tu mejor opci\u00f3n Equipo M\u00e9dico M\u00e9xico","isPartOf":{"@id":"https:\/\/buscoequipomedico.com\/#website"},"primaryImageOfPage":{"@id":"https:\/\/buscoequipomedico.com\/?product=bascula-pediatrica-electronica-20kg-div-2g-tara-auto-hold-interfaz#primaryimage"},"image":{"@id":"https:\/\/buscoequipomedico.com\/?product=bascula-pediatrica-electronica-20kg-div-2g-tara-auto-hold-interfaz#primaryimage"},"thumbnailUrl":"https:\/\/buscoequipomedico.com\/wp-content\/uploads\/2021\/10\/BM727.jpg","datePublished":"2021-10-07T02:35:06+00:00","dateModified":"2021-10-07T02:35:07+00:00","breadcrumb":{"@id":"https:\/\/buscoequipomedico.com\/?product=bascula-pediatrica-electronica-20kg-div-2g-tara-auto-hold-interfaz#breadcrumb"},"inLanguage":"es","potentialAction":[{"@type":"ReadAction","target":["https:\/\/buscoequipomedico.com\/?product=bascula-pediatrica-electronica-20kg-div-2g-tara-auto-hold-interfaz"]}]},{"@type":"ImageObject","inLanguage":"es","@id":"https:\/\/buscoequipomedico.com\/?product=bascula-pediatrica-electronica-20kg-div-2g-tara-auto-hold-interfaz#primaryimage","url":"https:\/\/buscoequipomedico.com\/wp-content\/uploads\/2021\/10\/BM727.jpg","contentUrl":"https:\/\/buscoequipomedico.com\/wp-content\/uploads\/2021\/10\/BM727.jpg","width":600,"height":600,"caption":"BASCULA BM727"},{"@type":"BreadcrumbList","@id":"https:\/\/buscoequipomedico.com\/?product=bascula-pediatrica-electronica-20kg-div-2g-tara-auto-hold-interfaz#breadcrumb","itemListElement":[{"@type":"ListItem","position":1,"name":"Productos","item":"https:\/\/buscoequipomedico.com\/shop\/"},{"@type":"ListItem","position":2,"name":"B\u00e1scula Pedi\u00e1trica Electr\u00f3nica 20Kg Div 2g Tara Auto-Hold Interfaz"}]},{"@type":"WebSite","@id":"https:\/\/buscoequipomedico.com\/#website","url":"https:\/\/buscoequipomedico.com\/","name":"Tu mejor opci\u00f3n Equipo M\u00e9dico M\u00e9xico","description":"Tienda de equipo m\u00e9dico","publisher":{"@id":"https:\/\/buscoequipomedico.com\/#organization"},"potentialAction":[{"@type":"SearchAction","target":{"@type":"EntryPoint","urlTemplate":"https:\/\/buscoequipomedico.com\/?s={search_term_string}"},"query-input":{"@type":"PropertyValueSpecification","valueRequired":true,"valueName":"search_term_string"}}],"inLanguage":"es"},{"@type":"Organization","@id":"https:\/\/buscoequipomedico.com\/#organization","name":"Tu mejor opci\u00f3n Equipo M\u00e9dico M\u00e9xico","url":"https:\/\/buscoequipomedico.com\/","logo":{"@type":"ImageObject","inLanguage":"es","@id":"https:\/\/buscoequipomedico.com\/#\/schema\/logo\/image\/","url":"https:\/\/buscoequipomedico.com\/wp-content\/uploads\/2021\/07\/EMM-VPrincipal-scaled.jpg","contentUrl":"https:\/\/buscoequipomedico.com\/wp-content\/uploads\/2021\/07\/EMM-VPrincipal-scaled.jpg","width":2560,"height":1058,"caption":"Tu mejor opci\u00f3n Equipo M\u00e9dico M\u00e9xico"},"image":{"@id":"https:\/\/buscoequipomedico.com\/#\/schema\/logo\/image\/"}}]}},"_links":{"self":[{"href":"https:\/\/buscoequipomedico.com\/index.php?rest_route=\/wp\/v2\/product\/15917","targetHints":{"allow":["GET"]}}],"collection":[{"href":"https:\/\/buscoequipomedico.com\/index.php?rest_route=\/wp\/v2\/product"}],"about":[{"href":"https:\/\/buscoequipomedico.com\/index.php?rest_route=\/wp\/v2\/types\/product"}],"wp:featuredmedia":[{"embeddable":true,"href":"https:\/\/buscoequipomedico.com\/index.php?rest_route=\/wp\/v2\/media\/15918"}],"wp:attachment":[{"href":"https:\/\/buscoequipomedico.com\/index.php?rest_route=%2Fwp%2Fv2%2Fmedia&parent=15917"}],"wp:term":[{"taxonomy":"product_brand","embeddable":true,"href":"https:\/\/buscoequipomedico.com\/index.php?rest_route=%2Fwp%2Fv2%2Fproduct_brand&post=15917"},{"taxonomy":"product_cat","embeddable":true,"href":"https:\/\/buscoequipomedico.com\/index.php?rest_route=%2Fwp%2Fv2%2Fproduct_cat&post=15917"},{"taxonomy":"product_tag","embeddable":true,"href":"https:\/\/buscoequipomedico.com\/index.php?rest_route=%2Fwp%2Fv2%2Fproduct_tag&post=15917"}],"curies":[{"name":"wp","href":"https:\/\/api.w.org\/{rel}","templated":true}]}}