{"id":15921,"date":"2021-10-06T21:45:15","date_gmt":"2021-10-07T02:45:15","guid":{"rendered":"https:\/\/equipomedicomexico-com.preview-domain.com\/?post_type=product&#038;p=15921"},"modified":"2021-10-06T21:45:15","modified_gmt":"2021-10-07T02:45:15","slug":"bascula-mecanica-piso-150kg-div-1kg-blanca","status":"publish","type":"product","link":"https:\/\/buscoequipomedico.com\/?product=bascula-mecanica-piso-150kg-div-1kg-blanca","title":{"rendered":"B\u00e1scula Mec\u00e1nica Piso 150Kg Div 1Kg Blanca"},"content":{"rendered":"<p><strong>CARACTER\u00cdSTICAS<\/strong><\/p>\n<p>Esta b\u00e1scula causa una gran impresi\u00f3n en gimnasios y centros salud debido a su claro y puro dise\u00f1o.<br \/>\nPosee un armaz\u00f3n de acero con barnizado cubierto en polvo, escala circular y recubrimiento de f\u00e1cil limpieza.<\/p>\n<p><strong>ESPECIFICACIONES T\u00c9CNICAS<\/strong><\/p>\n<p>Capacidad: 150 kg, 330 lbs<br \/>\nDivisi\u00f3n: 1 kg, 1 lbs, 1kg \/ 1lbs, 1kg \/ 1 lbs<br \/>\nPeso: 3,5 kg , 7,7 lbs<br \/>\nDimensiones ( axaxp): 317 x 117 x 477 mm , 12,5 x 4,6 x 18,8 inch<br \/>\nFunciones: funci\u00f3n de ajuste a cero, protecci\u00f3n de transporte<\/p>\n","protected":false},"excerpt":{"rendered":"<p><strong>BASCULA MECANICA<\/strong>\u00a0DE PISO 150 KG DIV 1 KG BLANCA CON TAPETE BLANCO Bonita y robusta: esta b\u00e1scula causa una gran impresi\u00f3n en gimnasios y centros salud debido a su claro y puro dise\u00f1o. Posee un armaz\u00f3n de acero con barnizado cubierto en polvo, escala circular y recubrimiento de f\u00e1cil limpieza<\/p>\n","protected":false},"featured_media":15922,"template":"","meta":{"_joinchat":[]},"product_brand":[],"product_cat":[398],"product_tag":[388,399,389],"class_list":{"0":"post-15921","1":"product","2":"type-product","3":"status-publish","4":"has-post-thumbnail","6":"product_cat-basculas-2","7":"product_tag-basculas","8":"product_tag-medicion","9":"product_tag-seca","11":"first","12":"instock","13":"shipping-taxable","14":"product-type-simple"},"yoast_head":"<!-- This site is optimized with the Yoast SEO plugin v25.1 - https:\/\/yoast.com\/wordpress\/plugins\/seo\/ -->\n<title>B\u00e1scula Mec\u00e1nica Piso 150Kg Div 1Kg Blanca - Tu mejor opci\u00f3n Equipo M\u00e9dico M\u00e9xico<\/title>\n<meta name=\"robots\" content=\"index, follow, max-snippet:-1, max-image-preview:large, max-video-preview:-1\" \/>\n<link rel=\"canonical\" href=\"https:\/\/buscoequipomedico.com\/?product=bascula-mecanica-piso-150kg-div-1kg-blanca\" \/>\n<meta property=\"og:locale\" content=\"es_ES\" \/>\n<meta property=\"og:type\" content=\"article\" \/>\n<meta property=\"og:title\" content=\"B\u00e1scula Mec\u00e1nica Piso 150Kg Div 1Kg Blanca - Tu mejor opci\u00f3n Equipo M\u00e9dico M\u00e9xico\" \/>\n<meta property=\"og:description\" content=\"BASCULA MECANICA\u00a0DE PISO 150 KG DIV 1 KG BLANCA CON TAPETE BLANCO Bonita y robusta: esta b\u00e1scula causa una gran impresi\u00f3n en gimnasios y centros salud debido a su claro y puro dise\u00f1o. Posee un armaz\u00f3n de acero con barnizado cubierto en polvo, escala circular y recubrimiento de f\u00e1cil limpieza\" \/>\n<meta property=\"og:url\" content=\"https:\/\/buscoequipomedico.com\/?product=bascula-mecanica-piso-150kg-div-1kg-blanca\" \/>\n<meta property=\"og:site_name\" content=\"Tu mejor opci\u00f3n Equipo M\u00e9dico M\u00e9xico\" \/>\n<meta property=\"og:image\" content=\"https:\/\/buscoequipomedico.com\/wp-content\/uploads\/2021\/10\/BM7501017004.jpg\" \/>\n\t<meta property=\"og:image:width\" content=\"600\" \/>\n\t<meta property=\"og:image:height\" content=\"600\" \/>\n\t<meta property=\"og:image:type\" content=\"image\/jpeg\" \/>\n<meta name=\"twitter:card\" content=\"summary_large_image\" \/>\n<script type=\"application\/ld+json\" class=\"yoast-schema-graph\">{\"@context\":\"https:\/\/schema.org\",\"@graph\":[{\"@type\":\"WebPage\",\"@id\":\"https:\/\/buscoequipomedico.com\/?product=bascula-mecanica-piso-150kg-div-1kg-blanca\",\"url\":\"https:\/\/buscoequipomedico.com\/?product=bascula-mecanica-piso-150kg-div-1kg-blanca\",\"name\":\"B\u00e1scula Mec\u00e1nica Piso 150Kg Div 1Kg Blanca - Tu mejor opci\u00f3n Equipo M\u00e9dico M\u00e9xico\",\"isPartOf\":{\"@id\":\"https:\/\/buscoequipomedico.com\/#website\"},\"primaryImageOfPage\":{\"@id\":\"https:\/\/buscoequipomedico.com\/?product=bascula-mecanica-piso-150kg-div-1kg-blanca#primaryimage\"},\"image\":{\"@id\":\"https:\/\/buscoequipomedico.com\/?product=bascula-mecanica-piso-150kg-div-1kg-blanca#primaryimage\"},\"thumbnailUrl\":\"https:\/\/buscoequipomedico.com\/wp-content\/uploads\/2021\/10\/BM7501017004.jpg\",\"datePublished\":\"2021-10-07T02:45:15+00:00\",\"breadcrumb\":{\"@id\":\"https:\/\/buscoequipomedico.com\/?product=bascula-mecanica-piso-150kg-div-1kg-blanca#breadcrumb\"},\"inLanguage\":\"es\",\"potentialAction\":[{\"@type\":\"ReadAction\",\"target\":[\"https:\/\/buscoequipomedico.com\/?product=bascula-mecanica-piso-150kg-div-1kg-blanca\"]}]},{\"@type\":\"ImageObject\",\"inLanguage\":\"es\",\"@id\":\"https:\/\/buscoequipomedico.com\/?product=bascula-mecanica-piso-150kg-div-1kg-blanca#primaryimage\",\"url\":\"https:\/\/buscoequipomedico.com\/wp-content\/uploads\/2021\/10\/BM7501017004.jpg\",\"contentUrl\":\"https:\/\/buscoequipomedico.com\/wp-content\/uploads\/2021\/10\/BM7501017004.jpg\",\"width\":600,\"height\":600,\"caption\":\"BM7501017004\"},{\"@type\":\"BreadcrumbList\",\"@id\":\"https:\/\/buscoequipomedico.com\/?product=bascula-mecanica-piso-150kg-div-1kg-blanca#breadcrumb\",\"itemListElement\":[{\"@type\":\"ListItem\",\"position\":1,\"name\":\"Productos\",\"item\":\"https:\/\/buscoequipomedico.com\/shop\/\"},{\"@type\":\"ListItem\",\"position\":2,\"name\":\"B\u00e1scula Mec\u00e1nica Piso 150Kg Div 1Kg Blanca\"}]},{\"@type\":\"WebSite\",\"@id\":\"https:\/\/buscoequipomedico.com\/#website\",\"url\":\"https:\/\/buscoequipomedico.com\/\",\"name\":\"Tu mejor opci\u00f3n Equipo M\u00e9dico M\u00e9xico\",\"description\":\"Tienda de equipo m\u00e9dico\",\"publisher\":{\"@id\":\"https:\/\/buscoequipomedico.com\/#organization\"},\"potentialAction\":[{\"@type\":\"SearchAction\",\"target\":{\"@type\":\"EntryPoint\",\"urlTemplate\":\"https:\/\/buscoequipomedico.com\/?s={search_term_string}\"},\"query-input\":{\"@type\":\"PropertyValueSpecification\",\"valueRequired\":true,\"valueName\":\"search_term_string\"}}],\"inLanguage\":\"es\"},{\"@type\":\"Organization\",\"@id\":\"https:\/\/buscoequipomedico.com\/#organization\",\"name\":\"Tu mejor opci\u00f3n Equipo M\u00e9dico M\u00e9xico\",\"url\":\"https:\/\/buscoequipomedico.com\/\",\"logo\":{\"@type\":\"ImageObject\",\"inLanguage\":\"es\",\"@id\":\"https:\/\/buscoequipomedico.com\/#\/schema\/logo\/image\/\",\"url\":\"https:\/\/buscoequipomedico.com\/wp-content\/uploads\/2021\/07\/EMM-VPrincipal-scaled.jpg\",\"contentUrl\":\"https:\/\/buscoequipomedico.com\/wp-content\/uploads\/2021\/07\/EMM-VPrincipal-scaled.jpg\",\"width\":2560,\"height\":1058,\"caption\":\"Tu mejor opci\u00f3n Equipo M\u00e9dico M\u00e9xico\"},\"image\":{\"@id\":\"https:\/\/buscoequipomedico.com\/#\/schema\/logo\/image\/\"}}]}<\/script>\n<!-- \/ Yoast SEO plugin. -->","yoast_head_json":{"title":"B\u00e1scula Mec\u00e1nica Piso 150Kg Div 1Kg Blanca - Tu mejor opci\u00f3n Equipo M\u00e9dico M\u00e9xico","robots":{"index":"index","follow":"follow","max-snippet":"max-snippet:-1","max-image-preview":"max-image-preview:large","max-video-preview":"max-video-preview:-1"},"canonical":"https:\/\/buscoequipomedico.com\/?product=bascula-mecanica-piso-150kg-div-1kg-blanca","og_locale":"es_ES","og_type":"article","og_title":"B\u00e1scula Mec\u00e1nica Piso 150Kg Div 1Kg Blanca - Tu mejor opci\u00f3n Equipo M\u00e9dico M\u00e9xico","og_description":"BASCULA MECANICA\u00a0DE PISO 150 KG DIV 1 KG BLANCA CON TAPETE BLANCO Bonita y robusta: esta b\u00e1scula causa una gran impresi\u00f3n en gimnasios y centros salud debido a su claro y puro dise\u00f1o. Posee un armaz\u00f3n de acero con barnizado cubierto en polvo, escala circular y recubrimiento de f\u00e1cil limpieza","og_url":"https:\/\/buscoequipomedico.com\/?product=bascula-mecanica-piso-150kg-div-1kg-blanca","og_site_name":"Tu mejor opci\u00f3n Equipo M\u00e9dico M\u00e9xico","og_image":[{"width":600,"height":600,"url":"https:\/\/buscoequipomedico.com\/wp-content\/uploads\/2021\/10\/BM7501017004.jpg","type":"image\/jpeg"}],"twitter_card":"summary_large_image","schema":{"@context":"https:\/\/schema.org","@graph":[{"@type":"WebPage","@id":"https:\/\/buscoequipomedico.com\/?product=bascula-mecanica-piso-150kg-div-1kg-blanca","url":"https:\/\/buscoequipomedico.com\/?product=bascula-mecanica-piso-150kg-div-1kg-blanca","name":"B\u00e1scula Mec\u00e1nica Piso 150Kg Div 1Kg Blanca - Tu mejor opci\u00f3n Equipo M\u00e9dico M\u00e9xico","isPartOf":{"@id":"https:\/\/buscoequipomedico.com\/#website"},"primaryImageOfPage":{"@id":"https:\/\/buscoequipomedico.com\/?product=bascula-mecanica-piso-150kg-div-1kg-blanca#primaryimage"},"image":{"@id":"https:\/\/buscoequipomedico.com\/?product=bascula-mecanica-piso-150kg-div-1kg-blanca#primaryimage"},"thumbnailUrl":"https:\/\/buscoequipomedico.com\/wp-content\/uploads\/2021\/10\/BM7501017004.jpg","datePublished":"2021-10-07T02:45:15+00:00","breadcrumb":{"@id":"https:\/\/buscoequipomedico.com\/?product=bascula-mecanica-piso-150kg-div-1kg-blanca#breadcrumb"},"inLanguage":"es","potentialAction":[{"@type":"ReadAction","target":["https:\/\/buscoequipomedico.com\/?product=bascula-mecanica-piso-150kg-div-1kg-blanca"]}]},{"@type":"ImageObject","inLanguage":"es","@id":"https:\/\/buscoequipomedico.com\/?product=bascula-mecanica-piso-150kg-div-1kg-blanca#primaryimage","url":"https:\/\/buscoequipomedico.com\/wp-content\/uploads\/2021\/10\/BM7501017004.jpg","contentUrl":"https:\/\/buscoequipomedico.com\/wp-content\/uploads\/2021\/10\/BM7501017004.jpg","width":600,"height":600,"caption":"BM7501017004"},{"@type":"BreadcrumbList","@id":"https:\/\/buscoequipomedico.com\/?product=bascula-mecanica-piso-150kg-div-1kg-blanca#breadcrumb","itemListElement":[{"@type":"ListItem","position":1,"name":"Productos","item":"https:\/\/buscoequipomedico.com\/shop\/"},{"@type":"ListItem","position":2,"name":"B\u00e1scula Mec\u00e1nica Piso 150Kg Div 1Kg Blanca"}]},{"@type":"WebSite","@id":"https:\/\/buscoequipomedico.com\/#website","url":"https:\/\/buscoequipomedico.com\/","name":"Tu mejor opci\u00f3n Equipo M\u00e9dico M\u00e9xico","description":"Tienda de equipo m\u00e9dico","publisher":{"@id":"https:\/\/buscoequipomedico.com\/#organization"},"potentialAction":[{"@type":"SearchAction","target":{"@type":"EntryPoint","urlTemplate":"https:\/\/buscoequipomedico.com\/?s={search_term_string}"},"query-input":{"@type":"PropertyValueSpecification","valueRequired":true,"valueName":"search_term_string"}}],"inLanguage":"es"},{"@type":"Organization","@id":"https:\/\/buscoequipomedico.com\/#organization","name":"Tu mejor opci\u00f3n Equipo M\u00e9dico M\u00e9xico","url":"https:\/\/buscoequipomedico.com\/","logo":{"@type":"ImageObject","inLanguage":"es","@id":"https:\/\/buscoequipomedico.com\/#\/schema\/logo\/image\/","url":"https:\/\/buscoequipomedico.com\/wp-content\/uploads\/2021\/07\/EMM-VPrincipal-scaled.jpg","contentUrl":"https:\/\/buscoequipomedico.com\/wp-content\/uploads\/2021\/07\/EMM-VPrincipal-scaled.jpg","width":2560,"height":1058,"caption":"Tu mejor opci\u00f3n Equipo M\u00e9dico M\u00e9xico"},"image":{"@id":"https:\/\/buscoequipomedico.com\/#\/schema\/logo\/image\/"}}]}},"_links":{"self":[{"href":"https:\/\/buscoequipomedico.com\/index.php?rest_route=\/wp\/v2\/product\/15921","targetHints":{"allow":["GET"]}}],"collection":[{"href":"https:\/\/buscoequipomedico.com\/index.php?rest_route=\/wp\/v2\/product"}],"about":[{"href":"https:\/\/buscoequipomedico.com\/index.php?rest_route=\/wp\/v2\/types\/product"}],"wp:featuredmedia":[{"embeddable":true,"href":"https:\/\/buscoequipomedico.com\/index.php?rest_route=\/wp\/v2\/media\/15922"}],"wp:attachment":[{"href":"https:\/\/buscoequipomedico.com\/index.php?rest_route=%2Fwp%2Fv2%2Fmedia&parent=15921"}],"wp:term":[{"taxonomy":"product_brand","embeddable":true,"href":"https:\/\/buscoequipomedico.com\/index.php?rest_route=%2Fwp%2Fv2%2Fproduct_brand&post=15921"},{"taxonomy":"product_cat","embeddable":true,"href":"https:\/\/buscoequipomedico.com\/index.php?rest_route=%2Fwp%2Fv2%2Fproduct_cat&post=15921"},{"taxonomy":"product_tag","embeddable":true,"href":"https:\/\/buscoequipomedico.com\/index.php?rest_route=%2Fwp%2Fv2%2Fproduct_tag&post=15921"}],"curies":[{"name":"wp","href":"https:\/\/api.w.org\/{rel}","templated":true}]}}