{"id":15925,"date":"2021-10-07T00:20:31","date_gmt":"2021-10-07T05:20:31","guid":{"rendered":"https:\/\/equipomedicomexico-com.preview-domain.com\/?post_type=product&#038;p=15925"},"modified":"2021-10-07T00:20:32","modified_gmt":"2021-10-07T05:20:32","slug":"bascula-mecanica","status":"publish","type":"product","link":"https:\/\/buscoequipomedico.com\/?product=bascula-mecanica","title":{"rendered":"B\u00e1scula Mec\u00e1nica Columna 160Kg Div 500g BMI Estadimetro"},"content":{"rendered":"<p><strong>CARACTER\u00cdSTICAS<\/strong><\/p>\n<p>La b\u00e1scula mec\u00e1nica de columna facilita no s\u00f3lo la indicaci\u00f3n del peso, sino tambi\u00e9n el c\u00e1lculo del bmi para determinar el correspondiente estado de nutrici\u00f3n, siendo una de las primeras b\u00e1sculas de su clase en ofrecer tales prestaciones.<br \/>\nAl poner los pies sobre la b\u00e1scula, un \u201cdisco bmi\u201d con divisiones en color contrastantes se pone en movimiento bajo el indicador de peso de gran precisi\u00f3n.<br \/>\nEl disco aparece en una peque\u00f1a ventana junto a la escala de la talla.<br \/>\nUna vez que se ha calculado el peso, en dicha escala se puede leer con toda comodidad el nivel bmi dividido en sectores de colores para indicar peso corporal insuficiente, normal, sobrepeso y adiposidad (sobrepe-o patol\u00f3gico).<br \/>\nLa plataforma plana y las pr\u00e1cticas ruedas de transporte constituyen otras ventajas de seca 755.<br \/>\nEquipada con el estadimetro opcional seca 224, se transforma en una completa estaci\u00f3n de pesaje y medici\u00f3n.<\/p>\n<p><strong>ESPECIFICACIONES T\u00c9CNICAS\u00a0<\/strong><\/p>\n<p>Capacidad: 160 kg, 350 lbs<br \/>\nDivisi\u00f3n (g): 500 g, 500 g \/ 1 lbs, 500 g \/ 1 lbs<br \/>\nDimensiones (axaxp): 360 x 1000 x 628 mm , 14,2 x 39,4 x 24,7 inch<br \/>\nPeso neto: 18,1 kg , 39,9 lbs<br \/>\nFunciones: Funci\u00f3n de ajuste a cero, costo de transporte, el \u00edndice de masa corporal \u2013 bmi<\/p>\n","protected":false},"excerpt":{"rendered":"<ul>\n<li class=\"b_algo\" data-bm=\"7\">\n<div class=\"b_caption\">\n<p>BASCULA MECANICA DE COLUMNA CON INDICADOR BMI 160 kg Div 500g CON ESTADIMETRO\u00a0 <strong>BM755<\/strong>. La b\u00e1scula mec\u00e1nica de columna seca 755 facilita no s\u00f3lo la indicaci\u00f3n del peso tambi\u00e9n el c\u00e1lculo del BMI para determinar el correspondiente estado de nutrici\u00f3n.<\/p>\n<div class=\"b_factrow b_twofr\">\n<div class=\"b_vlist2col\">\n<ul>\n<li>\n<div>Tiempo estimado de lectura: 1 min<\/div>\n<\/li>\n<\/ul>\n<\/div>\n<\/div>\n<\/div>\n<\/li>\n<\/ul>\n","protected":false},"featured_media":15926,"template":"","meta":{"_joinchat":[]},"product_brand":[],"product_cat":[398],"product_tag":[388,399,389],"class_list":{"0":"post-15925","1":"product","2":"type-product","3":"status-publish","4":"has-post-thumbnail","6":"product_cat-basculas-2","7":"product_tag-basculas","8":"product_tag-medicion","9":"product_tag-seca","11":"first","12":"instock","13":"shipping-taxable","14":"product-type-simple"},"yoast_head":"<!-- This site is optimized with the Yoast SEO plugin v25.1 - https:\/\/yoast.com\/wordpress\/plugins\/seo\/ -->\n<title>B\u00e1scula Mec\u00e1nica Columna 160Kg Div 500g BMI Estadimetro - Tu mejor opci\u00f3n Equipo M\u00e9dico M\u00e9xico<\/title>\n<meta name=\"robots\" content=\"index, follow, max-snippet:-1, max-image-preview:large, max-video-preview:-1\" \/>\n<link rel=\"canonical\" href=\"https:\/\/buscoequipomedico.com\/?product=bascula-mecanica\" \/>\n<meta property=\"og:locale\" content=\"es_ES\" \/>\n<meta property=\"og:type\" content=\"article\" \/>\n<meta property=\"og:title\" content=\"B\u00e1scula Mec\u00e1nica Columna 160Kg Div 500g BMI Estadimetro - Tu mejor opci\u00f3n Equipo M\u00e9dico M\u00e9xico\" \/>\n<meta property=\"og:description\" content=\"BASCULA MECANICA DE COLUMNA CON INDICADOR BMI 160 kg Div 500g CON ESTADIMETRO\u00a0 BM755. La b\u00e1scula mec\u00e1nica de columna seca 755 facilita no s\u00f3lo la indicaci\u00f3n del peso tambi\u00e9n el c\u00e1lculo del BMI para determinar el correspondiente estado de nutrici\u00f3n.      Tiempo estimado de lectura: 1 min\" \/>\n<meta property=\"og:url\" content=\"https:\/\/buscoequipomedico.com\/?product=bascula-mecanica\" \/>\n<meta property=\"og:site_name\" content=\"Tu mejor opci\u00f3n Equipo M\u00e9dico M\u00e9xico\" \/>\n<meta property=\"article:modified_time\" content=\"2021-10-07T05:20:32+00:00\" \/>\n<meta property=\"og:image\" content=\"https:\/\/buscoequipomedico.com\/wp-content\/uploads\/2021\/10\/BM755.jpg\" \/>\n\t<meta property=\"og:image:width\" content=\"600\" \/>\n\t<meta property=\"og:image:height\" content=\"600\" \/>\n\t<meta property=\"og:image:type\" content=\"image\/jpeg\" \/>\n<meta name=\"twitter:card\" content=\"summary_large_image\" \/>\n<meta name=\"twitter:label1\" content=\"Tiempo de lectura\" \/>\n\t<meta name=\"twitter:data1\" content=\"1 minuto\" \/>\n<script type=\"application\/ld+json\" class=\"yoast-schema-graph\">{\"@context\":\"https:\/\/schema.org\",\"@graph\":[{\"@type\":\"WebPage\",\"@id\":\"https:\/\/buscoequipomedico.com\/?product=bascula-mecanica\",\"url\":\"https:\/\/buscoequipomedico.com\/?product=bascula-mecanica\",\"name\":\"B\u00e1scula Mec\u00e1nica Columna 160Kg Div 500g BMI Estadimetro - Tu mejor opci\u00f3n Equipo M\u00e9dico M\u00e9xico\",\"isPartOf\":{\"@id\":\"https:\/\/buscoequipomedico.com\/#website\"},\"primaryImageOfPage\":{\"@id\":\"https:\/\/buscoequipomedico.com\/?product=bascula-mecanica#primaryimage\"},\"image\":{\"@id\":\"https:\/\/buscoequipomedico.com\/?product=bascula-mecanica#primaryimage\"},\"thumbnailUrl\":\"https:\/\/buscoequipomedico.com\/wp-content\/uploads\/2021\/10\/BM755.jpg\",\"datePublished\":\"2021-10-07T05:20:31+00:00\",\"dateModified\":\"2021-10-07T05:20:32+00:00\",\"breadcrumb\":{\"@id\":\"https:\/\/buscoequipomedico.com\/?product=bascula-mecanica#breadcrumb\"},\"inLanguage\":\"es\",\"potentialAction\":[{\"@type\":\"ReadAction\",\"target\":[\"https:\/\/buscoequipomedico.com\/?product=bascula-mecanica\"]}]},{\"@type\":\"ImageObject\",\"inLanguage\":\"es\",\"@id\":\"https:\/\/buscoequipomedico.com\/?product=bascula-mecanica#primaryimage\",\"url\":\"https:\/\/buscoequipomedico.com\/wp-content\/uploads\/2021\/10\/BM755.jpg\",\"contentUrl\":\"https:\/\/buscoequipomedico.com\/wp-content\/uploads\/2021\/10\/BM755.jpg\",\"width\":600,\"height\":600,\"caption\":\"BASCULA BM755\"},{\"@type\":\"BreadcrumbList\",\"@id\":\"https:\/\/buscoequipomedico.com\/?product=bascula-mecanica#breadcrumb\",\"itemListElement\":[{\"@type\":\"ListItem\",\"position\":1,\"name\":\"Productos\",\"item\":\"https:\/\/buscoequipomedico.com\/shop\/\"},{\"@type\":\"ListItem\",\"position\":2,\"name\":\"B\u00e1scula Mec\u00e1nica Columna 160Kg Div 500g BMI Estadimetro\"}]},{\"@type\":\"WebSite\",\"@id\":\"https:\/\/buscoequipomedico.com\/#website\",\"url\":\"https:\/\/buscoequipomedico.com\/\",\"name\":\"Tu mejor opci\u00f3n Equipo M\u00e9dico M\u00e9xico\",\"description\":\"Tienda de equipo m\u00e9dico\",\"publisher\":{\"@id\":\"https:\/\/buscoequipomedico.com\/#organization\"},\"potentialAction\":[{\"@type\":\"SearchAction\",\"target\":{\"@type\":\"EntryPoint\",\"urlTemplate\":\"https:\/\/buscoequipomedico.com\/?s={search_term_string}\"},\"query-input\":{\"@type\":\"PropertyValueSpecification\",\"valueRequired\":true,\"valueName\":\"search_term_string\"}}],\"inLanguage\":\"es\"},{\"@type\":\"Organization\",\"@id\":\"https:\/\/buscoequipomedico.com\/#organization\",\"name\":\"Tu mejor opci\u00f3n Equipo M\u00e9dico M\u00e9xico\",\"url\":\"https:\/\/buscoequipomedico.com\/\",\"logo\":{\"@type\":\"ImageObject\",\"inLanguage\":\"es\",\"@id\":\"https:\/\/buscoequipomedico.com\/#\/schema\/logo\/image\/\",\"url\":\"https:\/\/buscoequipomedico.com\/wp-content\/uploads\/2021\/07\/EMM-VPrincipal-scaled.jpg\",\"contentUrl\":\"https:\/\/buscoequipomedico.com\/wp-content\/uploads\/2021\/07\/EMM-VPrincipal-scaled.jpg\",\"width\":2560,\"height\":1058,\"caption\":\"Tu mejor opci\u00f3n Equipo M\u00e9dico M\u00e9xico\"},\"image\":{\"@id\":\"https:\/\/buscoequipomedico.com\/#\/schema\/logo\/image\/\"}}]}<\/script>\n<!-- \/ Yoast SEO plugin. -->","yoast_head_json":{"title":"B\u00e1scula Mec\u00e1nica Columna 160Kg Div 500g BMI Estadimetro - Tu mejor opci\u00f3n Equipo M\u00e9dico M\u00e9xico","robots":{"index":"index","follow":"follow","max-snippet":"max-snippet:-1","max-image-preview":"max-image-preview:large","max-video-preview":"max-video-preview:-1"},"canonical":"https:\/\/buscoequipomedico.com\/?product=bascula-mecanica","og_locale":"es_ES","og_type":"article","og_title":"B\u00e1scula Mec\u00e1nica Columna 160Kg Div 500g BMI Estadimetro - Tu mejor opci\u00f3n Equipo M\u00e9dico M\u00e9xico","og_description":"BASCULA MECANICA DE COLUMNA CON INDICADOR BMI 160 kg Div 500g CON ESTADIMETRO\u00a0 BM755. La b\u00e1scula mec\u00e1nica de columna seca 755 facilita no s\u00f3lo la indicaci\u00f3n del peso tambi\u00e9n el c\u00e1lculo del BMI para determinar el correspondiente estado de nutrici\u00f3n.      Tiempo estimado de lectura: 1 min","og_url":"https:\/\/buscoequipomedico.com\/?product=bascula-mecanica","og_site_name":"Tu mejor opci\u00f3n Equipo M\u00e9dico M\u00e9xico","article_modified_time":"2021-10-07T05:20:32+00:00","og_image":[{"width":600,"height":600,"url":"https:\/\/buscoequipomedico.com\/wp-content\/uploads\/2021\/10\/BM755.jpg","type":"image\/jpeg"}],"twitter_card":"summary_large_image","twitter_misc":{"Tiempo de lectura":"1 minuto"},"schema":{"@context":"https:\/\/schema.org","@graph":[{"@type":"WebPage","@id":"https:\/\/buscoequipomedico.com\/?product=bascula-mecanica","url":"https:\/\/buscoequipomedico.com\/?product=bascula-mecanica","name":"B\u00e1scula Mec\u00e1nica Columna 160Kg Div 500g BMI Estadimetro - Tu mejor opci\u00f3n Equipo M\u00e9dico M\u00e9xico","isPartOf":{"@id":"https:\/\/buscoequipomedico.com\/#website"},"primaryImageOfPage":{"@id":"https:\/\/buscoequipomedico.com\/?product=bascula-mecanica#primaryimage"},"image":{"@id":"https:\/\/buscoequipomedico.com\/?product=bascula-mecanica#primaryimage"},"thumbnailUrl":"https:\/\/buscoequipomedico.com\/wp-content\/uploads\/2021\/10\/BM755.jpg","datePublished":"2021-10-07T05:20:31+00:00","dateModified":"2021-10-07T05:20:32+00:00","breadcrumb":{"@id":"https:\/\/buscoequipomedico.com\/?product=bascula-mecanica#breadcrumb"},"inLanguage":"es","potentialAction":[{"@type":"ReadAction","target":["https:\/\/buscoequipomedico.com\/?product=bascula-mecanica"]}]},{"@type":"ImageObject","inLanguage":"es","@id":"https:\/\/buscoequipomedico.com\/?product=bascula-mecanica#primaryimage","url":"https:\/\/buscoequipomedico.com\/wp-content\/uploads\/2021\/10\/BM755.jpg","contentUrl":"https:\/\/buscoequipomedico.com\/wp-content\/uploads\/2021\/10\/BM755.jpg","width":600,"height":600,"caption":"BASCULA BM755"},{"@type":"BreadcrumbList","@id":"https:\/\/buscoequipomedico.com\/?product=bascula-mecanica#breadcrumb","itemListElement":[{"@type":"ListItem","position":1,"name":"Productos","item":"https:\/\/buscoequipomedico.com\/shop\/"},{"@type":"ListItem","position":2,"name":"B\u00e1scula Mec\u00e1nica Columna 160Kg Div 500g BMI Estadimetro"}]},{"@type":"WebSite","@id":"https:\/\/buscoequipomedico.com\/#website","url":"https:\/\/buscoequipomedico.com\/","name":"Tu mejor opci\u00f3n Equipo M\u00e9dico M\u00e9xico","description":"Tienda de equipo m\u00e9dico","publisher":{"@id":"https:\/\/buscoequipomedico.com\/#organization"},"potentialAction":[{"@type":"SearchAction","target":{"@type":"EntryPoint","urlTemplate":"https:\/\/buscoequipomedico.com\/?s={search_term_string}"},"query-input":{"@type":"PropertyValueSpecification","valueRequired":true,"valueName":"search_term_string"}}],"inLanguage":"es"},{"@type":"Organization","@id":"https:\/\/buscoequipomedico.com\/#organization","name":"Tu mejor opci\u00f3n Equipo M\u00e9dico M\u00e9xico","url":"https:\/\/buscoequipomedico.com\/","logo":{"@type":"ImageObject","inLanguage":"es","@id":"https:\/\/buscoequipomedico.com\/#\/schema\/logo\/image\/","url":"https:\/\/buscoequipomedico.com\/wp-content\/uploads\/2021\/07\/EMM-VPrincipal-scaled.jpg","contentUrl":"https:\/\/buscoequipomedico.com\/wp-content\/uploads\/2021\/07\/EMM-VPrincipal-scaled.jpg","width":2560,"height":1058,"caption":"Tu mejor opci\u00f3n Equipo M\u00e9dico M\u00e9xico"},"image":{"@id":"https:\/\/buscoequipomedico.com\/#\/schema\/logo\/image\/"}}]}},"_links":{"self":[{"href":"https:\/\/buscoequipomedico.com\/index.php?rest_route=\/wp\/v2\/product\/15925","targetHints":{"allow":["GET"]}}],"collection":[{"href":"https:\/\/buscoequipomedico.com\/index.php?rest_route=\/wp\/v2\/product"}],"about":[{"href":"https:\/\/buscoequipomedico.com\/index.php?rest_route=\/wp\/v2\/types\/product"}],"wp:featuredmedia":[{"embeddable":true,"href":"https:\/\/buscoequipomedico.com\/index.php?rest_route=\/wp\/v2\/media\/15926"}],"wp:attachment":[{"href":"https:\/\/buscoequipomedico.com\/index.php?rest_route=%2Fwp%2Fv2%2Fmedia&parent=15925"}],"wp:term":[{"taxonomy":"product_brand","embeddable":true,"href":"https:\/\/buscoequipomedico.com\/index.php?rest_route=%2Fwp%2Fv2%2Fproduct_brand&post=15925"},{"taxonomy":"product_cat","embeddable":true,"href":"https:\/\/buscoequipomedico.com\/index.php?rest_route=%2Fwp%2Fv2%2Fproduct_cat&post=15925"},{"taxonomy":"product_tag","embeddable":true,"href":"https:\/\/buscoequipomedico.com\/index.php?rest_route=%2Fwp%2Fv2%2Fproduct_tag&post=15925"}],"curies":[{"name":"wp","href":"https:\/\/api.w.org\/{rel}","templated":true}]}}