{"id":15932,"date":"2021-10-07T00:46:31","date_gmt":"2021-10-07T05:46:31","guid":{"rendered":"https:\/\/equipomedicomexico-com.preview-domain.com\/?post_type=product&#038;p=15932"},"modified":"2021-10-07T00:46:54","modified_gmt":"2021-10-07T05:46:54","slug":"bascula-digital-silla-con-ruedas","status":"publish","type":"product","link":"https:\/\/buscoequipomedico.com\/?product=bascula-digital-silla-con-ruedas","title":{"rendered":"B\u00e1scula Digital Silla Con Ruedas Pierneras Pl\u00e1stico 200Kg Div 100g Tara Auto Hold BM752"},"content":{"rendered":"<p><strong>CARACTER\u00cdSTICAS<\/strong><\/p>\n<p>B\u00e1scula silla para pesaje en posici\u00f3n sentada<br \/>\nCon una capacidad de 200 kg y una divisi\u00f3n de 100 g la b\u00e1scula seca 952 cumple con todas las exigencias esenciales de la medicina.<br \/>\nA ello se suman las t\u00edpicas ventajas que ofrece la tecnolog\u00eda de seca, tales como apoya brazos y apoya pies abatibles, un freno que asegura la posici\u00f3n de las ruedas, un asiento ergon\u00f3mico, y ruedas de marcha suave que, junto con el asidero ergon\u00f3mico, facilitan notablemente las maniobras con la b\u00e1scula silla.<br \/>\nSe sobreentiende que la b\u00e1scula seca 952 ofrece la importante funci\u00f3n TARA, con la que se puede pesar separadamente cada nuevo peso agregado,<br \/>\nLa funci\u00f3n auto- HOLD, que permite que el personal atienda al paciente antes de leer el resultado del pesaje.<br \/>\nDe f\u00e1cil manejo.<br \/>\nLos apoyabrazos y apoya pies rebatibles permiten que los pacientes mayores o de gran peso suban a la b\u00e1scula silla y se sienten c\u00f3modamente.<br \/>\nDe la misma manera, para el personal es un alivio no depender de toma de corriente, porque la b\u00e1scula seca 952 funciona con pilas y su autonom\u00eda llega hasta 4000 pesajes.<br \/>\nTampoco hay mucho que estudiar para utilizarla, puesto que el elemento indicador colocado en el asidero se maneja intuitivamente y se puede conmutar de kg a lbs o sts.<br \/>\nTARA y auto-HOLD.<br \/>\nSe sobreentiende que la b\u00e1scula seca 952 ofrece la importante funci\u00f3n TARA, para pesar separadamente cada peso agregado, y la funci\u00f3n auto-HOLD, que permite que el personal atienda al paciente antes de leer el resultado del pesaje.<br \/>\nCon todas estas prestaciones, aunadas al famoso acabado y a la larga vida \u00fatil, es otro aut\u00e9ntico producto seca; porque satisface todas las expectativas que despierta la marca del l\u00edder mundial en sistemas m\u00e9dicos<br \/>\nde pesaje y medici\u00f3n.<\/p>\n<p><strong>ESPECIFICACIONES T\u00c9CNICAS<\/strong><\/p>\n<p>Capacidad: 200 kg \/ 440 lbs<br \/>\nDivisi\u00f3n: 100 g \/ 0,2 lbs<br \/>\nDimensiones (BxHxA): 563 x 906 x 957 mm \/ 22.2 x 35.7 x 37.7\u2033<br \/>\nPeso: 22.4 kg \/ 49.4 lbs<br \/>\nAlimentaci\u00f3n: Bater\u00eda<br \/>\nFunciones: TARA, auto-HOLD, conmutaci\u00f3n kg\/lbs, desconexi\u00f3n autom\u00e1tica<\/p>\n","protected":false},"excerpt":{"rendered":"<p><strong>Bascula<\/strong>\u00a0 digital silla con ruedas piernera de plastico 200kg div 100g tara auto-hold\u00a0 Con una capacidad de 200 kg y una divisi\u00f3n de 100 g la <strong>b\u00e1scula<\/strong>\u00a0seca 952 cumple con todas las exigencias esenciales de la medicina.<\/p>\n","protected":false},"featured_media":15933,"template":"","meta":{"_joinchat":[]},"product_brand":[],"product_cat":[398],"product_tag":[388,399,389],"class_list":{"0":"post-15932","1":"product","2":"type-product","3":"status-publish","4":"has-post-thumbnail","6":"product_cat-basculas-2","7":"product_tag-basculas","8":"product_tag-medicion","9":"product_tag-seca","11":"first","12":"instock","13":"shipping-taxable","14":"product-type-simple"},"yoast_head":"<!-- This site is optimized with the Yoast SEO plugin v25.1 - https:\/\/yoast.com\/wordpress\/plugins\/seo\/ -->\n<title>B\u00e1scula Digital Silla Con Ruedas Pierneras Pl\u00e1stico 200Kg Div 100g Tara Auto Hold BM752 - Tu mejor opci\u00f3n Equipo M\u00e9dico M\u00e9xico<\/title>\n<meta name=\"robots\" content=\"index, follow, max-snippet:-1, max-image-preview:large, max-video-preview:-1\" \/>\n<link rel=\"canonical\" href=\"https:\/\/buscoequipomedico.com\/?product=bascula-digital-silla-con-ruedas\" \/>\n<meta property=\"og:locale\" content=\"es_ES\" \/>\n<meta property=\"og:type\" content=\"article\" \/>\n<meta property=\"og:title\" content=\"B\u00e1scula Digital Silla Con Ruedas Pierneras Pl\u00e1stico 200Kg Div 100g Tara Auto Hold BM752 - Tu mejor opci\u00f3n Equipo M\u00e9dico M\u00e9xico\" \/>\n<meta property=\"og:description\" content=\"Bascula\u00a0 digital silla con ruedas piernera de plastico 200kg div 100g tara auto-hold\u00a0 Con una capacidad de 200 kg y una divisi\u00f3n de 100 g la b\u00e1scula\u00a0seca 952 cumple con todas las exigencias esenciales de la medicina.\" \/>\n<meta property=\"og:url\" content=\"https:\/\/buscoequipomedico.com\/?product=bascula-digital-silla-con-ruedas\" \/>\n<meta property=\"og:site_name\" content=\"Tu mejor opci\u00f3n Equipo M\u00e9dico M\u00e9xico\" \/>\n<meta property=\"article:modified_time\" content=\"2021-10-07T05:46:54+00:00\" \/>\n<meta property=\"og:image\" content=\"https:\/\/buscoequipomedico.com\/wp-content\/uploads\/2021\/10\/BM952.jpg\" \/>\n\t<meta property=\"og:image:width\" content=\"600\" \/>\n\t<meta property=\"og:image:height\" content=\"600\" \/>\n\t<meta property=\"og:image:type\" content=\"image\/jpeg\" \/>\n<meta name=\"twitter:card\" content=\"summary_large_image\" \/>\n<meta name=\"twitter:label1\" content=\"Tiempo de lectura\" \/>\n\t<meta name=\"twitter:data1\" content=\"2 minutos\" \/>\n<script type=\"application\/ld+json\" class=\"yoast-schema-graph\">{\"@context\":\"https:\/\/schema.org\",\"@graph\":[{\"@type\":\"WebPage\",\"@id\":\"https:\/\/buscoequipomedico.com\/?product=bascula-digital-silla-con-ruedas\",\"url\":\"https:\/\/buscoequipomedico.com\/?product=bascula-digital-silla-con-ruedas\",\"name\":\"B\u00e1scula Digital Silla Con Ruedas Pierneras Pl\u00e1stico 200Kg Div 100g Tara Auto Hold BM752 - Tu mejor opci\u00f3n Equipo M\u00e9dico M\u00e9xico\",\"isPartOf\":{\"@id\":\"https:\/\/buscoequipomedico.com\/#website\"},\"primaryImageOfPage\":{\"@id\":\"https:\/\/buscoequipomedico.com\/?product=bascula-digital-silla-con-ruedas#primaryimage\"},\"image\":{\"@id\":\"https:\/\/buscoequipomedico.com\/?product=bascula-digital-silla-con-ruedas#primaryimage\"},\"thumbnailUrl\":\"https:\/\/buscoequipomedico.com\/wp-content\/uploads\/2021\/10\/BM952.jpg\",\"datePublished\":\"2021-10-07T05:46:31+00:00\",\"dateModified\":\"2021-10-07T05:46:54+00:00\",\"breadcrumb\":{\"@id\":\"https:\/\/buscoequipomedico.com\/?product=bascula-digital-silla-con-ruedas#breadcrumb\"},\"inLanguage\":\"es\",\"potentialAction\":[{\"@type\":\"ReadAction\",\"target\":[\"https:\/\/buscoequipomedico.com\/?product=bascula-digital-silla-con-ruedas\"]}]},{\"@type\":\"ImageObject\",\"inLanguage\":\"es\",\"@id\":\"https:\/\/buscoequipomedico.com\/?product=bascula-digital-silla-con-ruedas#primaryimage\",\"url\":\"https:\/\/buscoequipomedico.com\/wp-content\/uploads\/2021\/10\/BM952.jpg\",\"contentUrl\":\"https:\/\/buscoequipomedico.com\/wp-content\/uploads\/2021\/10\/BM952.jpg\",\"width\":600,\"height\":600,\"caption\":\"BASCULA BM952\"},{\"@type\":\"BreadcrumbList\",\"@id\":\"https:\/\/buscoequipomedico.com\/?product=bascula-digital-silla-con-ruedas#breadcrumb\",\"itemListElement\":[{\"@type\":\"ListItem\",\"position\":1,\"name\":\"Productos\",\"item\":\"https:\/\/buscoequipomedico.com\/shop\/\"},{\"@type\":\"ListItem\",\"position\":2,\"name\":\"B\u00e1scula Digital Silla Con Ruedas Pierneras Pl\u00e1stico 200Kg Div 100g Tara Auto Hold BM752\"}]},{\"@type\":\"WebSite\",\"@id\":\"https:\/\/buscoequipomedico.com\/#website\",\"url\":\"https:\/\/buscoequipomedico.com\/\",\"name\":\"Tu mejor opci\u00f3n Equipo M\u00e9dico M\u00e9xico\",\"description\":\"Tienda de equipo m\u00e9dico\",\"publisher\":{\"@id\":\"https:\/\/buscoequipomedico.com\/#organization\"},\"potentialAction\":[{\"@type\":\"SearchAction\",\"target\":{\"@type\":\"EntryPoint\",\"urlTemplate\":\"https:\/\/buscoequipomedico.com\/?s={search_term_string}\"},\"query-input\":{\"@type\":\"PropertyValueSpecification\",\"valueRequired\":true,\"valueName\":\"search_term_string\"}}],\"inLanguage\":\"es\"},{\"@type\":\"Organization\",\"@id\":\"https:\/\/buscoequipomedico.com\/#organization\",\"name\":\"Tu mejor opci\u00f3n Equipo M\u00e9dico M\u00e9xico\",\"url\":\"https:\/\/buscoequipomedico.com\/\",\"logo\":{\"@type\":\"ImageObject\",\"inLanguage\":\"es\",\"@id\":\"https:\/\/buscoequipomedico.com\/#\/schema\/logo\/image\/\",\"url\":\"https:\/\/buscoequipomedico.com\/wp-content\/uploads\/2021\/07\/EMM-VPrincipal-scaled.jpg\",\"contentUrl\":\"https:\/\/buscoequipomedico.com\/wp-content\/uploads\/2021\/07\/EMM-VPrincipal-scaled.jpg\",\"width\":2560,\"height\":1058,\"caption\":\"Tu mejor opci\u00f3n Equipo M\u00e9dico M\u00e9xico\"},\"image\":{\"@id\":\"https:\/\/buscoequipomedico.com\/#\/schema\/logo\/image\/\"}}]}<\/script>\n<!-- \/ Yoast SEO plugin. -->","yoast_head_json":{"title":"B\u00e1scula Digital Silla Con Ruedas Pierneras Pl\u00e1stico 200Kg Div 100g Tara Auto Hold BM752 - Tu mejor opci\u00f3n Equipo M\u00e9dico M\u00e9xico","robots":{"index":"index","follow":"follow","max-snippet":"max-snippet:-1","max-image-preview":"max-image-preview:large","max-video-preview":"max-video-preview:-1"},"canonical":"https:\/\/buscoequipomedico.com\/?product=bascula-digital-silla-con-ruedas","og_locale":"es_ES","og_type":"article","og_title":"B\u00e1scula Digital Silla Con Ruedas Pierneras Pl\u00e1stico 200Kg Div 100g Tara Auto Hold BM752 - Tu mejor opci\u00f3n Equipo M\u00e9dico M\u00e9xico","og_description":"Bascula\u00a0 digital silla con ruedas piernera de plastico 200kg div 100g tara auto-hold\u00a0 Con una capacidad de 200 kg y una divisi\u00f3n de 100 g la b\u00e1scula\u00a0seca 952 cumple con todas las exigencias esenciales de la medicina.","og_url":"https:\/\/buscoequipomedico.com\/?product=bascula-digital-silla-con-ruedas","og_site_name":"Tu mejor opci\u00f3n Equipo M\u00e9dico M\u00e9xico","article_modified_time":"2021-10-07T05:46:54+00:00","og_image":[{"width":600,"height":600,"url":"https:\/\/buscoequipomedico.com\/wp-content\/uploads\/2021\/10\/BM952.jpg","type":"image\/jpeg"}],"twitter_card":"summary_large_image","twitter_misc":{"Tiempo de lectura":"2 minutos"},"schema":{"@context":"https:\/\/schema.org","@graph":[{"@type":"WebPage","@id":"https:\/\/buscoequipomedico.com\/?product=bascula-digital-silla-con-ruedas","url":"https:\/\/buscoequipomedico.com\/?product=bascula-digital-silla-con-ruedas","name":"B\u00e1scula Digital Silla Con Ruedas Pierneras Pl\u00e1stico 200Kg Div 100g Tara Auto Hold BM752 - Tu mejor opci\u00f3n Equipo M\u00e9dico M\u00e9xico","isPartOf":{"@id":"https:\/\/buscoequipomedico.com\/#website"},"primaryImageOfPage":{"@id":"https:\/\/buscoequipomedico.com\/?product=bascula-digital-silla-con-ruedas#primaryimage"},"image":{"@id":"https:\/\/buscoequipomedico.com\/?product=bascula-digital-silla-con-ruedas#primaryimage"},"thumbnailUrl":"https:\/\/buscoequipomedico.com\/wp-content\/uploads\/2021\/10\/BM952.jpg","datePublished":"2021-10-07T05:46:31+00:00","dateModified":"2021-10-07T05:46:54+00:00","breadcrumb":{"@id":"https:\/\/buscoequipomedico.com\/?product=bascula-digital-silla-con-ruedas#breadcrumb"},"inLanguage":"es","potentialAction":[{"@type":"ReadAction","target":["https:\/\/buscoequipomedico.com\/?product=bascula-digital-silla-con-ruedas"]}]},{"@type":"ImageObject","inLanguage":"es","@id":"https:\/\/buscoequipomedico.com\/?product=bascula-digital-silla-con-ruedas#primaryimage","url":"https:\/\/buscoequipomedico.com\/wp-content\/uploads\/2021\/10\/BM952.jpg","contentUrl":"https:\/\/buscoequipomedico.com\/wp-content\/uploads\/2021\/10\/BM952.jpg","width":600,"height":600,"caption":"BASCULA BM952"},{"@type":"BreadcrumbList","@id":"https:\/\/buscoequipomedico.com\/?product=bascula-digital-silla-con-ruedas#breadcrumb","itemListElement":[{"@type":"ListItem","position":1,"name":"Productos","item":"https:\/\/buscoequipomedico.com\/shop\/"},{"@type":"ListItem","position":2,"name":"B\u00e1scula Digital Silla Con Ruedas Pierneras Pl\u00e1stico 200Kg Div 100g Tara Auto Hold BM752"}]},{"@type":"WebSite","@id":"https:\/\/buscoequipomedico.com\/#website","url":"https:\/\/buscoequipomedico.com\/","name":"Tu mejor opci\u00f3n Equipo M\u00e9dico M\u00e9xico","description":"Tienda de equipo m\u00e9dico","publisher":{"@id":"https:\/\/buscoequipomedico.com\/#organization"},"potentialAction":[{"@type":"SearchAction","target":{"@type":"EntryPoint","urlTemplate":"https:\/\/buscoequipomedico.com\/?s={search_term_string}"},"query-input":{"@type":"PropertyValueSpecification","valueRequired":true,"valueName":"search_term_string"}}],"inLanguage":"es"},{"@type":"Organization","@id":"https:\/\/buscoequipomedico.com\/#organization","name":"Tu mejor opci\u00f3n Equipo M\u00e9dico M\u00e9xico","url":"https:\/\/buscoequipomedico.com\/","logo":{"@type":"ImageObject","inLanguage":"es","@id":"https:\/\/buscoequipomedico.com\/#\/schema\/logo\/image\/","url":"https:\/\/buscoequipomedico.com\/wp-content\/uploads\/2021\/07\/EMM-VPrincipal-scaled.jpg","contentUrl":"https:\/\/buscoequipomedico.com\/wp-content\/uploads\/2021\/07\/EMM-VPrincipal-scaled.jpg","width":2560,"height":1058,"caption":"Tu mejor opci\u00f3n Equipo M\u00e9dico M\u00e9xico"},"image":{"@id":"https:\/\/buscoequipomedico.com\/#\/schema\/logo\/image\/"}}]}},"_links":{"self":[{"href":"https:\/\/buscoequipomedico.com\/index.php?rest_route=\/wp\/v2\/product\/15932","targetHints":{"allow":["GET"]}}],"collection":[{"href":"https:\/\/buscoequipomedico.com\/index.php?rest_route=\/wp\/v2\/product"}],"about":[{"href":"https:\/\/buscoequipomedico.com\/index.php?rest_route=\/wp\/v2\/types\/product"}],"wp:featuredmedia":[{"embeddable":true,"href":"https:\/\/buscoequipomedico.com\/index.php?rest_route=\/wp\/v2\/media\/15933"}],"wp:attachment":[{"href":"https:\/\/buscoequipomedico.com\/index.php?rest_route=%2Fwp%2Fv2%2Fmedia&parent=15932"}],"wp:term":[{"taxonomy":"product_brand","embeddable":true,"href":"https:\/\/buscoequipomedico.com\/index.php?rest_route=%2Fwp%2Fv2%2Fproduct_brand&post=15932"},{"taxonomy":"product_cat","embeddable":true,"href":"https:\/\/buscoequipomedico.com\/index.php?rest_route=%2Fwp%2Fv2%2Fproduct_cat&post=15932"},{"taxonomy":"product_tag","embeddable":true,"href":"https:\/\/buscoequipomedico.com\/index.php?rest_route=%2Fwp%2Fv2%2Fproduct_tag&post=15932"}],"curies":[{"name":"wp","href":"https:\/\/api.w.org\/{rel}","templated":true}]}}