{"id":15936,"date":"2021-10-07T00:55:33","date_gmt":"2021-10-07T05:55:33","guid":{"rendered":"https:\/\/equipomedicomexico-com.preview-domain.com\/?post_type=product&#038;p=15936"},"modified":"2021-10-07T00:55:33","modified_gmt":"2021-10-07T05:55:33","slug":"bascula-digital-silla-360","status":"publish","type":"product","link":"https:\/\/buscoequipomedico.com\/?product=bascula-digital-silla-360","title":{"rendered":"B\u00e1scula Digital Silla 360 Con Ruedas Pierneras 300Kg Div 50g\/ 100g Tara Auto Hold BM954"},"content":{"rendered":"<p><strong>CARACTER\u00cdSTICAS<\/strong><\/p>\n<p>El asiento c\u00f3modo proporciona estabilidad y los apoyabrazos plegables individualmente hacia atr\u00e1s y los reposapi\u00e9s plegables aumentan la facilidad de manejo.<br \/>\nLos frenos para las ruedas traseras ofrecen seguridad a la hora de sentarse y de levantarse.<br \/>\nLa posici\u00f3n del visualizador detr\u00e1s de la silla permite un trabajo intuitivo con m\u00faltiples funciones como TARA, HOLD y BMI.<br \/>\nCon la tecnolog\u00eda inal\u00e1mbrica seca 360\u00b0 wireless, pulsando un bot\u00f3n es posible enviar los valores de medici\u00f3n a una impresora inal\u00e1mbrica seca o al PC.<br \/>\nEsta b\u00e1scula de silla m\u00f3vil con alimentaci\u00f3n opcional a trav\u00e9s de la red o mediante bater\u00eda, presta en cualquier lugar una ayuda de un valor incalculable, ya sea en la rehabilitaci\u00f3n, la ortopedia, la di\u00e1lisis, en el \u00e1rea de la asistencia a personas mayores y de cuidados o incluso en la pediatr\u00eda.<br \/>\nAs\u00ed es posible pesar sentados c\u00f3modamente a los ni\u00f1os peque\u00f1os que a\u00fan no pueden mantenerse de pie.<br \/>\nPr\u00e1ctico: la bolsa de transporte suministrada seca 471 almacena el bloque de alimentaci\u00f3n directamente cerca de la b\u00e1scula.<br \/>\nValores precisos en cada caso.<br \/>\nDado que el punto cero de la funci\u00f3n de pesaje puede variar por factores externos, precisamente cuando se trata de una b\u00e1scula de alta sensibilidad, la electr\u00f3nica de esta b\u00e1scula silla lo controla y reajusta autom\u00e1ticamente en cada segundo.<br \/>\nLa funci\u00f3n de amortiguaci\u00f3n de la b\u00e1scula seca 954 tambi\u00e9n asegura el pesaje preciso de pacientes<br \/>\ninquietos.<br \/>\nCon una funci\u00f3n adicional: mediante la simple pulsaci\u00f3n de una tecla, la b\u00e1scula seca 954 tambi\u00e9n comprueba autom\u00e1ticamente el \u00cdndice de Masa Corporal (BMI) y as\u00ed el estado nutricional del paciente.<\/p>\n<p><strong>ESPECIFICACIONES T\u00c9CNICAS<\/strong><\/p>\n<p>Capacidad: 300 kg \/ 660 lbs<br \/>\nDivisi\u00f3n: 50 g &lt; 150 kg &gt; 100 g \/ 0.1 lbs &lt; 330 lbs &gt; 0.2 lbs<br \/>\nDimensiones (AxAxP): 563 x 897 x 978 mm \/ 22,2 x 35,3 x 38,5\u2033<br \/>\nPeso: 24,5 kg \/ 54 lbs<br \/>\nAlimentaci\u00f3n: red el\u00e9ctrica \/ pilas<\/p>\n","protected":false},"excerpt":{"rendered":"<p><strong>BASCULA<\/strong>\u00a0 BM954 DIGITAL SILLA 360 CON RUEDAS PIERNERAS 300kg DIV 50g y 100g TARA AUTO-HOLD. El asiento c\u00f3modo proporciona estabilidad y los apoyabrazos plegables individualmente hacia atr\u00e1s y los reposapi\u00e9s plegables aumentan la facilidad de manejo. Los frenos para las ruedas traseras ofrecen seguridad a la hora de sentarse y de levantarse.<\/p>\n<p>&nbsp;<\/p>\n","protected":false},"featured_media":15937,"template":"","meta":{"_joinchat":[]},"product_brand":[],"product_cat":[398],"product_tag":[388,399,389],"class_list":{"0":"post-15936","1":"product","2":"type-product","3":"status-publish","4":"has-post-thumbnail","6":"product_cat-basculas-2","7":"product_tag-basculas","8":"product_tag-medicion","9":"product_tag-seca","11":"first","12":"instock","13":"shipping-taxable","14":"product-type-simple"},"yoast_head":"<!-- This site is optimized with the Yoast SEO plugin v25.1 - https:\/\/yoast.com\/wordpress\/plugins\/seo\/ -->\n<title>B\u00e1scula Digital Silla 360 Con Ruedas Pierneras 300Kg Div 50g\/ 100g Tara Auto Hold BM954 - Tu mejor opci\u00f3n Equipo M\u00e9dico M\u00e9xico<\/title>\n<meta name=\"robots\" content=\"index, follow, max-snippet:-1, max-image-preview:large, max-video-preview:-1\" \/>\n<link rel=\"canonical\" href=\"https:\/\/buscoequipomedico.com\/?product=bascula-digital-silla-360\" \/>\n<meta property=\"og:locale\" content=\"es_ES\" \/>\n<meta property=\"og:type\" content=\"article\" \/>\n<meta property=\"og:title\" content=\"B\u00e1scula Digital Silla 360 Con Ruedas Pierneras 300Kg Div 50g\/ 100g Tara Auto Hold BM954 - Tu mejor opci\u00f3n Equipo M\u00e9dico M\u00e9xico\" \/>\n<meta property=\"og:description\" content=\"BASCULA\u00a0 BM954 DIGITAL SILLA 360 CON RUEDAS PIERNERAS 300kg DIV 50g y 100g TARA AUTO-HOLD. El asiento c\u00f3modo proporciona estabilidad y los apoyabrazos plegables individualmente hacia atr\u00e1s y los reposapi\u00e9s plegables aumentan la facilidad de manejo. Los frenos para las ruedas traseras ofrecen seguridad a la hora de sentarse y de levantarse.  &nbsp;\" \/>\n<meta property=\"og:url\" content=\"https:\/\/buscoequipomedico.com\/?product=bascula-digital-silla-360\" \/>\n<meta property=\"og:site_name\" content=\"Tu mejor opci\u00f3n Equipo M\u00e9dico M\u00e9xico\" \/>\n<meta property=\"og:image\" content=\"https:\/\/buscoequipomedico.com\/wp-content\/uploads\/2021\/10\/BM954.jpg\" \/>\n\t<meta property=\"og:image:width\" content=\"600\" \/>\n\t<meta property=\"og:image:height\" content=\"600\" \/>\n\t<meta property=\"og:image:type\" content=\"image\/jpeg\" \/>\n<meta name=\"twitter:card\" content=\"summary_large_image\" \/>\n<meta name=\"twitter:label1\" content=\"Tiempo de lectura\" \/>\n\t<meta name=\"twitter:data1\" content=\"2 minutos\" \/>\n<script type=\"application\/ld+json\" class=\"yoast-schema-graph\">{\"@context\":\"https:\/\/schema.org\",\"@graph\":[{\"@type\":\"WebPage\",\"@id\":\"https:\/\/buscoequipomedico.com\/?product=bascula-digital-silla-360\",\"url\":\"https:\/\/buscoequipomedico.com\/?product=bascula-digital-silla-360\",\"name\":\"B\u00e1scula Digital Silla 360 Con Ruedas Pierneras 300Kg Div 50g\/ 100g Tara Auto Hold BM954 - Tu mejor opci\u00f3n Equipo M\u00e9dico M\u00e9xico\",\"isPartOf\":{\"@id\":\"https:\/\/buscoequipomedico.com\/#website\"},\"primaryImageOfPage\":{\"@id\":\"https:\/\/buscoequipomedico.com\/?product=bascula-digital-silla-360#primaryimage\"},\"image\":{\"@id\":\"https:\/\/buscoequipomedico.com\/?product=bascula-digital-silla-360#primaryimage\"},\"thumbnailUrl\":\"https:\/\/buscoequipomedico.com\/wp-content\/uploads\/2021\/10\/BM954.jpg\",\"datePublished\":\"2021-10-07T05:55:33+00:00\",\"breadcrumb\":{\"@id\":\"https:\/\/buscoequipomedico.com\/?product=bascula-digital-silla-360#breadcrumb\"},\"inLanguage\":\"es\",\"potentialAction\":[{\"@type\":\"ReadAction\",\"target\":[\"https:\/\/buscoequipomedico.com\/?product=bascula-digital-silla-360\"]}]},{\"@type\":\"ImageObject\",\"inLanguage\":\"es\",\"@id\":\"https:\/\/buscoequipomedico.com\/?product=bascula-digital-silla-360#primaryimage\",\"url\":\"https:\/\/buscoequipomedico.com\/wp-content\/uploads\/2021\/10\/BM954.jpg\",\"contentUrl\":\"https:\/\/buscoequipomedico.com\/wp-content\/uploads\/2021\/10\/BM954.jpg\",\"width\":600,\"height\":600,\"caption\":\"BM954 BASCULA\"},{\"@type\":\"BreadcrumbList\",\"@id\":\"https:\/\/buscoequipomedico.com\/?product=bascula-digital-silla-360#breadcrumb\",\"itemListElement\":[{\"@type\":\"ListItem\",\"position\":1,\"name\":\"Productos\",\"item\":\"https:\/\/buscoequipomedico.com\/shop\/\"},{\"@type\":\"ListItem\",\"position\":2,\"name\":\"B\u00e1scula Digital Silla 360 Con Ruedas Pierneras 300Kg Div 50g\/ 100g Tara Auto Hold BM954\"}]},{\"@type\":\"WebSite\",\"@id\":\"https:\/\/buscoequipomedico.com\/#website\",\"url\":\"https:\/\/buscoequipomedico.com\/\",\"name\":\"Tu mejor opci\u00f3n Equipo M\u00e9dico M\u00e9xico\",\"description\":\"Tienda de equipo m\u00e9dico\",\"publisher\":{\"@id\":\"https:\/\/buscoequipomedico.com\/#organization\"},\"potentialAction\":[{\"@type\":\"SearchAction\",\"target\":{\"@type\":\"EntryPoint\",\"urlTemplate\":\"https:\/\/buscoequipomedico.com\/?s={search_term_string}\"},\"query-input\":{\"@type\":\"PropertyValueSpecification\",\"valueRequired\":true,\"valueName\":\"search_term_string\"}}],\"inLanguage\":\"es\"},{\"@type\":\"Organization\",\"@id\":\"https:\/\/buscoequipomedico.com\/#organization\",\"name\":\"Tu mejor opci\u00f3n Equipo M\u00e9dico M\u00e9xico\",\"url\":\"https:\/\/buscoequipomedico.com\/\",\"logo\":{\"@type\":\"ImageObject\",\"inLanguage\":\"es\",\"@id\":\"https:\/\/buscoequipomedico.com\/#\/schema\/logo\/image\/\",\"url\":\"https:\/\/buscoequipomedico.com\/wp-content\/uploads\/2021\/07\/EMM-VPrincipal-scaled.jpg\",\"contentUrl\":\"https:\/\/buscoequipomedico.com\/wp-content\/uploads\/2021\/07\/EMM-VPrincipal-scaled.jpg\",\"width\":2560,\"height\":1058,\"caption\":\"Tu mejor opci\u00f3n Equipo M\u00e9dico M\u00e9xico\"},\"image\":{\"@id\":\"https:\/\/buscoequipomedico.com\/#\/schema\/logo\/image\/\"}}]}<\/script>\n<!-- \/ Yoast SEO plugin. -->","yoast_head_json":{"title":"B\u00e1scula Digital Silla 360 Con Ruedas Pierneras 300Kg Div 50g\/ 100g Tara Auto Hold BM954 - Tu mejor opci\u00f3n Equipo M\u00e9dico M\u00e9xico","robots":{"index":"index","follow":"follow","max-snippet":"max-snippet:-1","max-image-preview":"max-image-preview:large","max-video-preview":"max-video-preview:-1"},"canonical":"https:\/\/buscoequipomedico.com\/?product=bascula-digital-silla-360","og_locale":"es_ES","og_type":"article","og_title":"B\u00e1scula Digital Silla 360 Con Ruedas Pierneras 300Kg Div 50g\/ 100g Tara Auto Hold BM954 - Tu mejor opci\u00f3n Equipo M\u00e9dico M\u00e9xico","og_description":"BASCULA\u00a0 BM954 DIGITAL SILLA 360 CON RUEDAS PIERNERAS 300kg DIV 50g y 100g TARA AUTO-HOLD. El asiento c\u00f3modo proporciona estabilidad y los apoyabrazos plegables individualmente hacia atr\u00e1s y los reposapi\u00e9s plegables aumentan la facilidad de manejo. Los frenos para las ruedas traseras ofrecen seguridad a la hora de sentarse y de levantarse.  &nbsp;","og_url":"https:\/\/buscoequipomedico.com\/?product=bascula-digital-silla-360","og_site_name":"Tu mejor opci\u00f3n Equipo M\u00e9dico M\u00e9xico","og_image":[{"width":600,"height":600,"url":"https:\/\/buscoequipomedico.com\/wp-content\/uploads\/2021\/10\/BM954.jpg","type":"image\/jpeg"}],"twitter_card":"summary_large_image","twitter_misc":{"Tiempo de lectura":"2 minutos"},"schema":{"@context":"https:\/\/schema.org","@graph":[{"@type":"WebPage","@id":"https:\/\/buscoequipomedico.com\/?product=bascula-digital-silla-360","url":"https:\/\/buscoequipomedico.com\/?product=bascula-digital-silla-360","name":"B\u00e1scula Digital Silla 360 Con Ruedas Pierneras 300Kg Div 50g\/ 100g Tara Auto Hold BM954 - Tu mejor opci\u00f3n Equipo M\u00e9dico M\u00e9xico","isPartOf":{"@id":"https:\/\/buscoequipomedico.com\/#website"},"primaryImageOfPage":{"@id":"https:\/\/buscoequipomedico.com\/?product=bascula-digital-silla-360#primaryimage"},"image":{"@id":"https:\/\/buscoequipomedico.com\/?product=bascula-digital-silla-360#primaryimage"},"thumbnailUrl":"https:\/\/buscoequipomedico.com\/wp-content\/uploads\/2021\/10\/BM954.jpg","datePublished":"2021-10-07T05:55:33+00:00","breadcrumb":{"@id":"https:\/\/buscoequipomedico.com\/?product=bascula-digital-silla-360#breadcrumb"},"inLanguage":"es","potentialAction":[{"@type":"ReadAction","target":["https:\/\/buscoequipomedico.com\/?product=bascula-digital-silla-360"]}]},{"@type":"ImageObject","inLanguage":"es","@id":"https:\/\/buscoequipomedico.com\/?product=bascula-digital-silla-360#primaryimage","url":"https:\/\/buscoequipomedico.com\/wp-content\/uploads\/2021\/10\/BM954.jpg","contentUrl":"https:\/\/buscoequipomedico.com\/wp-content\/uploads\/2021\/10\/BM954.jpg","width":600,"height":600,"caption":"BM954 BASCULA"},{"@type":"BreadcrumbList","@id":"https:\/\/buscoequipomedico.com\/?product=bascula-digital-silla-360#breadcrumb","itemListElement":[{"@type":"ListItem","position":1,"name":"Productos","item":"https:\/\/buscoequipomedico.com\/shop\/"},{"@type":"ListItem","position":2,"name":"B\u00e1scula Digital Silla 360 Con Ruedas Pierneras 300Kg Div 50g\/ 100g Tara Auto Hold BM954"}]},{"@type":"WebSite","@id":"https:\/\/buscoequipomedico.com\/#website","url":"https:\/\/buscoequipomedico.com\/","name":"Tu mejor opci\u00f3n Equipo M\u00e9dico M\u00e9xico","description":"Tienda de equipo m\u00e9dico","publisher":{"@id":"https:\/\/buscoequipomedico.com\/#organization"},"potentialAction":[{"@type":"SearchAction","target":{"@type":"EntryPoint","urlTemplate":"https:\/\/buscoequipomedico.com\/?s={search_term_string}"},"query-input":{"@type":"PropertyValueSpecification","valueRequired":true,"valueName":"search_term_string"}}],"inLanguage":"es"},{"@type":"Organization","@id":"https:\/\/buscoequipomedico.com\/#organization","name":"Tu mejor opci\u00f3n Equipo M\u00e9dico M\u00e9xico","url":"https:\/\/buscoequipomedico.com\/","logo":{"@type":"ImageObject","inLanguage":"es","@id":"https:\/\/buscoequipomedico.com\/#\/schema\/logo\/image\/","url":"https:\/\/buscoequipomedico.com\/wp-content\/uploads\/2021\/07\/EMM-VPrincipal-scaled.jpg","contentUrl":"https:\/\/buscoequipomedico.com\/wp-content\/uploads\/2021\/07\/EMM-VPrincipal-scaled.jpg","width":2560,"height":1058,"caption":"Tu mejor opci\u00f3n Equipo M\u00e9dico M\u00e9xico"},"image":{"@id":"https:\/\/buscoequipomedico.com\/#\/schema\/logo\/image\/"}}]}},"_links":{"self":[{"href":"https:\/\/buscoequipomedico.com\/index.php?rest_route=\/wp\/v2\/product\/15936","targetHints":{"allow":["GET"]}}],"collection":[{"href":"https:\/\/buscoequipomedico.com\/index.php?rest_route=\/wp\/v2\/product"}],"about":[{"href":"https:\/\/buscoequipomedico.com\/index.php?rest_route=\/wp\/v2\/types\/product"}],"wp:featuredmedia":[{"embeddable":true,"href":"https:\/\/buscoequipomedico.com\/index.php?rest_route=\/wp\/v2\/media\/15937"}],"wp:attachment":[{"href":"https:\/\/buscoequipomedico.com\/index.php?rest_route=%2Fwp%2Fv2%2Fmedia&parent=15936"}],"wp:term":[{"taxonomy":"product_brand","embeddable":true,"href":"https:\/\/buscoequipomedico.com\/index.php?rest_route=%2Fwp%2Fv2%2Fproduct_brand&post=15936"},{"taxonomy":"product_cat","embeddable":true,"href":"https:\/\/buscoequipomedico.com\/index.php?rest_route=%2Fwp%2Fv2%2Fproduct_cat&post=15936"},{"taxonomy":"product_tag","embeddable":true,"href":"https:\/\/buscoequipomedico.com\/index.php?rest_route=%2Fwp%2Fv2%2Fproduct_tag&post=15936"}],"curies":[{"name":"wp","href":"https:\/\/api.w.org\/{rel}","templated":true}]}}