{"id":15939,"date":"2021-10-07T01:01:49","date_gmt":"2021-10-07T06:01:49","guid":{"rendered":"https:\/\/equipomedicomexico-com.preview-domain.com\/?post_type=product&#038;p=15939"},"modified":"2021-10-07T01:05:05","modified_gmt":"2021-10-07T06:05:05","slug":"bm-852-bascula-digital-porcionadora","status":"publish","type":"product","link":"https:\/\/buscoequipomedico.com\/?product=bm-852-bascula-digital-porcionadora","title":{"rendered":"BM 852 B\u00e1scula Digital Porcionadora Y Diet\u00e9tica 3Kg Div 1g Tara"},"content":{"rendered":"<p><strong>CARACTER\u00cdSTICAS<\/strong><\/p>\n<p>El manejo de esta b\u00e1scula con funci\u00f3n TARA es maravillosa- mente f\u00e1cil, puesto que permite volver la tara de la b\u00e1scula al punto cero una y otra vez, independientemente de las cantidades ya acumuladas en la fuente.<\/p>\n<p><strong>ESPECIFICACIONES T\u00c9CNICAS<\/strong><\/p>\n<p>Peso total: 1.10<br \/>\nCapacidad: 3 kg, 7 lbs<br \/>\nDivisi\u00f3n (g): 1 g \/ 0,05 oz<br \/>\nAlimentaci\u00f3n: Bater\u00eda<br \/>\nDimensiones (AxAxP): 210 x 140 x 210 mm , 8,3 x 5,5 x 8,3 inch<br \/>\nPeso neto: 710 g , 1,6 lbs<br \/>\nFunciones: desconexi\u00f3n autom\u00e1tica, TARA, conmutaci\u00f3n kg\/lbs<br \/>\nCE: CE<\/p>\n","protected":false},"excerpt":{"rendered":"<p><strong>Bascula<\/strong> digital para \u00f3rganos y pa\u00f1ales con superficie de acero inoxidable 5 kg div 1g tara hold, para realizar su pedido utilice la clave del producto <strong>bm852\u00a0<\/strong><\/p>\n","protected":false},"featured_media":15940,"template":"","meta":{"_joinchat":[]},"product_brand":[],"product_cat":[398],"product_tag":[402,389],"class_list":{"0":"post-15939","1":"product","2":"type-product","3":"status-publish","4":"has-post-thumbnail","6":"product_cat-basculas-2","7":"product_tag-basculas-medicion","8":"product_tag-seca","10":"first","11":"instock","12":"shipping-taxable","13":"product-type-simple"},"yoast_head":"<!-- This site is optimized with the Yoast SEO plugin v25.1 - https:\/\/yoast.com\/wordpress\/plugins\/seo\/ -->\n<title>BM 852 B\u00e1scula Digital Porcionadora Y Diet\u00e9tica 3Kg Div 1g Tara - Tu mejor opci\u00f3n Equipo M\u00e9dico M\u00e9xico<\/title>\n<meta name=\"robots\" content=\"index, follow, max-snippet:-1, max-image-preview:large, max-video-preview:-1\" \/>\n<link rel=\"canonical\" href=\"https:\/\/buscoequipomedico.com\/?product=bm-852-bascula-digital-porcionadora\" \/>\n<meta property=\"og:locale\" content=\"es_ES\" \/>\n<meta property=\"og:type\" content=\"article\" \/>\n<meta property=\"og:title\" content=\"BM 852 B\u00e1scula Digital Porcionadora Y Diet\u00e9tica 3Kg Div 1g Tara - Tu mejor opci\u00f3n Equipo M\u00e9dico M\u00e9xico\" \/>\n<meta property=\"og:description\" content=\"Bascula digital para \u00f3rganos y pa\u00f1ales con superficie de acero inoxidable 5 kg div 1g tara hold, para realizar su pedido utilice la clave del producto bm852\u00a0\" \/>\n<meta property=\"og:url\" content=\"https:\/\/buscoequipomedico.com\/?product=bm-852-bascula-digital-porcionadora\" \/>\n<meta property=\"og:site_name\" content=\"Tu mejor opci\u00f3n Equipo M\u00e9dico M\u00e9xico\" \/>\n<meta property=\"article:modified_time\" content=\"2021-10-07T06:05:05+00:00\" \/>\n<meta property=\"og:image\" content=\"https:\/\/buscoequipomedico.com\/wp-content\/uploads\/2021\/10\/BM852.jpg\" \/>\n\t<meta property=\"og:image:width\" content=\"600\" \/>\n\t<meta property=\"og:image:height\" content=\"600\" \/>\n\t<meta property=\"og:image:type\" content=\"image\/jpeg\" \/>\n<meta name=\"twitter:card\" content=\"summary_large_image\" \/>\n<script type=\"application\/ld+json\" class=\"yoast-schema-graph\">{\"@context\":\"https:\/\/schema.org\",\"@graph\":[{\"@type\":\"WebPage\",\"@id\":\"https:\/\/buscoequipomedico.com\/?product=bm-852-bascula-digital-porcionadora\",\"url\":\"https:\/\/buscoequipomedico.com\/?product=bm-852-bascula-digital-porcionadora\",\"name\":\"BM 852 B\u00e1scula Digital Porcionadora Y Diet\u00e9tica 3Kg Div 1g Tara - Tu mejor opci\u00f3n Equipo M\u00e9dico M\u00e9xico\",\"isPartOf\":{\"@id\":\"https:\/\/buscoequipomedico.com\/#website\"},\"primaryImageOfPage\":{\"@id\":\"https:\/\/buscoequipomedico.com\/?product=bm-852-bascula-digital-porcionadora#primaryimage\"},\"image\":{\"@id\":\"https:\/\/buscoequipomedico.com\/?product=bm-852-bascula-digital-porcionadora#primaryimage\"},\"thumbnailUrl\":\"https:\/\/buscoequipomedico.com\/wp-content\/uploads\/2021\/10\/BM852.jpg\",\"datePublished\":\"2021-10-07T06:01:49+00:00\",\"dateModified\":\"2021-10-07T06:05:05+00:00\",\"breadcrumb\":{\"@id\":\"https:\/\/buscoequipomedico.com\/?product=bm-852-bascula-digital-porcionadora#breadcrumb\"},\"inLanguage\":\"es\",\"potentialAction\":[{\"@type\":\"ReadAction\",\"target\":[\"https:\/\/buscoequipomedico.com\/?product=bm-852-bascula-digital-porcionadora\"]}]},{\"@type\":\"ImageObject\",\"inLanguage\":\"es\",\"@id\":\"https:\/\/buscoequipomedico.com\/?product=bm-852-bascula-digital-porcionadora#primaryimage\",\"url\":\"https:\/\/buscoequipomedico.com\/wp-content\/uploads\/2021\/10\/BM852.jpg\",\"contentUrl\":\"https:\/\/buscoequipomedico.com\/wp-content\/uploads\/2021\/10\/BM852.jpg\",\"width\":600,\"height\":600,\"caption\":\"BM852 BASCULA\"},{\"@type\":\"BreadcrumbList\",\"@id\":\"https:\/\/buscoequipomedico.com\/?product=bm-852-bascula-digital-porcionadora#breadcrumb\",\"itemListElement\":[{\"@type\":\"ListItem\",\"position\":1,\"name\":\"Productos\",\"item\":\"https:\/\/buscoequipomedico.com\/shop\/\"},{\"@type\":\"ListItem\",\"position\":2,\"name\":\"BM 852 B\u00e1scula Digital Porcionadora Y Diet\u00e9tica 3Kg Div 1g Tara\"}]},{\"@type\":\"WebSite\",\"@id\":\"https:\/\/buscoequipomedico.com\/#website\",\"url\":\"https:\/\/buscoequipomedico.com\/\",\"name\":\"Tu mejor opci\u00f3n Equipo M\u00e9dico M\u00e9xico\",\"description\":\"Tienda de equipo m\u00e9dico\",\"publisher\":{\"@id\":\"https:\/\/buscoequipomedico.com\/#organization\"},\"potentialAction\":[{\"@type\":\"SearchAction\",\"target\":{\"@type\":\"EntryPoint\",\"urlTemplate\":\"https:\/\/buscoequipomedico.com\/?s={search_term_string}\"},\"query-input\":{\"@type\":\"PropertyValueSpecification\",\"valueRequired\":true,\"valueName\":\"search_term_string\"}}],\"inLanguage\":\"es\"},{\"@type\":\"Organization\",\"@id\":\"https:\/\/buscoequipomedico.com\/#organization\",\"name\":\"Tu mejor opci\u00f3n Equipo M\u00e9dico M\u00e9xico\",\"url\":\"https:\/\/buscoequipomedico.com\/\",\"logo\":{\"@type\":\"ImageObject\",\"inLanguage\":\"es\",\"@id\":\"https:\/\/buscoequipomedico.com\/#\/schema\/logo\/image\/\",\"url\":\"https:\/\/buscoequipomedico.com\/wp-content\/uploads\/2021\/07\/EMM-VPrincipal-scaled.jpg\",\"contentUrl\":\"https:\/\/buscoequipomedico.com\/wp-content\/uploads\/2021\/07\/EMM-VPrincipal-scaled.jpg\",\"width\":2560,\"height\":1058,\"caption\":\"Tu mejor opci\u00f3n Equipo M\u00e9dico M\u00e9xico\"},\"image\":{\"@id\":\"https:\/\/buscoequipomedico.com\/#\/schema\/logo\/image\/\"}}]}<\/script>\n<!-- \/ Yoast SEO plugin. -->","yoast_head_json":{"title":"BM 852 B\u00e1scula Digital Porcionadora Y Diet\u00e9tica 3Kg Div 1g Tara - Tu mejor opci\u00f3n Equipo M\u00e9dico M\u00e9xico","robots":{"index":"index","follow":"follow","max-snippet":"max-snippet:-1","max-image-preview":"max-image-preview:large","max-video-preview":"max-video-preview:-1"},"canonical":"https:\/\/buscoequipomedico.com\/?product=bm-852-bascula-digital-porcionadora","og_locale":"es_ES","og_type":"article","og_title":"BM 852 B\u00e1scula Digital Porcionadora Y Diet\u00e9tica 3Kg Div 1g Tara - Tu mejor opci\u00f3n Equipo M\u00e9dico M\u00e9xico","og_description":"Bascula digital para \u00f3rganos y pa\u00f1ales con superficie de acero inoxidable 5 kg div 1g tara hold, para realizar su pedido utilice la clave del producto bm852\u00a0","og_url":"https:\/\/buscoequipomedico.com\/?product=bm-852-bascula-digital-porcionadora","og_site_name":"Tu mejor opci\u00f3n Equipo M\u00e9dico M\u00e9xico","article_modified_time":"2021-10-07T06:05:05+00:00","og_image":[{"width":600,"height":600,"url":"https:\/\/buscoequipomedico.com\/wp-content\/uploads\/2021\/10\/BM852.jpg","type":"image\/jpeg"}],"twitter_card":"summary_large_image","schema":{"@context":"https:\/\/schema.org","@graph":[{"@type":"WebPage","@id":"https:\/\/buscoequipomedico.com\/?product=bm-852-bascula-digital-porcionadora","url":"https:\/\/buscoequipomedico.com\/?product=bm-852-bascula-digital-porcionadora","name":"BM 852 B\u00e1scula Digital Porcionadora Y Diet\u00e9tica 3Kg Div 1g Tara - Tu mejor opci\u00f3n Equipo M\u00e9dico M\u00e9xico","isPartOf":{"@id":"https:\/\/buscoequipomedico.com\/#website"},"primaryImageOfPage":{"@id":"https:\/\/buscoequipomedico.com\/?product=bm-852-bascula-digital-porcionadora#primaryimage"},"image":{"@id":"https:\/\/buscoequipomedico.com\/?product=bm-852-bascula-digital-porcionadora#primaryimage"},"thumbnailUrl":"https:\/\/buscoequipomedico.com\/wp-content\/uploads\/2021\/10\/BM852.jpg","datePublished":"2021-10-07T06:01:49+00:00","dateModified":"2021-10-07T06:05:05+00:00","breadcrumb":{"@id":"https:\/\/buscoequipomedico.com\/?product=bm-852-bascula-digital-porcionadora#breadcrumb"},"inLanguage":"es","potentialAction":[{"@type":"ReadAction","target":["https:\/\/buscoequipomedico.com\/?product=bm-852-bascula-digital-porcionadora"]}]},{"@type":"ImageObject","inLanguage":"es","@id":"https:\/\/buscoequipomedico.com\/?product=bm-852-bascula-digital-porcionadora#primaryimage","url":"https:\/\/buscoequipomedico.com\/wp-content\/uploads\/2021\/10\/BM852.jpg","contentUrl":"https:\/\/buscoequipomedico.com\/wp-content\/uploads\/2021\/10\/BM852.jpg","width":600,"height":600,"caption":"BM852 BASCULA"},{"@type":"BreadcrumbList","@id":"https:\/\/buscoequipomedico.com\/?product=bm-852-bascula-digital-porcionadora#breadcrumb","itemListElement":[{"@type":"ListItem","position":1,"name":"Productos","item":"https:\/\/buscoequipomedico.com\/shop\/"},{"@type":"ListItem","position":2,"name":"BM 852 B\u00e1scula Digital Porcionadora Y Diet\u00e9tica 3Kg Div 1g Tara"}]},{"@type":"WebSite","@id":"https:\/\/buscoequipomedico.com\/#website","url":"https:\/\/buscoequipomedico.com\/","name":"Tu mejor opci\u00f3n Equipo M\u00e9dico M\u00e9xico","description":"Tienda de equipo m\u00e9dico","publisher":{"@id":"https:\/\/buscoequipomedico.com\/#organization"},"potentialAction":[{"@type":"SearchAction","target":{"@type":"EntryPoint","urlTemplate":"https:\/\/buscoequipomedico.com\/?s={search_term_string}"},"query-input":{"@type":"PropertyValueSpecification","valueRequired":true,"valueName":"search_term_string"}}],"inLanguage":"es"},{"@type":"Organization","@id":"https:\/\/buscoequipomedico.com\/#organization","name":"Tu mejor opci\u00f3n Equipo M\u00e9dico M\u00e9xico","url":"https:\/\/buscoequipomedico.com\/","logo":{"@type":"ImageObject","inLanguage":"es","@id":"https:\/\/buscoequipomedico.com\/#\/schema\/logo\/image\/","url":"https:\/\/buscoequipomedico.com\/wp-content\/uploads\/2021\/07\/EMM-VPrincipal-scaled.jpg","contentUrl":"https:\/\/buscoequipomedico.com\/wp-content\/uploads\/2021\/07\/EMM-VPrincipal-scaled.jpg","width":2560,"height":1058,"caption":"Tu mejor opci\u00f3n Equipo M\u00e9dico M\u00e9xico"},"image":{"@id":"https:\/\/buscoequipomedico.com\/#\/schema\/logo\/image\/"}}]}},"_links":{"self":[{"href":"https:\/\/buscoequipomedico.com\/index.php?rest_route=\/wp\/v2\/product\/15939","targetHints":{"allow":["GET"]}}],"collection":[{"href":"https:\/\/buscoequipomedico.com\/index.php?rest_route=\/wp\/v2\/product"}],"about":[{"href":"https:\/\/buscoequipomedico.com\/index.php?rest_route=\/wp\/v2\/types\/product"}],"wp:featuredmedia":[{"embeddable":true,"href":"https:\/\/buscoequipomedico.com\/index.php?rest_route=\/wp\/v2\/media\/15940"}],"wp:attachment":[{"href":"https:\/\/buscoequipomedico.com\/index.php?rest_route=%2Fwp%2Fv2%2Fmedia&parent=15939"}],"wp:term":[{"taxonomy":"product_brand","embeddable":true,"href":"https:\/\/buscoequipomedico.com\/index.php?rest_route=%2Fwp%2Fv2%2Fproduct_brand&post=15939"},{"taxonomy":"product_cat","embeddable":true,"href":"https:\/\/buscoequipomedico.com\/index.php?rest_route=%2Fwp%2Fv2%2Fproduct_cat&post=15939"},{"taxonomy":"product_tag","embeddable":true,"href":"https:\/\/buscoequipomedico.com\/index.php?rest_route=%2Fwp%2Fv2%2Fproduct_tag&post=15939"}],"curies":[{"name":"wp","href":"https:\/\/api.w.org\/{rel}","templated":true}]}}