{"id":15945,"date":"2021-10-07T01:22:50","date_gmt":"2021-10-07T06:22:50","guid":{"rendered":"https:\/\/equipomedicomexico-com.preview-domain.com\/?post_type=product&#038;p=15945"},"modified":"2021-10-07T01:22:50","modified_gmt":"2021-10-07T06:22:50","slug":"bascula-digital-plataforma-scale","status":"publish","type":"product","link":"https:\/\/buscoequipomedico.com\/?product=bascula-digital-plataforma-scale","title":{"rendered":"BM 654 B\u00e1scula Digital Plataforma Scale-Up 360Kg Div 50g Pre-Tara Madre\/ Beb\u00e9 Auto-Hold BMI"},"content":{"rendered":"<p><strong>CARACTER\u00cdSTICAS<\/strong><\/p>\n<p>La pantalla muestra el nombre o el n\u00famero de identificaci\u00f3n (ID) de los usuarios y pacientes para mayor seguridad<br \/>\nTransmisi\u00f3n de datos controlada mediante una pantalla t\u00e1ctil<br \/>\nPrecisi\u00f3n excepcional y medici\u00f3n de alta velocidad gracias a la tecnolog\u00eda de ultrasonido perfeccionada<br \/>\nPlataforma grande fabricada con el probado Bearclaw Glass\u00ae de seca para garantizar una resistencia absoluta a las roturas y una higiene perfecta<br \/>\nLas huellas LED iluminadas en la plataforma de pesaje muestran a los pacientes la posici\u00f3n correcta para lograr una medici\u00f3n precisa del peso<br \/>\nGu\u00eda de voz como apoyo del proceso de medici\u00f3n Opcional: Pesaje seguro con barra de sujeci\u00f3n resistente<br \/>\nValidaci\u00f3n de EMR: transmite datos medidos directamente a cualquier sistema de registro m\u00e9dico electr\u00f3nico (EMR)<\/p>\n<p><strong>ESPECIFICACIONES T\u00c9CNICAS<\/strong><\/p>\n<p>Interfaces: Inal\u00e1mbrica, Ethernet<br \/>\nTipo de pantalla: Visualizaci\u00f3n del nombre del usuario y del paciente o ID<br \/>\nCapacidad:360 kg, 800 lbs<br \/>\nDivisi\u00f3n (g):50 g<br \/>\nDivisi\u00f3n (lbs):0,1 lb<br \/>\nRango de medici\u00f3n en cm:60 \u2013 220 cm<br \/>\nRango de medici\u00f3n en inch:3 ft 3\u2033 \u2013 7 ft 2 \u00bb<br \/>\nFunciones: amortiguaci\u00f3n, conmutaci\u00f3n cm\/inch, TARA, HOLD, Auto-HOLD, funci\u00f3n madre\/b\u00e9b\u00e9, Auto-borrado, conmutaci\u00f3n kg\/lbs, pre-TARA, borrar, auto-BMI<\/p>\n","protected":false},"excerpt":{"rendered":"<p><strong>B\u00e1scula<\/strong>\u00a0de plataforma electr\u00f3nica lista para EMR. Esta\u00a0<strong>b\u00e1scula<\/strong>\u00a0de plataforma, de gran tama\u00f1o y alimentada por pilas, posee una rampa integrada y es multifuncional. Permite pesar pacientes ambulatorios y, especialmente, pacientes con gran sobrepeso, pacientes en sillas de ruedas o bien con problemas circulatorios que necesiten sentarse<\/p>\n","protected":false},"featured_media":15946,"template":"","meta":{"_joinchat":[]},"product_brand":[],"product_cat":[398],"product_tag":[388,399,389],"class_list":{"0":"post-15945","1":"product","2":"type-product","3":"status-publish","4":"has-post-thumbnail","6":"product_cat-basculas-2","7":"product_tag-basculas","8":"product_tag-medicion","9":"product_tag-seca","11":"first","12":"instock","13":"shipping-taxable","14":"product-type-simple"},"yoast_head":"<!-- This site is optimized with the Yoast SEO plugin v25.1 - https:\/\/yoast.com\/wordpress\/plugins\/seo\/ -->\n<title>BM 654 B\u00e1scula Digital Plataforma Scale-Up 360Kg Div 50g Pre-Tara Madre\/ Beb\u00e9 Auto-Hold BMI - Tu mejor opci\u00f3n Equipo M\u00e9dico M\u00e9xico<\/title>\n<meta name=\"robots\" content=\"index, follow, max-snippet:-1, max-image-preview:large, max-video-preview:-1\" \/>\n<link rel=\"canonical\" href=\"https:\/\/buscoequipomedico.com\/?product=bascula-digital-plataforma-scale\" \/>\n<meta property=\"og:locale\" content=\"es_ES\" \/>\n<meta property=\"og:type\" content=\"article\" \/>\n<meta property=\"og:title\" content=\"BM 654 B\u00e1scula Digital Plataforma Scale-Up 360Kg Div 50g Pre-Tara Madre\/ Beb\u00e9 Auto-Hold BMI - Tu mejor opci\u00f3n Equipo M\u00e9dico M\u00e9xico\" \/>\n<meta property=\"og:description\" content=\"B\u00e1scula\u00a0de plataforma electr\u00f3nica lista para EMR. Esta\u00a0b\u00e1scula\u00a0de plataforma, de gran tama\u00f1o y alimentada por pilas, posee una rampa integrada y es multifuncional. Permite pesar pacientes ambulatorios y, especialmente, pacientes con gran sobrepeso, pacientes en sillas de ruedas o bien con problemas circulatorios que necesiten sentarse\" \/>\n<meta property=\"og:url\" content=\"https:\/\/buscoequipomedico.com\/?product=bascula-digital-plataforma-scale\" \/>\n<meta property=\"og:site_name\" content=\"Tu mejor opci\u00f3n Equipo M\u00e9dico M\u00e9xico\" \/>\n<meta property=\"og:image\" content=\"https:\/\/buscoequipomedico.com\/wp-content\/uploads\/2021\/10\/BM654.jpg\" \/>\n\t<meta property=\"og:image:width\" content=\"600\" \/>\n\t<meta property=\"og:image:height\" content=\"600\" \/>\n\t<meta property=\"og:image:type\" content=\"image\/jpeg\" \/>\n<meta name=\"twitter:card\" content=\"summary_large_image\" \/>\n<meta name=\"twitter:label1\" content=\"Tiempo de lectura\" \/>\n\t<meta name=\"twitter:data1\" content=\"1 minuto\" \/>\n<script type=\"application\/ld+json\" class=\"yoast-schema-graph\">{\"@context\":\"https:\/\/schema.org\",\"@graph\":[{\"@type\":\"WebPage\",\"@id\":\"https:\/\/buscoequipomedico.com\/?product=bascula-digital-plataforma-scale\",\"url\":\"https:\/\/buscoequipomedico.com\/?product=bascula-digital-plataforma-scale\",\"name\":\"BM 654 B\u00e1scula Digital Plataforma Scale-Up 360Kg Div 50g Pre-Tara Madre\/ Beb\u00e9 Auto-Hold BMI - Tu mejor opci\u00f3n Equipo M\u00e9dico M\u00e9xico\",\"isPartOf\":{\"@id\":\"https:\/\/buscoequipomedico.com\/#website\"},\"primaryImageOfPage\":{\"@id\":\"https:\/\/buscoequipomedico.com\/?product=bascula-digital-plataforma-scale#primaryimage\"},\"image\":{\"@id\":\"https:\/\/buscoequipomedico.com\/?product=bascula-digital-plataforma-scale#primaryimage\"},\"thumbnailUrl\":\"https:\/\/buscoequipomedico.com\/wp-content\/uploads\/2021\/10\/BM654.jpg\",\"datePublished\":\"2021-10-07T06:22:50+00:00\",\"breadcrumb\":{\"@id\":\"https:\/\/buscoequipomedico.com\/?product=bascula-digital-plataforma-scale#breadcrumb\"},\"inLanguage\":\"es\",\"potentialAction\":[{\"@type\":\"ReadAction\",\"target\":[\"https:\/\/buscoequipomedico.com\/?product=bascula-digital-plataforma-scale\"]}]},{\"@type\":\"ImageObject\",\"inLanguage\":\"es\",\"@id\":\"https:\/\/buscoequipomedico.com\/?product=bascula-digital-plataforma-scale#primaryimage\",\"url\":\"https:\/\/buscoequipomedico.com\/wp-content\/uploads\/2021\/10\/BM654.jpg\",\"contentUrl\":\"https:\/\/buscoequipomedico.com\/wp-content\/uploads\/2021\/10\/BM654.jpg\",\"width\":600,\"height\":600,\"caption\":\"BASCULAS BM654\"},{\"@type\":\"BreadcrumbList\",\"@id\":\"https:\/\/buscoequipomedico.com\/?product=bascula-digital-plataforma-scale#breadcrumb\",\"itemListElement\":[{\"@type\":\"ListItem\",\"position\":1,\"name\":\"Productos\",\"item\":\"https:\/\/buscoequipomedico.com\/shop\/\"},{\"@type\":\"ListItem\",\"position\":2,\"name\":\"BM 654 B\u00e1scula Digital Plataforma Scale-Up 360Kg Div 50g Pre-Tara Madre\/ Beb\u00e9 Auto-Hold BMI\"}]},{\"@type\":\"WebSite\",\"@id\":\"https:\/\/buscoequipomedico.com\/#website\",\"url\":\"https:\/\/buscoequipomedico.com\/\",\"name\":\"Tu mejor opci\u00f3n Equipo M\u00e9dico M\u00e9xico\",\"description\":\"Tienda de equipo m\u00e9dico\",\"publisher\":{\"@id\":\"https:\/\/buscoequipomedico.com\/#organization\"},\"potentialAction\":[{\"@type\":\"SearchAction\",\"target\":{\"@type\":\"EntryPoint\",\"urlTemplate\":\"https:\/\/buscoequipomedico.com\/?s={search_term_string}\"},\"query-input\":{\"@type\":\"PropertyValueSpecification\",\"valueRequired\":true,\"valueName\":\"search_term_string\"}}],\"inLanguage\":\"es\"},{\"@type\":\"Organization\",\"@id\":\"https:\/\/buscoequipomedico.com\/#organization\",\"name\":\"Tu mejor opci\u00f3n Equipo M\u00e9dico M\u00e9xico\",\"url\":\"https:\/\/buscoequipomedico.com\/\",\"logo\":{\"@type\":\"ImageObject\",\"inLanguage\":\"es\",\"@id\":\"https:\/\/buscoequipomedico.com\/#\/schema\/logo\/image\/\",\"url\":\"https:\/\/buscoequipomedico.com\/wp-content\/uploads\/2021\/07\/EMM-VPrincipal-scaled.jpg\",\"contentUrl\":\"https:\/\/buscoequipomedico.com\/wp-content\/uploads\/2021\/07\/EMM-VPrincipal-scaled.jpg\",\"width\":2560,\"height\":1058,\"caption\":\"Tu mejor opci\u00f3n Equipo M\u00e9dico M\u00e9xico\"},\"image\":{\"@id\":\"https:\/\/buscoequipomedico.com\/#\/schema\/logo\/image\/\"}}]}<\/script>\n<!-- \/ Yoast SEO plugin. -->","yoast_head_json":{"title":"BM 654 B\u00e1scula Digital Plataforma Scale-Up 360Kg Div 50g Pre-Tara Madre\/ Beb\u00e9 Auto-Hold BMI - Tu mejor opci\u00f3n Equipo M\u00e9dico M\u00e9xico","robots":{"index":"index","follow":"follow","max-snippet":"max-snippet:-1","max-image-preview":"max-image-preview:large","max-video-preview":"max-video-preview:-1"},"canonical":"https:\/\/buscoequipomedico.com\/?product=bascula-digital-plataforma-scale","og_locale":"es_ES","og_type":"article","og_title":"BM 654 B\u00e1scula Digital Plataforma Scale-Up 360Kg Div 50g Pre-Tara Madre\/ Beb\u00e9 Auto-Hold BMI - Tu mejor opci\u00f3n Equipo M\u00e9dico M\u00e9xico","og_description":"B\u00e1scula\u00a0de plataforma electr\u00f3nica lista para EMR. Esta\u00a0b\u00e1scula\u00a0de plataforma, de gran tama\u00f1o y alimentada por pilas, posee una rampa integrada y es multifuncional. Permite pesar pacientes ambulatorios y, especialmente, pacientes con gran sobrepeso, pacientes en sillas de ruedas o bien con problemas circulatorios que necesiten sentarse","og_url":"https:\/\/buscoequipomedico.com\/?product=bascula-digital-plataforma-scale","og_site_name":"Tu mejor opci\u00f3n Equipo M\u00e9dico M\u00e9xico","og_image":[{"width":600,"height":600,"url":"https:\/\/buscoequipomedico.com\/wp-content\/uploads\/2021\/10\/BM654.jpg","type":"image\/jpeg"}],"twitter_card":"summary_large_image","twitter_misc":{"Tiempo de lectura":"1 minuto"},"schema":{"@context":"https:\/\/schema.org","@graph":[{"@type":"WebPage","@id":"https:\/\/buscoequipomedico.com\/?product=bascula-digital-plataforma-scale","url":"https:\/\/buscoequipomedico.com\/?product=bascula-digital-plataforma-scale","name":"BM 654 B\u00e1scula Digital Plataforma Scale-Up 360Kg Div 50g Pre-Tara Madre\/ Beb\u00e9 Auto-Hold BMI - Tu mejor opci\u00f3n Equipo M\u00e9dico M\u00e9xico","isPartOf":{"@id":"https:\/\/buscoequipomedico.com\/#website"},"primaryImageOfPage":{"@id":"https:\/\/buscoequipomedico.com\/?product=bascula-digital-plataforma-scale#primaryimage"},"image":{"@id":"https:\/\/buscoequipomedico.com\/?product=bascula-digital-plataforma-scale#primaryimage"},"thumbnailUrl":"https:\/\/buscoequipomedico.com\/wp-content\/uploads\/2021\/10\/BM654.jpg","datePublished":"2021-10-07T06:22:50+00:00","breadcrumb":{"@id":"https:\/\/buscoequipomedico.com\/?product=bascula-digital-plataforma-scale#breadcrumb"},"inLanguage":"es","potentialAction":[{"@type":"ReadAction","target":["https:\/\/buscoequipomedico.com\/?product=bascula-digital-plataforma-scale"]}]},{"@type":"ImageObject","inLanguage":"es","@id":"https:\/\/buscoequipomedico.com\/?product=bascula-digital-plataforma-scale#primaryimage","url":"https:\/\/buscoequipomedico.com\/wp-content\/uploads\/2021\/10\/BM654.jpg","contentUrl":"https:\/\/buscoequipomedico.com\/wp-content\/uploads\/2021\/10\/BM654.jpg","width":600,"height":600,"caption":"BASCULAS BM654"},{"@type":"BreadcrumbList","@id":"https:\/\/buscoequipomedico.com\/?product=bascula-digital-plataforma-scale#breadcrumb","itemListElement":[{"@type":"ListItem","position":1,"name":"Productos","item":"https:\/\/buscoequipomedico.com\/shop\/"},{"@type":"ListItem","position":2,"name":"BM 654 B\u00e1scula Digital Plataforma Scale-Up 360Kg Div 50g Pre-Tara Madre\/ Beb\u00e9 Auto-Hold BMI"}]},{"@type":"WebSite","@id":"https:\/\/buscoequipomedico.com\/#website","url":"https:\/\/buscoequipomedico.com\/","name":"Tu mejor opci\u00f3n Equipo M\u00e9dico M\u00e9xico","description":"Tienda de equipo m\u00e9dico","publisher":{"@id":"https:\/\/buscoequipomedico.com\/#organization"},"potentialAction":[{"@type":"SearchAction","target":{"@type":"EntryPoint","urlTemplate":"https:\/\/buscoequipomedico.com\/?s={search_term_string}"},"query-input":{"@type":"PropertyValueSpecification","valueRequired":true,"valueName":"search_term_string"}}],"inLanguage":"es"},{"@type":"Organization","@id":"https:\/\/buscoequipomedico.com\/#organization","name":"Tu mejor opci\u00f3n Equipo M\u00e9dico M\u00e9xico","url":"https:\/\/buscoequipomedico.com\/","logo":{"@type":"ImageObject","inLanguage":"es","@id":"https:\/\/buscoequipomedico.com\/#\/schema\/logo\/image\/","url":"https:\/\/buscoequipomedico.com\/wp-content\/uploads\/2021\/07\/EMM-VPrincipal-scaled.jpg","contentUrl":"https:\/\/buscoequipomedico.com\/wp-content\/uploads\/2021\/07\/EMM-VPrincipal-scaled.jpg","width":2560,"height":1058,"caption":"Tu mejor opci\u00f3n Equipo M\u00e9dico M\u00e9xico"},"image":{"@id":"https:\/\/buscoequipomedico.com\/#\/schema\/logo\/image\/"}}]}},"_links":{"self":[{"href":"https:\/\/buscoequipomedico.com\/index.php?rest_route=\/wp\/v2\/product\/15945","targetHints":{"allow":["GET"]}}],"collection":[{"href":"https:\/\/buscoequipomedico.com\/index.php?rest_route=\/wp\/v2\/product"}],"about":[{"href":"https:\/\/buscoequipomedico.com\/index.php?rest_route=\/wp\/v2\/types\/product"}],"wp:featuredmedia":[{"embeddable":true,"href":"https:\/\/buscoequipomedico.com\/index.php?rest_route=\/wp\/v2\/media\/15946"}],"wp:attachment":[{"href":"https:\/\/buscoequipomedico.com\/index.php?rest_route=%2Fwp%2Fv2%2Fmedia&parent=15945"}],"wp:term":[{"taxonomy":"product_brand","embeddable":true,"href":"https:\/\/buscoequipomedico.com\/index.php?rest_route=%2Fwp%2Fv2%2Fproduct_brand&post=15945"},{"taxonomy":"product_cat","embeddable":true,"href":"https:\/\/buscoequipomedico.com\/index.php?rest_route=%2Fwp%2Fv2%2Fproduct_cat&post=15945"},{"taxonomy":"product_tag","embeddable":true,"href":"https:\/\/buscoequipomedico.com\/index.php?rest_route=%2Fwp%2Fv2%2Fproduct_tag&post=15945"}],"curies":[{"name":"wp","href":"https:\/\/api.w.org\/{rel}","templated":true}]}}