{"id":15951,"date":"2021-10-07T01:36:58","date_gmt":"2021-10-07T06:36:58","guid":{"rendered":"https:\/\/equipomedicomexico-com.preview-domain.com\/?post_type=product&#038;p=15951"},"modified":"2021-10-07T01:36:58","modified_gmt":"2021-10-07T06:36:58","slug":"bm664-bascula-digital-plataforma","status":"publish","type":"product","link":"https:\/\/buscoequipomedico.com\/?product=bm664-bascula-digital-plataforma","title":{"rendered":"BM664 B\u00e1scula Digital Plataforma 360Kg Div 100g Tara Auto-Hold BMI Rieles Laterales Y Ruedas"},"content":{"rendered":"<p><strong>CARACTER\u00cdSTICAS<\/strong><\/p>\n<p>Gracias a su gran capacidad, 360 kg, esta b\u00e1scula facilita el pesaje de pacientes incluso si tienen gran sobrepeso. Su plataforma muy baja y sus rampas con sistema autom\u00e1tico de bajada permiten un f\u00e1cil acceso a la b\u00e1scula. Los ra\u00edles laterales aumentan su seguridad.<br \/>\nLa funci\u00f3n pre-tara integrada determina en segundos el peso neto de los pacientes ya que utiliza la memoria interna de pesaje. La pantalla de lcd giratoria posee cifras de gran tama\u00f1o que permiten una f\u00e1cil lectura tanto al paciente, como al cuidador. La b\u00e1scula seca 664 se puede plegar en pocos segundos y transportar a cualquier sitio gracias a sus ruedas.<\/p>\n<p><strong>ESPECIFICACIONES T\u00c9CNICAS<\/strong><\/p>\n<p>Capacidad: 800 lbs \/ 360 kg<br \/>\nDivisi\u00f3n: 100g \/ 0.1 lbs<br \/>\nPeso: 73.6 lbs \/ 33.4 kg<br \/>\nAlimentaci\u00f3n: adaptador \/ las pilas<br \/>\nDimensiones ( axaxp): 1,102 x 912 x 1,150 mm \/ 43.4 x 35.9 x 45.3 \/ 29.9 x 2.2 x 36.6 dimensiones\/plataforma<br \/>\nLas funciones: bmi \/ auto-hold \/ desconexi\u00f3n autom\u00e1tica \/ ruedas de transporte \/ tara \/ pre-tara<\/p>\n","protected":false},"excerpt":{"rendered":"<p>La\u00a0<strong>b\u00e1scula seca<\/strong>\u00a0664 se puede plegar en pocos segundos y transportar a cualquier sitio gracias a sus ruedas. Destacados Productos dise\u00f1ados hasta el \u00faltimo detalle. La\u00a0<strong>b\u00e1scula seca<\/strong>\u00a0664 se puede plegar f\u00e1cilmente, y las ruedas incorporadas facilitan su transporte.<\/p>\n","protected":false},"featured_media":15952,"template":"","meta":{"_joinchat":[]},"product_brand":[],"product_cat":[398],"product_tag":[388,399,389],"class_list":{"0":"post-15951","1":"product","2":"type-product","3":"status-publish","4":"has-post-thumbnail","6":"product_cat-basculas-2","7":"product_tag-basculas","8":"product_tag-medicion","9":"product_tag-seca","11":"first","12":"instock","13":"shipping-taxable","14":"product-type-simple"},"yoast_head":"<!-- This site is optimized with the Yoast SEO plugin v25.1 - https:\/\/yoast.com\/wordpress\/plugins\/seo\/ -->\n<title>BM664 B\u00e1scula Digital Plataforma 360Kg Div 100g Tara Auto-Hold BMI Rieles Laterales Y Ruedas - Tu mejor opci\u00f3n Equipo M\u00e9dico M\u00e9xico<\/title>\n<meta name=\"robots\" content=\"index, follow, max-snippet:-1, max-image-preview:large, max-video-preview:-1\" \/>\n<link rel=\"canonical\" href=\"https:\/\/buscoequipomedico.com\/?product=bm664-bascula-digital-plataforma\" \/>\n<meta property=\"og:locale\" content=\"es_ES\" \/>\n<meta property=\"og:type\" content=\"article\" \/>\n<meta property=\"og:title\" content=\"BM664 B\u00e1scula Digital Plataforma 360Kg Div 100g Tara Auto-Hold BMI Rieles Laterales Y Ruedas - Tu mejor opci\u00f3n Equipo M\u00e9dico M\u00e9xico\" \/>\n<meta property=\"og:description\" content=\"La\u00a0b\u00e1scula seca\u00a0664 se puede plegar en pocos segundos y transportar a cualquier sitio gracias a sus ruedas. Destacados Productos dise\u00f1ados hasta el \u00faltimo detalle. La\u00a0b\u00e1scula seca\u00a0664 se puede plegar f\u00e1cilmente, y las ruedas incorporadas facilitan su transporte.\" \/>\n<meta property=\"og:url\" content=\"https:\/\/buscoequipomedico.com\/?product=bm664-bascula-digital-plataforma\" \/>\n<meta property=\"og:site_name\" content=\"Tu mejor opci\u00f3n Equipo M\u00e9dico M\u00e9xico\" \/>\n<meta property=\"og:image\" content=\"https:\/\/buscoequipomedico.com\/wp-content\/uploads\/2021\/10\/BM664.jpg\" \/>\n\t<meta property=\"og:image:width\" content=\"600\" \/>\n\t<meta property=\"og:image:height\" content=\"600\" \/>\n\t<meta property=\"og:image:type\" content=\"image\/jpeg\" \/>\n<meta name=\"twitter:card\" content=\"summary_large_image\" \/>\n<meta name=\"twitter:label1\" content=\"Tiempo de lectura\" \/>\n\t<meta name=\"twitter:data1\" content=\"1 minuto\" \/>\n<script type=\"application\/ld+json\" class=\"yoast-schema-graph\">{\"@context\":\"https:\/\/schema.org\",\"@graph\":[{\"@type\":\"WebPage\",\"@id\":\"https:\/\/buscoequipomedico.com\/?product=bm664-bascula-digital-plataforma\",\"url\":\"https:\/\/buscoequipomedico.com\/?product=bm664-bascula-digital-plataforma\",\"name\":\"BM664 B\u00e1scula Digital Plataforma 360Kg Div 100g Tara Auto-Hold BMI Rieles Laterales Y Ruedas - Tu mejor opci\u00f3n Equipo M\u00e9dico M\u00e9xico\",\"isPartOf\":{\"@id\":\"https:\/\/buscoequipomedico.com\/#website\"},\"primaryImageOfPage\":{\"@id\":\"https:\/\/buscoequipomedico.com\/?product=bm664-bascula-digital-plataforma#primaryimage\"},\"image\":{\"@id\":\"https:\/\/buscoequipomedico.com\/?product=bm664-bascula-digital-plataforma#primaryimage\"},\"thumbnailUrl\":\"https:\/\/buscoequipomedico.com\/wp-content\/uploads\/2021\/10\/BM664.jpg\",\"datePublished\":\"2021-10-07T06:36:58+00:00\",\"breadcrumb\":{\"@id\":\"https:\/\/buscoequipomedico.com\/?product=bm664-bascula-digital-plataforma#breadcrumb\"},\"inLanguage\":\"es\",\"potentialAction\":[{\"@type\":\"ReadAction\",\"target\":[\"https:\/\/buscoequipomedico.com\/?product=bm664-bascula-digital-plataforma\"]}]},{\"@type\":\"ImageObject\",\"inLanguage\":\"es\",\"@id\":\"https:\/\/buscoequipomedico.com\/?product=bm664-bascula-digital-plataforma#primaryimage\",\"url\":\"https:\/\/buscoequipomedico.com\/wp-content\/uploads\/2021\/10\/BM664.jpg\",\"contentUrl\":\"https:\/\/buscoequipomedico.com\/wp-content\/uploads\/2021\/10\/BM664.jpg\",\"width\":600,\"height\":600,\"caption\":\"BM664 BASCULAS\"},{\"@type\":\"BreadcrumbList\",\"@id\":\"https:\/\/buscoequipomedico.com\/?product=bm664-bascula-digital-plataforma#breadcrumb\",\"itemListElement\":[{\"@type\":\"ListItem\",\"position\":1,\"name\":\"Productos\",\"item\":\"https:\/\/buscoequipomedico.com\/shop\/\"},{\"@type\":\"ListItem\",\"position\":2,\"name\":\"BM664 B\u00e1scula Digital Plataforma 360Kg Div 100g Tara Auto-Hold BMI Rieles Laterales Y Ruedas\"}]},{\"@type\":\"WebSite\",\"@id\":\"https:\/\/buscoequipomedico.com\/#website\",\"url\":\"https:\/\/buscoequipomedico.com\/\",\"name\":\"Tu mejor opci\u00f3n Equipo M\u00e9dico M\u00e9xico\",\"description\":\"Tienda de equipo m\u00e9dico\",\"publisher\":{\"@id\":\"https:\/\/buscoequipomedico.com\/#organization\"},\"potentialAction\":[{\"@type\":\"SearchAction\",\"target\":{\"@type\":\"EntryPoint\",\"urlTemplate\":\"https:\/\/buscoequipomedico.com\/?s={search_term_string}\"},\"query-input\":{\"@type\":\"PropertyValueSpecification\",\"valueRequired\":true,\"valueName\":\"search_term_string\"}}],\"inLanguage\":\"es\"},{\"@type\":\"Organization\",\"@id\":\"https:\/\/buscoequipomedico.com\/#organization\",\"name\":\"Tu mejor opci\u00f3n Equipo M\u00e9dico M\u00e9xico\",\"url\":\"https:\/\/buscoequipomedico.com\/\",\"logo\":{\"@type\":\"ImageObject\",\"inLanguage\":\"es\",\"@id\":\"https:\/\/buscoequipomedico.com\/#\/schema\/logo\/image\/\",\"url\":\"https:\/\/buscoequipomedico.com\/wp-content\/uploads\/2021\/07\/EMM-VPrincipal-scaled.jpg\",\"contentUrl\":\"https:\/\/buscoequipomedico.com\/wp-content\/uploads\/2021\/07\/EMM-VPrincipal-scaled.jpg\",\"width\":2560,\"height\":1058,\"caption\":\"Tu mejor opci\u00f3n Equipo M\u00e9dico M\u00e9xico\"},\"image\":{\"@id\":\"https:\/\/buscoequipomedico.com\/#\/schema\/logo\/image\/\"}}]}<\/script>\n<!-- \/ Yoast SEO plugin. -->","yoast_head_json":{"title":"BM664 B\u00e1scula Digital Plataforma 360Kg Div 100g Tara Auto-Hold BMI Rieles Laterales Y Ruedas - Tu mejor opci\u00f3n Equipo M\u00e9dico M\u00e9xico","robots":{"index":"index","follow":"follow","max-snippet":"max-snippet:-1","max-image-preview":"max-image-preview:large","max-video-preview":"max-video-preview:-1"},"canonical":"https:\/\/buscoequipomedico.com\/?product=bm664-bascula-digital-plataforma","og_locale":"es_ES","og_type":"article","og_title":"BM664 B\u00e1scula Digital Plataforma 360Kg Div 100g Tara Auto-Hold BMI Rieles Laterales Y Ruedas - Tu mejor opci\u00f3n Equipo M\u00e9dico M\u00e9xico","og_description":"La\u00a0b\u00e1scula seca\u00a0664 se puede plegar en pocos segundos y transportar a cualquier sitio gracias a sus ruedas. Destacados Productos dise\u00f1ados hasta el \u00faltimo detalle. La\u00a0b\u00e1scula seca\u00a0664 se puede plegar f\u00e1cilmente, y las ruedas incorporadas facilitan su transporte.","og_url":"https:\/\/buscoequipomedico.com\/?product=bm664-bascula-digital-plataforma","og_site_name":"Tu mejor opci\u00f3n Equipo M\u00e9dico M\u00e9xico","og_image":[{"width":600,"height":600,"url":"https:\/\/buscoequipomedico.com\/wp-content\/uploads\/2021\/10\/BM664.jpg","type":"image\/jpeg"}],"twitter_card":"summary_large_image","twitter_misc":{"Tiempo de lectura":"1 minuto"},"schema":{"@context":"https:\/\/schema.org","@graph":[{"@type":"WebPage","@id":"https:\/\/buscoequipomedico.com\/?product=bm664-bascula-digital-plataforma","url":"https:\/\/buscoequipomedico.com\/?product=bm664-bascula-digital-plataforma","name":"BM664 B\u00e1scula Digital Plataforma 360Kg Div 100g Tara Auto-Hold BMI Rieles Laterales Y Ruedas - Tu mejor opci\u00f3n Equipo M\u00e9dico M\u00e9xico","isPartOf":{"@id":"https:\/\/buscoequipomedico.com\/#website"},"primaryImageOfPage":{"@id":"https:\/\/buscoequipomedico.com\/?product=bm664-bascula-digital-plataforma#primaryimage"},"image":{"@id":"https:\/\/buscoequipomedico.com\/?product=bm664-bascula-digital-plataforma#primaryimage"},"thumbnailUrl":"https:\/\/buscoequipomedico.com\/wp-content\/uploads\/2021\/10\/BM664.jpg","datePublished":"2021-10-07T06:36:58+00:00","breadcrumb":{"@id":"https:\/\/buscoequipomedico.com\/?product=bm664-bascula-digital-plataforma#breadcrumb"},"inLanguage":"es","potentialAction":[{"@type":"ReadAction","target":["https:\/\/buscoequipomedico.com\/?product=bm664-bascula-digital-plataforma"]}]},{"@type":"ImageObject","inLanguage":"es","@id":"https:\/\/buscoequipomedico.com\/?product=bm664-bascula-digital-plataforma#primaryimage","url":"https:\/\/buscoequipomedico.com\/wp-content\/uploads\/2021\/10\/BM664.jpg","contentUrl":"https:\/\/buscoequipomedico.com\/wp-content\/uploads\/2021\/10\/BM664.jpg","width":600,"height":600,"caption":"BM664 BASCULAS"},{"@type":"BreadcrumbList","@id":"https:\/\/buscoequipomedico.com\/?product=bm664-bascula-digital-plataforma#breadcrumb","itemListElement":[{"@type":"ListItem","position":1,"name":"Productos","item":"https:\/\/buscoequipomedico.com\/shop\/"},{"@type":"ListItem","position":2,"name":"BM664 B\u00e1scula Digital Plataforma 360Kg Div 100g Tara Auto-Hold BMI Rieles Laterales Y Ruedas"}]},{"@type":"WebSite","@id":"https:\/\/buscoequipomedico.com\/#website","url":"https:\/\/buscoequipomedico.com\/","name":"Tu mejor opci\u00f3n Equipo M\u00e9dico M\u00e9xico","description":"Tienda de equipo m\u00e9dico","publisher":{"@id":"https:\/\/buscoequipomedico.com\/#organization"},"potentialAction":[{"@type":"SearchAction","target":{"@type":"EntryPoint","urlTemplate":"https:\/\/buscoequipomedico.com\/?s={search_term_string}"},"query-input":{"@type":"PropertyValueSpecification","valueRequired":true,"valueName":"search_term_string"}}],"inLanguage":"es"},{"@type":"Organization","@id":"https:\/\/buscoequipomedico.com\/#organization","name":"Tu mejor opci\u00f3n Equipo M\u00e9dico M\u00e9xico","url":"https:\/\/buscoequipomedico.com\/","logo":{"@type":"ImageObject","inLanguage":"es","@id":"https:\/\/buscoequipomedico.com\/#\/schema\/logo\/image\/","url":"https:\/\/buscoequipomedico.com\/wp-content\/uploads\/2021\/07\/EMM-VPrincipal-scaled.jpg","contentUrl":"https:\/\/buscoequipomedico.com\/wp-content\/uploads\/2021\/07\/EMM-VPrincipal-scaled.jpg","width":2560,"height":1058,"caption":"Tu mejor opci\u00f3n Equipo M\u00e9dico M\u00e9xico"},"image":{"@id":"https:\/\/buscoequipomedico.com\/#\/schema\/logo\/image\/"}}]}},"_links":{"self":[{"href":"https:\/\/buscoequipomedico.com\/index.php?rest_route=\/wp\/v2\/product\/15951","targetHints":{"allow":["GET"]}}],"collection":[{"href":"https:\/\/buscoequipomedico.com\/index.php?rest_route=\/wp\/v2\/product"}],"about":[{"href":"https:\/\/buscoequipomedico.com\/index.php?rest_route=\/wp\/v2\/types\/product"}],"wp:featuredmedia":[{"embeddable":true,"href":"https:\/\/buscoequipomedico.com\/index.php?rest_route=\/wp\/v2\/media\/15952"}],"wp:attachment":[{"href":"https:\/\/buscoequipomedico.com\/index.php?rest_route=%2Fwp%2Fv2%2Fmedia&parent=15951"}],"wp:term":[{"taxonomy":"product_brand","embeddable":true,"href":"https:\/\/buscoequipomedico.com\/index.php?rest_route=%2Fwp%2Fv2%2Fproduct_brand&post=15951"},{"taxonomy":"product_cat","embeddable":true,"href":"https:\/\/buscoequipomedico.com\/index.php?rest_route=%2Fwp%2Fv2%2Fproduct_cat&post=15951"},{"taxonomy":"product_tag","embeddable":true,"href":"https:\/\/buscoequipomedico.com\/index.php?rest_route=%2Fwp%2Fv2%2Fproduct_tag&post=15951"}],"curies":[{"name":"wp","href":"https:\/\/api.w.org\/{rel}","templated":true}]}}