{"id":15953,"date":"2021-10-07T01:43:03","date_gmt":"2021-10-07T06:43:03","guid":{"rendered":"https:\/\/equipomedicomexico-com.preview-domain.com\/?post_type=product&#038;p=15953"},"modified":"2021-10-07T01:43:03","modified_gmt":"2021-10-07T06:43:03","slug":"bm676-bascula-digital-plataforma","status":"publish","type":"product","link":"https:\/\/buscoequipomedico.com\/?product=bm676-bascula-digital-plataforma","title":{"rendered":"BM676 B\u00e1scula Digital Plataforma 360Kg Div 100g Tara Auto-Hold BMI Barandal Y Rueda De Traslado"},"content":{"rendered":"<p><strong>CARACTER\u00cdSTICAS<\/strong><\/p>\n<p>Estable, funcional y m\u00f3vil: la seca 676 se puede utilizar de forma universal gracias a la gran plataforma y al pasamanos robusto. De este modo, permite pesar pacientes en silla de ruedas o sentados en una silla.<br \/>\nPrimeramente las personas que no pueden andar bien y aquellas que se encuentren d\u00e9biles tienen la posibilidad de apoyarse. La elevada capacidad de carga hace que la seca 676 es ideal para el pesaje incluso de personas con sobrepeso.<br \/>\nAdicional despu\u00e9s del pesaje la b\u00e1scula se puede plegar con pocas maniobras ocupando as\u00ed poco espacio. El dispositivo de bloqueo fijo situado entre el pasamanos y la plataforma le otorgan a la seca 676 una gran estabilidad, incluso en este estado.<br \/>\nLa b\u00e1scula plegada se puede guardar y transportar de forma sencilla y r\u00e1pida sobre las ruedas de transporte que se mueven con facilidad.<br \/>\nEl pesaje es sencillo y c\u00f3modo para el usuario, gracias a la pantalla claramente estructurada y de manejo intuitivo que se encuentra a la altura de la cadera.<br \/>\nA ello contribuyen especialmente las funciones adicionales como TARA, HOLD, BMI y la tecla SEND para el env\u00edo inal\u00e1mbrico de los resultados de medici\u00f3n a una impresora inal\u00e1mbrica seca a al PC.<\/p>\n<p><strong>ESPECIFICACIONES T\u00c9CNICAS<\/strong><\/p>\n<p>Capacidad: 800 lbs \/ 360 kg<br \/>\nDivisi\u00f3n: 100g \/ 0.2 lbs<br \/>\nPeso: 131.2 lbs \/ 59.5 kg<br \/>\nAlimentaci\u00f3n: Adaptador<br \/>\nDimensiones ( AxAxP): 920 x 1,120 x 1,150 mm \/ 36.2 x 44.1 x 45.3 inch \/ 29.9 x 2.2 x 36.6 inch<br \/>\nLas funciones: Auto-CLEAR \/ Hold \/ BMI \/ Auto-Hold \/ Ruedas de transporte \/ TARA \/ Pre-TARA<\/p>\n","protected":false},"excerpt":{"rendered":"<p><strong>B\u00e1scula<\/strong>\u00a0para Silla de Ruedas\u00a0<strong>Seca<\/strong>\u00a0676. De este modo, permite pesar pacientes en silla de ruedas o sentados en una silla. Adem\u00e1s, las personas que no pueden andar bien y aquellas que se encuentren d\u00e9biles tienen la posibilidad de apoyarse.<\/p>\n","protected":false},"featured_media":15954,"template":"","meta":{"_joinchat":[]},"product_brand":[],"product_cat":[398],"product_tag":[388,399,389],"class_list":{"0":"post-15953","1":"product","2":"type-product","3":"status-publish","4":"has-post-thumbnail","6":"product_cat-basculas-2","7":"product_tag-basculas","8":"product_tag-medicion","9":"product_tag-seca","11":"first","12":"instock","13":"shipping-taxable","14":"product-type-simple"},"yoast_head":"<!-- This site is optimized with the Yoast SEO plugin v25.1 - https:\/\/yoast.com\/wordpress\/plugins\/seo\/ -->\n<title>BM676 B\u00e1scula Digital Plataforma 360Kg Div 100g Tara Auto-Hold BMI Barandal Y Rueda De Traslado - Tu mejor opci\u00f3n Equipo M\u00e9dico M\u00e9xico<\/title>\n<meta name=\"robots\" content=\"index, follow, max-snippet:-1, max-image-preview:large, max-video-preview:-1\" \/>\n<link rel=\"canonical\" href=\"https:\/\/buscoequipomedico.com\/?product=bm676-bascula-digital-plataforma\" \/>\n<meta property=\"og:locale\" content=\"es_ES\" \/>\n<meta property=\"og:type\" content=\"article\" \/>\n<meta property=\"og:title\" content=\"BM676 B\u00e1scula Digital Plataforma 360Kg Div 100g Tara Auto-Hold BMI Barandal Y Rueda De Traslado - Tu mejor opci\u00f3n Equipo M\u00e9dico M\u00e9xico\" \/>\n<meta property=\"og:description\" content=\"B\u00e1scula\u00a0para Silla de Ruedas\u00a0Seca\u00a0676. De este modo, permite pesar pacientes en silla de ruedas o sentados en una silla. Adem\u00e1s, las personas que no pueden andar bien y aquellas que se encuentren d\u00e9biles tienen la posibilidad de apoyarse.\" \/>\n<meta property=\"og:url\" content=\"https:\/\/buscoequipomedico.com\/?product=bm676-bascula-digital-plataforma\" \/>\n<meta property=\"og:site_name\" content=\"Tu mejor opci\u00f3n Equipo M\u00e9dico M\u00e9xico\" \/>\n<meta property=\"og:image\" content=\"https:\/\/buscoequipomedico.com\/wp-content\/uploads\/2021\/10\/BM676.jpg\" \/>\n\t<meta property=\"og:image:width\" content=\"600\" \/>\n\t<meta property=\"og:image:height\" content=\"600\" \/>\n\t<meta property=\"og:image:type\" content=\"image\/jpeg\" \/>\n<meta name=\"twitter:card\" content=\"summary_large_image\" \/>\n<meta name=\"twitter:label1\" content=\"Tiempo de lectura\" \/>\n\t<meta name=\"twitter:data1\" content=\"1 minuto\" \/>\n<script type=\"application\/ld+json\" class=\"yoast-schema-graph\">{\"@context\":\"https:\/\/schema.org\",\"@graph\":[{\"@type\":\"WebPage\",\"@id\":\"https:\/\/buscoequipomedico.com\/?product=bm676-bascula-digital-plataforma\",\"url\":\"https:\/\/buscoequipomedico.com\/?product=bm676-bascula-digital-plataforma\",\"name\":\"BM676 B\u00e1scula Digital Plataforma 360Kg Div 100g Tara Auto-Hold BMI Barandal Y Rueda De Traslado - Tu mejor opci\u00f3n Equipo M\u00e9dico M\u00e9xico\",\"isPartOf\":{\"@id\":\"https:\/\/buscoequipomedico.com\/#website\"},\"primaryImageOfPage\":{\"@id\":\"https:\/\/buscoequipomedico.com\/?product=bm676-bascula-digital-plataforma#primaryimage\"},\"image\":{\"@id\":\"https:\/\/buscoequipomedico.com\/?product=bm676-bascula-digital-plataforma#primaryimage\"},\"thumbnailUrl\":\"https:\/\/buscoequipomedico.com\/wp-content\/uploads\/2021\/10\/BM676.jpg\",\"datePublished\":\"2021-10-07T06:43:03+00:00\",\"breadcrumb\":{\"@id\":\"https:\/\/buscoequipomedico.com\/?product=bm676-bascula-digital-plataforma#breadcrumb\"},\"inLanguage\":\"es\",\"potentialAction\":[{\"@type\":\"ReadAction\",\"target\":[\"https:\/\/buscoequipomedico.com\/?product=bm676-bascula-digital-plataforma\"]}]},{\"@type\":\"ImageObject\",\"inLanguage\":\"es\",\"@id\":\"https:\/\/buscoequipomedico.com\/?product=bm676-bascula-digital-plataforma#primaryimage\",\"url\":\"https:\/\/buscoequipomedico.com\/wp-content\/uploads\/2021\/10\/BM676.jpg\",\"contentUrl\":\"https:\/\/buscoequipomedico.com\/wp-content\/uploads\/2021\/10\/BM676.jpg\",\"width\":600,\"height\":600,\"caption\":\"BM676 BASCULA\"},{\"@type\":\"BreadcrumbList\",\"@id\":\"https:\/\/buscoequipomedico.com\/?product=bm676-bascula-digital-plataforma#breadcrumb\",\"itemListElement\":[{\"@type\":\"ListItem\",\"position\":1,\"name\":\"Productos\",\"item\":\"https:\/\/buscoequipomedico.com\/shop\/\"},{\"@type\":\"ListItem\",\"position\":2,\"name\":\"BM676 B\u00e1scula Digital Plataforma 360Kg Div 100g Tara Auto-Hold BMI Barandal Y Rueda De Traslado\"}]},{\"@type\":\"WebSite\",\"@id\":\"https:\/\/buscoequipomedico.com\/#website\",\"url\":\"https:\/\/buscoequipomedico.com\/\",\"name\":\"Tu mejor opci\u00f3n Equipo M\u00e9dico M\u00e9xico\",\"description\":\"Tienda de equipo m\u00e9dico\",\"publisher\":{\"@id\":\"https:\/\/buscoequipomedico.com\/#organization\"},\"potentialAction\":[{\"@type\":\"SearchAction\",\"target\":{\"@type\":\"EntryPoint\",\"urlTemplate\":\"https:\/\/buscoequipomedico.com\/?s={search_term_string}\"},\"query-input\":{\"@type\":\"PropertyValueSpecification\",\"valueRequired\":true,\"valueName\":\"search_term_string\"}}],\"inLanguage\":\"es\"},{\"@type\":\"Organization\",\"@id\":\"https:\/\/buscoequipomedico.com\/#organization\",\"name\":\"Tu mejor opci\u00f3n Equipo M\u00e9dico M\u00e9xico\",\"url\":\"https:\/\/buscoequipomedico.com\/\",\"logo\":{\"@type\":\"ImageObject\",\"inLanguage\":\"es\",\"@id\":\"https:\/\/buscoequipomedico.com\/#\/schema\/logo\/image\/\",\"url\":\"https:\/\/buscoequipomedico.com\/wp-content\/uploads\/2021\/07\/EMM-VPrincipal-scaled.jpg\",\"contentUrl\":\"https:\/\/buscoequipomedico.com\/wp-content\/uploads\/2021\/07\/EMM-VPrincipal-scaled.jpg\",\"width\":2560,\"height\":1058,\"caption\":\"Tu mejor opci\u00f3n Equipo M\u00e9dico M\u00e9xico\"},\"image\":{\"@id\":\"https:\/\/buscoequipomedico.com\/#\/schema\/logo\/image\/\"}}]}<\/script>\n<!-- \/ Yoast SEO plugin. -->","yoast_head_json":{"title":"BM676 B\u00e1scula Digital Plataforma 360Kg Div 100g Tara Auto-Hold BMI Barandal Y Rueda De Traslado - Tu mejor opci\u00f3n Equipo M\u00e9dico M\u00e9xico","robots":{"index":"index","follow":"follow","max-snippet":"max-snippet:-1","max-image-preview":"max-image-preview:large","max-video-preview":"max-video-preview:-1"},"canonical":"https:\/\/buscoequipomedico.com\/?product=bm676-bascula-digital-plataforma","og_locale":"es_ES","og_type":"article","og_title":"BM676 B\u00e1scula Digital Plataforma 360Kg Div 100g Tara Auto-Hold BMI Barandal Y Rueda De Traslado - Tu mejor opci\u00f3n Equipo M\u00e9dico M\u00e9xico","og_description":"B\u00e1scula\u00a0para Silla de Ruedas\u00a0Seca\u00a0676. De este modo, permite pesar pacientes en silla de ruedas o sentados en una silla. Adem\u00e1s, las personas que no pueden andar bien y aquellas que se encuentren d\u00e9biles tienen la posibilidad de apoyarse.","og_url":"https:\/\/buscoequipomedico.com\/?product=bm676-bascula-digital-plataforma","og_site_name":"Tu mejor opci\u00f3n Equipo M\u00e9dico M\u00e9xico","og_image":[{"width":600,"height":600,"url":"https:\/\/buscoequipomedico.com\/wp-content\/uploads\/2021\/10\/BM676.jpg","type":"image\/jpeg"}],"twitter_card":"summary_large_image","twitter_misc":{"Tiempo de lectura":"1 minuto"},"schema":{"@context":"https:\/\/schema.org","@graph":[{"@type":"WebPage","@id":"https:\/\/buscoequipomedico.com\/?product=bm676-bascula-digital-plataforma","url":"https:\/\/buscoequipomedico.com\/?product=bm676-bascula-digital-plataforma","name":"BM676 B\u00e1scula Digital Plataforma 360Kg Div 100g Tara Auto-Hold BMI Barandal Y Rueda De Traslado - Tu mejor opci\u00f3n Equipo M\u00e9dico M\u00e9xico","isPartOf":{"@id":"https:\/\/buscoequipomedico.com\/#website"},"primaryImageOfPage":{"@id":"https:\/\/buscoequipomedico.com\/?product=bm676-bascula-digital-plataforma#primaryimage"},"image":{"@id":"https:\/\/buscoequipomedico.com\/?product=bm676-bascula-digital-plataforma#primaryimage"},"thumbnailUrl":"https:\/\/buscoequipomedico.com\/wp-content\/uploads\/2021\/10\/BM676.jpg","datePublished":"2021-10-07T06:43:03+00:00","breadcrumb":{"@id":"https:\/\/buscoequipomedico.com\/?product=bm676-bascula-digital-plataforma#breadcrumb"},"inLanguage":"es","potentialAction":[{"@type":"ReadAction","target":["https:\/\/buscoequipomedico.com\/?product=bm676-bascula-digital-plataforma"]}]},{"@type":"ImageObject","inLanguage":"es","@id":"https:\/\/buscoequipomedico.com\/?product=bm676-bascula-digital-plataforma#primaryimage","url":"https:\/\/buscoequipomedico.com\/wp-content\/uploads\/2021\/10\/BM676.jpg","contentUrl":"https:\/\/buscoequipomedico.com\/wp-content\/uploads\/2021\/10\/BM676.jpg","width":600,"height":600,"caption":"BM676 BASCULA"},{"@type":"BreadcrumbList","@id":"https:\/\/buscoequipomedico.com\/?product=bm676-bascula-digital-plataforma#breadcrumb","itemListElement":[{"@type":"ListItem","position":1,"name":"Productos","item":"https:\/\/buscoequipomedico.com\/shop\/"},{"@type":"ListItem","position":2,"name":"BM676 B\u00e1scula Digital Plataforma 360Kg Div 100g Tara Auto-Hold BMI Barandal Y Rueda De Traslado"}]},{"@type":"WebSite","@id":"https:\/\/buscoequipomedico.com\/#website","url":"https:\/\/buscoequipomedico.com\/","name":"Tu mejor opci\u00f3n Equipo M\u00e9dico M\u00e9xico","description":"Tienda de equipo m\u00e9dico","publisher":{"@id":"https:\/\/buscoequipomedico.com\/#organization"},"potentialAction":[{"@type":"SearchAction","target":{"@type":"EntryPoint","urlTemplate":"https:\/\/buscoequipomedico.com\/?s={search_term_string}"},"query-input":{"@type":"PropertyValueSpecification","valueRequired":true,"valueName":"search_term_string"}}],"inLanguage":"es"},{"@type":"Organization","@id":"https:\/\/buscoequipomedico.com\/#organization","name":"Tu mejor opci\u00f3n Equipo M\u00e9dico M\u00e9xico","url":"https:\/\/buscoequipomedico.com\/","logo":{"@type":"ImageObject","inLanguage":"es","@id":"https:\/\/buscoequipomedico.com\/#\/schema\/logo\/image\/","url":"https:\/\/buscoequipomedico.com\/wp-content\/uploads\/2021\/07\/EMM-VPrincipal-scaled.jpg","contentUrl":"https:\/\/buscoequipomedico.com\/wp-content\/uploads\/2021\/07\/EMM-VPrincipal-scaled.jpg","width":2560,"height":1058,"caption":"Tu mejor opci\u00f3n Equipo M\u00e9dico M\u00e9xico"},"image":{"@id":"https:\/\/buscoequipomedico.com\/#\/schema\/logo\/image\/"}}]}},"_links":{"self":[{"href":"https:\/\/buscoequipomedico.com\/index.php?rest_route=\/wp\/v2\/product\/15953","targetHints":{"allow":["GET"]}}],"collection":[{"href":"https:\/\/buscoequipomedico.com\/index.php?rest_route=\/wp\/v2\/product"}],"about":[{"href":"https:\/\/buscoequipomedico.com\/index.php?rest_route=\/wp\/v2\/types\/product"}],"wp:featuredmedia":[{"embeddable":true,"href":"https:\/\/buscoequipomedico.com\/index.php?rest_route=\/wp\/v2\/media\/15954"}],"wp:attachment":[{"href":"https:\/\/buscoequipomedico.com\/index.php?rest_route=%2Fwp%2Fv2%2Fmedia&parent=15953"}],"wp:term":[{"taxonomy":"product_brand","embeddable":true,"href":"https:\/\/buscoequipomedico.com\/index.php?rest_route=%2Fwp%2Fv2%2Fproduct_brand&post=15953"},{"taxonomy":"product_cat","embeddable":true,"href":"https:\/\/buscoequipomedico.com\/index.php?rest_route=%2Fwp%2Fv2%2Fproduct_cat&post=15953"},{"taxonomy":"product_tag","embeddable":true,"href":"https:\/\/buscoequipomedico.com\/index.php?rest_route=%2Fwp%2Fv2%2Fproduct_tag&post=15953"}],"curies":[{"name":"wp","href":"https:\/\/api.w.org\/{rel}","templated":true}]}}