{"id":15955,"date":"2021-10-07T01:51:59","date_gmt":"2021-10-07T06:51:59","guid":{"rendered":"https:\/\/equipomedicomexico-com.preview-domain.com\/?post_type=product&#038;p=15955"},"modified":"2021-10-07T01:51:59","modified_gmt":"2021-10-07T06:51:59","slug":"bm656-bascula-digital-para-camilla","status":"publish","type":"product","link":"https:\/\/buscoequipomedico.com\/?product=bm656-bascula-digital-para-camilla","title":{"rendered":"BM656 B\u00e1scula Digital Plataforma 360Kg Div 100g Tara Auto-Hold BMI Para Camilla"},"content":{"rendered":"<p><strong>CARACTER\u00cdSTICAS<\/strong><\/p>\n<p>Camillas de urgencias o de camillas con estructuras rodantes integradas o separadas.<br \/>\nSu construcci\u00f3n extremadamente robusta y su enorme capacidad de hasta 360 kg tambi\u00e9n facilitan el pesaje de pacientes con peso muy elevado.<br \/>\nGracias a las pr\u00e1cticas ruedas de transporte y al asidero integrado, esta b\u00e1scula se puede desplazar sin esfuerzo f\u00edsico para utilizarla en diferentes sitios.<br \/>\nEl indicador remoto por cable, con soporte para mesa y dispositivo para montar en la pared incluidos.<br \/>\nPermite un manejo intuitivo y viene equipado con muchas funciones inteligentes:<br \/>\nLa funci\u00f3n auto-HOLD, por ejemplo, retiene el resultado para que el paciente pueda recibir la asistencia necesaria antes de que se apunte el resultado con toda tranquilidad.<br \/>\nMientras que la funci\u00f3n pre-TARA permite la comprobaci\u00f3n fiable del peso neto, independientemente del peso adicional de la camilla o de la silla de ruedas.<\/p>\n<p><strong>ESPECIFICACIONES T\u00c9CNICAS<\/strong><\/p>\n<p>Capacidad: 360 kg \/ 800 lbs<br \/>\nDivisi\u00f3n: 100 g \/ 0.2 lbs<br \/>\nRango de TARA: 360 kg \/ 800 lbs<br \/>\nDimensiones (BxHxA): 892 x 87 x 1.470 mm<br \/>\nIndicador (BxHxA): 198 x 55 x 175 mm<br \/>\nPlataforma (BxHxA): 800 x 51 x 1.470 mm<br \/>\nPeso: 43,6 kg<br \/>\nAlimentaci\u00f3n: red el\u00e9ctrica<br \/>\nFunciones: Memoria, pre-TARA con 3 espacios de memoria para pesos adicionales, TARA, HOLD,<br \/>\nBMI, amortiguaci\u00f3n, conmutaci\u00f3n kg \/ lbs<\/p>\n","protected":false},"excerpt":{"rendered":"<p>B\u00e1scula multifunci\u00f3n <strong>seca<\/strong>\u00a0656.\u00a0<strong>B\u00e1scula<\/strong>\u00a0de plataforma electr\u00f3nica inal\u00e1mbrica con innovadora funci\u00f3n de memoria. Plataforma extraordinariamente amplia para todos los sistemas rodantes usuales. S\u00f3lida construcci\u00f3n y alta capacidad.<\/p>\n","protected":false},"featured_media":15956,"template":"","meta":{"_joinchat":[]},"product_brand":[],"product_cat":[398],"product_tag":[],"class_list":{"0":"post-15955","1":"product","2":"type-product","3":"status-publish","4":"has-post-thumbnail","6":"product_cat-basculas-2","8":"first","9":"instock","10":"shipping-taxable","11":"product-type-simple"},"yoast_head":"<!-- This site is optimized with the Yoast SEO plugin v25.1 - https:\/\/yoast.com\/wordpress\/plugins\/seo\/ -->\n<title>BM656 B\u00e1scula Digital Plataforma 360Kg Div 100g Tara Auto-Hold BMI Para Camilla - Tu mejor opci\u00f3n Equipo M\u00e9dico M\u00e9xico<\/title>\n<meta name=\"robots\" content=\"index, follow, max-snippet:-1, max-image-preview:large, max-video-preview:-1\" \/>\n<link rel=\"canonical\" href=\"https:\/\/buscoequipomedico.com\/?product=bm656-bascula-digital-para-camilla\" \/>\n<meta property=\"og:locale\" content=\"es_ES\" \/>\n<meta property=\"og:type\" content=\"article\" \/>\n<meta property=\"og:title\" content=\"BM656 B\u00e1scula Digital Plataforma 360Kg Div 100g Tara Auto-Hold BMI Para Camilla - Tu mejor opci\u00f3n Equipo M\u00e9dico M\u00e9xico\" \/>\n<meta property=\"og:description\" content=\"B\u00e1scula multifunci\u00f3n seca\u00a0656.\u00a0B\u00e1scula\u00a0de plataforma electr\u00f3nica inal\u00e1mbrica con innovadora funci\u00f3n de memoria. Plataforma extraordinariamente amplia para todos los sistemas rodantes usuales. S\u00f3lida construcci\u00f3n y alta capacidad.\" \/>\n<meta property=\"og:url\" content=\"https:\/\/buscoequipomedico.com\/?product=bm656-bascula-digital-para-camilla\" \/>\n<meta property=\"og:site_name\" content=\"Tu mejor opci\u00f3n Equipo M\u00e9dico M\u00e9xico\" \/>\n<meta property=\"og:image\" content=\"https:\/\/buscoequipomedico.com\/wp-content\/uploads\/2021\/10\/BM656.jpg\" \/>\n\t<meta property=\"og:image:width\" content=\"1080\" \/>\n\t<meta property=\"og:image:height\" content=\"1080\" \/>\n\t<meta property=\"og:image:type\" content=\"image\/jpeg\" \/>\n<meta name=\"twitter:card\" content=\"summary_large_image\" \/>\n<meta name=\"twitter:label1\" content=\"Tiempo de lectura\" \/>\n\t<meta name=\"twitter:data1\" content=\"1 minuto\" \/>\n<script type=\"application\/ld+json\" class=\"yoast-schema-graph\">{\"@context\":\"https:\/\/schema.org\",\"@graph\":[{\"@type\":\"WebPage\",\"@id\":\"https:\/\/buscoequipomedico.com\/?product=bm656-bascula-digital-para-camilla\",\"url\":\"https:\/\/buscoequipomedico.com\/?product=bm656-bascula-digital-para-camilla\",\"name\":\"BM656 B\u00e1scula Digital Plataforma 360Kg Div 100g Tara Auto-Hold BMI Para Camilla - Tu mejor opci\u00f3n Equipo M\u00e9dico M\u00e9xico\",\"isPartOf\":{\"@id\":\"https:\/\/buscoequipomedico.com\/#website\"},\"primaryImageOfPage\":{\"@id\":\"https:\/\/buscoequipomedico.com\/?product=bm656-bascula-digital-para-camilla#primaryimage\"},\"image\":{\"@id\":\"https:\/\/buscoequipomedico.com\/?product=bm656-bascula-digital-para-camilla#primaryimage\"},\"thumbnailUrl\":\"https:\/\/buscoequipomedico.com\/wp-content\/uploads\/2021\/10\/BM656.jpg\",\"datePublished\":\"2021-10-07T06:51:59+00:00\",\"breadcrumb\":{\"@id\":\"https:\/\/buscoequipomedico.com\/?product=bm656-bascula-digital-para-camilla#breadcrumb\"},\"inLanguage\":\"es\",\"potentialAction\":[{\"@type\":\"ReadAction\",\"target\":[\"https:\/\/buscoequipomedico.com\/?product=bm656-bascula-digital-para-camilla\"]}]},{\"@type\":\"ImageObject\",\"inLanguage\":\"es\",\"@id\":\"https:\/\/buscoequipomedico.com\/?product=bm656-bascula-digital-para-camilla#primaryimage\",\"url\":\"https:\/\/buscoequipomedico.com\/wp-content\/uploads\/2021\/10\/BM656.jpg\",\"contentUrl\":\"https:\/\/buscoequipomedico.com\/wp-content\/uploads\/2021\/10\/BM656.jpg\",\"width\":1080,\"height\":1080,\"caption\":\"BM656 BASCULA\"},{\"@type\":\"BreadcrumbList\",\"@id\":\"https:\/\/buscoequipomedico.com\/?product=bm656-bascula-digital-para-camilla#breadcrumb\",\"itemListElement\":[{\"@type\":\"ListItem\",\"position\":1,\"name\":\"Productos\",\"item\":\"https:\/\/buscoequipomedico.com\/shop\/\"},{\"@type\":\"ListItem\",\"position\":2,\"name\":\"BM656 B\u00e1scula Digital Plataforma 360Kg Div 100g Tara Auto-Hold BMI Para Camilla\"}]},{\"@type\":\"WebSite\",\"@id\":\"https:\/\/buscoequipomedico.com\/#website\",\"url\":\"https:\/\/buscoequipomedico.com\/\",\"name\":\"Tu mejor opci\u00f3n Equipo M\u00e9dico M\u00e9xico\",\"description\":\"Tienda de equipo m\u00e9dico\",\"publisher\":{\"@id\":\"https:\/\/buscoequipomedico.com\/#organization\"},\"potentialAction\":[{\"@type\":\"SearchAction\",\"target\":{\"@type\":\"EntryPoint\",\"urlTemplate\":\"https:\/\/buscoequipomedico.com\/?s={search_term_string}\"},\"query-input\":{\"@type\":\"PropertyValueSpecification\",\"valueRequired\":true,\"valueName\":\"search_term_string\"}}],\"inLanguage\":\"es\"},{\"@type\":\"Organization\",\"@id\":\"https:\/\/buscoequipomedico.com\/#organization\",\"name\":\"Tu mejor opci\u00f3n Equipo M\u00e9dico M\u00e9xico\",\"url\":\"https:\/\/buscoequipomedico.com\/\",\"logo\":{\"@type\":\"ImageObject\",\"inLanguage\":\"es\",\"@id\":\"https:\/\/buscoequipomedico.com\/#\/schema\/logo\/image\/\",\"url\":\"https:\/\/buscoequipomedico.com\/wp-content\/uploads\/2021\/07\/EMM-VPrincipal-scaled.jpg\",\"contentUrl\":\"https:\/\/buscoequipomedico.com\/wp-content\/uploads\/2021\/07\/EMM-VPrincipal-scaled.jpg\",\"width\":2560,\"height\":1058,\"caption\":\"Tu mejor opci\u00f3n Equipo M\u00e9dico M\u00e9xico\"},\"image\":{\"@id\":\"https:\/\/buscoequipomedico.com\/#\/schema\/logo\/image\/\"}}]}<\/script>\n<!-- \/ Yoast SEO plugin. -->","yoast_head_json":{"title":"BM656 B\u00e1scula Digital Plataforma 360Kg Div 100g Tara Auto-Hold BMI Para Camilla - Tu mejor opci\u00f3n Equipo M\u00e9dico M\u00e9xico","robots":{"index":"index","follow":"follow","max-snippet":"max-snippet:-1","max-image-preview":"max-image-preview:large","max-video-preview":"max-video-preview:-1"},"canonical":"https:\/\/buscoequipomedico.com\/?product=bm656-bascula-digital-para-camilla","og_locale":"es_ES","og_type":"article","og_title":"BM656 B\u00e1scula Digital Plataforma 360Kg Div 100g Tara Auto-Hold BMI Para Camilla - Tu mejor opci\u00f3n Equipo M\u00e9dico M\u00e9xico","og_description":"B\u00e1scula multifunci\u00f3n seca\u00a0656.\u00a0B\u00e1scula\u00a0de plataforma electr\u00f3nica inal\u00e1mbrica con innovadora funci\u00f3n de memoria. Plataforma extraordinariamente amplia para todos los sistemas rodantes usuales. S\u00f3lida construcci\u00f3n y alta capacidad.","og_url":"https:\/\/buscoequipomedico.com\/?product=bm656-bascula-digital-para-camilla","og_site_name":"Tu mejor opci\u00f3n Equipo M\u00e9dico M\u00e9xico","og_image":[{"width":1080,"height":1080,"url":"https:\/\/buscoequipomedico.com\/wp-content\/uploads\/2021\/10\/BM656.jpg","type":"image\/jpeg"}],"twitter_card":"summary_large_image","twitter_misc":{"Tiempo de lectura":"1 minuto"},"schema":{"@context":"https:\/\/schema.org","@graph":[{"@type":"WebPage","@id":"https:\/\/buscoequipomedico.com\/?product=bm656-bascula-digital-para-camilla","url":"https:\/\/buscoequipomedico.com\/?product=bm656-bascula-digital-para-camilla","name":"BM656 B\u00e1scula Digital Plataforma 360Kg Div 100g Tara Auto-Hold BMI Para Camilla - Tu mejor opci\u00f3n Equipo M\u00e9dico M\u00e9xico","isPartOf":{"@id":"https:\/\/buscoequipomedico.com\/#website"},"primaryImageOfPage":{"@id":"https:\/\/buscoequipomedico.com\/?product=bm656-bascula-digital-para-camilla#primaryimage"},"image":{"@id":"https:\/\/buscoequipomedico.com\/?product=bm656-bascula-digital-para-camilla#primaryimage"},"thumbnailUrl":"https:\/\/buscoequipomedico.com\/wp-content\/uploads\/2021\/10\/BM656.jpg","datePublished":"2021-10-07T06:51:59+00:00","breadcrumb":{"@id":"https:\/\/buscoequipomedico.com\/?product=bm656-bascula-digital-para-camilla#breadcrumb"},"inLanguage":"es","potentialAction":[{"@type":"ReadAction","target":["https:\/\/buscoequipomedico.com\/?product=bm656-bascula-digital-para-camilla"]}]},{"@type":"ImageObject","inLanguage":"es","@id":"https:\/\/buscoequipomedico.com\/?product=bm656-bascula-digital-para-camilla#primaryimage","url":"https:\/\/buscoequipomedico.com\/wp-content\/uploads\/2021\/10\/BM656.jpg","contentUrl":"https:\/\/buscoequipomedico.com\/wp-content\/uploads\/2021\/10\/BM656.jpg","width":1080,"height":1080,"caption":"BM656 BASCULA"},{"@type":"BreadcrumbList","@id":"https:\/\/buscoequipomedico.com\/?product=bm656-bascula-digital-para-camilla#breadcrumb","itemListElement":[{"@type":"ListItem","position":1,"name":"Productos","item":"https:\/\/buscoequipomedico.com\/shop\/"},{"@type":"ListItem","position":2,"name":"BM656 B\u00e1scula Digital Plataforma 360Kg Div 100g Tara Auto-Hold BMI Para Camilla"}]},{"@type":"WebSite","@id":"https:\/\/buscoequipomedico.com\/#website","url":"https:\/\/buscoequipomedico.com\/","name":"Tu mejor opci\u00f3n Equipo M\u00e9dico M\u00e9xico","description":"Tienda de equipo m\u00e9dico","publisher":{"@id":"https:\/\/buscoequipomedico.com\/#organization"},"potentialAction":[{"@type":"SearchAction","target":{"@type":"EntryPoint","urlTemplate":"https:\/\/buscoequipomedico.com\/?s={search_term_string}"},"query-input":{"@type":"PropertyValueSpecification","valueRequired":true,"valueName":"search_term_string"}}],"inLanguage":"es"},{"@type":"Organization","@id":"https:\/\/buscoequipomedico.com\/#organization","name":"Tu mejor opci\u00f3n Equipo M\u00e9dico M\u00e9xico","url":"https:\/\/buscoequipomedico.com\/","logo":{"@type":"ImageObject","inLanguage":"es","@id":"https:\/\/buscoequipomedico.com\/#\/schema\/logo\/image\/","url":"https:\/\/buscoequipomedico.com\/wp-content\/uploads\/2021\/07\/EMM-VPrincipal-scaled.jpg","contentUrl":"https:\/\/buscoequipomedico.com\/wp-content\/uploads\/2021\/07\/EMM-VPrincipal-scaled.jpg","width":2560,"height":1058,"caption":"Tu mejor opci\u00f3n Equipo M\u00e9dico M\u00e9xico"},"image":{"@id":"https:\/\/buscoequipomedico.com\/#\/schema\/logo\/image\/"}}]}},"_links":{"self":[{"href":"https:\/\/buscoequipomedico.com\/index.php?rest_route=\/wp\/v2\/product\/15955","targetHints":{"allow":["GET"]}}],"collection":[{"href":"https:\/\/buscoequipomedico.com\/index.php?rest_route=\/wp\/v2\/product"}],"about":[{"href":"https:\/\/buscoequipomedico.com\/index.php?rest_route=\/wp\/v2\/types\/product"}],"wp:featuredmedia":[{"embeddable":true,"href":"https:\/\/buscoequipomedico.com\/index.php?rest_route=\/wp\/v2\/media\/15956"}],"wp:attachment":[{"href":"https:\/\/buscoequipomedico.com\/index.php?rest_route=%2Fwp%2Fv2%2Fmedia&parent=15955"}],"wp:term":[{"taxonomy":"product_brand","embeddable":true,"href":"https:\/\/buscoequipomedico.com\/index.php?rest_route=%2Fwp%2Fv2%2Fproduct_brand&post=15955"},{"taxonomy":"product_cat","embeddable":true,"href":"https:\/\/buscoequipomedico.com\/index.php?rest_route=%2Fwp%2Fv2%2Fproduct_cat&post=15955"},{"taxonomy":"product_tag","embeddable":true,"href":"https:\/\/buscoequipomedico.com\/index.php?rest_route=%2Fwp%2Fv2%2Fproduct_tag&post=15955"}],"curies":[{"name":"wp","href":"https:\/\/api.w.org\/{rel}","templated":true}]}}