{"id":15959,"date":"2021-10-07T01:57:20","date_gmt":"2021-10-07T06:57:20","guid":{"rendered":"https:\/\/equipomedicomexico-com.preview-domain.com\/?post_type=product&#038;p=15959"},"modified":"2021-10-07T01:57:20","modified_gmt":"2021-10-07T06:57:20","slug":"bm674-bascula-digital-plataforma","status":"publish","type":"product","link":"https:\/\/buscoequipomedico.com\/?product=bm674-bascula-digital-plataforma","title":{"rendered":"BM674 B\u00e1scula Digital Plataforma 360Kg Div 100g Tara Auto-Hold BMI Marcador Al\u00e1mbrico M\u00f3vil"},"content":{"rendered":"<p><strong>CARACTER\u00cdSTICAS<\/strong><\/p>\n<p>Plataforma amplia de gran capacidad.<br \/>\nSimplemente, pesar con la silla de ruedas: la plataforma extraordinariamente amplia y antideslizante de la b\u00e1scula seca 674 ofrece el espacio suficiente para todos los modelos habituales de sillas de ruedas.<br \/>\nTambi\u00e9n se puede colocar una silla sobre la b\u00e1scula para los pacientes con dificultades para mantenerse en pie.<br \/>\nEs un confort que no pesa: porque mediante la funci\u00f3n pre-TARA, el peso adicional de la silla o de la silla de ruedas simplemente se resta, para obtener as\u00ed el peso neto del paciente.<br \/>\nGracias a la alta capacidad de 360 kg, esta b\u00e1scula tambi\u00e9n es la indicada para pesar a personas con obesidad.<br \/>\nLa rampa de acceso seca 470 ya est\u00e1 incluida en el paquete de suministro.<br \/>\nTambi\u00e9n se obtiene, de forma opcional, una segunda rampa de acceso seca 470, para permitir el desplazamiento de acceso desde ambos lados de la b\u00e1scula.<br \/>\nCon un plus de flexibilidad que ofrece el indicador remoto por cable.<br \/>\nEl elemento indicador de la b\u00e1scula seca 674 est\u00e1 unido a la b\u00e1scula con un cable de 2,70 metros de longitud, permitiendo una colocaci\u00f3n flexible. Para posicionarlo donde mejor se pueda leer.<br \/>\nEl suministro tambi\u00e9n incluye un elemento de sujeci\u00f3n en la pared.<br \/>\nEl interfaz integrado RS232 seca 460 (opcional) garantiza la transmisi\u00f3n confiable de los datos a una impresora o un PC.<\/p>\n<p><strong>ESPECIFICACIONES T\u00c9CNICAS<\/strong><\/p>\n<p>Capacidad: 360 kg \/ 800 lbs<br \/>\nDivisi\u00f3n: 100 g \/ 0.2 lbs<br \/>\nDimensiones (AxAxP): 904 x 70 x 1,064 mm \/ 35.6 x 2.8 x 41.9\u2033<br \/>\nDimensiones\/plataforma (AxAxP): 760 x 55 x 930 mm \/ 29.9 x 2.2 x 36.6\u2033<br \/>\nPeso: 27 kg \/ 59.5 lbs<br \/>\nAlimentaci\u00f3n: Red el\u00e9ctrica<br \/>\nFunciones: TARA, pre-TARA, auto-HOLD, BMI, conmutaci\u00f3n kg\/lbs, amortiguaci\u00f3n<\/p>\n","protected":false},"excerpt":{"rendered":"<p><strong>B\u00e1scula<\/strong>\u00a0de plataforma electr\u00f3nica lista para EMR. Esta\u00a0<strong>b\u00e1scula<\/strong>\u00a0de plataforma, de gran tama\u00f1o y alimentada por pilas, posee una rampa integrada y es multifuncional. Permite pesar pacientes ambulatorios y, especialmente, pacientes con gran sobrepeso, pacientes en sillas de ruedas o bien con problemas circulatorios que necesiten sentarse<\/p>\n","protected":false},"featured_media":15960,"template":"","meta":{"_joinchat":[]},"product_brand":[],"product_cat":[398],"product_tag":[391,399,389],"class_list":{"0":"post-15959","1":"product","2":"type-product","3":"status-publish","4":"has-post-thumbnail","6":"product_cat-basculas-2","7":"product_tag-bascula","8":"product_tag-medicion","9":"product_tag-seca","11":"first","12":"instock","13":"shipping-taxable","14":"product-type-simple"},"yoast_head":"<!-- This site is optimized with the Yoast SEO plugin v25.1 - https:\/\/yoast.com\/wordpress\/plugins\/seo\/ -->\n<title>BM674 B\u00e1scula Digital Plataforma 360Kg Div 100g Tara Auto-Hold BMI Marcador Al\u00e1mbrico M\u00f3vil - Tu mejor opci\u00f3n Equipo M\u00e9dico M\u00e9xico<\/title>\n<meta name=\"robots\" content=\"index, follow, max-snippet:-1, max-image-preview:large, max-video-preview:-1\" \/>\n<link rel=\"canonical\" href=\"https:\/\/buscoequipomedico.com\/?product=bm674-bascula-digital-plataforma\" \/>\n<meta property=\"og:locale\" content=\"es_ES\" \/>\n<meta property=\"og:type\" content=\"article\" \/>\n<meta property=\"og:title\" content=\"BM674 B\u00e1scula Digital Plataforma 360Kg Div 100g Tara Auto-Hold BMI Marcador Al\u00e1mbrico M\u00f3vil - Tu mejor opci\u00f3n Equipo M\u00e9dico M\u00e9xico\" \/>\n<meta property=\"og:description\" content=\"B\u00e1scula\u00a0de plataforma electr\u00f3nica lista para EMR. Esta\u00a0b\u00e1scula\u00a0de plataforma, de gran tama\u00f1o y alimentada por pilas, posee una rampa integrada y es multifuncional. Permite pesar pacientes ambulatorios y, especialmente, pacientes con gran sobrepeso, pacientes en sillas de ruedas o bien con problemas circulatorios que necesiten sentarse\" \/>\n<meta property=\"og:url\" content=\"https:\/\/buscoequipomedico.com\/?product=bm674-bascula-digital-plataforma\" \/>\n<meta property=\"og:site_name\" content=\"Tu mejor opci\u00f3n Equipo M\u00e9dico M\u00e9xico\" \/>\n<meta property=\"og:image\" content=\"https:\/\/buscoequipomedico.com\/wp-content\/uploads\/2021\/10\/BM674.jpg\" \/>\n\t<meta property=\"og:image:width\" content=\"600\" \/>\n\t<meta property=\"og:image:height\" content=\"600\" \/>\n\t<meta property=\"og:image:type\" content=\"image\/jpeg\" \/>\n<meta name=\"twitter:card\" content=\"summary_large_image\" \/>\n<meta name=\"twitter:label1\" content=\"Tiempo de lectura\" \/>\n\t<meta name=\"twitter:data1\" content=\"1 minuto\" \/>\n<script type=\"application\/ld+json\" class=\"yoast-schema-graph\">{\"@context\":\"https:\/\/schema.org\",\"@graph\":[{\"@type\":\"WebPage\",\"@id\":\"https:\/\/buscoequipomedico.com\/?product=bm674-bascula-digital-plataforma\",\"url\":\"https:\/\/buscoequipomedico.com\/?product=bm674-bascula-digital-plataforma\",\"name\":\"BM674 B\u00e1scula Digital Plataforma 360Kg Div 100g Tara Auto-Hold BMI Marcador Al\u00e1mbrico M\u00f3vil - Tu mejor opci\u00f3n Equipo M\u00e9dico M\u00e9xico\",\"isPartOf\":{\"@id\":\"https:\/\/buscoequipomedico.com\/#website\"},\"primaryImageOfPage\":{\"@id\":\"https:\/\/buscoequipomedico.com\/?product=bm674-bascula-digital-plataforma#primaryimage\"},\"image\":{\"@id\":\"https:\/\/buscoequipomedico.com\/?product=bm674-bascula-digital-plataforma#primaryimage\"},\"thumbnailUrl\":\"https:\/\/buscoequipomedico.com\/wp-content\/uploads\/2021\/10\/BM674.jpg\",\"datePublished\":\"2021-10-07T06:57:20+00:00\",\"breadcrumb\":{\"@id\":\"https:\/\/buscoequipomedico.com\/?product=bm674-bascula-digital-plataforma#breadcrumb\"},\"inLanguage\":\"es\",\"potentialAction\":[{\"@type\":\"ReadAction\",\"target\":[\"https:\/\/buscoequipomedico.com\/?product=bm674-bascula-digital-plataforma\"]}]},{\"@type\":\"ImageObject\",\"inLanguage\":\"es\",\"@id\":\"https:\/\/buscoequipomedico.com\/?product=bm674-bascula-digital-plataforma#primaryimage\",\"url\":\"https:\/\/buscoequipomedico.com\/wp-content\/uploads\/2021\/10\/BM674.jpg\",\"contentUrl\":\"https:\/\/buscoequipomedico.com\/wp-content\/uploads\/2021\/10\/BM674.jpg\",\"width\":600,\"height\":600,\"caption\":\"BM674 BASCULA\"},{\"@type\":\"BreadcrumbList\",\"@id\":\"https:\/\/buscoequipomedico.com\/?product=bm674-bascula-digital-plataforma#breadcrumb\",\"itemListElement\":[{\"@type\":\"ListItem\",\"position\":1,\"name\":\"Productos\",\"item\":\"https:\/\/buscoequipomedico.com\/shop\/\"},{\"@type\":\"ListItem\",\"position\":2,\"name\":\"BM674 B\u00e1scula Digital Plataforma 360Kg Div 100g Tara Auto-Hold BMI Marcador Al\u00e1mbrico M\u00f3vil\"}]},{\"@type\":\"WebSite\",\"@id\":\"https:\/\/buscoequipomedico.com\/#website\",\"url\":\"https:\/\/buscoequipomedico.com\/\",\"name\":\"Tu mejor opci\u00f3n Equipo M\u00e9dico M\u00e9xico\",\"description\":\"Tienda de equipo m\u00e9dico\",\"publisher\":{\"@id\":\"https:\/\/buscoequipomedico.com\/#organization\"},\"potentialAction\":[{\"@type\":\"SearchAction\",\"target\":{\"@type\":\"EntryPoint\",\"urlTemplate\":\"https:\/\/buscoequipomedico.com\/?s={search_term_string}\"},\"query-input\":{\"@type\":\"PropertyValueSpecification\",\"valueRequired\":true,\"valueName\":\"search_term_string\"}}],\"inLanguage\":\"es\"},{\"@type\":\"Organization\",\"@id\":\"https:\/\/buscoequipomedico.com\/#organization\",\"name\":\"Tu mejor opci\u00f3n Equipo M\u00e9dico M\u00e9xico\",\"url\":\"https:\/\/buscoequipomedico.com\/\",\"logo\":{\"@type\":\"ImageObject\",\"inLanguage\":\"es\",\"@id\":\"https:\/\/buscoequipomedico.com\/#\/schema\/logo\/image\/\",\"url\":\"https:\/\/buscoequipomedico.com\/wp-content\/uploads\/2021\/07\/EMM-VPrincipal-scaled.jpg\",\"contentUrl\":\"https:\/\/buscoequipomedico.com\/wp-content\/uploads\/2021\/07\/EMM-VPrincipal-scaled.jpg\",\"width\":2560,\"height\":1058,\"caption\":\"Tu mejor opci\u00f3n Equipo M\u00e9dico M\u00e9xico\"},\"image\":{\"@id\":\"https:\/\/buscoequipomedico.com\/#\/schema\/logo\/image\/\"}}]}<\/script>\n<!-- \/ Yoast SEO plugin. -->","yoast_head_json":{"title":"BM674 B\u00e1scula Digital Plataforma 360Kg Div 100g Tara Auto-Hold BMI Marcador Al\u00e1mbrico M\u00f3vil - Tu mejor opci\u00f3n Equipo M\u00e9dico M\u00e9xico","robots":{"index":"index","follow":"follow","max-snippet":"max-snippet:-1","max-image-preview":"max-image-preview:large","max-video-preview":"max-video-preview:-1"},"canonical":"https:\/\/buscoequipomedico.com\/?product=bm674-bascula-digital-plataforma","og_locale":"es_ES","og_type":"article","og_title":"BM674 B\u00e1scula Digital Plataforma 360Kg Div 100g Tara Auto-Hold BMI Marcador Al\u00e1mbrico M\u00f3vil - Tu mejor opci\u00f3n Equipo M\u00e9dico M\u00e9xico","og_description":"B\u00e1scula\u00a0de plataforma electr\u00f3nica lista para EMR. Esta\u00a0b\u00e1scula\u00a0de plataforma, de gran tama\u00f1o y alimentada por pilas, posee una rampa integrada y es multifuncional. Permite pesar pacientes ambulatorios y, especialmente, pacientes con gran sobrepeso, pacientes en sillas de ruedas o bien con problemas circulatorios que necesiten sentarse","og_url":"https:\/\/buscoequipomedico.com\/?product=bm674-bascula-digital-plataforma","og_site_name":"Tu mejor opci\u00f3n Equipo M\u00e9dico M\u00e9xico","og_image":[{"width":600,"height":600,"url":"https:\/\/buscoequipomedico.com\/wp-content\/uploads\/2021\/10\/BM674.jpg","type":"image\/jpeg"}],"twitter_card":"summary_large_image","twitter_misc":{"Tiempo de lectura":"1 minuto"},"schema":{"@context":"https:\/\/schema.org","@graph":[{"@type":"WebPage","@id":"https:\/\/buscoequipomedico.com\/?product=bm674-bascula-digital-plataforma","url":"https:\/\/buscoequipomedico.com\/?product=bm674-bascula-digital-plataforma","name":"BM674 B\u00e1scula Digital Plataforma 360Kg Div 100g Tara Auto-Hold BMI Marcador Al\u00e1mbrico M\u00f3vil - Tu mejor opci\u00f3n Equipo M\u00e9dico M\u00e9xico","isPartOf":{"@id":"https:\/\/buscoequipomedico.com\/#website"},"primaryImageOfPage":{"@id":"https:\/\/buscoequipomedico.com\/?product=bm674-bascula-digital-plataforma#primaryimage"},"image":{"@id":"https:\/\/buscoequipomedico.com\/?product=bm674-bascula-digital-plataforma#primaryimage"},"thumbnailUrl":"https:\/\/buscoequipomedico.com\/wp-content\/uploads\/2021\/10\/BM674.jpg","datePublished":"2021-10-07T06:57:20+00:00","breadcrumb":{"@id":"https:\/\/buscoequipomedico.com\/?product=bm674-bascula-digital-plataforma#breadcrumb"},"inLanguage":"es","potentialAction":[{"@type":"ReadAction","target":["https:\/\/buscoequipomedico.com\/?product=bm674-bascula-digital-plataforma"]}]},{"@type":"ImageObject","inLanguage":"es","@id":"https:\/\/buscoequipomedico.com\/?product=bm674-bascula-digital-plataforma#primaryimage","url":"https:\/\/buscoequipomedico.com\/wp-content\/uploads\/2021\/10\/BM674.jpg","contentUrl":"https:\/\/buscoequipomedico.com\/wp-content\/uploads\/2021\/10\/BM674.jpg","width":600,"height":600,"caption":"BM674 BASCULA"},{"@type":"BreadcrumbList","@id":"https:\/\/buscoequipomedico.com\/?product=bm674-bascula-digital-plataforma#breadcrumb","itemListElement":[{"@type":"ListItem","position":1,"name":"Productos","item":"https:\/\/buscoequipomedico.com\/shop\/"},{"@type":"ListItem","position":2,"name":"BM674 B\u00e1scula Digital Plataforma 360Kg Div 100g Tara Auto-Hold BMI Marcador Al\u00e1mbrico M\u00f3vil"}]},{"@type":"WebSite","@id":"https:\/\/buscoequipomedico.com\/#website","url":"https:\/\/buscoequipomedico.com\/","name":"Tu mejor opci\u00f3n Equipo M\u00e9dico M\u00e9xico","description":"Tienda de equipo m\u00e9dico","publisher":{"@id":"https:\/\/buscoequipomedico.com\/#organization"},"potentialAction":[{"@type":"SearchAction","target":{"@type":"EntryPoint","urlTemplate":"https:\/\/buscoequipomedico.com\/?s={search_term_string}"},"query-input":{"@type":"PropertyValueSpecification","valueRequired":true,"valueName":"search_term_string"}}],"inLanguage":"es"},{"@type":"Organization","@id":"https:\/\/buscoequipomedico.com\/#organization","name":"Tu mejor opci\u00f3n Equipo M\u00e9dico M\u00e9xico","url":"https:\/\/buscoequipomedico.com\/","logo":{"@type":"ImageObject","inLanguage":"es","@id":"https:\/\/buscoequipomedico.com\/#\/schema\/logo\/image\/","url":"https:\/\/buscoequipomedico.com\/wp-content\/uploads\/2021\/07\/EMM-VPrincipal-scaled.jpg","contentUrl":"https:\/\/buscoequipomedico.com\/wp-content\/uploads\/2021\/07\/EMM-VPrincipal-scaled.jpg","width":2560,"height":1058,"caption":"Tu mejor opci\u00f3n Equipo M\u00e9dico M\u00e9xico"},"image":{"@id":"https:\/\/buscoequipomedico.com\/#\/schema\/logo\/image\/"}}]}},"_links":{"self":[{"href":"https:\/\/buscoequipomedico.com\/index.php?rest_route=\/wp\/v2\/product\/15959","targetHints":{"allow":["GET"]}}],"collection":[{"href":"https:\/\/buscoequipomedico.com\/index.php?rest_route=\/wp\/v2\/product"}],"about":[{"href":"https:\/\/buscoequipomedico.com\/index.php?rest_route=\/wp\/v2\/types\/product"}],"wp:featuredmedia":[{"embeddable":true,"href":"https:\/\/buscoequipomedico.com\/index.php?rest_route=\/wp\/v2\/media\/15960"}],"wp:attachment":[{"href":"https:\/\/buscoequipomedico.com\/index.php?rest_route=%2Fwp%2Fv2%2Fmedia&parent=15959"}],"wp:term":[{"taxonomy":"product_brand","embeddable":true,"href":"https:\/\/buscoequipomedico.com\/index.php?rest_route=%2Fwp%2Fv2%2Fproduct_brand&post=15959"},{"taxonomy":"product_cat","embeddable":true,"href":"https:\/\/buscoequipomedico.com\/index.php?rest_route=%2Fwp%2Fv2%2Fproduct_cat&post=15959"},{"taxonomy":"product_tag","embeddable":true,"href":"https:\/\/buscoequipomedico.com\/index.php?rest_route=%2Fwp%2Fv2%2Fproduct_tag&post=15959"}],"curies":[{"name":"wp","href":"https:\/\/api.w.org\/{rel}","templated":true}]}}