{"id":16237,"date":"2022-02-23T20:47:41","date_gmt":"2022-02-24T02:47:41","guid":{"rendered":"https:\/\/equipomedicomexico-com.preview-domain.com\/?post_type=product&#038;p=16237"},"modified":"2022-02-24T21:53:43","modified_gmt":"2022-02-25T03:53:43","slug":"cama-manual-3-posiciones","status":"publish","type":"product","link":"https:\/\/buscoequipomedico.com\/?product=cama-manual-3-posiciones","title":{"rendered":"Cama Manual de 3 Posiciones"},"content":{"rendered":"<ul>\n<li><span class=\"JsGRdQ\">3 posiciones.<\/span><\/li>\n<li><span class=\"JsGRdQ\">Ajuste de la secci\u00f3n de respaldo: 75\u00b0.<\/span><\/li>\n<li><span class=\"JsGRdQ\">Ajuste de la secci\u00f3n de rodilla: 45\u00b0<\/span><\/li>\n<li><span class=\"JsGRdQ\">Altura ajustable: 45cm-75cm.<\/span><\/li>\n<li><span class=\"JsGRdQ\">Tablero de cabecera<\/span>\u00a0<span class=\"JsGRdQ\">y piecera<\/span>\u00a0<span class=\"JsGRdQ\">en pl\u00e1stico.<\/span><\/li>\n<li><span class=\"JsGRdQ\">Barandales laterales plegables fabricados<\/span>\u00a0<span class=\"JsGRdQ\">en aleaci\u00f3n de aluminio.<\/span><\/li>\n<li><span class=\"JsGRdQ\">4 ruedas.<\/span><\/li>\n<li><span class=\"JsGRdQ\">Dimensiones: 211cm * 96cm * 45cm-75cm.<\/span><\/li>\n<li><span class=\"JsGRdQ\">Ruedas giratorias silenciosa, dos de ellas con freno.<\/span><\/li>\n<li><span class=\"JsGRdQ\">Riel lateral de aluminio 2 piezas<\/span><\/li>\n<li><span class=\"JsGRdQ\">Incluye portasuero.<\/span><\/li>\n<li><span class=\"JsGRdQ\">Carga m\u00e1xima segura 200kg.<\/span><\/li>\n<\/ul>\n","protected":false},"excerpt":{"rendered":"<h5>Equipo Medico M\u00e8xico presenta Cama Manual Hospitalaria de 3 Posiciones de\u00a0 CM3MVL Marca Inmed<\/h5>\n","protected":false},"featured_media":16241,"template":"","meta":{"_joinchat":[]},"product_brand":[],"product_cat":[201],"product_tag":[404],"class_list":{"0":"post-16237","1":"product","2":"type-product","3":"status-publish","4":"has-post-thumbnail","6":"product_cat-camas-manuales","7":"product_tag-recuperacion","9":"first","10":"instock","11":"featured","12":"shipping-taxable","13":"product-type-simple"},"yoast_head":"<!-- This site is optimized with the Yoast SEO plugin v25.1 - https:\/\/yoast.com\/wordpress\/plugins\/seo\/ -->\n<title>Cama Manual de 3 Posiciones - Tu mejor opci\u00f3n Equipo M\u00e9dico M\u00e9xico<\/title>\n<meta name=\"robots\" content=\"index, follow, max-snippet:-1, max-image-preview:large, max-video-preview:-1\" \/>\n<link rel=\"canonical\" href=\"https:\/\/buscoequipomedico.com\/?product=cama-manual-3-posiciones\" \/>\n<meta property=\"og:locale\" content=\"es_ES\" \/>\n<meta property=\"og:type\" content=\"article\" \/>\n<meta property=\"og:title\" content=\"Cama Manual de 3 Posiciones - Tu mejor opci\u00f3n Equipo M\u00e9dico M\u00e9xico\" \/>\n<meta property=\"og:description\" content=\"Equipo Medico M\u00e8xico presenta Cama Manual Hospitalaria de 3 Posiciones de\u00a0 CM3MVL Marca Inmed\" \/>\n<meta property=\"og:url\" content=\"https:\/\/buscoequipomedico.com\/?product=cama-manual-3-posiciones\" \/>\n<meta property=\"og:site_name\" content=\"Tu mejor opci\u00f3n Equipo M\u00e9dico M\u00e9xico\" \/>\n<meta property=\"article:modified_time\" content=\"2022-02-25T03:53:43+00:00\" \/>\n<meta property=\"og:image\" content=\"https:\/\/buscoequipomedico.com\/wp-content\/uploads\/2022\/02\/CM3MVL.png\" \/>\n\t<meta property=\"og:image:width\" content=\"766\" \/>\n\t<meta property=\"og:image:height\" content=\"752\" \/>\n\t<meta property=\"og:image:type\" content=\"image\/png\" \/>\n<meta name=\"twitter:card\" content=\"summary_large_image\" \/>\n<script type=\"application\/ld+json\" class=\"yoast-schema-graph\">{\"@context\":\"https:\/\/schema.org\",\"@graph\":[{\"@type\":\"WebPage\",\"@id\":\"https:\/\/buscoequipomedico.com\/?product=cama-manual-3-posiciones\",\"url\":\"https:\/\/buscoequipomedico.com\/?product=cama-manual-3-posiciones\",\"name\":\"Cama Manual de 3 Posiciones - Tu mejor opci\u00f3n Equipo M\u00e9dico M\u00e9xico\",\"isPartOf\":{\"@id\":\"https:\/\/buscoequipomedico.com\/#website\"},\"primaryImageOfPage\":{\"@id\":\"https:\/\/buscoequipomedico.com\/?product=cama-manual-3-posiciones#primaryimage\"},\"image\":{\"@id\":\"https:\/\/buscoequipomedico.com\/?product=cama-manual-3-posiciones#primaryimage\"},\"thumbnailUrl\":\"https:\/\/buscoequipomedico.com\/wp-content\/uploads\/2022\/02\/CM3MVL.png\",\"datePublished\":\"2022-02-24T02:47:41+00:00\",\"dateModified\":\"2022-02-25T03:53:43+00:00\",\"breadcrumb\":{\"@id\":\"https:\/\/buscoequipomedico.com\/?product=cama-manual-3-posiciones#breadcrumb\"},\"inLanguage\":\"es\",\"potentialAction\":[{\"@type\":\"ReadAction\",\"target\":[\"https:\/\/buscoequipomedico.com\/?product=cama-manual-3-posiciones\"]}]},{\"@type\":\"ImageObject\",\"inLanguage\":\"es\",\"@id\":\"https:\/\/buscoequipomedico.com\/?product=cama-manual-3-posiciones#primaryimage\",\"url\":\"https:\/\/buscoequipomedico.com\/wp-content\/uploads\/2022\/02\/CM3MVL.png\",\"contentUrl\":\"https:\/\/buscoequipomedico.com\/wp-content\/uploads\/2022\/02\/CM3MVL.png\",\"width\":766,\"height\":752,\"caption\":\"CAMA MANUAL DE 3 POSICIONES\"},{\"@type\":\"BreadcrumbList\",\"@id\":\"https:\/\/buscoequipomedico.com\/?product=cama-manual-3-posiciones#breadcrumb\",\"itemListElement\":[{\"@type\":\"ListItem\",\"position\":1,\"name\":\"Productos\",\"item\":\"https:\/\/buscoequipomedico.com\/shop\/\"},{\"@type\":\"ListItem\",\"position\":2,\"name\":\"Cama Manual de 3 Posiciones\"}]},{\"@type\":\"WebSite\",\"@id\":\"https:\/\/buscoequipomedico.com\/#website\",\"url\":\"https:\/\/buscoequipomedico.com\/\",\"name\":\"Tu mejor opci\u00f3n Equipo M\u00e9dico M\u00e9xico\",\"description\":\"Tienda de equipo m\u00e9dico\",\"publisher\":{\"@id\":\"https:\/\/buscoequipomedico.com\/#organization\"},\"potentialAction\":[{\"@type\":\"SearchAction\",\"target\":{\"@type\":\"EntryPoint\",\"urlTemplate\":\"https:\/\/buscoequipomedico.com\/?s={search_term_string}\"},\"query-input\":{\"@type\":\"PropertyValueSpecification\",\"valueRequired\":true,\"valueName\":\"search_term_string\"}}],\"inLanguage\":\"es\"},{\"@type\":\"Organization\",\"@id\":\"https:\/\/buscoequipomedico.com\/#organization\",\"name\":\"Tu mejor opci\u00f3n Equipo M\u00e9dico M\u00e9xico\",\"url\":\"https:\/\/buscoequipomedico.com\/\",\"logo\":{\"@type\":\"ImageObject\",\"inLanguage\":\"es\",\"@id\":\"https:\/\/buscoequipomedico.com\/#\/schema\/logo\/image\/\",\"url\":\"https:\/\/buscoequipomedico.com\/wp-content\/uploads\/2021\/07\/EMM-VPrincipal-scaled.jpg\",\"contentUrl\":\"https:\/\/buscoequipomedico.com\/wp-content\/uploads\/2021\/07\/EMM-VPrincipal-scaled.jpg\",\"width\":2560,\"height\":1058,\"caption\":\"Tu mejor opci\u00f3n Equipo M\u00e9dico M\u00e9xico\"},\"image\":{\"@id\":\"https:\/\/buscoequipomedico.com\/#\/schema\/logo\/image\/\"}}]}<\/script>\n<!-- \/ Yoast SEO plugin. -->","yoast_head_json":{"title":"Cama Manual de 3 Posiciones - Tu mejor opci\u00f3n Equipo M\u00e9dico M\u00e9xico","robots":{"index":"index","follow":"follow","max-snippet":"max-snippet:-1","max-image-preview":"max-image-preview:large","max-video-preview":"max-video-preview:-1"},"canonical":"https:\/\/buscoequipomedico.com\/?product=cama-manual-3-posiciones","og_locale":"es_ES","og_type":"article","og_title":"Cama Manual de 3 Posiciones - Tu mejor opci\u00f3n Equipo M\u00e9dico M\u00e9xico","og_description":"Equipo Medico M\u00e8xico presenta Cama Manual Hospitalaria de 3 Posiciones de\u00a0 CM3MVL Marca Inmed","og_url":"https:\/\/buscoequipomedico.com\/?product=cama-manual-3-posiciones","og_site_name":"Tu mejor opci\u00f3n Equipo M\u00e9dico M\u00e9xico","article_modified_time":"2022-02-25T03:53:43+00:00","og_image":[{"width":766,"height":752,"url":"https:\/\/buscoequipomedico.com\/wp-content\/uploads\/2022\/02\/CM3MVL.png","type":"image\/png"}],"twitter_card":"summary_large_image","schema":{"@context":"https:\/\/schema.org","@graph":[{"@type":"WebPage","@id":"https:\/\/buscoequipomedico.com\/?product=cama-manual-3-posiciones","url":"https:\/\/buscoequipomedico.com\/?product=cama-manual-3-posiciones","name":"Cama Manual de 3 Posiciones - Tu mejor opci\u00f3n Equipo M\u00e9dico M\u00e9xico","isPartOf":{"@id":"https:\/\/buscoequipomedico.com\/#website"},"primaryImageOfPage":{"@id":"https:\/\/buscoequipomedico.com\/?product=cama-manual-3-posiciones#primaryimage"},"image":{"@id":"https:\/\/buscoequipomedico.com\/?product=cama-manual-3-posiciones#primaryimage"},"thumbnailUrl":"https:\/\/buscoequipomedico.com\/wp-content\/uploads\/2022\/02\/CM3MVL.png","datePublished":"2022-02-24T02:47:41+00:00","dateModified":"2022-02-25T03:53:43+00:00","breadcrumb":{"@id":"https:\/\/buscoequipomedico.com\/?product=cama-manual-3-posiciones#breadcrumb"},"inLanguage":"es","potentialAction":[{"@type":"ReadAction","target":["https:\/\/buscoequipomedico.com\/?product=cama-manual-3-posiciones"]}]},{"@type":"ImageObject","inLanguage":"es","@id":"https:\/\/buscoequipomedico.com\/?product=cama-manual-3-posiciones#primaryimage","url":"https:\/\/buscoequipomedico.com\/wp-content\/uploads\/2022\/02\/CM3MVL.png","contentUrl":"https:\/\/buscoequipomedico.com\/wp-content\/uploads\/2022\/02\/CM3MVL.png","width":766,"height":752,"caption":"CAMA MANUAL DE 3 POSICIONES"},{"@type":"BreadcrumbList","@id":"https:\/\/buscoequipomedico.com\/?product=cama-manual-3-posiciones#breadcrumb","itemListElement":[{"@type":"ListItem","position":1,"name":"Productos","item":"https:\/\/buscoequipomedico.com\/shop\/"},{"@type":"ListItem","position":2,"name":"Cama Manual de 3 Posiciones"}]},{"@type":"WebSite","@id":"https:\/\/buscoequipomedico.com\/#website","url":"https:\/\/buscoequipomedico.com\/","name":"Tu mejor opci\u00f3n Equipo M\u00e9dico M\u00e9xico","description":"Tienda de equipo m\u00e9dico","publisher":{"@id":"https:\/\/buscoequipomedico.com\/#organization"},"potentialAction":[{"@type":"SearchAction","target":{"@type":"EntryPoint","urlTemplate":"https:\/\/buscoequipomedico.com\/?s={search_term_string}"},"query-input":{"@type":"PropertyValueSpecification","valueRequired":true,"valueName":"search_term_string"}}],"inLanguage":"es"},{"@type":"Organization","@id":"https:\/\/buscoequipomedico.com\/#organization","name":"Tu mejor opci\u00f3n Equipo M\u00e9dico M\u00e9xico","url":"https:\/\/buscoequipomedico.com\/","logo":{"@type":"ImageObject","inLanguage":"es","@id":"https:\/\/buscoequipomedico.com\/#\/schema\/logo\/image\/","url":"https:\/\/buscoequipomedico.com\/wp-content\/uploads\/2021\/07\/EMM-VPrincipal-scaled.jpg","contentUrl":"https:\/\/buscoequipomedico.com\/wp-content\/uploads\/2021\/07\/EMM-VPrincipal-scaled.jpg","width":2560,"height":1058,"caption":"Tu mejor opci\u00f3n Equipo M\u00e9dico M\u00e9xico"},"image":{"@id":"https:\/\/buscoequipomedico.com\/#\/schema\/logo\/image\/"}}]}},"_links":{"self":[{"href":"https:\/\/buscoequipomedico.com\/index.php?rest_route=\/wp\/v2\/product\/16237","targetHints":{"allow":["GET"]}}],"collection":[{"href":"https:\/\/buscoequipomedico.com\/index.php?rest_route=\/wp\/v2\/product"}],"about":[{"href":"https:\/\/buscoequipomedico.com\/index.php?rest_route=\/wp\/v2\/types\/product"}],"wp:featuredmedia":[{"embeddable":true,"href":"https:\/\/buscoequipomedico.com\/index.php?rest_route=\/wp\/v2\/media\/16241"}],"wp:attachment":[{"href":"https:\/\/buscoequipomedico.com\/index.php?rest_route=%2Fwp%2Fv2%2Fmedia&parent=16237"}],"wp:term":[{"taxonomy":"product_brand","embeddable":true,"href":"https:\/\/buscoequipomedico.com\/index.php?rest_route=%2Fwp%2Fv2%2Fproduct_brand&post=16237"},{"taxonomy":"product_cat","embeddable":true,"href":"https:\/\/buscoequipomedico.com\/index.php?rest_route=%2Fwp%2Fv2%2Fproduct_cat&post=16237"},{"taxonomy":"product_tag","embeddable":true,"href":"https:\/\/buscoequipomedico.com\/index.php?rest_route=%2Fwp%2Fv2%2Fproduct_tag&post=16237"}],"curies":[{"name":"wp","href":"https:\/\/api.w.org\/{rel}","templated":true}]}}