{"id":24826,"date":"2023-06-28T00:16:36","date_gmt":"2023-06-28T05:16:36","guid":{"rendered":"https:\/\/equipomedicomexico-com.preview-domain.com\/producto\/lampara-para-quirofano-ultratec-5000-2\/"},"modified":"2024-10-09T22:46:55","modified_gmt":"2024-10-10T04:46:55","slug":"lampara-para-quirofano-ultratec-5000-2","status":"publish","type":"product","link":"https:\/\/buscoequipomedico.com\/?product=lampara-para-quirofano-ultratec-5000-2","title":{"rendered":"L\u00e1mpara Para Quir\u00f3fano Ultratec 5000"},"content":{"rendered":"<div id=\"tab-description\" role=\"tabpanel\" aria-labelledby=\"tab-title-description\">\n<p><b>CARACTER\u00cdSTICAS<\/b><\/p>\n<p>Rotaci\u00f3n ilimitada, rotaci\u00f3n de 360\u00b0<br \/>\nCon pantalla de cristal.<br \/>\nCapacidad de abatimiento de 45\u00b0 y ajuste vertical de 90 cm.<br \/>\nMango desmontable, esterilizable y autolavable.<br \/>\nCon panel electr\u00f3nico<br \/>\nCon teclas de membrana en el sat\u00e9lite<br \/>\nEncendido<br \/>\nApagado<br \/>\nControles de intensidad luminosa<br \/>\nAviso \u00f3ptico en caso de foco fundido.<br \/>\nIntensidad luminosa homog\u00e9nea de 150,000 luxes a 1 metro de distancia<br \/>\nLibre de sombras a la interposici\u00f3n de cuerpos.<\/p>\n<p><strong>ESPECIFICACIONES T\u00c9CNICAS<\/strong><\/p>\n<p>Columna fija al techo<br \/>\nBrazo porta lampara.<br \/>\nCarcasa cerrada con superficies exteriores lisas.<br \/>\nSin bordes.<br \/>\nSin tornillos.<br \/>\nPara su f\u00e1cil limpieza y desinfecci\u00f3n con una cubierta protectora de superficie reflectora en policarbonato de alto impacto.<br \/>\nFoco primario en uso normal y otro de reserva con remplazo autom\u00e1tico permitiendo la iluminaci\u00f3n del campo en un 80%.<br \/>\nPromedio de vida aproximado del foco: 1,000 horas.<br \/>\nFiltro reductor de calor con incremento de temperatura.<br \/>\nZona de operaci\u00f3n de 10\u00b0c a 15\u00b0c m\u00e1x.<br \/>\nZona de la cabeza de 2\u00b0c.<br \/>\nEnsamble en base de cer\u00e1mica.<br \/>\nCon panel electr\u00f3nico.<br \/>\nCon teclas de membrana en el sat\u00e9lite.<br \/>\nIntensidad luminosa homogenea de 150,000 luxes a 1 metro de distancia de la fuente de policarbonato transparente liso.<br \/>\nCuerpo de aluminio<br \/>\nForma de generaci\u00f3n de luz con una luminaria halogena de emergencia con reemplazo autom\u00e1tico.<br \/>\nDi\u00e1metro de campo de luz ajustable 24 cm y variable.<br \/>\nEnerg\u00eda radiaci\u00f3n 418w\/m2.<br \/>\nSistema de filtrado t\u00e9rmico 97%<br \/>\nTemperatura de color 4,000 a 5,000 grados kelvin, en el campo operatorio.<br \/>\n\u00cdndice de rendimiento de color: 90<br \/>\nProfundidad del \u00e1rea de trabajo 30 cm.<br \/>\nCorriente el\u00e9ctrica 120 v \/ 60 hz.<br \/>\nPeso: 48 Kgs<\/p>\n<p>&nbsp;<\/p>\n<p>&nbsp;<\/p>\n<\/div>\n<div id=\"tab-pwb_tab\" role=\"tabpanel\" aria-labelledby=\"tab-title-pwb_tab\">\n<div id=\"tab-pwb_tab-content\">\n<p>&nbsp;<\/p>\n<\/div>\n<\/div>\n","protected":false},"excerpt":{"rendered":"<p>Lampara Para Quir\u00f3fano Ultratec 5000: avanzada tecnolog\u00eda LED para iluminaci\u00f3n quir\u00fargica. Dise\u00f1o antideslumbrante con enfoque ajustable, ideal para procedimientos de alta precisi\u00f3n.<\/p>\n","protected":false},"featured_media":24827,"template":"","meta":{"_joinchat":{"telephone":"+525541454338"}},"product_brand":[],"product_cat":[280],"product_tag":[633,626,637,636],"class_list":{"0":"post-24826","1":"product","2":"type-product","3":"status-publish","4":"has-post-thumbnail","6":"product_cat-lamparas-de-cirugia","7":"product_tag-iluminacion-led","8":"product_tag-lampara-quirurgica","9":"product_tag-quirofano","10":"product_tag-ultratec-5000","12":"first","13":"instock","14":"shipping-taxable","15":"product-type-simple"},"yoast_head":"<!-- This site is optimized with the Yoast SEO plugin v25.1 - https:\/\/yoast.com\/wordpress\/plugins\/seo\/ -->\n<title>L\u00e1mpara Para Quir\u00f3fano Ultratec 5000 Iluminaci\u00f3n Quir\u00fargica<\/title>\n<meta name=\"description\" content=\"Maximiza la eficacia en tus quir\u00f3fanos con la L\u00e1mpara Ultratec 5000. Dise\u00f1o avanzado para una iluminaci\u00f3n quir\u00fargica superior con tecnolog\u00eda LED\" \/>\n<meta name=\"robots\" content=\"index, follow, max-snippet:-1, max-image-preview:large, max-video-preview:-1\" \/>\n<link rel=\"canonical\" href=\"https:\/\/buscoequipomedico.com\/?product=lampara-para-quirofano-ultratec-5000-2\" \/>\n<meta property=\"og:locale\" content=\"es_ES\" \/>\n<meta property=\"og:type\" content=\"article\" \/>\n<meta property=\"og:title\" content=\"L\u00e1mpara Para Quir\u00f3fano Ultratec 5000 Iluminaci\u00f3n Quir\u00fargica\" \/>\n<meta property=\"og:description\" content=\"Maximiza la eficacia en tus quir\u00f3fanos con la L\u00e1mpara Ultratec 5000. Dise\u00f1o avanzado para una iluminaci\u00f3n quir\u00fargica superior con tecnolog\u00eda LED\" \/>\n<meta property=\"og:url\" content=\"https:\/\/buscoequipomedico.com\/?product=lampara-para-quirofano-ultratec-5000-2\" \/>\n<meta property=\"og:site_name\" content=\"Tu mejor opci\u00f3n Equipo M\u00e9dico M\u00e9xico\" \/>\n<meta property=\"article:modified_time\" content=\"2024-10-10T04:46:55+00:00\" \/>\n<meta property=\"og:image\" content=\"https:\/\/buscoequipomedico.com\/wp-content\/uploads\/2023\/06\/24826-imagenes-png-jpeg-2022-01-19T120719.172.webp\" \/>\n\t<meta property=\"og:image:width\" content=\"1080\" \/>\n\t<meta property=\"og:image:height\" content=\"1080\" \/>\n\t<meta property=\"og:image:type\" content=\"image\/webp\" \/>\n<meta name=\"twitter:card\" content=\"summary_large_image\" \/>\n<meta name=\"twitter:label1\" content=\"Tiempo de lectura\" \/>\n\t<meta name=\"twitter:data1\" content=\"2 minutos\" \/>\n<script type=\"application\/ld+json\" class=\"yoast-schema-graph\">{\"@context\":\"https:\/\/schema.org\",\"@graph\":[{\"@type\":\"WebPage\",\"@id\":\"https:\/\/buscoequipomedico.com\/?product=lampara-para-quirofano-ultratec-5000-2\",\"url\":\"https:\/\/buscoequipomedico.com\/?product=lampara-para-quirofano-ultratec-5000-2\",\"name\":\"L\u00e1mpara Para Quir\u00f3fano Ultratec 5000 Iluminaci\u00f3n Quir\u00fargica\",\"isPartOf\":{\"@id\":\"https:\/\/buscoequipomedico.com\/#website\"},\"primaryImageOfPage\":{\"@id\":\"https:\/\/buscoequipomedico.com\/?product=lampara-para-quirofano-ultratec-5000-2#primaryimage\"},\"image\":{\"@id\":\"https:\/\/buscoequipomedico.com\/?product=lampara-para-quirofano-ultratec-5000-2#primaryimage\"},\"thumbnailUrl\":\"https:\/\/buscoequipomedico.com\/wp-content\/uploads\/2023\/06\/24826-imagenes-png-jpeg-2022-01-19T120719.172.webp\",\"datePublished\":\"2023-06-28T05:16:36+00:00\",\"dateModified\":\"2024-10-10T04:46:55+00:00\",\"description\":\"Maximiza la eficacia en tus quir\u00f3fanos con la L\u00e1mpara Ultratec 5000. Dise\u00f1o avanzado para una iluminaci\u00f3n quir\u00fargica superior con tecnolog\u00eda LED\",\"breadcrumb\":{\"@id\":\"https:\/\/buscoequipomedico.com\/?product=lampara-para-quirofano-ultratec-5000-2#breadcrumb\"},\"inLanguage\":\"es\",\"potentialAction\":[{\"@type\":\"ReadAction\",\"target\":[\"https:\/\/buscoequipomedico.com\/?product=lampara-para-quirofano-ultratec-5000-2\"]}]},{\"@type\":\"ImageObject\",\"inLanguage\":\"es\",\"@id\":\"https:\/\/buscoequipomedico.com\/?product=lampara-para-quirofano-ultratec-5000-2#primaryimage\",\"url\":\"https:\/\/buscoequipomedico.com\/wp-content\/uploads\/2023\/06\/24826-imagenes-png-jpeg-2022-01-19T120719.172.webp\",\"contentUrl\":\"https:\/\/buscoequipomedico.com\/wp-content\/uploads\/2023\/06\/24826-imagenes-png-jpeg-2022-01-19T120719.172.webp\",\"width\":1080,\"height\":1080,\"caption\":\"L\u00e1mpara Para Quir\u00f3fano Ultratec 5000\"},{\"@type\":\"BreadcrumbList\",\"@id\":\"https:\/\/buscoequipomedico.com\/?product=lampara-para-quirofano-ultratec-5000-2#breadcrumb\",\"itemListElement\":[{\"@type\":\"ListItem\",\"position\":1,\"name\":\"Productos\",\"item\":\"https:\/\/buscoequipomedico.com\/shop\/\"},{\"@type\":\"ListItem\",\"position\":2,\"name\":\"L\u00e1mpara Para Quir\u00f3fano Ultratec 5000\"}]},{\"@type\":\"WebSite\",\"@id\":\"https:\/\/buscoequipomedico.com\/#website\",\"url\":\"https:\/\/buscoequipomedico.com\/\",\"name\":\"Tu mejor opci\u00f3n Equipo M\u00e9dico M\u00e9xico\",\"description\":\"Tienda de equipo m\u00e9dico\",\"publisher\":{\"@id\":\"https:\/\/buscoequipomedico.com\/#organization\"},\"potentialAction\":[{\"@type\":\"SearchAction\",\"target\":{\"@type\":\"EntryPoint\",\"urlTemplate\":\"https:\/\/buscoequipomedico.com\/?s={search_term_string}\"},\"query-input\":{\"@type\":\"PropertyValueSpecification\",\"valueRequired\":true,\"valueName\":\"search_term_string\"}}],\"inLanguage\":\"es\"},{\"@type\":\"Organization\",\"@id\":\"https:\/\/buscoequipomedico.com\/#organization\",\"name\":\"Tu mejor opci\u00f3n Equipo M\u00e9dico M\u00e9xico\",\"url\":\"https:\/\/buscoequipomedico.com\/\",\"logo\":{\"@type\":\"ImageObject\",\"inLanguage\":\"es\",\"@id\":\"https:\/\/buscoequipomedico.com\/#\/schema\/logo\/image\/\",\"url\":\"https:\/\/buscoequipomedico.com\/wp-content\/uploads\/2021\/07\/EMM-VPrincipal-scaled.jpg\",\"contentUrl\":\"https:\/\/buscoequipomedico.com\/wp-content\/uploads\/2021\/07\/EMM-VPrincipal-scaled.jpg\",\"width\":2560,\"height\":1058,\"caption\":\"Tu mejor opci\u00f3n Equipo M\u00e9dico M\u00e9xico\"},\"image\":{\"@id\":\"https:\/\/buscoequipomedico.com\/#\/schema\/logo\/image\/\"}}]}<\/script>\n<!-- \/ Yoast SEO plugin. -->","yoast_head_json":{"title":"L\u00e1mpara Para Quir\u00f3fano Ultratec 5000 Iluminaci\u00f3n Quir\u00fargica","description":"Maximiza la eficacia en tus quir\u00f3fanos con la L\u00e1mpara Ultratec 5000. Dise\u00f1o avanzado para una iluminaci\u00f3n quir\u00fargica superior con tecnolog\u00eda LED","robots":{"index":"index","follow":"follow","max-snippet":"max-snippet:-1","max-image-preview":"max-image-preview:large","max-video-preview":"max-video-preview:-1"},"canonical":"https:\/\/buscoequipomedico.com\/?product=lampara-para-quirofano-ultratec-5000-2","og_locale":"es_ES","og_type":"article","og_title":"L\u00e1mpara Para Quir\u00f3fano Ultratec 5000 Iluminaci\u00f3n Quir\u00fargica","og_description":"Maximiza la eficacia en tus quir\u00f3fanos con la L\u00e1mpara Ultratec 5000. Dise\u00f1o avanzado para una iluminaci\u00f3n quir\u00fargica superior con tecnolog\u00eda LED","og_url":"https:\/\/buscoequipomedico.com\/?product=lampara-para-quirofano-ultratec-5000-2","og_site_name":"Tu mejor opci\u00f3n Equipo M\u00e9dico M\u00e9xico","article_modified_time":"2024-10-10T04:46:55+00:00","og_image":[{"width":1080,"height":1080,"url":"https:\/\/buscoequipomedico.com\/wp-content\/uploads\/2023\/06\/24826-imagenes-png-jpeg-2022-01-19T120719.172.webp","type":"image\/webp"}],"twitter_card":"summary_large_image","twitter_misc":{"Tiempo de lectura":"2 minutos"},"schema":{"@context":"https:\/\/schema.org","@graph":[{"@type":"WebPage","@id":"https:\/\/buscoequipomedico.com\/?product=lampara-para-quirofano-ultratec-5000-2","url":"https:\/\/buscoequipomedico.com\/?product=lampara-para-quirofano-ultratec-5000-2","name":"L\u00e1mpara Para Quir\u00f3fano Ultratec 5000 Iluminaci\u00f3n Quir\u00fargica","isPartOf":{"@id":"https:\/\/buscoequipomedico.com\/#website"},"primaryImageOfPage":{"@id":"https:\/\/buscoequipomedico.com\/?product=lampara-para-quirofano-ultratec-5000-2#primaryimage"},"image":{"@id":"https:\/\/buscoequipomedico.com\/?product=lampara-para-quirofano-ultratec-5000-2#primaryimage"},"thumbnailUrl":"https:\/\/buscoequipomedico.com\/wp-content\/uploads\/2023\/06\/24826-imagenes-png-jpeg-2022-01-19T120719.172.webp","datePublished":"2023-06-28T05:16:36+00:00","dateModified":"2024-10-10T04:46:55+00:00","description":"Maximiza la eficacia en tus quir\u00f3fanos con la L\u00e1mpara Ultratec 5000. Dise\u00f1o avanzado para una iluminaci\u00f3n quir\u00fargica superior con tecnolog\u00eda LED","breadcrumb":{"@id":"https:\/\/buscoequipomedico.com\/?product=lampara-para-quirofano-ultratec-5000-2#breadcrumb"},"inLanguage":"es","potentialAction":[{"@type":"ReadAction","target":["https:\/\/buscoequipomedico.com\/?product=lampara-para-quirofano-ultratec-5000-2"]}]},{"@type":"ImageObject","inLanguage":"es","@id":"https:\/\/buscoequipomedico.com\/?product=lampara-para-quirofano-ultratec-5000-2#primaryimage","url":"https:\/\/buscoequipomedico.com\/wp-content\/uploads\/2023\/06\/24826-imagenes-png-jpeg-2022-01-19T120719.172.webp","contentUrl":"https:\/\/buscoequipomedico.com\/wp-content\/uploads\/2023\/06\/24826-imagenes-png-jpeg-2022-01-19T120719.172.webp","width":1080,"height":1080,"caption":"L\u00e1mpara Para Quir\u00f3fano Ultratec 5000"},{"@type":"BreadcrumbList","@id":"https:\/\/buscoequipomedico.com\/?product=lampara-para-quirofano-ultratec-5000-2#breadcrumb","itemListElement":[{"@type":"ListItem","position":1,"name":"Productos","item":"https:\/\/buscoequipomedico.com\/shop\/"},{"@type":"ListItem","position":2,"name":"L\u00e1mpara Para Quir\u00f3fano Ultratec 5000"}]},{"@type":"WebSite","@id":"https:\/\/buscoequipomedico.com\/#website","url":"https:\/\/buscoequipomedico.com\/","name":"Tu mejor opci\u00f3n Equipo M\u00e9dico M\u00e9xico","description":"Tienda de equipo m\u00e9dico","publisher":{"@id":"https:\/\/buscoequipomedico.com\/#organization"},"potentialAction":[{"@type":"SearchAction","target":{"@type":"EntryPoint","urlTemplate":"https:\/\/buscoequipomedico.com\/?s={search_term_string}"},"query-input":{"@type":"PropertyValueSpecification","valueRequired":true,"valueName":"search_term_string"}}],"inLanguage":"es"},{"@type":"Organization","@id":"https:\/\/buscoequipomedico.com\/#organization","name":"Tu mejor opci\u00f3n Equipo M\u00e9dico M\u00e9xico","url":"https:\/\/buscoequipomedico.com\/","logo":{"@type":"ImageObject","inLanguage":"es","@id":"https:\/\/buscoequipomedico.com\/#\/schema\/logo\/image\/","url":"https:\/\/buscoequipomedico.com\/wp-content\/uploads\/2021\/07\/EMM-VPrincipal-scaled.jpg","contentUrl":"https:\/\/buscoequipomedico.com\/wp-content\/uploads\/2021\/07\/EMM-VPrincipal-scaled.jpg","width":2560,"height":1058,"caption":"Tu mejor opci\u00f3n Equipo M\u00e9dico M\u00e9xico"},"image":{"@id":"https:\/\/buscoequipomedico.com\/#\/schema\/logo\/image\/"}}]}},"_links":{"self":[{"href":"https:\/\/buscoequipomedico.com\/index.php?rest_route=\/wp\/v2\/product\/24826","targetHints":{"allow":["GET"]}}],"collection":[{"href":"https:\/\/buscoequipomedico.com\/index.php?rest_route=\/wp\/v2\/product"}],"about":[{"href":"https:\/\/buscoequipomedico.com\/index.php?rest_route=\/wp\/v2\/types\/product"}],"wp:featuredmedia":[{"embeddable":true,"href":"https:\/\/buscoequipomedico.com\/index.php?rest_route=\/wp\/v2\/media\/24827"}],"wp:attachment":[{"href":"https:\/\/buscoequipomedico.com\/index.php?rest_route=%2Fwp%2Fv2%2Fmedia&parent=24826"}],"wp:term":[{"taxonomy":"product_brand","embeddable":true,"href":"https:\/\/buscoequipomedico.com\/index.php?rest_route=%2Fwp%2Fv2%2Fproduct_brand&post=24826"},{"taxonomy":"product_cat","embeddable":true,"href":"https:\/\/buscoequipomedico.com\/index.php?rest_route=%2Fwp%2Fv2%2Fproduct_cat&post=24826"},{"taxonomy":"product_tag","embeddable":true,"href":"https:\/\/buscoequipomedico.com\/index.php?rest_route=%2Fwp%2Fv2%2Fproduct_tag&post=24826"}],"curies":[{"name":"wp","href":"https:\/\/api.w.org\/{rel}","templated":true}]}}